{"id":27715,"date":"2021-05-11T14:52:44","date_gmt":"2021-05-11T13:52:44","guid":{"rendered":"https:\/\/webshop.pic2pat.com\/product\/dmc-dm222-tessuto-aida-14-count\/"},"modified":"2021-05-11T14:52:44","modified_gmt":"2021-05-11T13:52:44","slug":"dmc-dm222-tessuto-aida-14-count","status":"publish","type":"product","link":"https:\/\/webshop.pic2pat.com\/it\/prodotto\/dmc-dm222-tessuto-aida-14-count\/","title":{"rendered":"DMC DM222 tessuto Aida &#8211; 14 count"},"content":{"rendered":"<p>DMC DM222 \u00e8 un tessuto Aida di alta qualit\u00e0 per lavori di ricamo a punto croce. La misura 14 count \u00e8 la pi\u00f9 utilizzata.<\/p>\n<p>Il bianco e l\u2019\u00e9cru sono sempre disponibili a magazzino. Altri colori sono disponibili su richiesta. Contattaci se desideri ricevere una stima del prezzo e dei tempi di consegna per un altro colore.<\/p>\n<ul>\n<li>14 punti per pollice<\/li>\n<li>5,5 punti per cm<\/li>\n<\/ul>\n","protected":false},"excerpt":{"rendered":"<p>DMC DM222 \u00e8 un tessuto Aida di alta qualit\u00e0 per lavori di ricamo a punto croce. La variante 14 count \u00e8 la misura pi\u00f9 utilizzata.<\/p>\n<p>Offriamo il tessuto in sette diverse dimensioni da 20&#215;30&nbsp;cm a 110&#215;220&nbsp;cm oppure da 4&#8243;x6&#8243; a 43&#8243;x79&#8243;. <\/p>\n<p>Dimensioni maggiori disponibili su richiesta. La dimensione massima ordinabile \u00e8 di 110&nbsp;x&nbsp;500&nbsp;cm.<\/p>\n","protected":false},"featured_media":15647,"template":"","meta":[],"product_brand":[],"product_cat":[311],"product_tag":[],"class_list":{"0":"post-27715","1":"product","2":"type-product","3":"status-publish","4":"has-post-thumbnail","6":"product_cat-tessuto","7":"product_shipping_class-inexpensive","9":"first","10":"instock","11":"taxable","12":"shipping-taxable","13":"purchasable","14":"product-type-variable","15":"has-default-attributes"},"yoast_head":"<!-- This site is optimized with the Yoast SEO plugin v27.5 - https:\/\/yoast.com\/product\/yoast-seo-wordpress\/ -->\n<title>DMC DM222 tessuto Aida - 14 count - Pic2Pat<\/title>\n<meta name=\"description\" content=\"DMC DM222 \u00e8 un tessuto Aida di alta qualit\u00e0 per lavori di ricamo a punto croce. La misura 14 count \u00e8 la pi\u00f9 utilizzata.\" \/>\n<meta name=\"robots\" content=\"index, follow, max-snippet:-1, max-image-preview:large, max-video-preview:-1\" \/>\n<link rel=\"canonical\" href=\"https:\/\/webshop.pic2pat.com\/it\/prodotto\/dmc-dm222-tessuto-aida-14-count\/\" \/>\n<meta property=\"og:locale\" content=\"it_IT\" \/>\n<meta property=\"og:type\" content=\"article\" \/>\n<meta property=\"og:title\" content=\"DMC DM222 tessuto Aida - 14 count - Pic2Pat\" \/>\n<meta property=\"og:description\" content=\"DMC DM222 \u00e8 un tessuto Aida di alta qualit\u00e0 per lavori di ricamo a punto croce. La misura 14 count \u00e8 la pi\u00f9 utilizzata.\" \/>\n<meta property=\"og:url\" content=\"https:\/\/webshop.pic2pat.com\/it\/prodotto\/dmc-dm222-tessuto-aida-14-count\/\" \/>\n<meta property=\"og:site_name\" content=\"Pic2Pat\" \/>\n<meta property=\"og:image\" content=\"https:\/\/webshop.pic2pat.com\/wp-content\/uploads\/2021\/04\/DMC222-ECRU.jpg\" \/>\n\t<meta property=\"og:image:width\" content=\"955\" \/>\n\t<meta property=\"og:image:height\" content=\"955\" \/>\n\t<meta property=\"og:image:type\" content=\"image\/jpeg\" \/>\n<meta name=\"twitter:card\" content=\"summary_large_image\" \/>\n<meta name=\"twitter:label1\" content=\"Disponibilit\u00e0\" \/>\n\t<meta name=\"twitter:data1\" content=\"In stock\" \/>\n<script type=\"application\/ld+json\" class=\"yoast-schema-graph\">{\"@context\":\"https:\\\/\\\/schema.org\",\"@graph\":[{\"@type\":\"WebPage\",\"@id\":\"https:\\\/\\\/webshop.pic2pat.com\\\/it\\\/prodotto\\\/dmc-dm222-tessuto-aida-14-count\\\/\",\"url\":\"https:\\\/\\\/webshop.pic2pat.com\\\/it\\\/prodotto\\\/dmc-dm222-tessuto-aida-14-count\\\/\",\"name\":\"DMC DM222 tessuto Aida - 14 count - Pic2Pat\",\"isPartOf\":{\"@id\":\"https:\\\/\\\/webshop.pic2pat.com\\\/it\\\/#website\"},\"primaryImageOfPage\":{\"@id\":\"https:\\\/\\\/webshop.pic2pat.com\\\/it\\\/prodotto\\\/dmc-dm222-tessuto-aida-14-count\\\/#primaryimage\"},\"image\":{\"@id\":\"https:\\\/\\\/webshop.pic2pat.com\\\/it\\\/prodotto\\\/dmc-dm222-tessuto-aida-14-count\\\/#primaryimage\"},\"thumbnailUrl\":\"https:\\\/\\\/webshop.pic2pat.com\\\/wp-content\\\/uploads\\\/2021\\\/04\\\/DMC222-ECRU.jpg\",\"datePublished\":\"2021-05-11T13:52:44+00:00\",\"description\":\"DMC DM222 \u00e8 un tessuto Aida di alta qualit\u00e0 per lavori di ricamo a punto croce. La misura 14 count \u00e8 la pi\u00f9 utilizzata.\",\"breadcrumb\":{\"@id\":\"https:\\\/\\\/webshop.pic2pat.com\\\/it\\\/prodotto\\\/dmc-dm222-tessuto-aida-14-count\\\/#breadcrumb\"},\"inLanguage\":\"it-IT\",\"potentialAction\":[{\"@type\":\"ReadAction\",\"target\":[\"https:\\\/\\\/webshop.pic2pat.com\\\/it\\\/prodotto\\\/dmc-dm222-tessuto-aida-14-count\\\/\"]}]},{\"@type\":\"ImageObject\",\"inLanguage\":\"it-IT\",\"@id\":\"https:\\\/\\\/webshop.pic2pat.com\\\/it\\\/prodotto\\\/dmc-dm222-tessuto-aida-14-count\\\/#primaryimage\",\"url\":\"https:\\\/\\\/webshop.pic2pat.com\\\/wp-content\\\/uploads\\\/2021\\\/04\\\/DMC222-ECRU.jpg\",\"contentUrl\":\"https:\\\/\\\/webshop.pic2pat.com\\\/wp-content\\\/uploads\\\/2021\\\/04\\\/DMC222-ECRU.jpg\",\"width\":955,\"height\":955,\"caption\":\"DMC222-ECRU AIDA fabric\"},{\"@type\":\"BreadcrumbList\",\"@id\":\"https:\\\/\\\/webshop.pic2pat.com\\\/it\\\/prodotto\\\/dmc-dm222-tessuto-aida-14-count\\\/#breadcrumb\",\"itemListElement\":[{\"@type\":\"ListItem\",\"position\":1,\"name\":\"Home\",\"item\":\"https:\\\/\\\/webshop.pic2pat.com\\\/it\\\/\"},{\"@type\":\"ListItem\",\"position\":2,\"name\":\"Negozio\",\"item\":\"https:\\\/\\\/webshop.pic2pat.com\\\/en\\\/\"},{\"@type\":\"ListItem\",\"position\":3,\"name\":\"DMC DM222 tessuto Aida &#8211; 14 count\"}]},{\"@type\":\"WebSite\",\"@id\":\"https:\\\/\\\/webshop.pic2pat.com\\\/it\\\/#website\",\"url\":\"https:\\\/\\\/webshop.pic2pat.com\\\/it\\\/\",\"name\":\"Pic2Pat\",\"description\":\"\",\"publisher\":{\"@id\":\"https:\\\/\\\/webshop.pic2pat.com\\\/it\\\/#organization\"},\"potentialAction\":[{\"@type\":\"SearchAction\",\"target\":{\"@type\":\"EntryPoint\",\"urlTemplate\":\"https:\\\/\\\/webshop.pic2pat.com\\\/it\\\/?s={search_term_string}\"},\"query-input\":{\"@type\":\"PropertyValueSpecification\",\"valueRequired\":true,\"valueName\":\"search_term_string\"}}],\"inLanguage\":\"it-IT\"},{\"@type\":\"Organization\",\"@id\":\"https:\\\/\\\/webshop.pic2pat.com\\\/it\\\/#organization\",\"name\":\"Pic2Pat\",\"url\":\"https:\\\/\\\/webshop.pic2pat.com\\\/it\\\/\",\"logo\":{\"@type\":\"ImageObject\",\"inLanguage\":\"it-IT\",\"@id\":\"https:\\\/\\\/webshop.pic2pat.com\\\/it\\\/#\\\/schema\\\/logo\\\/image\\\/\",\"url\":\"https:\\\/\\\/webshop.pic2pat.com\\\/wp-content\\\/uploads\\\/2021\\\/05\\\/cropped-shop-logo.png\",\"contentUrl\":\"https:\\\/\\\/webshop.pic2pat.com\\\/wp-content\\\/uploads\\\/2021\\\/05\\\/cropped-shop-logo.png\",\"width\":470,\"height\":110,\"caption\":\"Pic2Pat\"},\"image\":{\"@id\":\"https:\\\/\\\/webshop.pic2pat.com\\\/it\\\/#\\\/schema\\\/logo\\\/image\\\/\"}}]}<\/script>\n<meta property=\"og:availability\" content=\"instock\" \/>\n<meta property=\"product:availability\" content=\"instock\" \/>\n<meta property=\"product:condition\" content=\"new\" \/>\n<!-- \/ Yoast SEO plugin. -->","yoast_head_json":{"title":"DMC DM222 tessuto Aida - 14 count - Pic2Pat","description":"DMC DM222 \u00e8 un tessuto Aida di alta qualit\u00e0 per lavori di ricamo a punto croce. La misura 14 count \u00e8 la pi\u00f9 utilizzata.","robots":{"index":"index","follow":"follow","max-snippet":"max-snippet:-1","max-image-preview":"max-image-preview:large","max-video-preview":"max-video-preview:-1"},"canonical":"https:\/\/webshop.pic2pat.com\/it\/prodotto\/dmc-dm222-tessuto-aida-14-count\/","og_locale":"it_IT","og_type":"article","og_title":"DMC DM222 tessuto Aida - 14 count - Pic2Pat","og_description":"DMC DM222 \u00e8 un tessuto Aida di alta qualit\u00e0 per lavori di ricamo a punto croce. La misura 14 count \u00e8 la pi\u00f9 utilizzata.","og_url":"https:\/\/webshop.pic2pat.com\/it\/prodotto\/dmc-dm222-tessuto-aida-14-count\/","og_site_name":"Pic2Pat","og_image":[{"width":955,"height":955,"url":"https:\/\/webshop.pic2pat.com\/wp-content\/uploads\/2021\/04\/DMC222-ECRU.jpg","type":"image\/jpeg"}],"twitter_card":"summary_large_image","twitter_misc":{"Disponibilit\u00e0":"In stock"},"schema":{"@context":"https:\/\/schema.org","@graph":[{"@type":"WebPage","@id":"https:\/\/webshop.pic2pat.com\/it\/prodotto\/dmc-dm222-tessuto-aida-14-count\/","url":"https:\/\/webshop.pic2pat.com\/it\/prodotto\/dmc-dm222-tessuto-aida-14-count\/","name":"DMC DM222 tessuto Aida - 14 count - Pic2Pat","isPartOf":{"@id":"https:\/\/webshop.pic2pat.com\/it\/#website"},"primaryImageOfPage":{"@id":"https:\/\/webshop.pic2pat.com\/it\/prodotto\/dmc-dm222-tessuto-aida-14-count\/#primaryimage"},"image":{"@id":"https:\/\/webshop.pic2pat.com\/it\/prodotto\/dmc-dm222-tessuto-aida-14-count\/#primaryimage"},"thumbnailUrl":"https:\/\/webshop.pic2pat.com\/wp-content\/uploads\/2021\/04\/DMC222-ECRU.jpg","datePublished":"2021-05-11T13:52:44+00:00","description":"DMC DM222 \u00e8 un tessuto Aida di alta qualit\u00e0 per lavori di ricamo a punto croce. La misura 14 count \u00e8 la pi\u00f9 utilizzata.","breadcrumb":{"@id":"https:\/\/webshop.pic2pat.com\/it\/prodotto\/dmc-dm222-tessuto-aida-14-count\/#breadcrumb"},"inLanguage":"it-IT","potentialAction":[{"@type":"ReadAction","target":["https:\/\/webshop.pic2pat.com\/it\/prodotto\/dmc-dm222-tessuto-aida-14-count\/"]}]},{"@type":"ImageObject","inLanguage":"it-IT","@id":"https:\/\/webshop.pic2pat.com\/it\/prodotto\/dmc-dm222-tessuto-aida-14-count\/#primaryimage","url":"https:\/\/webshop.pic2pat.com\/wp-content\/uploads\/2021\/04\/DMC222-ECRU.jpg","contentUrl":"https:\/\/webshop.pic2pat.com\/wp-content\/uploads\/2021\/04\/DMC222-ECRU.jpg","width":955,"height":955,"caption":"DMC222-ECRU AIDA fabric"},{"@type":"BreadcrumbList","@id":"https:\/\/webshop.pic2pat.com\/it\/prodotto\/dmc-dm222-tessuto-aida-14-count\/#breadcrumb","itemListElement":[{"@type":"ListItem","position":1,"name":"Home","item":"https:\/\/webshop.pic2pat.com\/it\/"},{"@type":"ListItem","position":2,"name":"Negozio","item":"https:\/\/webshop.pic2pat.com\/en\/"},{"@type":"ListItem","position":3,"name":"DMC DM222 tessuto Aida &#8211; 14 count"}]},{"@type":"WebSite","@id":"https:\/\/webshop.pic2pat.com\/it\/#website","url":"https:\/\/webshop.pic2pat.com\/it\/","name":"Pic2Pat","description":"","publisher":{"@id":"https:\/\/webshop.pic2pat.com\/it\/#organization"},"potentialAction":[{"@type":"SearchAction","target":{"@type":"EntryPoint","urlTemplate":"https:\/\/webshop.pic2pat.com\/it\/?s={search_term_string}"},"query-input":{"@type":"PropertyValueSpecification","valueRequired":true,"valueName":"search_term_string"}}],"inLanguage":"it-IT"},{"@type":"Organization","@id":"https:\/\/webshop.pic2pat.com\/it\/#organization","name":"Pic2Pat","url":"https:\/\/webshop.pic2pat.com\/it\/","logo":{"@type":"ImageObject","inLanguage":"it-IT","@id":"https:\/\/webshop.pic2pat.com\/it\/#\/schema\/logo\/image\/","url":"https:\/\/webshop.pic2pat.com\/wp-content\/uploads\/2021\/05\/cropped-shop-logo.png","contentUrl":"https:\/\/webshop.pic2pat.com\/wp-content\/uploads\/2021\/05\/cropped-shop-logo.png","width":470,"height":110,"caption":"Pic2Pat"},"image":{"@id":"https:\/\/webshop.pic2pat.com\/it\/#\/schema\/logo\/image\/"}}]},"og_availability":"instock","product_availability":"instock","product_condition":"new"},"_links":{"self":[{"href":"https:\/\/webshop.pic2pat.com\/it\/wp-json\/wp\/v2\/product\/27715","targetHints":{"allow":["GET"]}}],"collection":[{"href":"https:\/\/webshop.pic2pat.com\/it\/wp-json\/wp\/v2\/product"}],"about":[{"href":"https:\/\/webshop.pic2pat.com\/it\/wp-json\/wp\/v2\/types\/product"}],"wp:featuredmedia":[{"embeddable":true,"href":"https:\/\/webshop.pic2pat.com\/it\/wp-json\/wp\/v2\/media\/15647"}],"wp:attachment":[{"href":"https:\/\/webshop.pic2pat.com\/it\/wp-json\/wp\/v2\/media?parent=27715"}],"wp:term":[{"taxonomy":"product_brand","embeddable":true,"href":"https:\/\/webshop.pic2pat.com\/it\/wp-json\/wp\/v2\/product_brand?post=27715"},{"taxonomy":"product_cat","embeddable":true,"href":"https:\/\/webshop.pic2pat.com\/it\/wp-json\/wp\/v2\/product_cat?post=27715"},{"taxonomy":"product_tag","embeddable":true,"href":"https:\/\/webshop.pic2pat.com\/it\/wp-json\/wp\/v2\/product_tag?post=27715"}],"curies":[{"name":"wp","href":"https:\/\/api.w.org\/{rel}","templated":true}]}}