{"id":23980,"date":"2021-01-06T21:43:51","date_gmt":"2021-01-06T20:43:51","guid":{"rendered":"https:\/\/webshop.pic2pat.com\/product\/dmc-725-topazio-medio-chiaro\/"},"modified":"2021-01-06T21:43:51","modified_gmt":"2021-01-06T20:43:51","slug":"dmc-725-topazio-medio-chiaro","status":"publish","type":"product","link":"https:\/\/webshop.pic2pat.com\/it\/prodotto\/dmc-725-topazio-medio-chiaro\/","title":{"rendered":"DMC 725 &#8211; Topazio medio chiaro"},"content":{"rendered":"<p>DMC 725 filo da ricamo in cotone moulin\u00e9 con colore topazio medio chiaro. La serie DMC 117 \u00e8 il filo da ricamo pi\u00f9 utilizzato al mondo per i progetti a punto croce. Ogni matassina pesa 2 grammi ed \u00e8 sufficiente per una media di 1600 punti, a seconda della dimensione della griglia del tessuto Aida. Una matassina contiene 8 metri di filo con 6 capi. Per trame pi\u00f9 fitte \u00e8 possibile separare il filo in un numero inferiore di capi. Ad esempio, due capi sono comunemente utilizzati per i tessuti pi\u00f9 fini, come il pi\u00f9 diffuso Aida 14 count.<\/p>\n<p>Il colore topazio medio chiaro del DMC 725 filo da ricamo moulin\u00e9 \u00e8 resistente al lavaggio. Per questo motivo, \u00e8 possibile lavare il materiale a 95\u00b0C\/200\u00b0F ripetutamente senza perdere la sua vivacit\u00e0 di colore. \u00c8 comunque importante prestare attenzione alle istruzioni di lavaggio del tessuto, poich\u00e9 potrebbero limitare le opzioni disponibili per la pulizia del tuo lavoro finito.<\/p>\n<p>Puoi creare rapidamente un progetto per il DMC 725 Moulin\u00e9 con il nostro <a href=\"https:\/\/www.pic2pat.com\/index.it.php\">generatore di schemi Pic2Pat<\/a>. In un semplice processo in tre passaggi, puoi convertire qualsiasi immagine in uno schema per punto croce in meno di un minuto. E non dimenticare di visitare <a href=\"https:\/\/webshop.pic2pat.com\/it\/\">il nostro negozio<\/a> per altri articoli come tessuti, aghi e molto altro.<\/p>\n<p>Se sei stanco di scorrere il negozio per ordinare tutti i colori singolarmente per uno schema, puoi usare lo strumento di ordine unico e inserire il tuo numero di schema univoco. Tutti i materiali per il tuo progetto verranno caricati direttamente nel carrello. Potrai poi modificare il carrello per aggiungere o rimuovere articoli a piacere. Inserisci un indirizzo di destinazione, completa il pagamento e il gioco \u00e8 fatto!<\/p>\n","protected":false},"excerpt":{"rendered":"<p>DMC 725 filo da ricamo in cotone moulin\u00e9 con colore topazio medio chiaro<\/p>\n","protected":false},"featured_media":20382,"template":"","meta":[],"product_brand":[],"product_cat":[212],"product_tag":[],"class_list":{"0":"post-23980","1":"product","2":"type-product","3":"status-publish","4":"has-post-thumbnail","6":"product_cat-filo-da-ricamo-dmc","7":"product_shipping_class-inexpensive","9":"first","10":"instock","11":"taxable","12":"shipping-taxable","13":"purchasable","14":"product-type-simple"},"yoast_head":"<!-- This site is optimized with the Yoast SEO plugin v27.5 - https:\/\/yoast.com\/product\/yoast-seo-wordpress\/ -->\n<title>DMC 725 - Topazio medio chiaro - Pic2Pat<\/title>\n<meta name=\"description\" content=\"DMC 725 filo da ricamo in cotone moulin\u00e9 con colore topazio medio chiaro. Tutti i colori di ricamo DMC sono disponibili in magazzino.\" \/>\n<meta name=\"robots\" content=\"index, follow, max-snippet:-1, max-image-preview:large, max-video-preview:-1\" \/>\n<link rel=\"canonical\" href=\"https:\/\/webshop.pic2pat.com\/it\/prodotto\/dmc-725-topazio-medio-chiaro\/\" \/>\n<meta property=\"og:locale\" content=\"it_IT\" \/>\n<meta property=\"og:type\" content=\"article\" \/>\n<meta property=\"og:title\" content=\"DMC 725 - Topazio medio chiaro - Pic2Pat\" \/>\n<meta property=\"og:description\" content=\"DMC 725 filo da ricamo in cotone moulin\u00e9 con colore topazio medio chiaro. Tutti i colori di ricamo DMC sono disponibili in magazzino.\" \/>\n<meta property=\"og:url\" content=\"https:\/\/webshop.pic2pat.com\/it\/prodotto\/dmc-725-topazio-medio-chiaro\/\" \/>\n<meta property=\"og:site_name\" content=\"Pic2Pat\" \/>\n<meta property=\"og:image\" content=\"https:\/\/webshop.pic2pat.com\/wp-content\/uploads\/2021\/01\/725_45.jpg\" \/>\n\t<meta property=\"og:image:width\" content=\"1432\" \/>\n\t<meta property=\"og:image:height\" content=\"1432\" \/>\n\t<meta property=\"og:image:type\" content=\"image\/jpeg\" \/>\n<meta name=\"twitter:card\" content=\"summary_large_image\" \/>\n<meta name=\"twitter:label1\" content=\"Prezzo\" \/>\n\t<meta name=\"twitter:data1\" content=\"&euro;1,61\" \/>\n\t<meta name=\"twitter:label2\" content=\"Disponibilit\u00e0\" \/>\n\t<meta name=\"twitter:data2\" content=\"In stock\" \/>\n<script type=\"application\/ld+json\" class=\"yoast-schema-graph\">{\"@context\":\"https:\\\/\\\/schema.org\",\"@graph\":[{\"@type\":\"WebPage\",\"@id\":\"https:\\\/\\\/webshop.pic2pat.com\\\/it\\\/prodotto\\\/dmc-725-topazio-medio-chiaro\\\/\",\"url\":\"https:\\\/\\\/webshop.pic2pat.com\\\/it\\\/prodotto\\\/dmc-725-topazio-medio-chiaro\\\/\",\"name\":\"DMC 725 - Topazio medio chiaro - Pic2Pat\",\"isPartOf\":{\"@id\":\"https:\\\/\\\/webshop.pic2pat.com\\\/it\\\/#website\"},\"primaryImageOfPage\":{\"@id\":\"https:\\\/\\\/webshop.pic2pat.com\\\/it\\\/prodotto\\\/dmc-725-topazio-medio-chiaro\\\/#primaryimage\"},\"image\":{\"@id\":\"https:\\\/\\\/webshop.pic2pat.com\\\/it\\\/prodotto\\\/dmc-725-topazio-medio-chiaro\\\/#primaryimage\"},\"thumbnailUrl\":\"https:\\\/\\\/webshop.pic2pat.com\\\/wp-content\\\/uploads\\\/2021\\\/01\\\/725_45.jpg\",\"datePublished\":\"2021-01-06T20:43:51+00:00\",\"description\":\"DMC 725 filo da ricamo in cotone moulin\u00e9 con colore topazio medio chiaro. Tutti i colori di ricamo DMC sono disponibili in magazzino.\",\"breadcrumb\":{\"@id\":\"https:\\\/\\\/webshop.pic2pat.com\\\/it\\\/prodotto\\\/dmc-725-topazio-medio-chiaro\\\/#breadcrumb\"},\"inLanguage\":\"it-IT\",\"potentialAction\":[{\"@type\":\"ReadAction\",\"target\":[\"https:\\\/\\\/webshop.pic2pat.com\\\/it\\\/prodotto\\\/dmc-725-topazio-medio-chiaro\\\/\"]}]},{\"@type\":\"ImageObject\",\"inLanguage\":\"it-IT\",\"@id\":\"https:\\\/\\\/webshop.pic2pat.com\\\/it\\\/prodotto\\\/dmc-725-topazio-medio-chiaro\\\/#primaryimage\",\"url\":\"https:\\\/\\\/webshop.pic2pat.com\\\/wp-content\\\/uploads\\\/2021\\\/01\\\/725_45.jpg\",\"contentUrl\":\"https:\\\/\\\/webshop.pic2pat.com\\\/wp-content\\\/uploads\\\/2021\\\/01\\\/725_45.jpg\",\"width\":1432,\"height\":1432,\"caption\":\"DMC 725 - Topazio medio chiaro\"},{\"@type\":\"BreadcrumbList\",\"@id\":\"https:\\\/\\\/webshop.pic2pat.com\\\/it\\\/prodotto\\\/dmc-725-topazio-medio-chiaro\\\/#breadcrumb\",\"itemListElement\":[{\"@type\":\"ListItem\",\"position\":1,\"name\":\"Home\",\"item\":\"https:\\\/\\\/webshop.pic2pat.com\\\/it\\\/\"},{\"@type\":\"ListItem\",\"position\":2,\"name\":\"Negozio\",\"item\":\"https:\\\/\\\/webshop.pic2pat.com\\\/en\\\/\"},{\"@type\":\"ListItem\",\"position\":3,\"name\":\"DMC 725 &#8211; Topazio medio chiaro\"}]},{\"@type\":\"WebSite\",\"@id\":\"https:\\\/\\\/webshop.pic2pat.com\\\/it\\\/#website\",\"url\":\"https:\\\/\\\/webshop.pic2pat.com\\\/it\\\/\",\"name\":\"Pic2Pat\",\"description\":\"\",\"publisher\":{\"@id\":\"https:\\\/\\\/webshop.pic2pat.com\\\/it\\\/#organization\"},\"potentialAction\":[{\"@type\":\"SearchAction\",\"target\":{\"@type\":\"EntryPoint\",\"urlTemplate\":\"https:\\\/\\\/webshop.pic2pat.com\\\/it\\\/?s={search_term_string}\"},\"query-input\":{\"@type\":\"PropertyValueSpecification\",\"valueRequired\":true,\"valueName\":\"search_term_string\"}}],\"inLanguage\":\"it-IT\"},{\"@type\":\"Organization\",\"@id\":\"https:\\\/\\\/webshop.pic2pat.com\\\/it\\\/#organization\",\"name\":\"Pic2Pat\",\"url\":\"https:\\\/\\\/webshop.pic2pat.com\\\/it\\\/\",\"logo\":{\"@type\":\"ImageObject\",\"inLanguage\":\"it-IT\",\"@id\":\"https:\\\/\\\/webshop.pic2pat.com\\\/it\\\/#\\\/schema\\\/logo\\\/image\\\/\",\"url\":\"https:\\\/\\\/webshop.pic2pat.com\\\/wp-content\\\/uploads\\\/2021\\\/05\\\/cropped-shop-logo.png\",\"contentUrl\":\"https:\\\/\\\/webshop.pic2pat.com\\\/wp-content\\\/uploads\\\/2021\\\/05\\\/cropped-shop-logo.png\",\"width\":470,\"height\":110,\"caption\":\"Pic2Pat\"},\"image\":{\"@id\":\"https:\\\/\\\/webshop.pic2pat.com\\\/it\\\/#\\\/schema\\\/logo\\\/image\\\/\"}}]}<\/script>\n<meta property=\"product:price:amount\" content=\"1.61\" \/>\n<meta property=\"product:price:currency\" content=\"EUR\" \/>\n<meta property=\"og:availability\" content=\"instock\" \/>\n<meta property=\"product:availability\" content=\"instock\" \/>\n<meta property=\"product:retailer_item_id\" content=\"DMC.117.0725\" \/>\n<meta property=\"product:condition\" content=\"new\" \/>\n<!-- \/ Yoast SEO plugin. -->","yoast_head_json":{"title":"DMC 725 - Topazio medio chiaro - Pic2Pat","description":"DMC 725 filo da ricamo in cotone moulin\u00e9 con colore topazio medio chiaro. Tutti i colori di ricamo DMC sono disponibili in magazzino.","robots":{"index":"index","follow":"follow","max-snippet":"max-snippet:-1","max-image-preview":"max-image-preview:large","max-video-preview":"max-video-preview:-1"},"canonical":"https:\/\/webshop.pic2pat.com\/it\/prodotto\/dmc-725-topazio-medio-chiaro\/","og_locale":"it_IT","og_type":"article","og_title":"DMC 725 - Topazio medio chiaro - Pic2Pat","og_description":"DMC 725 filo da ricamo in cotone moulin\u00e9 con colore topazio medio chiaro. Tutti i colori di ricamo DMC sono disponibili in magazzino.","og_url":"https:\/\/webshop.pic2pat.com\/it\/prodotto\/dmc-725-topazio-medio-chiaro\/","og_site_name":"Pic2Pat","og_image":[{"width":1432,"height":1432,"url":"https:\/\/webshop.pic2pat.com\/wp-content\/uploads\/2021\/01\/725_45.jpg","type":"image\/jpeg"}],"twitter_card":"summary_large_image","twitter_misc":{"Prezzo":"&euro;1,61","Disponibilit\u00e0":"In stock"},"schema":{"@context":"https:\/\/schema.org","@graph":[{"@type":"WebPage","@id":"https:\/\/webshop.pic2pat.com\/it\/prodotto\/dmc-725-topazio-medio-chiaro\/","url":"https:\/\/webshop.pic2pat.com\/it\/prodotto\/dmc-725-topazio-medio-chiaro\/","name":"DMC 725 - Topazio medio chiaro - Pic2Pat","isPartOf":{"@id":"https:\/\/webshop.pic2pat.com\/it\/#website"},"primaryImageOfPage":{"@id":"https:\/\/webshop.pic2pat.com\/it\/prodotto\/dmc-725-topazio-medio-chiaro\/#primaryimage"},"image":{"@id":"https:\/\/webshop.pic2pat.com\/it\/prodotto\/dmc-725-topazio-medio-chiaro\/#primaryimage"},"thumbnailUrl":"https:\/\/webshop.pic2pat.com\/wp-content\/uploads\/2021\/01\/725_45.jpg","datePublished":"2021-01-06T20:43:51+00:00","description":"DMC 725 filo da ricamo in cotone moulin\u00e9 con colore topazio medio chiaro. Tutti i colori di ricamo DMC sono disponibili in magazzino.","breadcrumb":{"@id":"https:\/\/webshop.pic2pat.com\/it\/prodotto\/dmc-725-topazio-medio-chiaro\/#breadcrumb"},"inLanguage":"it-IT","potentialAction":[{"@type":"ReadAction","target":["https:\/\/webshop.pic2pat.com\/it\/prodotto\/dmc-725-topazio-medio-chiaro\/"]}]},{"@type":"ImageObject","inLanguage":"it-IT","@id":"https:\/\/webshop.pic2pat.com\/it\/prodotto\/dmc-725-topazio-medio-chiaro\/#primaryimage","url":"https:\/\/webshop.pic2pat.com\/wp-content\/uploads\/2021\/01\/725_45.jpg","contentUrl":"https:\/\/webshop.pic2pat.com\/wp-content\/uploads\/2021\/01\/725_45.jpg","width":1432,"height":1432,"caption":"DMC 725 - Topazio medio chiaro"},{"@type":"BreadcrumbList","@id":"https:\/\/webshop.pic2pat.com\/it\/prodotto\/dmc-725-topazio-medio-chiaro\/#breadcrumb","itemListElement":[{"@type":"ListItem","position":1,"name":"Home","item":"https:\/\/webshop.pic2pat.com\/it\/"},{"@type":"ListItem","position":2,"name":"Negozio","item":"https:\/\/webshop.pic2pat.com\/en\/"},{"@type":"ListItem","position":3,"name":"DMC 725 &#8211; Topazio medio chiaro"}]},{"@type":"WebSite","@id":"https:\/\/webshop.pic2pat.com\/it\/#website","url":"https:\/\/webshop.pic2pat.com\/it\/","name":"Pic2Pat","description":"","publisher":{"@id":"https:\/\/webshop.pic2pat.com\/it\/#organization"},"potentialAction":[{"@type":"SearchAction","target":{"@type":"EntryPoint","urlTemplate":"https:\/\/webshop.pic2pat.com\/it\/?s={search_term_string}"},"query-input":{"@type":"PropertyValueSpecification","valueRequired":true,"valueName":"search_term_string"}}],"inLanguage":"it-IT"},{"@type":"Organization","@id":"https:\/\/webshop.pic2pat.com\/it\/#organization","name":"Pic2Pat","url":"https:\/\/webshop.pic2pat.com\/it\/","logo":{"@type":"ImageObject","inLanguage":"it-IT","@id":"https:\/\/webshop.pic2pat.com\/it\/#\/schema\/logo\/image\/","url":"https:\/\/webshop.pic2pat.com\/wp-content\/uploads\/2021\/05\/cropped-shop-logo.png","contentUrl":"https:\/\/webshop.pic2pat.com\/wp-content\/uploads\/2021\/05\/cropped-shop-logo.png","width":470,"height":110,"caption":"Pic2Pat"},"image":{"@id":"https:\/\/webshop.pic2pat.com\/it\/#\/schema\/logo\/image\/"}}]},"product_price_amount":"1.61","product_price_currency":"EUR","og_availability":"instock","product_availability":"instock","product_retailer_item_id":"DMC.117.0725","product_condition":"new"},"_links":{"self":[{"href":"https:\/\/webshop.pic2pat.com\/it\/wp-json\/wp\/v2\/product\/23980","targetHints":{"allow":["GET"]}}],"collection":[{"href":"https:\/\/webshop.pic2pat.com\/it\/wp-json\/wp\/v2\/product"}],"about":[{"href":"https:\/\/webshop.pic2pat.com\/it\/wp-json\/wp\/v2\/types\/product"}],"wp:featuredmedia":[{"embeddable":true,"href":"https:\/\/webshop.pic2pat.com\/it\/wp-json\/wp\/v2\/media\/20382"}],"wp:attachment":[{"href":"https:\/\/webshop.pic2pat.com\/it\/wp-json\/wp\/v2\/media?parent=23980"}],"wp:term":[{"taxonomy":"product_brand","embeddable":true,"href":"https:\/\/webshop.pic2pat.com\/it\/wp-json\/wp\/v2\/product_brand?post=23980"},{"taxonomy":"product_cat","embeddable":true,"href":"https:\/\/webshop.pic2pat.com\/it\/wp-json\/wp\/v2\/product_cat?post=23980"},{"taxonomy":"product_tag","embeddable":true,"href":"https:\/\/webshop.pic2pat.com\/it\/wp-json\/wp\/v2\/product_tag?post=23980"}],"curies":[{"name":"wp","href":"https:\/\/api.w.org\/{rel}","templated":true}]}}