{"id":23856,"date":"2021-01-07T13:52:45","date_gmt":"2021-01-07T12:52:45","guid":{"rendered":"https:\/\/webshop.pic2pat.com\/product\/dmc-152-rosa-conchiglia-medio-chiaro\/"},"modified":"2021-01-07T13:52:45","modified_gmt":"2021-01-07T12:52:45","slug":"dmc-152-rosa-conchiglia-medio-chiaro","status":"publish","type":"product","link":"https:\/\/webshop.pic2pat.com\/it\/prodotto\/dmc-152-rosa-conchiglia-medio-chiaro\/","title":{"rendered":"DMC 152 &#8211; Rosa conchiglia medio chiaro"},"content":{"rendered":"<p>DMC 152 Moulin\u00e9 filato di cotone da ricamo a sei capi con colore rosa conchiglia medio chiaro. La serie DMC 117 \u00e8 il filato da ricamo pi\u00f9 utilizzato al mondo per i progetti a punto croce. Ogni matassina pesa 2 grammi ed \u00e8 sufficiente per una media di 1600 punti, a seconda della dimensione della trama della tela Aida. Una matassina contiene 8 metri di filo con 6 capi. Per trame pi\u00f9 fini, \u00e8 possibile dividere il filo in un numero inferiore di capi. Ad esempio, due capi sono comunemente utilizzati per le tele pi\u00f9 fini, come la diffusissima Aida 14 count.<\/p>\n<p>Il colore rosa conchiglia medio chiaro del filato da ricamo DMC 152 Moulin\u00e9 \u00e8 resistente al lavaggio. Per questo motivo, \u00e8 possibile lavare il materiale a 95\u00b0C\/200\u00b0F ripetutamente senza perdere la vivacit\u00e0 del colore. Tuttavia, \u00e8 necessario prestare attenzione alle istruzioni di lavaggio del tessuto, poich\u00e9 potrebbero limitare le opzioni disponibili per la pulizia del lavoro finito.<\/p>\n<p>Puoi creare rapidamente un progetto per il DMC 152 Moulin\u00e9 con il nostro <a href=\"https:\/\/www.pic2pat.com\/index.it.php\">generatore di schemi Pic2Pat<\/a>. In un semplice processo in tre fasi, puoi convertire qualsiasi immagine in un bellissimo schema a punto croce in meno di un minuto. E non dimenticare di visitare <a href=\"https:\/\/webshop.pic2pat.com\/it\/\">il nostro negozio<\/a> per altri articoli come tessuti, aghi e molto altro.<\/p>\n<p>Sei stanco di scorrere il negozio per ordinare tutti i singoli colori per uno schema? In tal caso utilizza lo strumento di ordine rapido e inserisci il numero univoco del tuo schema. Tutti i materiali per il tuo progetto verranno caricati direttamente nel carrello. Potrai quindi modificare il carrello per aggiungere o rimuovere articoli a tuo piacimento. Inserisci un indirizzo di destinazione, completa il processo di pagamento e hai finito!<\/p>\n","protected":false},"excerpt":{"rendered":"<p>DMC 152 Moulin\u00e9 filato di cotone da ricamo a sei capi con colore rosa conchiglia medio chiaro<\/p>\n","protected":false},"featured_media":16989,"template":"","meta":[],"product_brand":[],"product_cat":[212],"product_tag":[],"class_list":{"0":"post-23856","1":"product","2":"type-product","3":"status-publish","4":"has-post-thumbnail","6":"product_cat-filo-da-ricamo-dmc","7":"product_shipping_class-inexpensive","9":"first","10":"instock","11":"taxable","12":"shipping-taxable","13":"purchasable","14":"product-type-simple"},"yoast_head":"<!-- This site is optimized with the Yoast SEO plugin v27.5 - https:\/\/yoast.com\/product\/yoast-seo-wordpress\/ -->\n<title>DMC 152 - Rosa conchiglia medio chiaro - Pic2Pat<\/title>\n<meta name=\"description\" content=\"DMC 152 Moulin\u00e9 filato di cotone da ricamo a sei capi con colore rosa conchiglia medio chiaro. Tutti i colori di ricamo DMC sono disponibili in magazzino.\" \/>\n<meta name=\"robots\" content=\"index, follow, max-snippet:-1, max-image-preview:large, max-video-preview:-1\" \/>\n<link rel=\"canonical\" href=\"https:\/\/webshop.pic2pat.com\/it\/prodotto\/dmc-152-rosa-conchiglia-medio-chiaro\/\" \/>\n<meta property=\"og:locale\" content=\"it_IT\" \/>\n<meta property=\"og:type\" content=\"article\" \/>\n<meta property=\"og:title\" content=\"DMC 152 - Rosa conchiglia medio chiaro - Pic2Pat\" \/>\n<meta property=\"og:description\" content=\"DMC 152 Moulin\u00e9 filato di cotone da ricamo a sei capi con colore rosa conchiglia medio chiaro. Tutti i colori di ricamo DMC sono disponibili in magazzino.\" \/>\n<meta property=\"og:url\" content=\"https:\/\/webshop.pic2pat.com\/it\/prodotto\/dmc-152-rosa-conchiglia-medio-chiaro\/\" \/>\n<meta property=\"og:site_name\" content=\"Pic2Pat\" \/>\n<meta property=\"og:image\" content=\"https:\/\/webshop.pic2pat.com\/wp-content\/uploads\/2021\/01\/152_45.jpg\" \/>\n\t<meta property=\"og:image:width\" content=\"1414\" \/>\n\t<meta property=\"og:image:height\" content=\"1414\" \/>\n\t<meta property=\"og:image:type\" content=\"image\/jpeg\" \/>\n<meta name=\"twitter:card\" content=\"summary_large_image\" \/>\n<meta name=\"twitter:label1\" content=\"Prezzo\" \/>\n\t<meta name=\"twitter:data1\" content=\"&euro;1,61\" \/>\n\t<meta name=\"twitter:label2\" content=\"Disponibilit\u00e0\" \/>\n\t<meta name=\"twitter:data2\" content=\"In stock\" \/>\n<script type=\"application\/ld+json\" class=\"yoast-schema-graph\">{\"@context\":\"https:\\\/\\\/schema.org\",\"@graph\":[{\"@type\":\"WebPage\",\"@id\":\"https:\\\/\\\/webshop.pic2pat.com\\\/it\\\/prodotto\\\/dmc-152-rosa-conchiglia-medio-chiaro\\\/\",\"url\":\"https:\\\/\\\/webshop.pic2pat.com\\\/it\\\/prodotto\\\/dmc-152-rosa-conchiglia-medio-chiaro\\\/\",\"name\":\"DMC 152 - Rosa conchiglia medio chiaro - Pic2Pat\",\"isPartOf\":{\"@id\":\"https:\\\/\\\/webshop.pic2pat.com\\\/it\\\/#website\"},\"primaryImageOfPage\":{\"@id\":\"https:\\\/\\\/webshop.pic2pat.com\\\/it\\\/prodotto\\\/dmc-152-rosa-conchiglia-medio-chiaro\\\/#primaryimage\"},\"image\":{\"@id\":\"https:\\\/\\\/webshop.pic2pat.com\\\/it\\\/prodotto\\\/dmc-152-rosa-conchiglia-medio-chiaro\\\/#primaryimage\"},\"thumbnailUrl\":\"https:\\\/\\\/webshop.pic2pat.com\\\/wp-content\\\/uploads\\\/2021\\\/01\\\/152_45.jpg\",\"datePublished\":\"2021-01-07T12:52:45+00:00\",\"description\":\"DMC 152 Moulin\u00e9 filato di cotone da ricamo a sei capi con colore rosa conchiglia medio chiaro. Tutti i colori di ricamo DMC sono disponibili in magazzino.\",\"breadcrumb\":{\"@id\":\"https:\\\/\\\/webshop.pic2pat.com\\\/it\\\/prodotto\\\/dmc-152-rosa-conchiglia-medio-chiaro\\\/#breadcrumb\"},\"inLanguage\":\"it-IT\",\"potentialAction\":[{\"@type\":\"ReadAction\",\"target\":[\"https:\\\/\\\/webshop.pic2pat.com\\\/it\\\/prodotto\\\/dmc-152-rosa-conchiglia-medio-chiaro\\\/\"]}]},{\"@type\":\"ImageObject\",\"inLanguage\":\"it-IT\",\"@id\":\"https:\\\/\\\/webshop.pic2pat.com\\\/it\\\/prodotto\\\/dmc-152-rosa-conchiglia-medio-chiaro\\\/#primaryimage\",\"url\":\"https:\\\/\\\/webshop.pic2pat.com\\\/wp-content\\\/uploads\\\/2021\\\/01\\\/152_45.jpg\",\"contentUrl\":\"https:\\\/\\\/webshop.pic2pat.com\\\/wp-content\\\/uploads\\\/2021\\\/01\\\/152_45.jpg\",\"width\":1414,\"height\":1414,\"caption\":\"DMC 152 - Rosa conchiglia medio chiaro\"},{\"@type\":\"BreadcrumbList\",\"@id\":\"https:\\\/\\\/webshop.pic2pat.com\\\/it\\\/prodotto\\\/dmc-152-rosa-conchiglia-medio-chiaro\\\/#breadcrumb\",\"itemListElement\":[{\"@type\":\"ListItem\",\"position\":1,\"name\":\"Home\",\"item\":\"https:\\\/\\\/webshop.pic2pat.com\\\/it\\\/\"},{\"@type\":\"ListItem\",\"position\":2,\"name\":\"Negozio\",\"item\":\"https:\\\/\\\/webshop.pic2pat.com\\\/en\\\/\"},{\"@type\":\"ListItem\",\"position\":3,\"name\":\"DMC 152 &#8211; Rosa conchiglia medio chiaro\"}]},{\"@type\":\"WebSite\",\"@id\":\"https:\\\/\\\/webshop.pic2pat.com\\\/it\\\/#website\",\"url\":\"https:\\\/\\\/webshop.pic2pat.com\\\/it\\\/\",\"name\":\"Pic2Pat\",\"description\":\"\",\"publisher\":{\"@id\":\"https:\\\/\\\/webshop.pic2pat.com\\\/it\\\/#organization\"},\"potentialAction\":[{\"@type\":\"SearchAction\",\"target\":{\"@type\":\"EntryPoint\",\"urlTemplate\":\"https:\\\/\\\/webshop.pic2pat.com\\\/it\\\/?s={search_term_string}\"},\"query-input\":{\"@type\":\"PropertyValueSpecification\",\"valueRequired\":true,\"valueName\":\"search_term_string\"}}],\"inLanguage\":\"it-IT\"},{\"@type\":\"Organization\",\"@id\":\"https:\\\/\\\/webshop.pic2pat.com\\\/it\\\/#organization\",\"name\":\"Pic2Pat\",\"url\":\"https:\\\/\\\/webshop.pic2pat.com\\\/it\\\/\",\"logo\":{\"@type\":\"ImageObject\",\"inLanguage\":\"it-IT\",\"@id\":\"https:\\\/\\\/webshop.pic2pat.com\\\/it\\\/#\\\/schema\\\/logo\\\/image\\\/\",\"url\":\"https:\\\/\\\/webshop.pic2pat.com\\\/wp-content\\\/uploads\\\/2021\\\/05\\\/cropped-shop-logo.png\",\"contentUrl\":\"https:\\\/\\\/webshop.pic2pat.com\\\/wp-content\\\/uploads\\\/2021\\\/05\\\/cropped-shop-logo.png\",\"width\":470,\"height\":110,\"caption\":\"Pic2Pat\"},\"image\":{\"@id\":\"https:\\\/\\\/webshop.pic2pat.com\\\/it\\\/#\\\/schema\\\/logo\\\/image\\\/\"}}]}<\/script>\n<meta property=\"product:price:amount\" content=\"1.61\" \/>\n<meta property=\"product:price:currency\" content=\"EUR\" \/>\n<meta property=\"og:availability\" content=\"instock\" \/>\n<meta property=\"product:availability\" content=\"instock\" \/>\n<meta property=\"product:retailer_item_id\" content=\"DMC.117.0152\" \/>\n<meta property=\"product:condition\" content=\"new\" \/>\n<!-- \/ Yoast SEO plugin. -->","yoast_head_json":{"title":"DMC 152 - Rosa conchiglia medio chiaro - Pic2Pat","description":"DMC 152 Moulin\u00e9 filato di cotone da ricamo a sei capi con colore rosa conchiglia medio chiaro. Tutti i colori di ricamo DMC sono disponibili in magazzino.","robots":{"index":"index","follow":"follow","max-snippet":"max-snippet:-1","max-image-preview":"max-image-preview:large","max-video-preview":"max-video-preview:-1"},"canonical":"https:\/\/webshop.pic2pat.com\/it\/prodotto\/dmc-152-rosa-conchiglia-medio-chiaro\/","og_locale":"it_IT","og_type":"article","og_title":"DMC 152 - Rosa conchiglia medio chiaro - Pic2Pat","og_description":"DMC 152 Moulin\u00e9 filato di cotone da ricamo a sei capi con colore rosa conchiglia medio chiaro. Tutti i colori di ricamo DMC sono disponibili in magazzino.","og_url":"https:\/\/webshop.pic2pat.com\/it\/prodotto\/dmc-152-rosa-conchiglia-medio-chiaro\/","og_site_name":"Pic2Pat","og_image":[{"width":1414,"height":1414,"url":"https:\/\/webshop.pic2pat.com\/wp-content\/uploads\/2021\/01\/152_45.jpg","type":"image\/jpeg"}],"twitter_card":"summary_large_image","twitter_misc":{"Prezzo":"&euro;1,61","Disponibilit\u00e0":"In stock"},"schema":{"@context":"https:\/\/schema.org","@graph":[{"@type":"WebPage","@id":"https:\/\/webshop.pic2pat.com\/it\/prodotto\/dmc-152-rosa-conchiglia-medio-chiaro\/","url":"https:\/\/webshop.pic2pat.com\/it\/prodotto\/dmc-152-rosa-conchiglia-medio-chiaro\/","name":"DMC 152 - Rosa conchiglia medio chiaro - Pic2Pat","isPartOf":{"@id":"https:\/\/webshop.pic2pat.com\/it\/#website"},"primaryImageOfPage":{"@id":"https:\/\/webshop.pic2pat.com\/it\/prodotto\/dmc-152-rosa-conchiglia-medio-chiaro\/#primaryimage"},"image":{"@id":"https:\/\/webshop.pic2pat.com\/it\/prodotto\/dmc-152-rosa-conchiglia-medio-chiaro\/#primaryimage"},"thumbnailUrl":"https:\/\/webshop.pic2pat.com\/wp-content\/uploads\/2021\/01\/152_45.jpg","datePublished":"2021-01-07T12:52:45+00:00","description":"DMC 152 Moulin\u00e9 filato di cotone da ricamo a sei capi con colore rosa conchiglia medio chiaro. Tutti i colori di ricamo DMC sono disponibili in magazzino.","breadcrumb":{"@id":"https:\/\/webshop.pic2pat.com\/it\/prodotto\/dmc-152-rosa-conchiglia-medio-chiaro\/#breadcrumb"},"inLanguage":"it-IT","potentialAction":[{"@type":"ReadAction","target":["https:\/\/webshop.pic2pat.com\/it\/prodotto\/dmc-152-rosa-conchiglia-medio-chiaro\/"]}]},{"@type":"ImageObject","inLanguage":"it-IT","@id":"https:\/\/webshop.pic2pat.com\/it\/prodotto\/dmc-152-rosa-conchiglia-medio-chiaro\/#primaryimage","url":"https:\/\/webshop.pic2pat.com\/wp-content\/uploads\/2021\/01\/152_45.jpg","contentUrl":"https:\/\/webshop.pic2pat.com\/wp-content\/uploads\/2021\/01\/152_45.jpg","width":1414,"height":1414,"caption":"DMC 152 - Rosa conchiglia medio chiaro"},{"@type":"BreadcrumbList","@id":"https:\/\/webshop.pic2pat.com\/it\/prodotto\/dmc-152-rosa-conchiglia-medio-chiaro\/#breadcrumb","itemListElement":[{"@type":"ListItem","position":1,"name":"Home","item":"https:\/\/webshop.pic2pat.com\/it\/"},{"@type":"ListItem","position":2,"name":"Negozio","item":"https:\/\/webshop.pic2pat.com\/en\/"},{"@type":"ListItem","position":3,"name":"DMC 152 &#8211; Rosa conchiglia medio chiaro"}]},{"@type":"WebSite","@id":"https:\/\/webshop.pic2pat.com\/it\/#website","url":"https:\/\/webshop.pic2pat.com\/it\/","name":"Pic2Pat","description":"","publisher":{"@id":"https:\/\/webshop.pic2pat.com\/it\/#organization"},"potentialAction":[{"@type":"SearchAction","target":{"@type":"EntryPoint","urlTemplate":"https:\/\/webshop.pic2pat.com\/it\/?s={search_term_string}"},"query-input":{"@type":"PropertyValueSpecification","valueRequired":true,"valueName":"search_term_string"}}],"inLanguage":"it-IT"},{"@type":"Organization","@id":"https:\/\/webshop.pic2pat.com\/it\/#organization","name":"Pic2Pat","url":"https:\/\/webshop.pic2pat.com\/it\/","logo":{"@type":"ImageObject","inLanguage":"it-IT","@id":"https:\/\/webshop.pic2pat.com\/it\/#\/schema\/logo\/image\/","url":"https:\/\/webshop.pic2pat.com\/wp-content\/uploads\/2021\/05\/cropped-shop-logo.png","contentUrl":"https:\/\/webshop.pic2pat.com\/wp-content\/uploads\/2021\/05\/cropped-shop-logo.png","width":470,"height":110,"caption":"Pic2Pat"},"image":{"@id":"https:\/\/webshop.pic2pat.com\/it\/#\/schema\/logo\/image\/"}}]},"product_price_amount":"1.61","product_price_currency":"EUR","og_availability":"instock","product_availability":"instock","product_retailer_item_id":"DMC.117.0152","product_condition":"new"},"_links":{"self":[{"href":"https:\/\/webshop.pic2pat.com\/it\/wp-json\/wp\/v2\/product\/23856","targetHints":{"allow":["GET"]}}],"collection":[{"href":"https:\/\/webshop.pic2pat.com\/it\/wp-json\/wp\/v2\/product"}],"about":[{"href":"https:\/\/webshop.pic2pat.com\/it\/wp-json\/wp\/v2\/types\/product"}],"wp:featuredmedia":[{"embeddable":true,"href":"https:\/\/webshop.pic2pat.com\/it\/wp-json\/wp\/v2\/media\/16989"}],"wp:attachment":[{"href":"https:\/\/webshop.pic2pat.com\/it\/wp-json\/wp\/v2\/media?parent=23856"}],"wp:term":[{"taxonomy":"product_brand","embeddable":true,"href":"https:\/\/webshop.pic2pat.com\/it\/wp-json\/wp\/v2\/product_brand?post=23856"},{"taxonomy":"product_cat","embeddable":true,"href":"https:\/\/webshop.pic2pat.com\/it\/wp-json\/wp\/v2\/product_cat?post=23856"},{"taxonomy":"product_tag","embeddable":true,"href":"https:\/\/webshop.pic2pat.com\/it\/wp-json\/wp\/v2\/product_tag?post=23856"}],"curies":[{"name":"wp","href":"https:\/\/api.w.org\/{rel}","templated":true}]}}