{"id":23712,"date":"2021-01-06T22:22:24","date_gmt":"2021-01-06T21:22:24","guid":{"rendered":"https:\/\/webshop.pic2pat.com\/product\/dmc-471-verde-avocado-molto-chiaro\/"},"modified":"2021-01-06T22:22:24","modified_gmt":"2021-01-06T21:22:24","slug":"dmc-471-verde-avocado-molto-chiaro","status":"publish","type":"product","link":"https:\/\/webshop.pic2pat.com\/it\/prodotto\/dmc-471-verde-avocado-molto-chiaro\/","title":{"rendered":"DMC 471 &#8211; Verde avocado molto chiaro"},"content":{"rendered":"<p>DMC 471 Moulin\u00e9 filato di cotone moulin\u00e9 per ricamo con colore del filo verde avocado molto chiaro. La serie DMC 117 \u00e8 il filato da ricamo pi\u00f9 utilizzato al mondo per i progetti a punto croce. Ogni matassina pesa 2 grammi ed \u00e8 sufficiente per una media di 1600 punti, a seconda della dimensione della trama del tessuto Aida. Una matassina contiene 8 metri di filo con 6 capi. Per trame pi\u00f9 fini, \u00e8 possibile dividere il filo in un numero inferiore di capi. Ad esempio, due capi sono comunemente utilizzati per i tessuti pi\u00f9 fini, come il diffusissimo Aida 14 count.<\/p>\n<p>Il colore verde avocado molto chiaro del filato da ricamo DMC 471 Moulin\u00e9 \u00e8 resistente al colore. Per questo motivo, \u00e8 possibile lavare il materiale a 95\u00b0C\/200\u00b0F ripetutamente senza perdere la sua vivacit\u00e0. \u00c8 comunque importante prestare attenzione alle istruzioni di lavaggio del tessuto, poich\u00e9 potrebbero limitare le opzioni disponibili per la pulizia del lavoro finito.<\/p>\n<p>Puoi creare rapidamente un progetto per il DMC 471 Moulin\u00e9 con il nostro <a href=\"https:\/\/www.pic2pat.com\/index.it.php\">generatore di schemi Pic2Pat<\/a>. In un semplice processo in tre fasi, puoi convertire qualsiasi immagine in un elegante schema a punto croce in meno di un minuto. E non dimenticare di visitare <a href=\"https:\/\/webshop.pic2pat.com\/it\/\">il nostro negozio<\/a> per altri articoli come tessuti, aghi e molto altro.<\/p>\n<p>Sei stanco di scorrere il negozio per ordinare tutti i colori singolarmente per uno schema? In tal caso utilizza lo strumento di ordine unico e inserisci il numero univoco del tuo schema. Tutti i materiali per il tuo progetto vengono caricati direttamente nel carrello. Puoi quindi modificare il carrello per aggiungere o rimuovere articoli a tuo piacimento. Inserisci un indirizzo di destinazione, completa il processo di pagamento e il gioco \u00e8 fatto!<\/p>\n","protected":false},"excerpt":{"rendered":"<p>DMC 471 Moulin\u00e9 filato di cotone moulin\u00e9 per ricamo con colore del filo verde avocado molto chiaro<\/p>\n","protected":false},"featured_media":17754,"template":"","meta":[],"product_brand":[],"product_cat":[212],"product_tag":[],"class_list":{"0":"post-23712","1":"product","2":"type-product","3":"status-publish","4":"has-post-thumbnail","6":"product_cat-filo-da-ricamo-dmc","7":"product_shipping_class-inexpensive","9":"first","10":"instock","11":"taxable","12":"shipping-taxable","13":"purchasable","14":"product-type-simple"},"yoast_head":"<!-- This site is optimized with the Yoast SEO plugin v27.5 - https:\/\/yoast.com\/product\/yoast-seo-wordpress\/ -->\n<title>DMC 471 - Verde avocado molto chiaro - Pic2Pat<\/title>\n<meta name=\"description\" content=\"DMC 471 Moulin\u00e9 filato di cotone moulin\u00e9 per ricamo con colore del filo verde avocado molto chiaro. Tutti i colori da ricamo DMC sono disponibili in magazzino.\" \/>\n<meta name=\"robots\" content=\"index, follow, max-snippet:-1, max-image-preview:large, max-video-preview:-1\" \/>\n<link rel=\"canonical\" href=\"https:\/\/webshop.pic2pat.com\/it\/prodotto\/dmc-471-verde-avocado-molto-chiaro\/\" \/>\n<meta property=\"og:locale\" content=\"it_IT\" \/>\n<meta property=\"og:type\" content=\"article\" \/>\n<meta property=\"og:title\" content=\"DMC 471 - Verde avocado molto chiaro - Pic2Pat\" \/>\n<meta property=\"og:description\" content=\"DMC 471 Moulin\u00e9 filato di cotone moulin\u00e9 per ricamo con colore del filo verde avocado molto chiaro. Tutti i colori da ricamo DMC sono disponibili in magazzino.\" \/>\n<meta property=\"og:url\" content=\"https:\/\/webshop.pic2pat.com\/it\/prodotto\/dmc-471-verde-avocado-molto-chiaro\/\" \/>\n<meta property=\"og:site_name\" content=\"Pic2Pat\" \/>\n<meta property=\"og:image\" content=\"https:\/\/webshop.pic2pat.com\/wp-content\/uploads\/2021\/01\/471_45.jpg\" \/>\n\t<meta property=\"og:image:width\" content=\"1476\" \/>\n\t<meta property=\"og:image:height\" content=\"1476\" \/>\n\t<meta property=\"og:image:type\" content=\"image\/jpeg\" \/>\n<meta name=\"twitter:card\" content=\"summary_large_image\" \/>\n<meta name=\"twitter:label1\" content=\"Prezzo\" \/>\n\t<meta name=\"twitter:data1\" content=\"&euro;1,61\" \/>\n\t<meta name=\"twitter:label2\" content=\"Disponibilit\u00e0\" \/>\n\t<meta name=\"twitter:data2\" content=\"In stock\" \/>\n<script type=\"application\/ld+json\" class=\"yoast-schema-graph\">{\"@context\":\"https:\\\/\\\/schema.org\",\"@graph\":[{\"@type\":\"WebPage\",\"@id\":\"https:\\\/\\\/webshop.pic2pat.com\\\/it\\\/prodotto\\\/dmc-471-verde-avocado-molto-chiaro\\\/\",\"url\":\"https:\\\/\\\/webshop.pic2pat.com\\\/it\\\/prodotto\\\/dmc-471-verde-avocado-molto-chiaro\\\/\",\"name\":\"DMC 471 - Verde avocado molto chiaro - Pic2Pat\",\"isPartOf\":{\"@id\":\"https:\\\/\\\/webshop.pic2pat.com\\\/it\\\/#website\"},\"primaryImageOfPage\":{\"@id\":\"https:\\\/\\\/webshop.pic2pat.com\\\/it\\\/prodotto\\\/dmc-471-verde-avocado-molto-chiaro\\\/#primaryimage\"},\"image\":{\"@id\":\"https:\\\/\\\/webshop.pic2pat.com\\\/it\\\/prodotto\\\/dmc-471-verde-avocado-molto-chiaro\\\/#primaryimage\"},\"thumbnailUrl\":\"https:\\\/\\\/webshop.pic2pat.com\\\/wp-content\\\/uploads\\\/2021\\\/01\\\/471_45.jpg\",\"datePublished\":\"2021-01-06T21:22:24+00:00\",\"description\":\"DMC 471 Moulin\u00e9 filato di cotone moulin\u00e9 per ricamo con colore del filo verde avocado molto chiaro. Tutti i colori da ricamo DMC sono disponibili in magazzino.\",\"breadcrumb\":{\"@id\":\"https:\\\/\\\/webshop.pic2pat.com\\\/it\\\/prodotto\\\/dmc-471-verde-avocado-molto-chiaro\\\/#breadcrumb\"},\"inLanguage\":\"it-IT\",\"potentialAction\":[{\"@type\":\"ReadAction\",\"target\":[\"https:\\\/\\\/webshop.pic2pat.com\\\/it\\\/prodotto\\\/dmc-471-verde-avocado-molto-chiaro\\\/\"]}]},{\"@type\":\"ImageObject\",\"inLanguage\":\"it-IT\",\"@id\":\"https:\\\/\\\/webshop.pic2pat.com\\\/it\\\/prodotto\\\/dmc-471-verde-avocado-molto-chiaro\\\/#primaryimage\",\"url\":\"https:\\\/\\\/webshop.pic2pat.com\\\/wp-content\\\/uploads\\\/2021\\\/01\\\/471_45.jpg\",\"contentUrl\":\"https:\\\/\\\/webshop.pic2pat.com\\\/wp-content\\\/uploads\\\/2021\\\/01\\\/471_45.jpg\",\"width\":1476,\"height\":1476,\"caption\":\"DMC 471 - Verde avocado molto chiaro\"},{\"@type\":\"BreadcrumbList\",\"@id\":\"https:\\\/\\\/webshop.pic2pat.com\\\/it\\\/prodotto\\\/dmc-471-verde-avocado-molto-chiaro\\\/#breadcrumb\",\"itemListElement\":[{\"@type\":\"ListItem\",\"position\":1,\"name\":\"Home\",\"item\":\"https:\\\/\\\/webshop.pic2pat.com\\\/it\\\/\"},{\"@type\":\"ListItem\",\"position\":2,\"name\":\"Negozio\",\"item\":\"https:\\\/\\\/webshop.pic2pat.com\\\/en\\\/\"},{\"@type\":\"ListItem\",\"position\":3,\"name\":\"DMC 471 &#8211; Verde avocado molto chiaro\"}]},{\"@type\":\"WebSite\",\"@id\":\"https:\\\/\\\/webshop.pic2pat.com\\\/it\\\/#website\",\"url\":\"https:\\\/\\\/webshop.pic2pat.com\\\/it\\\/\",\"name\":\"Pic2Pat\",\"description\":\"\",\"publisher\":{\"@id\":\"https:\\\/\\\/webshop.pic2pat.com\\\/it\\\/#organization\"},\"potentialAction\":[{\"@type\":\"SearchAction\",\"target\":{\"@type\":\"EntryPoint\",\"urlTemplate\":\"https:\\\/\\\/webshop.pic2pat.com\\\/it\\\/?s={search_term_string}\"},\"query-input\":{\"@type\":\"PropertyValueSpecification\",\"valueRequired\":true,\"valueName\":\"search_term_string\"}}],\"inLanguage\":\"it-IT\"},{\"@type\":\"Organization\",\"@id\":\"https:\\\/\\\/webshop.pic2pat.com\\\/it\\\/#organization\",\"name\":\"Pic2Pat\",\"url\":\"https:\\\/\\\/webshop.pic2pat.com\\\/it\\\/\",\"logo\":{\"@type\":\"ImageObject\",\"inLanguage\":\"it-IT\",\"@id\":\"https:\\\/\\\/webshop.pic2pat.com\\\/it\\\/#\\\/schema\\\/logo\\\/image\\\/\",\"url\":\"https:\\\/\\\/webshop.pic2pat.com\\\/wp-content\\\/uploads\\\/2021\\\/05\\\/cropped-shop-logo.png\",\"contentUrl\":\"https:\\\/\\\/webshop.pic2pat.com\\\/wp-content\\\/uploads\\\/2021\\\/05\\\/cropped-shop-logo.png\",\"width\":470,\"height\":110,\"caption\":\"Pic2Pat\"},\"image\":{\"@id\":\"https:\\\/\\\/webshop.pic2pat.com\\\/it\\\/#\\\/schema\\\/logo\\\/image\\\/\"}}]}<\/script>\n<meta property=\"product:price:amount\" content=\"1.61\" \/>\n<meta property=\"product:price:currency\" content=\"EUR\" \/>\n<meta property=\"og:availability\" content=\"instock\" \/>\n<meta property=\"product:availability\" content=\"instock\" \/>\n<meta property=\"product:retailer_item_id\" content=\"DMC.117.0471\" \/>\n<meta property=\"product:condition\" content=\"new\" \/>\n<!-- \/ Yoast SEO plugin. -->","yoast_head_json":{"title":"DMC 471 - Verde avocado molto chiaro - Pic2Pat","description":"DMC 471 Moulin\u00e9 filato di cotone moulin\u00e9 per ricamo con colore del filo verde avocado molto chiaro. Tutti i colori da ricamo DMC sono disponibili in magazzino.","robots":{"index":"index","follow":"follow","max-snippet":"max-snippet:-1","max-image-preview":"max-image-preview:large","max-video-preview":"max-video-preview:-1"},"canonical":"https:\/\/webshop.pic2pat.com\/it\/prodotto\/dmc-471-verde-avocado-molto-chiaro\/","og_locale":"it_IT","og_type":"article","og_title":"DMC 471 - Verde avocado molto chiaro - Pic2Pat","og_description":"DMC 471 Moulin\u00e9 filato di cotone moulin\u00e9 per ricamo con colore del filo verde avocado molto chiaro. Tutti i colori da ricamo DMC sono disponibili in magazzino.","og_url":"https:\/\/webshop.pic2pat.com\/it\/prodotto\/dmc-471-verde-avocado-molto-chiaro\/","og_site_name":"Pic2Pat","og_image":[{"width":1476,"height":1476,"url":"https:\/\/webshop.pic2pat.com\/wp-content\/uploads\/2021\/01\/471_45.jpg","type":"image\/jpeg"}],"twitter_card":"summary_large_image","twitter_misc":{"Prezzo":"&euro;1,61","Disponibilit\u00e0":"In stock"},"schema":{"@context":"https:\/\/schema.org","@graph":[{"@type":"WebPage","@id":"https:\/\/webshop.pic2pat.com\/it\/prodotto\/dmc-471-verde-avocado-molto-chiaro\/","url":"https:\/\/webshop.pic2pat.com\/it\/prodotto\/dmc-471-verde-avocado-molto-chiaro\/","name":"DMC 471 - Verde avocado molto chiaro - Pic2Pat","isPartOf":{"@id":"https:\/\/webshop.pic2pat.com\/it\/#website"},"primaryImageOfPage":{"@id":"https:\/\/webshop.pic2pat.com\/it\/prodotto\/dmc-471-verde-avocado-molto-chiaro\/#primaryimage"},"image":{"@id":"https:\/\/webshop.pic2pat.com\/it\/prodotto\/dmc-471-verde-avocado-molto-chiaro\/#primaryimage"},"thumbnailUrl":"https:\/\/webshop.pic2pat.com\/wp-content\/uploads\/2021\/01\/471_45.jpg","datePublished":"2021-01-06T21:22:24+00:00","description":"DMC 471 Moulin\u00e9 filato di cotone moulin\u00e9 per ricamo con colore del filo verde avocado molto chiaro. Tutti i colori da ricamo DMC sono disponibili in magazzino.","breadcrumb":{"@id":"https:\/\/webshop.pic2pat.com\/it\/prodotto\/dmc-471-verde-avocado-molto-chiaro\/#breadcrumb"},"inLanguage":"it-IT","potentialAction":[{"@type":"ReadAction","target":["https:\/\/webshop.pic2pat.com\/it\/prodotto\/dmc-471-verde-avocado-molto-chiaro\/"]}]},{"@type":"ImageObject","inLanguage":"it-IT","@id":"https:\/\/webshop.pic2pat.com\/it\/prodotto\/dmc-471-verde-avocado-molto-chiaro\/#primaryimage","url":"https:\/\/webshop.pic2pat.com\/wp-content\/uploads\/2021\/01\/471_45.jpg","contentUrl":"https:\/\/webshop.pic2pat.com\/wp-content\/uploads\/2021\/01\/471_45.jpg","width":1476,"height":1476,"caption":"DMC 471 - Verde avocado molto chiaro"},{"@type":"BreadcrumbList","@id":"https:\/\/webshop.pic2pat.com\/it\/prodotto\/dmc-471-verde-avocado-molto-chiaro\/#breadcrumb","itemListElement":[{"@type":"ListItem","position":1,"name":"Home","item":"https:\/\/webshop.pic2pat.com\/it\/"},{"@type":"ListItem","position":2,"name":"Negozio","item":"https:\/\/webshop.pic2pat.com\/en\/"},{"@type":"ListItem","position":3,"name":"DMC 471 &#8211; Verde avocado molto chiaro"}]},{"@type":"WebSite","@id":"https:\/\/webshop.pic2pat.com\/it\/#website","url":"https:\/\/webshop.pic2pat.com\/it\/","name":"Pic2Pat","description":"","publisher":{"@id":"https:\/\/webshop.pic2pat.com\/it\/#organization"},"potentialAction":[{"@type":"SearchAction","target":{"@type":"EntryPoint","urlTemplate":"https:\/\/webshop.pic2pat.com\/it\/?s={search_term_string}"},"query-input":{"@type":"PropertyValueSpecification","valueRequired":true,"valueName":"search_term_string"}}],"inLanguage":"it-IT"},{"@type":"Organization","@id":"https:\/\/webshop.pic2pat.com\/it\/#organization","name":"Pic2Pat","url":"https:\/\/webshop.pic2pat.com\/it\/","logo":{"@type":"ImageObject","inLanguage":"it-IT","@id":"https:\/\/webshop.pic2pat.com\/it\/#\/schema\/logo\/image\/","url":"https:\/\/webshop.pic2pat.com\/wp-content\/uploads\/2021\/05\/cropped-shop-logo.png","contentUrl":"https:\/\/webshop.pic2pat.com\/wp-content\/uploads\/2021\/05\/cropped-shop-logo.png","width":470,"height":110,"caption":"Pic2Pat"},"image":{"@id":"https:\/\/webshop.pic2pat.com\/it\/#\/schema\/logo\/image\/"}}]},"product_price_amount":"1.61","product_price_currency":"EUR","og_availability":"instock","product_availability":"instock","product_retailer_item_id":"DMC.117.0471","product_condition":"new"},"_links":{"self":[{"href":"https:\/\/webshop.pic2pat.com\/it\/wp-json\/wp\/v2\/product\/23712","targetHints":{"allow":["GET"]}}],"collection":[{"href":"https:\/\/webshop.pic2pat.com\/it\/wp-json\/wp\/v2\/product"}],"about":[{"href":"https:\/\/webshop.pic2pat.com\/it\/wp-json\/wp\/v2\/types\/product"}],"wp:featuredmedia":[{"embeddable":true,"href":"https:\/\/webshop.pic2pat.com\/it\/wp-json\/wp\/v2\/media\/17754"}],"wp:attachment":[{"href":"https:\/\/webshop.pic2pat.com\/it\/wp-json\/wp\/v2\/media?parent=23712"}],"wp:term":[{"taxonomy":"product_brand","embeddable":true,"href":"https:\/\/webshop.pic2pat.com\/it\/wp-json\/wp\/v2\/product_brand?post=23712"},{"taxonomy":"product_cat","embeddable":true,"href":"https:\/\/webshop.pic2pat.com\/it\/wp-json\/wp\/v2\/product_cat?post=23712"},{"taxonomy":"product_tag","embeddable":true,"href":"https:\/\/webshop.pic2pat.com\/it\/wp-json\/wp\/v2\/product_tag?post=23712"}],"curies":[{"name":"wp","href":"https:\/\/api.w.org\/{rel}","templated":true}]}}