{"id":13574,"date":"2021-03-13T18:56:44","date_gmt":"2021-03-13T17:56:44","guid":{"rendered":"https:\/\/webshop.pic2pat.com\/?post_type=product&#038;p=13574"},"modified":"2026-05-05T20:52:19","modified_gmt":"2026-05-05T19:52:19","slug":"telaio-da-ricamo-in-legno-elbesee","status":"publish","type":"product","link":"https:\/\/webshop.pic2pat.com\/it\/prodotto\/telaio-da-ricamo-in-legno-elbesee\/","title":{"rendered":"Telaio da ricamo in legno Elbesee"},"content":{"rendered":"<p>Questo telaio da ricamo di alta qualit\u00e0 realizzato dalla societ\u00e0 britannica Elbesee \u00e8 l&#8217;aiuto ideale per i tuoi lavori a punto. Il cerchio ha bordi arrotondati, \u00e8 realizzato in faggio a grana fine ed \u00e8 lucidato a cera.<\/p>\n","protected":false},"excerpt":{"rendered":"<p>Telaio da ricamo in faggio a grana fine di alta qualit\u00e0 prodotto dalla societ\u00e0 britannica Elbesee.<\/p>\n","protected":false},"featured_media":13511,"template":"","meta":[],"product_brand":[],"product_cat":[239],"product_tag":[],"class_list":{"0":"post-13574","1":"product","2":"type-product","3":"status-publish","4":"has-post-thumbnail","6":"product_cat-accessori","7":"product_shipping_class-inexpensive","9":"first","10":"instock","11":"taxable","12":"shipping-taxable","13":"purchasable","14":"product-type-variable"},"yoast_head":"<!-- This site is optimized with the Yoast SEO plugin v27.5 - https:\/\/yoast.com\/product\/yoast-seo-wordpress\/ -->\n<title>Telaio da ricamo in legno Elbesee - Pic2Pat<\/title>\n<meta name=\"description\" content=\"Telaio da ricamo in faggio a grana fine di alta qualit\u00e0 prodotto dalla societ\u00e0 britannica Elbesee.\" \/>\n<meta name=\"robots\" content=\"index, follow, max-snippet:-1, max-image-preview:large, max-video-preview:-1\" \/>\n<link rel=\"canonical\" href=\"https:\/\/webshop.pic2pat.com\/it\/prodotto\/telaio-da-ricamo-in-legno-elbesee\/\" \/>\n<meta property=\"og:locale\" content=\"it_IT\" \/>\n<meta property=\"og:type\" content=\"article\" \/>\n<meta property=\"og:title\" content=\"Telaio da ricamo in legno Elbesee - Pic2Pat\" \/>\n<meta property=\"og:description\" content=\"Telaio da ricamo in faggio a grana fine di alta qualit\u00e0 prodotto dalla societ\u00e0 britannica Elbesee.\" \/>\n<meta property=\"og:url\" content=\"https:\/\/webshop.pic2pat.com\/it\/prodotto\/telaio-da-ricamo-in-legno-elbesee\/\" \/>\n<meta property=\"og:site_name\" content=\"Pic2Pat\" \/>\n<meta property=\"article:modified_time\" content=\"2026-05-05T19:52:19+00:00\" \/>\n<meta property=\"og:image\" content=\"https:\/\/webshop.pic2pat.com\/wp-content\/uploads\/2021\/03\/borduurring_20cm.jpg\" \/>\n\t<meta property=\"og:image:width\" content=\"800\" \/>\n\t<meta property=\"og:image:height\" content=\"800\" \/>\n\t<meta property=\"og:image:type\" content=\"image\/jpeg\" \/>\n<meta name=\"twitter:card\" content=\"summary_large_image\" \/>\n<meta name=\"twitter:label1\" content=\"Disponibilit\u00e0\" \/>\n\t<meta name=\"twitter:data1\" content=\"In stock\" \/>\n<script type=\"application\/ld+json\" class=\"yoast-schema-graph\">{\"@context\":\"https:\\\/\\\/schema.org\",\"@graph\":[{\"@type\":\"WebPage\",\"@id\":\"https:\\\/\\\/webshop.pic2pat.com\\\/it\\\/prodotto\\\/telaio-da-ricamo-in-legno-elbesee\\\/\",\"url\":\"https:\\\/\\\/webshop.pic2pat.com\\\/it\\\/prodotto\\\/telaio-da-ricamo-in-legno-elbesee\\\/\",\"name\":\"Telaio da ricamo in legno Elbesee - Pic2Pat\",\"isPartOf\":{\"@id\":\"https:\\\/\\\/webshop.pic2pat.com\\\/it\\\/#website\"},\"primaryImageOfPage\":{\"@id\":\"https:\\\/\\\/webshop.pic2pat.com\\\/it\\\/prodotto\\\/telaio-da-ricamo-in-legno-elbesee\\\/#primaryimage\"},\"image\":{\"@id\":\"https:\\\/\\\/webshop.pic2pat.com\\\/it\\\/prodotto\\\/telaio-da-ricamo-in-legno-elbesee\\\/#primaryimage\"},\"thumbnailUrl\":\"https:\\\/\\\/webshop.pic2pat.com\\\/wp-content\\\/uploads\\\/2021\\\/03\\\/borduurring_20cm.jpg\",\"datePublished\":\"2021-03-13T17:56:44+00:00\",\"dateModified\":\"2026-05-05T19:52:19+00:00\",\"description\":\"Telaio da ricamo in faggio a grana fine di alta qualit\u00e0 prodotto dalla societ\u00e0 britannica Elbesee.\",\"breadcrumb\":{\"@id\":\"https:\\\/\\\/webshop.pic2pat.com\\\/it\\\/prodotto\\\/telaio-da-ricamo-in-legno-elbesee\\\/#breadcrumb\"},\"inLanguage\":\"it-IT\",\"potentialAction\":[{\"@type\":\"ReadAction\",\"target\":[\"https:\\\/\\\/webshop.pic2pat.com\\\/it\\\/prodotto\\\/telaio-da-ricamo-in-legno-elbesee\\\/\"]}]},{\"@type\":\"ImageObject\",\"inLanguage\":\"it-IT\",\"@id\":\"https:\\\/\\\/webshop.pic2pat.com\\\/it\\\/prodotto\\\/telaio-da-ricamo-in-legno-elbesee\\\/#primaryimage\",\"url\":\"https:\\\/\\\/webshop.pic2pat.com\\\/wp-content\\\/uploads\\\/2021\\\/03\\\/borduurring_20cm.jpg\",\"contentUrl\":\"https:\\\/\\\/webshop.pic2pat.com\\\/wp-content\\\/uploads\\\/2021\\\/03\\\/borduurring_20cm.jpg\",\"width\":800,\"height\":800,\"caption\":\"Telaio da ricamo in legno Elbesee\"},{\"@type\":\"BreadcrumbList\",\"@id\":\"https:\\\/\\\/webshop.pic2pat.com\\\/it\\\/prodotto\\\/telaio-da-ricamo-in-legno-elbesee\\\/#breadcrumb\",\"itemListElement\":[{\"@type\":\"ListItem\",\"position\":1,\"name\":\"Home\",\"item\":\"https:\\\/\\\/webshop.pic2pat.com\\\/it\\\/\"},{\"@type\":\"ListItem\",\"position\":2,\"name\":\"Negozio\",\"item\":\"https:\\\/\\\/webshop.pic2pat.com\\\/en\\\/\"},{\"@type\":\"ListItem\",\"position\":3,\"name\":\"Telaio da ricamo in legno Elbesee\"}]},{\"@type\":\"WebSite\",\"@id\":\"https:\\\/\\\/webshop.pic2pat.com\\\/it\\\/#website\",\"url\":\"https:\\\/\\\/webshop.pic2pat.com\\\/it\\\/\",\"name\":\"Pic2Pat\",\"description\":\"\",\"publisher\":{\"@id\":\"https:\\\/\\\/webshop.pic2pat.com\\\/it\\\/#organization\"},\"potentialAction\":[{\"@type\":\"SearchAction\",\"target\":{\"@type\":\"EntryPoint\",\"urlTemplate\":\"https:\\\/\\\/webshop.pic2pat.com\\\/it\\\/?s={search_term_string}\"},\"query-input\":{\"@type\":\"PropertyValueSpecification\",\"valueRequired\":true,\"valueName\":\"search_term_string\"}}],\"inLanguage\":\"it-IT\"},{\"@type\":\"Organization\",\"@id\":\"https:\\\/\\\/webshop.pic2pat.com\\\/it\\\/#organization\",\"name\":\"Pic2Pat\",\"url\":\"https:\\\/\\\/webshop.pic2pat.com\\\/it\\\/\",\"logo\":{\"@type\":\"ImageObject\",\"inLanguage\":\"it-IT\",\"@id\":\"https:\\\/\\\/webshop.pic2pat.com\\\/it\\\/#\\\/schema\\\/logo\\\/image\\\/\",\"url\":\"https:\\\/\\\/webshop.pic2pat.com\\\/wp-content\\\/uploads\\\/2021\\\/05\\\/cropped-shop-logo.png\",\"contentUrl\":\"https:\\\/\\\/webshop.pic2pat.com\\\/wp-content\\\/uploads\\\/2021\\\/05\\\/cropped-shop-logo.png\",\"width\":470,\"height\":110,\"caption\":\"Pic2Pat\"},\"image\":{\"@id\":\"https:\\\/\\\/webshop.pic2pat.com\\\/it\\\/#\\\/schema\\\/logo\\\/image\\\/\"}}]}<\/script>\n<meta property=\"og:availability\" content=\"instock\" \/>\n<meta property=\"product:availability\" content=\"instock\" \/>\n<meta property=\"product:condition\" content=\"new\" \/>\n<!-- \/ Yoast SEO plugin. -->","yoast_head_json":{"title":"Telaio da ricamo in legno Elbesee - Pic2Pat","description":"Telaio da ricamo in faggio a grana fine di alta qualit\u00e0 prodotto dalla societ\u00e0 britannica Elbesee.","robots":{"index":"index","follow":"follow","max-snippet":"max-snippet:-1","max-image-preview":"max-image-preview:large","max-video-preview":"max-video-preview:-1"},"canonical":"https:\/\/webshop.pic2pat.com\/it\/prodotto\/telaio-da-ricamo-in-legno-elbesee\/","og_locale":"it_IT","og_type":"article","og_title":"Telaio da ricamo in legno Elbesee - Pic2Pat","og_description":"Telaio da ricamo in faggio a grana fine di alta qualit\u00e0 prodotto dalla societ\u00e0 britannica Elbesee.","og_url":"https:\/\/webshop.pic2pat.com\/it\/prodotto\/telaio-da-ricamo-in-legno-elbesee\/","og_site_name":"Pic2Pat","article_modified_time":"2026-05-05T19:52:19+00:00","og_image":[{"width":800,"height":800,"url":"https:\/\/webshop.pic2pat.com\/wp-content\/uploads\/2021\/03\/borduurring_20cm.jpg","type":"image\/jpeg"}],"twitter_card":"summary_large_image","twitter_misc":{"Disponibilit\u00e0":"In stock"},"schema":{"@context":"https:\/\/schema.org","@graph":[{"@type":"WebPage","@id":"https:\/\/webshop.pic2pat.com\/it\/prodotto\/telaio-da-ricamo-in-legno-elbesee\/","url":"https:\/\/webshop.pic2pat.com\/it\/prodotto\/telaio-da-ricamo-in-legno-elbesee\/","name":"Telaio da ricamo in legno Elbesee - Pic2Pat","isPartOf":{"@id":"https:\/\/webshop.pic2pat.com\/it\/#website"},"primaryImageOfPage":{"@id":"https:\/\/webshop.pic2pat.com\/it\/prodotto\/telaio-da-ricamo-in-legno-elbesee\/#primaryimage"},"image":{"@id":"https:\/\/webshop.pic2pat.com\/it\/prodotto\/telaio-da-ricamo-in-legno-elbesee\/#primaryimage"},"thumbnailUrl":"https:\/\/webshop.pic2pat.com\/wp-content\/uploads\/2021\/03\/borduurring_20cm.jpg","datePublished":"2021-03-13T17:56:44+00:00","dateModified":"2026-05-05T19:52:19+00:00","description":"Telaio da ricamo in faggio a grana fine di alta qualit\u00e0 prodotto dalla societ\u00e0 britannica Elbesee.","breadcrumb":{"@id":"https:\/\/webshop.pic2pat.com\/it\/prodotto\/telaio-da-ricamo-in-legno-elbesee\/#breadcrumb"},"inLanguage":"it-IT","potentialAction":[{"@type":"ReadAction","target":["https:\/\/webshop.pic2pat.com\/it\/prodotto\/telaio-da-ricamo-in-legno-elbesee\/"]}]},{"@type":"ImageObject","inLanguage":"it-IT","@id":"https:\/\/webshop.pic2pat.com\/it\/prodotto\/telaio-da-ricamo-in-legno-elbesee\/#primaryimage","url":"https:\/\/webshop.pic2pat.com\/wp-content\/uploads\/2021\/03\/borduurring_20cm.jpg","contentUrl":"https:\/\/webshop.pic2pat.com\/wp-content\/uploads\/2021\/03\/borduurring_20cm.jpg","width":800,"height":800,"caption":"Telaio da ricamo in legno Elbesee"},{"@type":"BreadcrumbList","@id":"https:\/\/webshop.pic2pat.com\/it\/prodotto\/telaio-da-ricamo-in-legno-elbesee\/#breadcrumb","itemListElement":[{"@type":"ListItem","position":1,"name":"Home","item":"https:\/\/webshop.pic2pat.com\/it\/"},{"@type":"ListItem","position":2,"name":"Negozio","item":"https:\/\/webshop.pic2pat.com\/en\/"},{"@type":"ListItem","position":3,"name":"Telaio da ricamo in legno Elbesee"}]},{"@type":"WebSite","@id":"https:\/\/webshop.pic2pat.com\/it\/#website","url":"https:\/\/webshop.pic2pat.com\/it\/","name":"Pic2Pat","description":"","publisher":{"@id":"https:\/\/webshop.pic2pat.com\/it\/#organization"},"potentialAction":[{"@type":"SearchAction","target":{"@type":"EntryPoint","urlTemplate":"https:\/\/webshop.pic2pat.com\/it\/?s={search_term_string}"},"query-input":{"@type":"PropertyValueSpecification","valueRequired":true,"valueName":"search_term_string"}}],"inLanguage":"it-IT"},{"@type":"Organization","@id":"https:\/\/webshop.pic2pat.com\/it\/#organization","name":"Pic2Pat","url":"https:\/\/webshop.pic2pat.com\/it\/","logo":{"@type":"ImageObject","inLanguage":"it-IT","@id":"https:\/\/webshop.pic2pat.com\/it\/#\/schema\/logo\/image\/","url":"https:\/\/webshop.pic2pat.com\/wp-content\/uploads\/2021\/05\/cropped-shop-logo.png","contentUrl":"https:\/\/webshop.pic2pat.com\/wp-content\/uploads\/2021\/05\/cropped-shop-logo.png","width":470,"height":110,"caption":"Pic2Pat"},"image":{"@id":"https:\/\/webshop.pic2pat.com\/it\/#\/schema\/logo\/image\/"}}]},"og_availability":"instock","product_availability":"instock","product_condition":"new"},"_links":{"self":[{"href":"https:\/\/webshop.pic2pat.com\/it\/wp-json\/wp\/v2\/product\/13574","targetHints":{"allow":["GET"]}}],"collection":[{"href":"https:\/\/webshop.pic2pat.com\/it\/wp-json\/wp\/v2\/product"}],"about":[{"href":"https:\/\/webshop.pic2pat.com\/it\/wp-json\/wp\/v2\/types\/product"}],"wp:featuredmedia":[{"embeddable":true,"href":"https:\/\/webshop.pic2pat.com\/it\/wp-json\/wp\/v2\/media\/13511"}],"wp:attachment":[{"href":"https:\/\/webshop.pic2pat.com\/it\/wp-json\/wp\/v2\/media?parent=13574"}],"wp:term":[{"taxonomy":"product_brand","embeddable":true,"href":"https:\/\/webshop.pic2pat.com\/it\/wp-json\/wp\/v2\/product_brand?post=13574"},{"taxonomy":"product_cat","embeddable":true,"href":"https:\/\/webshop.pic2pat.com\/it\/wp-json\/wp\/v2\/product_cat?post=13574"},{"taxonomy":"product_tag","embeddable":true,"href":"https:\/\/webshop.pic2pat.com\/it\/wp-json\/wp\/v2\/product_tag?post=13574"}],"curies":[{"name":"wp","href":"https:\/\/api.w.org\/{rel}","templated":true}]}}