{"id":25425,"date":"2026-05-06T21:58:58","date_gmt":"2026-05-06T20:58:58","guid":{"rendered":"https:\/\/webshop.pic2pat.com\/informativa-sulla-privacy-e-sui-cookie\/"},"modified":"2026-05-10T15:14:31","modified_gmt":"2026-05-10T14:14:31","slug":"informativa-sulla-privacy","status":"publish","type":"page","link":"https:\/\/webshop.pic2pat.com\/it\/informativa-sulla-privacy\/","title":{"rendered":"Informativa sulla privacy e sui cookie"},"content":{"rendered":"\n<p>Pic2Pat rispetta la privacy dei visitatori del proprio sito web, in particolare i loro diritti riguardo al trattamento automatico dei dati personali. Abbiamo pertanto formulato e implementato una politica di completa trasparenza nei confronti dei nostri clienti relativamente al trattamento dei dati personali, alle sue finalit\u00e0 e alle possibilit\u00e0 di esercitare i propri diritti legali nel miglior modo possibile.&#13;\n<\/p>\n\n<p>Se desiderate ulteriori informazioni sulla protezione dei dati personali, vi invitiamo a visitare il sito web dell\u2019Autorit\u00e0 olandese per la protezione dei dati personali (Autoriteit Persoonsgegevens): <a href=\"https:\/\/autoriteitpersoonsgegevens.nl\">https:\/\/autoriteitpersoonsgegevens.nl\/en&#13;\n<\/a>.<\/p>\n\n<p>Fino a quando non accetterete l\u2019uso dei cookie e di altri dispositivi di tracciamento, non installeremo sul vostro computer, telefono cellulare o tablet alcun cookie analitico non anonimizzato e\/o cookie di tracciamento.<br\/>Continuando a visitare questo sito web, accettate le presenti condizioni d\u2019uso e accettate l\u2019utilizzo di cookie e di altri sistemi di tracciamento, salvo nel caso in cui abbiamo previsto un altro metodo per l\u2019accettazione dei cookie sul nostro sito web.<br\/><\/p>\n\n<p>La versione attualmente disponibile della presente informativa sulla privacy \u00e8 l\u2019unica versione applicabile durante la visita al nostro sito web, fino a quando una nuova versione non sostituir\u00e0 quella attuale.&#13;\n<\/p>\n\n<h2 class=\"wp-block-heading\">Articolo 1 &#8211; Definizioni<\/h2>\n\n<ol class=\"wp-block-list\">\n<li>Sito web (di seguito: &#8220;Sito web&#8221;) pic2pat.com.<\/li>\n\n\n\n<li>Soggetto responsabile del trattamento dei dati personali (di seguito: &#8220;titolare del trattamento&#8221;): Pic2Pat, con sede in Vaart Oostzijde 7, 8435 WD Donkerbroek, Paesi Bassi, numero di iscrizione alla Camera di Commercio: 01063918.&#13;\n<\/li>\n<\/ol>\n\n<h2 class=\"wp-block-heading\">Articolo 2 &#8211; Accesso al sito web<\/h2>\n\n<p>L\u2019accesso e l\u2019utilizzo del sito web sono strettamente personali. Vi asterrete dall\u2019utilizzare i dati e le informazioni presenti su questo sito web per finalit\u00e0 commerciali, politiche o pubblicitarie proprie, nonch\u00e9 per qualsiasi offerta commerciale, in particolare offerte elettroniche non richieste.&#13;\n<\/p>\n\n<h2 class=\"wp-block-heading\">Articolo 3 &#8211; Contenuto del sito web<\/h2>\n\n<p>Tutti i marchi, le immagini, i testi, i commenti, le illustrazioni, le immagini (animate), le immagini video, i suoni e tutte le applicazioni tecniche che possono essere utilizzate per il funzionamento di questo sito web e, pi\u00f9 in generale, tutti i componenti utilizzati su questo sito web, sono protetti dalle leggi sulla propriet\u00e0 intellettuale. Qualsiasi riproduzione, reiterazione, utilizzo o modifica, con qualsiasi mezzo, di tutto o parte del contenuto, comprese le applicazioni tecniche, senza la preventiva autorizzazione scritta del titolare del trattamento, \u00e8 severamente vietata. Il fatto che il titolare del trattamento non intraprenda immediatamente azioni contro eventuali violazioni non pu\u00f2 essere interpretato come consenso tacito n\u00e9 come rinuncia a qualsiasi diritto di perseguire la parte responsabile della violazione.&#13;\n<\/p>\n\n<h2 class=\"wp-block-heading\">Articolo 4 &#8211; Gestione del sito web<\/h2>\n\n<p>Ai fini della corretta gestione del sito, il titolare del trattamento pu\u00f2 in qualsiasi momento:&#13;\n<\/p>\n\n<ol class=\"wp-block-list\">\n<li>sospendere, interrompere, limitare o negare l\u2019accesso al sito web a una determinata categoria di visitatori.&#13;\n<\/li>\n\n\n\n<li>eliminare qualsiasi informazione che possa compromettere il funzionamento del sito web, che sia in conflitto con le leggi nazionali o internazionali oppure contraria all\u2019etichetta di Internet.&#13;\n<\/li>\n\n\n\n<li>rendere temporaneamente non disponibile il sito web al fine di effettuare aggiornamenti.<\/li>\n<\/ol>\n\n<h2 class=\"wp-block-heading\">Articolo 5 &#8211; Responsabilit\u00e0<\/h2>\n\n<ol class=\"wp-block-list\">\n<li>Il titolare del trattamento non \u00e8 responsabile per eventuali malfunzionamenti, disturbi, difficolt\u00e0 o interruzioni nel funzionamento del sito web che causino la (temporanea) inaccessibilit\u00e0 del sito web o di una qualsiasi delle sue funzionalit\u00e0. Voi stessi siete responsabili del modo in cui vi collegate al nostro sito web. Dovete adottare tutte le misure appropriate per proteggere le vostre apparecchiature e i vostri dati da pericoli quali attacchi di virus su Internet. Inoltre, siete responsabili dei siti web che visitate e delle informazioni che ricercate.&#13;\n<\/li>\n\n\n\n<li>Il titolare del trattamento non \u00e8 responsabile per eventuali procedimenti legali intrapresi nei vostri confronti:\n<ol class=\"wp-block-list\">\n<li>a causa dell\u2019utilizzo del sito web o dei servizi accessibili tramite Internet.<\/li>\n\n\n\n<li>per violazione delle disposizioni della presente informativa sulla privacy.<\/li>\n<\/ol>\n<\/li>\n\n\n\n<li>Il titolare del trattamento non \u00e8 responsabile per eventuali danni subiti da voi, da terzi o dalle vostre apparecchiature a seguito della vostra connessione o dell\u2019utilizzo del sito web e vi asterrete da qualsiasi successiva azione (legale) nei confronti del titolare del trattamento.&#13;\n<\/li>\n\n\n\n<li>Qualora il titolare del trattamento sia coinvolto in una controversia a causa del vostro utilizzo improprio di questo sito web, egli avr\u00e0 il diritto di richiedere (nuovamente) a voi il risarcimento di tutti i danni conseguenti.&#13;\n<\/li>\n<\/ol>\n\n<h2 class=\"wp-block-heading\">Articolo 6 &#8211; Raccolta dei dati<\/h2>\n\n<ol class=\"wp-block-list\">\n<li>I vostri dati personali saranno raccolti da Pic2Pat e da uno o pi\u00f9 responsabili esterni del trattamento.<\/li>\n\n\n\n<li>Per dati personali si intende qualsiasi informazione riguardante una persona fisica identificata o identificabile (\u201cinteressato\u201d).&#13;\n<\/li>\n\n\n\n<li>Una persona fisica identificabile \u00e8 una persona che pu\u00f2 essere identificata, direttamente o indirettamente, in particolare mediante riferimento a un identificativo come un nome, un numero di identificazione, dati relativi all\u2019ubicazione, un identificativo online oppure a uno o pi\u00f9 elementi caratteristici dell\u2019identit\u00e0 fisica, fisiologica, genetica, psichica, economica, culturale o sociale di tale persona fisica.&#13;\n<\/li>\n\n\n\n<li>I dati personali raccolti sul sito web sono utilizzati principalmente dal titolare del trattamento al fine di mantenere un rapporto (commerciale) con voi e, se applicabile, per elaborare i vostri ordini. Essi vengono registrati in un archivio (elettronico).&#13;\n<\/li>\n<\/ol>\n\n<h2 class=\"wp-block-heading\">Articolo 7 &#8211; I vostri diritti in materia di informazione<\/h2>\n\n<ol class=\"wp-block-list\">\n<li>Ai sensi dell\u2019articolo 13, paragrafo 2, lettera b) del GDPR, ogni interessato ha il diritto di essere informato in merito ai propri dati personali e di accedervi, nonch\u00e9 il diritto alla rettifica, alla cancellazione e alla limitazione del trattamento dei propri dati personali, oltre al diritto di opporsi al trattamento e al diritto alla portabilit\u00e0 dei dati.&#13;\n<\/li>\n\n\n\n<li>Potete esercitare tali diritti contattandoci all\u2019indirizzo [privacy@pic2pat.com](mailto:privacy@pic2pat.com).<\/li>\n\n\n\n<li>Ogni richiesta deve essere accompagnata da una copia di un documento di identit\u00e0 valido, sul quale dovrete apporre la vostra firma e indicare l\u2019indirizzo al quale possiamo contattarvi.&#13;\n<\/li>\n\n\n\n<li>Entro un mese dalla presentazione della richiesta, riceverete una risposta da parte nostra.<\/li>\n\n\n\n<li>A seconda della complessit\u00e0 e del numero delle richieste, tale periodo potr\u00e0 essere prorogato fino a due mesi.&#13;\n<\/li>\n<\/ol>\n\n<h2 class=\"wp-block-heading\">Articolo 8 &#8211; Obblighi legali<\/h2>\n\n<ol class=\"wp-block-list\">\n<li>In caso di violazione di qualsiasi legge o regolamento di cui un visitatore sia sospettato e per la quale le autorit\u00e0 richiedano i dati personali raccolti dal titolare del trattamento, tali dati saranno loro forniti previa richiesta esplicita e motivata da parte di tali autorit\u00e0, dopodich\u00e9 tali dati personali non rientreranno pi\u00f9 nella protezione delle disposizioni della presente informativa sulla privacy.&#13;\n<\/li>\n\n\n\n<li>Qualora alcune informazioni siano necessarie per ottenere l\u2019accesso a determinate funzionalit\u00e0 del sito web, il titolare del trattamento indicher\u00e0 il carattere obbligatorio di tali informazioni al momento della richiesta di tali dati.&#13;\n<\/li>\n<\/ol>\n\n<h2 class=\"wp-block-heading\">Articolo 9 &#8211; Dati raccolti e offerte commerciali<\/h2>\n\n<ol class=\"wp-block-list\">\n<li>Potete ricevere offerte commerciali dal titolare del trattamento. Se non desiderate pi\u00f9 riceverle, vi preghiamo di inviarci un\u2019e-mail al seguente indirizzo: privacy@pic2pat.com&#13;\n<\/li>\n\n\n\n<li>I vostri dati personali possono essere utilizzati dai nostri partner per finalit\u00e0 commerciali. Se non desiderate che ci\u00f2 avvenga, vi preghiamo di inviarci un\u2019e-mail al seguente indirizzo: privacy@pic2pat.com<\/li>\n\n\n\n<li>Qualora, durante la visita al nostro sito web, veniate a conoscenza di dati personali di altri interessati, siete tenuti ad astenervi da qualsiasi raccolta, uso non autorizzato o qualsiasi altro atto che costituisca una violazione della privacy dell\u2019interessato o degli interessati in questione. Il titolare del trattamento non \u00e8 responsabile in tali circostanze.&#13;\n<\/li>\n<\/ol>\n\n<h2 class=\"wp-block-heading\">Articolo 10 &#8211; Conservazione dei dati<\/h2>\n\n<p>I dati raccolti sono utilizzati e conservati per la durata stabilita dalla legge.<\/p>\n\n<h2 class=\"wp-block-heading\">Articolo 11 &#8211; Cookie<\/h2>\n\n<ol class=\"wp-block-list\">\n<li>Un cookie \u00e8 un piccolo file di testo che viene memorizzato sul disco rigido del vostro dispositivo elettronico quando visitate il nostro sito web. Un cookie contiene dati che consentono di riconoscervi come visitatori durante la navigazione del nostro sito web. Ci permette di adattare il sito alle vostre esigenze e facilita l\u2019accesso al login sul nostro sito web. Quando visitate il nostro sito web, vi informiamo sull\u2019utilizzo dei cookie. Continuando a utilizzare il nostro sito web, ne accettate l\u2019uso, salvo nei casi in cui richiediamo il consenso con altri mezzi. Il vostro consenso \u00e8 valido per un periodo di tredici mesi.&#13;\n<\/li>\n\n\n\n<li>Sul nostro sito web utilizziamo i seguenti tipi di cookie:\n<ol class=\"wp-block-list\">\n<li>Cookie funzionali: come cookie di sessione e di accesso per raccogliere informazioni relative alla sessione e al login.&#13;\n<\/li>\n\n\n\n<li>Cookie analitici anonimizzati: per ottenere informazioni sulle visite al nostro sito web, come il numero di visitatori, le pagine pi\u00f9 visitate e gli argomenti. In questo modo possiamo adattare la nostra comunicazione e le nostre informazioni alle esigenze dei visitatori. Non possiamo vedere chi visita i nostri siti n\u00e9 da quale dispositivo personale \u00e8 avvenuta la visita.&#13;\n<\/li>\n\n\n\n<li>Cookie analitici non anonimizzati: per ottenere informazioni sulle visite al nostro sito web, come il numero di visitatori, le pagine pi\u00f9 visitate e gli argomenti. In questo modo possiamo adattare la nostra comunicazione e le nostre informazioni alle esigenze dei visitatori.&#13;\n<\/li>\n\n\n\n<li>Cookie di tracciamento: come i cookie pubblicitari, finalizzati a mostrare annunci pertinenti. Utilizzando questi cookie possiamo dedurre i vostri interessi personali. In questo modo, (altre) organizzazioni possono mostrarvi annunci mirati quando visitate i loro siti web. I cookie di tracciamento rendono possibile la profilazione e consentono di trattare categorie di persone in modo diverso nel targeting della pubblicit\u00e0. I cookie di tracciamento di norma trattano dati personali.&#13;\n<\/li>\n<\/ol>\n<\/li>\n\n\n\n<li>In particolare, utilizziamo i seguenti cookie sul nostro sito web:\n<ul class=\"wp-block-list\">\n<li>Google Analytics anonimizzato (cookie analitico)<\/li>\n\n\n\n<li>Google AdWords (cookie di tracciamento)<\/li>\n<\/ul>\n<\/li>\n\n\n\n<li>Quando visitate il nostro sito web, cookie del titolare del trattamento e\/o di terze parti possono essere installati sul vostro dispositivo.&#13;\n<\/li>\n\n\n\n<li>Per ulteriori informazioni sull\u2019utilizzo, la gestione e l\u2019eliminazione dei cookie per ciascun dispositivo elettronico, vi invitiamo a consultare il seguente link: <a href=\"https:\/\/autoriteitpersoonsgegevens.nl\/nl\/onderwerpen\/internet-telefoon-tv-en-post\/cookies#faq\">https:\/\/autoriteitpersoonsgegevens.nl\/nl\/onderwerpen\/internet-telefoon-tv-en-post\/cookies#faq<\/a><\/li>\n<\/ol>\n\n<h2 class=\"wp-block-heading\">Articolo 12 &#8211; Immagini e prodotti offerti<\/h2>\n\n<p>Non \u00e8 possibile trarre alcun diritto dalle immagini che accompagnano i prodotti offerti sul nostro sito web.&#13;\n<\/p>\n\n<h2 class=\"wp-block-heading\">Articolo 13 &#8211; Legge applicabile<\/h2>\n\n<p>Le presenti condizioni sono regolate dal diritto olandese. Il tribunale del distretto in cui il titolare del trattamento ha la propria sede \u00e8 l\u2019unico competente a conoscere di eventuali controversie relative a tali condizioni, salvo nei casi in cui si applichi un\u2019eccezione legale.&#13;\n<\/p>\n\n<h2 class=\"wp-block-heading\">Articolo 14 &#8211; Contatti<\/h2>\n\n<p>Per domande, informazioni sui prodotti o informazioni relative al sito web stesso, si prega di contattare: Dipartimento Privacy, privacy@pic2pat.com&#13;\n, +31-85-8888899.<\/p>\n","protected":false},"excerpt":{"rendered":"<p>Pic2Pat rispetta la privacy dei visitatori del proprio sito web, in particolare i loro diritti riguardo al trattamento automatico dei dati personali. Abbiamo pertanto formulato e implementato una politica di completa trasparenza nei confronti dei nostri clienti relativamente al trattamento dei dati personali, alle sue finalit\u00e0 e alle possibilit\u00e0 di esercitare i propri diritti legali [&hellip;]<\/p>\n","protected":false},"author":3,"featured_media":0,"parent":0,"menu_order":0,"comment_status":"closed","ping_status":"closed","template":"","meta":{"footnotes":""},"class_list":["post-25425","page","type-page","status-publish","hentry"],"yoast_head":"<!-- This site is optimized with the Yoast SEO plugin v27.5 - https:\/\/yoast.com\/product\/yoast-seo-wordpress\/ -->\n<title>Informativa sulla privacy e sui cookie - Pic2Pat<\/title>\n<meta name=\"robots\" content=\"noindex, follow\" \/>\n<meta property=\"og:locale\" content=\"it_IT\" \/>\n<meta property=\"og:type\" content=\"article\" \/>\n<meta property=\"og:title\" content=\"Informativa sulla privacy e sui cookie - Pic2Pat\" \/>\n<meta property=\"og:description\" content=\"Pic2Pat rispetta la privacy dei visitatori del proprio sito web, in particolare i loro diritti riguardo al trattamento automatico dei dati personali. Abbiamo pertanto formulato e implementato una politica di completa trasparenza nei confronti dei nostri clienti relativamente al trattamento dei dati personali, alle sue finalit\u00e0 e alle possibilit\u00e0 di esercitare i propri diritti legali [&hellip;]\" \/>\n<meta property=\"og:url\" content=\"https:\/\/webshop.pic2pat.com\/it\/informativa-sulla-privacy\/\" \/>\n<meta property=\"og:site_name\" content=\"Pic2Pat\" \/>\n<meta property=\"article:modified_time\" content=\"2026-05-10T14:14:31+00:00\" \/>\n<meta name=\"twitter:card\" content=\"summary_large_image\" \/>\n<meta name=\"twitter:label1\" content=\"Tempo di lettura stimato\" \/>\n\t<meta name=\"twitter:data1\" content=\"1 minuto\" \/>\n<script type=\"application\/ld+json\" class=\"yoast-schema-graph\">{\"@context\":\"https:\\\/\\\/schema.org\",\"@graph\":[{\"@type\":\"WebPage\",\"@id\":\"https:\\\/\\\/webshop.pic2pat.com\\\/it\\\/informativa-sulla-privacy\\\/\",\"url\":\"https:\\\/\\\/webshop.pic2pat.com\\\/it\\\/informativa-sulla-privacy\\\/\",\"name\":\"Informativa sulla privacy e sui cookie - Pic2Pat\",\"isPartOf\":{\"@id\":\"https:\\\/\\\/webshop.pic2pat.com\\\/it\\\/#website\"},\"datePublished\":\"2026-05-06T20:58:58+00:00\",\"dateModified\":\"2026-05-10T14:14:31+00:00\",\"breadcrumb\":{\"@id\":\"https:\\\/\\\/webshop.pic2pat.com\\\/it\\\/informativa-sulla-privacy\\\/#breadcrumb\"},\"inLanguage\":\"it-IT\",\"potentialAction\":[{\"@type\":\"ReadAction\",\"target\":[\"https:\\\/\\\/webshop.pic2pat.com\\\/it\\\/informativa-sulla-privacy\\\/\"]}]},{\"@type\":\"BreadcrumbList\",\"@id\":\"https:\\\/\\\/webshop.pic2pat.com\\\/it\\\/informativa-sulla-privacy\\\/#breadcrumb\",\"itemListElement\":[{\"@type\":\"ListItem\",\"position\":1,\"name\":\"Home\",\"item\":\"https:\\\/\\\/webshop.pic2pat.com\\\/it\\\/\"},{\"@type\":\"ListItem\",\"position\":2,\"name\":\"Informativa sulla privacy e sui cookie\"}]},{\"@type\":\"WebSite\",\"@id\":\"https:\\\/\\\/webshop.pic2pat.com\\\/it\\\/#website\",\"url\":\"https:\\\/\\\/webshop.pic2pat.com\\\/it\\\/\",\"name\":\"Pic2Pat\",\"description\":\"\",\"publisher\":{\"@id\":\"https:\\\/\\\/webshop.pic2pat.com\\\/it\\\/#organization\"},\"potentialAction\":[{\"@type\":\"SearchAction\",\"target\":{\"@type\":\"EntryPoint\",\"urlTemplate\":\"https:\\\/\\\/webshop.pic2pat.com\\\/it\\\/?s={search_term_string}\"},\"query-input\":{\"@type\":\"PropertyValueSpecification\",\"valueRequired\":true,\"valueName\":\"search_term_string\"}}],\"inLanguage\":\"it-IT\"},{\"@type\":\"Organization\",\"@id\":\"https:\\\/\\\/webshop.pic2pat.com\\\/it\\\/#organization\",\"name\":\"Pic2Pat\",\"url\":\"https:\\\/\\\/webshop.pic2pat.com\\\/it\\\/\",\"logo\":{\"@type\":\"ImageObject\",\"inLanguage\":\"it-IT\",\"@id\":\"https:\\\/\\\/webshop.pic2pat.com\\\/it\\\/#\\\/schema\\\/logo\\\/image\\\/\",\"url\":\"https:\\\/\\\/webshop.pic2pat.com\\\/wp-content\\\/uploads\\\/2021\\\/05\\\/cropped-shop-logo.png\",\"contentUrl\":\"https:\\\/\\\/webshop.pic2pat.com\\\/wp-content\\\/uploads\\\/2021\\\/05\\\/cropped-shop-logo.png\",\"width\":470,\"height\":110,\"caption\":\"Pic2Pat\"},\"image\":{\"@id\":\"https:\\\/\\\/webshop.pic2pat.com\\\/it\\\/#\\\/schema\\\/logo\\\/image\\\/\"}}]}<\/script>\n<!-- \/ Yoast SEO plugin. -->","yoast_head_json":{"title":"Informativa sulla privacy e sui cookie - Pic2Pat","robots":{"index":"noindex","follow":"follow"},"og_locale":"it_IT","og_type":"article","og_title":"Informativa sulla privacy e sui cookie - Pic2Pat","og_description":"Pic2Pat rispetta la privacy dei visitatori del proprio sito web, in particolare i loro diritti riguardo al trattamento automatico dei dati personali. Abbiamo pertanto formulato e implementato una politica di completa trasparenza nei confronti dei nostri clienti relativamente al trattamento dei dati personali, alle sue finalit\u00e0 e alle possibilit\u00e0 di esercitare i propri diritti legali [&hellip;]","og_url":"https:\/\/webshop.pic2pat.com\/it\/informativa-sulla-privacy\/","og_site_name":"Pic2Pat","article_modified_time":"2026-05-10T14:14:31+00:00","twitter_card":"summary_large_image","twitter_misc":{"Tempo di lettura stimato":"1 minuto"},"schema":{"@context":"https:\/\/schema.org","@graph":[{"@type":"WebPage","@id":"https:\/\/webshop.pic2pat.com\/it\/informativa-sulla-privacy\/","url":"https:\/\/webshop.pic2pat.com\/it\/informativa-sulla-privacy\/","name":"Informativa sulla privacy e sui cookie - Pic2Pat","isPartOf":{"@id":"https:\/\/webshop.pic2pat.com\/it\/#website"},"datePublished":"2026-05-06T20:58:58+00:00","dateModified":"2026-05-10T14:14:31+00:00","breadcrumb":{"@id":"https:\/\/webshop.pic2pat.com\/it\/informativa-sulla-privacy\/#breadcrumb"},"inLanguage":"it-IT","potentialAction":[{"@type":"ReadAction","target":["https:\/\/webshop.pic2pat.com\/it\/informativa-sulla-privacy\/"]}]},{"@type":"BreadcrumbList","@id":"https:\/\/webshop.pic2pat.com\/it\/informativa-sulla-privacy\/#breadcrumb","itemListElement":[{"@type":"ListItem","position":1,"name":"Home","item":"https:\/\/webshop.pic2pat.com\/it\/"},{"@type":"ListItem","position":2,"name":"Informativa sulla privacy e sui cookie"}]},{"@type":"WebSite","@id":"https:\/\/webshop.pic2pat.com\/it\/#website","url":"https:\/\/webshop.pic2pat.com\/it\/","name":"Pic2Pat","description":"","publisher":{"@id":"https:\/\/webshop.pic2pat.com\/it\/#organization"},"potentialAction":[{"@type":"SearchAction","target":{"@type":"EntryPoint","urlTemplate":"https:\/\/webshop.pic2pat.com\/it\/?s={search_term_string}"},"query-input":{"@type":"PropertyValueSpecification","valueRequired":true,"valueName":"search_term_string"}}],"inLanguage":"it-IT"},{"@type":"Organization","@id":"https:\/\/webshop.pic2pat.com\/it\/#organization","name":"Pic2Pat","url":"https:\/\/webshop.pic2pat.com\/it\/","logo":{"@type":"ImageObject","inLanguage":"it-IT","@id":"https:\/\/webshop.pic2pat.com\/it\/#\/schema\/logo\/image\/","url":"https:\/\/webshop.pic2pat.com\/wp-content\/uploads\/2021\/05\/cropped-shop-logo.png","contentUrl":"https:\/\/webshop.pic2pat.com\/wp-content\/uploads\/2021\/05\/cropped-shop-logo.png","width":470,"height":110,"caption":"Pic2Pat"},"image":{"@id":"https:\/\/webshop.pic2pat.com\/it\/#\/schema\/logo\/image\/"}}]}},"_links":{"self":[{"href":"https:\/\/webshop.pic2pat.com\/it\/wp-json\/wp\/v2\/pages\/25425","targetHints":{"allow":["GET"]}}],"collection":[{"href":"https:\/\/webshop.pic2pat.com\/it\/wp-json\/wp\/v2\/pages"}],"about":[{"href":"https:\/\/webshop.pic2pat.com\/it\/wp-json\/wp\/v2\/types\/page"}],"author":[{"embeddable":true,"href":"https:\/\/webshop.pic2pat.com\/it\/wp-json\/wp\/v2\/users\/3"}],"replies":[{"embeddable":true,"href":"https:\/\/webshop.pic2pat.com\/it\/wp-json\/wp\/v2\/comments?post=25425"}],"version-history":[{"count":0,"href":"https:\/\/webshop.pic2pat.com\/it\/wp-json\/wp\/v2\/pages\/25425\/revisions"}],"wp:attachment":[{"href":"https:\/\/webshop.pic2pat.com\/it\/wp-json\/wp\/v2\/media?parent=25425"}],"curies":[{"name":"wp","href":"https:\/\/api.w.org\/{rel}","templated":true}]}}