{"id":25420,"date":"2026-05-06T21:57:49","date_gmt":"2026-05-06T20:57:49","guid":{"rendered":"https:\/\/webshop.pic2pat.com\/spedizione\/"},"modified":"2026-05-09T23:07:24","modified_gmt":"2026-05-09T22:07:24","slug":"spedizione","status":"publish","type":"page","link":"https:\/\/webshop.pic2pat.com\/it\/spedizione\/","title":{"rendered":"Spedizione"},"content":{"rendered":"\n<p>Tutti gli ordini vengono spediti dai Paesi Bassi.<\/p>\n\n<p>Spediamo i nostri prodotti in tutto il mondo verso tutte le destinazioni raggiungibili tramite il servizio postale internazionale oppure tramite DHL Express verso destinazioni selezionate. Non supportiamo altre opzioni di spedizione.&#13;\n<\/p>\n\n<h2 class=\"wp-block-heading\">Servizio postale<\/h2>\n\n<p>La nostra opzione di spedizione predefinita \u00e8 tramite il servizio postale.<\/p>\n\n<h3 class=\"wp-block-heading\">Stima di consegna<\/h3>\n\n<p>Nella pagina Carrello e nella pagina Checkout viene fornita una stima dei tempi di consegna. Tale stima si basa sui nostri tempi interni di lavorazione, combinati con i tempi di elaborazione forniti dal servizio postale olandese PostNL. Le stime non sono vincolanti.&#13;\n<\/p>\n\n<p>Tutti i nostri prodotti sono disponibili a magazzino e gli ordini ricevuti nei giorni lavorativi prima delle 15:00 CET (Central European Time) verranno spediti lo stesso giorno. Se la quantit\u00e0 di un prodotto supera la disponibilit\u00e0 attuale del nostro magazzino, ordineremo i prodotti mancanti dal nostro fornitore a monte. Ci\u00f2 comporter\u00e0 due giorni lavorativi aggiuntivi ai tempi di consegna, gi\u00e0 inclusi nella stima di consegna indicata nella pagina di checkout.&#13;\n<\/p>\n\n<h3 class=\"wp-block-heading\">Costi di spedizione<\/h3>\n\n<p>Offriamo <strong>SPEDIZIONE GRATUITA<\/strong> per tutti gli ordini con un prezzo totale dei prodotti pari o superiore a <strong>\u20ac 15.00<\/strong> verso tutte le destinazioni in tutto il mondo.<br\/><\/p>\n\n<p>Per ordini pi\u00f9 piccoli, applichiamo un modesto costo di spedizione di <strong>\u20ac 2.99<\/strong>.<br\/><\/p>\n\n<h3 class=\"wp-block-heading\">Costi aggiuntivi<\/h3>\n\n<p>Per gli ordini spediti tramite il servizio postale, non addebitiamo altri costi oltre al costo di spedizione sopra indicato.&#13;\n<\/p>\n\n<p>Per gli ordini verso destinazioni al di fuori dell\u2019Unione Europea, potrebbero esserci costi aggiuntivi dovuti alle procedure doganali. Tali costi sono a carico esclusivo dell\u2019acquirente. Si prega di consultare la nostra pagina sull\u2019<a href=\"https:\/\/webshop.pic2pat.com\/it\/iva-sugli-ordini\/\">IVA sugli ordini<\/a> per ulteriori dettagli.<br\/><\/p>\n\n<h2 class=\"wp-block-heading\">DHL Express<\/h2>\n\n<p>Se desideri velocizzare la spedizione e utilizzare DHL Express invece del servizio postale, ti preghiamo di inviarci un\u2019e-mail per un preventivo prima di finalizzare l\u2019ordine.&#13;\n<\/p>\n","protected":false},"excerpt":{"rendered":"<p>Tutti gli ordini vengono spediti dai Paesi Bassi. Spediamo i nostri prodotti in tutto il mondo verso tutte le destinazioni raggiungibili tramite il servizio postale internazionale oppure tramite DHL Express verso destinazioni selezionate. Non supportiamo altre opzioni di spedizione.&#13; Servizio postale La nostra opzione di spedizione predefinita \u00e8 tramite il servizio postale. Stima di consegna [&hellip;]<\/p>\n","protected":false},"author":3,"featured_media":0,"parent":0,"menu_order":0,"comment_status":"closed","ping_status":"closed","template":"","meta":{"footnotes":""},"class_list":["post-25420","page","type-page","status-publish","hentry"],"yoast_head":"<!-- This site is optimized with the Yoast SEO plugin v27.5 - https:\/\/yoast.com\/product\/yoast-seo-wordpress\/ -->\n<title>Spedizione - Pic2Pat<\/title>\n<meta name=\"robots\" content=\"index, follow, max-snippet:-1, max-image-preview:large, max-video-preview:-1\" \/>\n<link rel=\"canonical\" href=\"https:\/\/webshop.pic2pat.com\/it\/spedizione\/\" \/>\n<meta property=\"og:locale\" content=\"it_IT\" \/>\n<meta property=\"og:type\" content=\"article\" \/>\n<meta property=\"og:title\" content=\"Spedizione - Pic2Pat\" \/>\n<meta property=\"og:description\" content=\"Tutti gli ordini vengono spediti dai Paesi Bassi. Spediamo i nostri prodotti in tutto il mondo verso tutte le destinazioni raggiungibili tramite il servizio postale internazionale oppure tramite DHL Express verso destinazioni selezionate. Non supportiamo altre opzioni di spedizione.&#013; Servizio postale La nostra opzione di spedizione predefinita \u00e8 tramite il servizio postale. Stima di consegna [&hellip;]\" \/>\n<meta property=\"og:url\" content=\"https:\/\/webshop.pic2pat.com\/it\/spedizione\/\" \/>\n<meta property=\"og:site_name\" content=\"Pic2Pat\" \/>\n<meta property=\"article:modified_time\" content=\"2026-05-09T22:07:24+00:00\" \/>\n<meta name=\"twitter:card\" content=\"summary_large_image\" \/>\n<meta name=\"twitter:label1\" content=\"Tempo di lettura stimato\" \/>\n\t<meta name=\"twitter:data1\" content=\"1 minuto\" \/>\n<script type=\"application\/ld+json\" class=\"yoast-schema-graph\">{\"@context\":\"https:\\\/\\\/schema.org\",\"@graph\":[{\"@type\":\"WebPage\",\"@id\":\"https:\\\/\\\/webshop.pic2pat.com\\\/it\\\/spedizione\\\/\",\"url\":\"https:\\\/\\\/webshop.pic2pat.com\\\/it\\\/spedizione\\\/\",\"name\":\"Spedizione - Pic2Pat\",\"isPartOf\":{\"@id\":\"https:\\\/\\\/webshop.pic2pat.com\\\/it\\\/#website\"},\"datePublished\":\"2026-05-06T20:57:49+00:00\",\"dateModified\":\"2026-05-09T22:07:24+00:00\",\"breadcrumb\":{\"@id\":\"https:\\\/\\\/webshop.pic2pat.com\\\/it\\\/spedizione\\\/#breadcrumb\"},\"inLanguage\":\"it-IT\",\"potentialAction\":[{\"@type\":\"ReadAction\",\"target\":[\"https:\\\/\\\/webshop.pic2pat.com\\\/it\\\/spedizione\\\/\"]}]},{\"@type\":\"BreadcrumbList\",\"@id\":\"https:\\\/\\\/webshop.pic2pat.com\\\/it\\\/spedizione\\\/#breadcrumb\",\"itemListElement\":[{\"@type\":\"ListItem\",\"position\":1,\"name\":\"Home\",\"item\":\"https:\\\/\\\/webshop.pic2pat.com\\\/it\\\/\"},{\"@type\":\"ListItem\",\"position\":2,\"name\":\"Spedizione\"}]},{\"@type\":\"WebSite\",\"@id\":\"https:\\\/\\\/webshop.pic2pat.com\\\/it\\\/#website\",\"url\":\"https:\\\/\\\/webshop.pic2pat.com\\\/it\\\/\",\"name\":\"Pic2Pat\",\"description\":\"\",\"publisher\":{\"@id\":\"https:\\\/\\\/webshop.pic2pat.com\\\/it\\\/#organization\"},\"potentialAction\":[{\"@type\":\"SearchAction\",\"target\":{\"@type\":\"EntryPoint\",\"urlTemplate\":\"https:\\\/\\\/webshop.pic2pat.com\\\/it\\\/?s={search_term_string}\"},\"query-input\":{\"@type\":\"PropertyValueSpecification\",\"valueRequired\":true,\"valueName\":\"search_term_string\"}}],\"inLanguage\":\"it-IT\"},{\"@type\":\"Organization\",\"@id\":\"https:\\\/\\\/webshop.pic2pat.com\\\/it\\\/#organization\",\"name\":\"Pic2Pat\",\"url\":\"https:\\\/\\\/webshop.pic2pat.com\\\/it\\\/\",\"logo\":{\"@type\":\"ImageObject\",\"inLanguage\":\"it-IT\",\"@id\":\"https:\\\/\\\/webshop.pic2pat.com\\\/it\\\/#\\\/schema\\\/logo\\\/image\\\/\",\"url\":\"https:\\\/\\\/webshop.pic2pat.com\\\/wp-content\\\/uploads\\\/2021\\\/05\\\/cropped-shop-logo.png\",\"contentUrl\":\"https:\\\/\\\/webshop.pic2pat.com\\\/wp-content\\\/uploads\\\/2021\\\/05\\\/cropped-shop-logo.png\",\"width\":470,\"height\":110,\"caption\":\"Pic2Pat\"},\"image\":{\"@id\":\"https:\\\/\\\/webshop.pic2pat.com\\\/it\\\/#\\\/schema\\\/logo\\\/image\\\/\"}}]}<\/script>\n<!-- \/ Yoast SEO plugin. -->","yoast_head_json":{"title":"Spedizione - Pic2Pat","robots":{"index":"index","follow":"follow","max-snippet":"max-snippet:-1","max-image-preview":"max-image-preview:large","max-video-preview":"max-video-preview:-1"},"canonical":"https:\/\/webshop.pic2pat.com\/it\/spedizione\/","og_locale":"it_IT","og_type":"article","og_title":"Spedizione - Pic2Pat","og_description":"Tutti gli ordini vengono spediti dai Paesi Bassi. Spediamo i nostri prodotti in tutto il mondo verso tutte le destinazioni raggiungibili tramite il servizio postale internazionale oppure tramite DHL Express verso destinazioni selezionate. Non supportiamo altre opzioni di spedizione.&#13; Servizio postale La nostra opzione di spedizione predefinita \u00e8 tramite il servizio postale. Stima di consegna [&hellip;]","og_url":"https:\/\/webshop.pic2pat.com\/it\/spedizione\/","og_site_name":"Pic2Pat","article_modified_time":"2026-05-09T22:07:24+00:00","twitter_card":"summary_large_image","twitter_misc":{"Tempo di lettura stimato":"1 minuto"},"schema":{"@context":"https:\/\/schema.org","@graph":[{"@type":"WebPage","@id":"https:\/\/webshop.pic2pat.com\/it\/spedizione\/","url":"https:\/\/webshop.pic2pat.com\/it\/spedizione\/","name":"Spedizione - Pic2Pat","isPartOf":{"@id":"https:\/\/webshop.pic2pat.com\/it\/#website"},"datePublished":"2026-05-06T20:57:49+00:00","dateModified":"2026-05-09T22:07:24+00:00","breadcrumb":{"@id":"https:\/\/webshop.pic2pat.com\/it\/spedizione\/#breadcrumb"},"inLanguage":"it-IT","potentialAction":[{"@type":"ReadAction","target":["https:\/\/webshop.pic2pat.com\/it\/spedizione\/"]}]},{"@type":"BreadcrumbList","@id":"https:\/\/webshop.pic2pat.com\/it\/spedizione\/#breadcrumb","itemListElement":[{"@type":"ListItem","position":1,"name":"Home","item":"https:\/\/webshop.pic2pat.com\/it\/"},{"@type":"ListItem","position":2,"name":"Spedizione"}]},{"@type":"WebSite","@id":"https:\/\/webshop.pic2pat.com\/it\/#website","url":"https:\/\/webshop.pic2pat.com\/it\/","name":"Pic2Pat","description":"","publisher":{"@id":"https:\/\/webshop.pic2pat.com\/it\/#organization"},"potentialAction":[{"@type":"SearchAction","target":{"@type":"EntryPoint","urlTemplate":"https:\/\/webshop.pic2pat.com\/it\/?s={search_term_string}"},"query-input":{"@type":"PropertyValueSpecification","valueRequired":true,"valueName":"search_term_string"}}],"inLanguage":"it-IT"},{"@type":"Organization","@id":"https:\/\/webshop.pic2pat.com\/it\/#organization","name":"Pic2Pat","url":"https:\/\/webshop.pic2pat.com\/it\/","logo":{"@type":"ImageObject","inLanguage":"it-IT","@id":"https:\/\/webshop.pic2pat.com\/it\/#\/schema\/logo\/image\/","url":"https:\/\/webshop.pic2pat.com\/wp-content\/uploads\/2021\/05\/cropped-shop-logo.png","contentUrl":"https:\/\/webshop.pic2pat.com\/wp-content\/uploads\/2021\/05\/cropped-shop-logo.png","width":470,"height":110,"caption":"Pic2Pat"},"image":{"@id":"https:\/\/webshop.pic2pat.com\/it\/#\/schema\/logo\/image\/"}}]}},"_links":{"self":[{"href":"https:\/\/webshop.pic2pat.com\/it\/wp-json\/wp\/v2\/pages\/25420","targetHints":{"allow":["GET"]}}],"collection":[{"href":"https:\/\/webshop.pic2pat.com\/it\/wp-json\/wp\/v2\/pages"}],"about":[{"href":"https:\/\/webshop.pic2pat.com\/it\/wp-json\/wp\/v2\/types\/page"}],"author":[{"embeddable":true,"href":"https:\/\/webshop.pic2pat.com\/it\/wp-json\/wp\/v2\/users\/3"}],"replies":[{"embeddable":true,"href":"https:\/\/webshop.pic2pat.com\/it\/wp-json\/wp\/v2\/comments?post=25420"}],"version-history":[{"count":0,"href":"https:\/\/webshop.pic2pat.com\/it\/wp-json\/wp\/v2\/pages\/25420\/revisions"}],"wp:attachment":[{"href":"https:\/\/webshop.pic2pat.com\/it\/wp-json\/wp\/v2\/media?parent=25420"}],"curies":[{"name":"wp","href":"https:\/\/api.w.org\/{rel}","templated":true}]}}