{"id":27260,"date":"2021-05-12T08:46:36","date_gmt":"2021-05-12T07:46:36","guid":{"rendered":"https:\/\/webshop.pic2pat.com\/product\/dmc-dm122-toile-aida-11-points-pouce\/"},"modified":"2026-05-09T11:06:40","modified_gmt":"2026-05-09T10:06:40","slug":"dmc-dm122-toile-aida-11-points-pouce","status":"publish","type":"product","link":"https:\/\/webshop.pic2pat.com\/fr\/produit\/dmc-dm122-toile-aida-11-points-pouce\/","title":{"rendered":"DMC DM122 toile Aida &#8211; 11 points\/pouce"},"content":{"rendered":"<p>DMC DM122 est une toile Aida de haute qualit\u00e9 avec 11 points par pouce pour la broderie au point de croix.<\/p>\n<p>Les couleurs blanc et \u00e9cru sont toujours en stock. Les autres couleurs sont disponibles sur demande. N&rsquo;h\u00e9sitez pas \u00e0 nous contacter si vous souhaitez recevoir une estimation du prix et du d\u00e9lai de livraison pour une autre couleur.<\/p>\n<ul>\n<li>11 points par pouce<\/li>\n<li>4,4 points par cm<\/li>\n<\/ul>\n\n<p><\/p>\n","protected":false},"excerpt":{"rendered":"<p>DMC DM122 est une toile Aida de haute qualit\u00e9 avec 11 points par pouce pour la broderie au point de croix. Nous proposons cette toile en sept tailles diff\u00e9rentes allant de 20&#215;30&nbsp;cm \u00e0 110&#215;220&nbsp;cm ou de 4&Prime;x6&Prime; \u00e0 43&Prime;x79&Prime;. Tailles plus grandes sur demande. La taille maximale que vous pouvez commander est de 110&nbsp;x&nbsp;500&nbsp;cm.<\/p>\n","protected":false},"featured_media":15641,"template":"","meta":[],"product_brand":[],"product_cat":[309],"product_tag":[],"class_list":{"0":"post-27260","1":"product","2":"type-product","3":"status-publish","4":"has-post-thumbnail","6":"product_cat-tissu","7":"product_shipping_class-inexpensive","9":"first","10":"instock","11":"taxable","12":"shipping-taxable","13":"purchasable","14":"product-type-variable","15":"has-default-attributes"},"yoast_head":"<!-- This site is optimized with the Yoast SEO plugin v27.5 - https:\/\/yoast.com\/product\/yoast-seo-wordpress\/ -->\n<title>DMC DM122 toile Aida - 11 points\/pouce - Pic2Pat<\/title>\n<meta name=\"description\" content=\"DMC DM122 est une toile Aida de haute qualit\u00e9 avec 11 points par pouce pour la broderie au point de croix.\" \/>\n<meta name=\"robots\" content=\"index, follow, max-snippet:-1, max-image-preview:large, max-video-preview:-1\" \/>\n<link rel=\"canonical\" href=\"https:\/\/webshop.pic2pat.com\/fr\/produit\/dmc-dm122-toile-aida-11-points-pouce\/\" \/>\n<meta property=\"og:locale\" content=\"fr_FR\" \/>\n<meta property=\"og:type\" content=\"article\" \/>\n<meta property=\"og:title\" content=\"DMC DM122 toile Aida - 11 points\/pouce - Pic2Pat\" \/>\n<meta property=\"og:description\" content=\"DMC DM122 est une toile Aida de haute qualit\u00e9 avec 11 points par pouce pour la broderie au point de croix.\" \/>\n<meta property=\"og:url\" content=\"https:\/\/webshop.pic2pat.com\/fr\/produit\/dmc-dm122-toile-aida-11-points-pouce\/\" \/>\n<meta property=\"og:site_name\" content=\"Pic2Pat\" \/>\n<meta property=\"article:modified_time\" content=\"2026-05-09T10:06:40+00:00\" \/>\n<meta property=\"og:image\" content=\"https:\/\/webshop.pic2pat.com\/wp-content\/uploads\/2021\/04\/DMC222-ECRU.jpg\" \/>\n\t<meta property=\"og:image:width\" content=\"955\" \/>\n\t<meta property=\"og:image:height\" content=\"955\" \/>\n\t<meta property=\"og:image:type\" content=\"image\/jpeg\" \/>\n<meta name=\"twitter:card\" content=\"summary_large_image\" \/>\n<meta name=\"twitter:label1\" content=\"Disponibilit\u00e9\" \/>\n\t<meta name=\"twitter:data1\" content=\"En stock\" \/>\n<script type=\"application\/ld+json\" class=\"yoast-schema-graph\">{\"@context\":\"https:\\\/\\\/schema.org\",\"@graph\":[{\"@type\":\"WebPage\",\"@id\":\"https:\\\/\\\/webshop.pic2pat.com\\\/fr\\\/produit\\\/dmc-dm122-toile-aida-11-points-pouce\\\/\",\"url\":\"https:\\\/\\\/webshop.pic2pat.com\\\/fr\\\/produit\\\/dmc-dm122-toile-aida-11-points-pouce\\\/\",\"name\":\"DMC DM122 toile Aida - 11 points\\\/pouce - Pic2Pat\",\"isPartOf\":{\"@id\":\"https:\\\/\\\/webshop.pic2pat.com\\\/fr\\\/#website\"},\"primaryImageOfPage\":{\"@id\":\"https:\\\/\\\/webshop.pic2pat.com\\\/fr\\\/produit\\\/dmc-dm122-toile-aida-11-points-pouce\\\/#primaryimage\"},\"image\":{\"@id\":\"https:\\\/\\\/webshop.pic2pat.com\\\/fr\\\/produit\\\/dmc-dm122-toile-aida-11-points-pouce\\\/#primaryimage\"},\"thumbnailUrl\":\"https:\\\/\\\/webshop.pic2pat.com\\\/wp-content\\\/uploads\\\/2021\\\/04\\\/DMC222-ECRU.jpg\",\"datePublished\":\"2021-05-12T07:46:36+00:00\",\"dateModified\":\"2026-05-09T10:06:40+00:00\",\"description\":\"DMC DM122 est une toile Aida de haute qualit\u00e9 avec 11 points par pouce pour la broderie au point de croix.\",\"breadcrumb\":{\"@id\":\"https:\\\/\\\/webshop.pic2pat.com\\\/fr\\\/produit\\\/dmc-dm122-toile-aida-11-points-pouce\\\/#breadcrumb\"},\"inLanguage\":\"fr-FR\",\"potentialAction\":[{\"@type\":\"ReadAction\",\"target\":[\"https:\\\/\\\/webshop.pic2pat.com\\\/fr\\\/produit\\\/dmc-dm122-toile-aida-11-points-pouce\\\/\"]}]},{\"@type\":\"ImageObject\",\"inLanguage\":\"fr-FR\",\"@id\":\"https:\\\/\\\/webshop.pic2pat.com\\\/fr\\\/produit\\\/dmc-dm122-toile-aida-11-points-pouce\\\/#primaryimage\",\"url\":\"https:\\\/\\\/webshop.pic2pat.com\\\/wp-content\\\/uploads\\\/2021\\\/04\\\/DMC222-ECRU.jpg\",\"contentUrl\":\"https:\\\/\\\/webshop.pic2pat.com\\\/wp-content\\\/uploads\\\/2021\\\/04\\\/DMC222-ECRU.jpg\",\"width\":955,\"height\":955,\"caption\":\"DMC222-ECRU AIDA fabric\"},{\"@type\":\"BreadcrumbList\",\"@id\":\"https:\\\/\\\/webshop.pic2pat.com\\\/fr\\\/produit\\\/dmc-dm122-toile-aida-11-points-pouce\\\/#breadcrumb\",\"itemListElement\":[{\"@type\":\"ListItem\",\"position\":1,\"name\":\"Home\",\"item\":\"https:\\\/\\\/webshop.pic2pat.com\\\/fr\\\/\"},{\"@type\":\"ListItem\",\"position\":2,\"name\":\"Boutique\",\"item\":\"https:\\\/\\\/webshop.pic2pat.com\\\/en\\\/\"},{\"@type\":\"ListItem\",\"position\":3,\"name\":\"DMC DM122 toile Aida &#8211; 11 points\\\/pouce\"}]},{\"@type\":\"WebSite\",\"@id\":\"https:\\\/\\\/webshop.pic2pat.com\\\/fr\\\/#website\",\"url\":\"https:\\\/\\\/webshop.pic2pat.com\\\/fr\\\/\",\"name\":\"Pic2Pat\",\"description\":\"\",\"publisher\":{\"@id\":\"https:\\\/\\\/webshop.pic2pat.com\\\/fr\\\/#organization\"},\"potentialAction\":[{\"@type\":\"SearchAction\",\"target\":{\"@type\":\"EntryPoint\",\"urlTemplate\":\"https:\\\/\\\/webshop.pic2pat.com\\\/fr\\\/?s={search_term_string}\"},\"query-input\":{\"@type\":\"PropertyValueSpecification\",\"valueRequired\":true,\"valueName\":\"search_term_string\"}}],\"inLanguage\":\"fr-FR\"},{\"@type\":\"Organization\",\"@id\":\"https:\\\/\\\/webshop.pic2pat.com\\\/fr\\\/#organization\",\"name\":\"Pic2Pat\",\"url\":\"https:\\\/\\\/webshop.pic2pat.com\\\/fr\\\/\",\"logo\":{\"@type\":\"ImageObject\",\"inLanguage\":\"fr-FR\",\"@id\":\"https:\\\/\\\/webshop.pic2pat.com\\\/fr\\\/#\\\/schema\\\/logo\\\/image\\\/\",\"url\":\"https:\\\/\\\/webshop.pic2pat.com\\\/wp-content\\\/uploads\\\/2021\\\/05\\\/cropped-shop-logo.png\",\"contentUrl\":\"https:\\\/\\\/webshop.pic2pat.com\\\/wp-content\\\/uploads\\\/2021\\\/05\\\/cropped-shop-logo.png\",\"width\":470,\"height\":110,\"caption\":\"Pic2Pat\"},\"image\":{\"@id\":\"https:\\\/\\\/webshop.pic2pat.com\\\/fr\\\/#\\\/schema\\\/logo\\\/image\\\/\"}}]}<\/script>\n<meta property=\"og:availability\" content=\"instock\" \/>\n<meta property=\"product:availability\" content=\"instock\" \/>\n<meta property=\"product:condition\" content=\"new\" \/>\n<!-- \/ Yoast SEO plugin. -->","yoast_head_json":{"title":"DMC DM122 toile Aida - 11 points\/pouce - Pic2Pat","description":"DMC DM122 est une toile Aida de haute qualit\u00e9 avec 11 points par pouce pour la broderie au point de croix.","robots":{"index":"index","follow":"follow","max-snippet":"max-snippet:-1","max-image-preview":"max-image-preview:large","max-video-preview":"max-video-preview:-1"},"canonical":"https:\/\/webshop.pic2pat.com\/fr\/produit\/dmc-dm122-toile-aida-11-points-pouce\/","og_locale":"fr_FR","og_type":"article","og_title":"DMC DM122 toile Aida - 11 points\/pouce - Pic2Pat","og_description":"DMC DM122 est une toile Aida de haute qualit\u00e9 avec 11 points par pouce pour la broderie au point de croix.","og_url":"https:\/\/webshop.pic2pat.com\/fr\/produit\/dmc-dm122-toile-aida-11-points-pouce\/","og_site_name":"Pic2Pat","article_modified_time":"2026-05-09T10:06:40+00:00","og_image":[{"width":955,"height":955,"url":"https:\/\/webshop.pic2pat.com\/wp-content\/uploads\/2021\/04\/DMC222-ECRU.jpg","type":"image\/jpeg"}],"twitter_card":"summary_large_image","twitter_misc":{"Disponibilit\u00e9":"En stock"},"schema":{"@context":"https:\/\/schema.org","@graph":[{"@type":"WebPage","@id":"https:\/\/webshop.pic2pat.com\/fr\/produit\/dmc-dm122-toile-aida-11-points-pouce\/","url":"https:\/\/webshop.pic2pat.com\/fr\/produit\/dmc-dm122-toile-aida-11-points-pouce\/","name":"DMC DM122 toile Aida - 11 points\/pouce - Pic2Pat","isPartOf":{"@id":"https:\/\/webshop.pic2pat.com\/fr\/#website"},"primaryImageOfPage":{"@id":"https:\/\/webshop.pic2pat.com\/fr\/produit\/dmc-dm122-toile-aida-11-points-pouce\/#primaryimage"},"image":{"@id":"https:\/\/webshop.pic2pat.com\/fr\/produit\/dmc-dm122-toile-aida-11-points-pouce\/#primaryimage"},"thumbnailUrl":"https:\/\/webshop.pic2pat.com\/wp-content\/uploads\/2021\/04\/DMC222-ECRU.jpg","datePublished":"2021-05-12T07:46:36+00:00","dateModified":"2026-05-09T10:06:40+00:00","description":"DMC DM122 est une toile Aida de haute qualit\u00e9 avec 11 points par pouce pour la broderie au point de croix.","breadcrumb":{"@id":"https:\/\/webshop.pic2pat.com\/fr\/produit\/dmc-dm122-toile-aida-11-points-pouce\/#breadcrumb"},"inLanguage":"fr-FR","potentialAction":[{"@type":"ReadAction","target":["https:\/\/webshop.pic2pat.com\/fr\/produit\/dmc-dm122-toile-aida-11-points-pouce\/"]}]},{"@type":"ImageObject","inLanguage":"fr-FR","@id":"https:\/\/webshop.pic2pat.com\/fr\/produit\/dmc-dm122-toile-aida-11-points-pouce\/#primaryimage","url":"https:\/\/webshop.pic2pat.com\/wp-content\/uploads\/2021\/04\/DMC222-ECRU.jpg","contentUrl":"https:\/\/webshop.pic2pat.com\/wp-content\/uploads\/2021\/04\/DMC222-ECRU.jpg","width":955,"height":955,"caption":"DMC222-ECRU AIDA fabric"},{"@type":"BreadcrumbList","@id":"https:\/\/webshop.pic2pat.com\/fr\/produit\/dmc-dm122-toile-aida-11-points-pouce\/#breadcrumb","itemListElement":[{"@type":"ListItem","position":1,"name":"Home","item":"https:\/\/webshop.pic2pat.com\/fr\/"},{"@type":"ListItem","position":2,"name":"Boutique","item":"https:\/\/webshop.pic2pat.com\/en\/"},{"@type":"ListItem","position":3,"name":"DMC DM122 toile Aida &#8211; 11 points\/pouce"}]},{"@type":"WebSite","@id":"https:\/\/webshop.pic2pat.com\/fr\/#website","url":"https:\/\/webshop.pic2pat.com\/fr\/","name":"Pic2Pat","description":"","publisher":{"@id":"https:\/\/webshop.pic2pat.com\/fr\/#organization"},"potentialAction":[{"@type":"SearchAction","target":{"@type":"EntryPoint","urlTemplate":"https:\/\/webshop.pic2pat.com\/fr\/?s={search_term_string}"},"query-input":{"@type":"PropertyValueSpecification","valueRequired":true,"valueName":"search_term_string"}}],"inLanguage":"fr-FR"},{"@type":"Organization","@id":"https:\/\/webshop.pic2pat.com\/fr\/#organization","name":"Pic2Pat","url":"https:\/\/webshop.pic2pat.com\/fr\/","logo":{"@type":"ImageObject","inLanguage":"fr-FR","@id":"https:\/\/webshop.pic2pat.com\/fr\/#\/schema\/logo\/image\/","url":"https:\/\/webshop.pic2pat.com\/wp-content\/uploads\/2021\/05\/cropped-shop-logo.png","contentUrl":"https:\/\/webshop.pic2pat.com\/wp-content\/uploads\/2021\/05\/cropped-shop-logo.png","width":470,"height":110,"caption":"Pic2Pat"},"image":{"@id":"https:\/\/webshop.pic2pat.com\/fr\/#\/schema\/logo\/image\/"}}]},"og_availability":"instock","product_availability":"instock","product_condition":"new"},"_links":{"self":[{"href":"https:\/\/webshop.pic2pat.com\/fr\/wp-json\/wp\/v2\/product\/27260","targetHints":{"allow":["GET"]}}],"collection":[{"href":"https:\/\/webshop.pic2pat.com\/fr\/wp-json\/wp\/v2\/product"}],"about":[{"href":"https:\/\/webshop.pic2pat.com\/fr\/wp-json\/wp\/v2\/types\/product"}],"wp:featuredmedia":[{"embeddable":true,"href":"https:\/\/webshop.pic2pat.com\/fr\/wp-json\/wp\/v2\/media\/15641"}],"wp:attachment":[{"href":"https:\/\/webshop.pic2pat.com\/fr\/wp-json\/wp\/v2\/media?parent=27260"}],"wp:term":[{"taxonomy":"product_brand","embeddable":true,"href":"https:\/\/webshop.pic2pat.com\/fr\/wp-json\/wp\/v2\/product_brand?post=27260"},{"taxonomy":"product_cat","embeddable":true,"href":"https:\/\/webshop.pic2pat.com\/fr\/wp-json\/wp\/v2\/product_cat?post=27260"},{"taxonomy":"product_tag","embeddable":true,"href":"https:\/\/webshop.pic2pat.com\/fr\/wp-json\/wp\/v2\/product_tag?post=27260"}],"curies":[{"name":"wp","href":"https:\/\/api.w.org\/{rel}","templated":true}]}}