{"id":22340,"date":"2021-01-06T20:22:29","date_gmt":"2021-01-06T19:22:29","guid":{"rendered":"https:\/\/webshop.pic2pat.com\/product\/dmc-729-or-ancien-moyen\/"},"modified":"2021-01-06T20:22:29","modified_gmt":"2021-01-06T19:22:29","slug":"dmc-729-or-ancien-moyen","status":"publish","type":"product","link":"https:\/\/webshop.pic2pat.com\/fr\/produit\/dmc-729-or-ancien-moyen\/","title":{"rendered":"DMC 729 &#8211; Or ancien moyen"},"content":{"rendered":"<p>Fil \u00e0 broder DMC 729 Moulin\u00e9 en coton retors avec une couleur de fil or ancien moyen. La s\u00e9rie DMC 117 est le fil \u00e0 broder le plus utilis\u00e9 au monde pour les projets de point de croix. Chaque \u00e9chevette p\u00e8se 2 grammes et suffit pour une moyenne de 1600 points, selon la taille de la toile A\u00efda. Une \u00e9chevette contient 8 m\u00e8tres de fil compos\u00e9 de 6 brins. Pour les toiles \u00e0 mailles plus fines, vous pouvez s\u00e9parer le fil en moins de brins. Par exemple, deux brins sont couramment utilis\u00e9s pour les toiles plus fines, comme la tr\u00e8s r\u00e9pandue toile A\u00efda 14 fils.<\/p>\n<p>La couleur or ancien moyen du fil \u00e0 broder DMC 729 Moulin\u00e9 est grand teint. Gr\u00e2ce \u00e0 cela, vous pouvez laver l\u2019ouvrage \u00e0 95\u00b0C\/200\u00b0F \u00e0 plusieurs reprises sans perdre l\u2019intensit\u00e9 de la couleur. Veuillez toutefois respecter les instructions de lavage du tissu, car elles peuvent limiter les options de nettoyage de votre ouvrage fini.<\/p>\n<p>Vous pouvez rapidement cr\u00e9er un projet avec le DMC 729 Moulin\u00e9 gr\u00e2ce \u00e0 notre <a href=\"https:\/\/www.pic2pat.com\/index.fr.php\">g\u00e9n\u00e9rateur de grilles Pic2Pat<\/a>. En trois \u00e9tapes simples, vous convertissez n\u2019importe quelle image en une belle grille de point de croix en moins d\u2019une minute. N\u2019oubliez pas non plus de consulter <a href=\"https:\/\/webshop.pic2pat.com\/fr\/\">notre boutique<\/a> pour d\u2019autres articles comme des toiles, des aiguilles et bien plus encore.<\/p>\n<p>Vous en avez assez de parcourir la boutique pour commander toutes les couleurs individuellement pour un motif ? Dans ce cas, utilisez l\u2019outil de commande en une seule \u00e9tape et saisissez votre num\u00e9ro de motif unique. Tous les mat\u00e9riaux pour votre projet sont directement charg\u00e9s dans le panier. Vous pouvez ensuite modifier le panier pour ajouter ou supprimer des articles selon vos besoins. Saisissez une adresse de livraison, suivez le processus de paiement et c\u2019est termin\u00e9 !<\/p>\n","protected":false},"excerpt":{"rendered":"<p>Fil \u00e0 broder DMC 729 Moulin\u00e9 en coton retors avec une couleur de fil or ancien moyen<\/p>\n","protected":false},"featured_media":18430,"template":"","meta":[],"product_brand":[],"product_cat":[203],"product_tag":[],"class_list":{"0":"post-22340","1":"product","2":"type-product","3":"status-publish","4":"has-post-thumbnail","6":"product_cat-fil-a-broder-dmc","7":"product_shipping_class-inexpensive","9":"first","10":"instock","11":"taxable","12":"shipping-taxable","13":"purchasable","14":"product-type-simple"},"yoast_head":"<!-- This site is optimized with the Yoast SEO plugin v27.5 - https:\/\/yoast.com\/product\/yoast-seo-wordpress\/ -->\n<title>DMC 729 - Or ancien moyen - Pic2Pat<\/title>\n<meta name=\"description\" content=\"DMC 729 Moulin\u00e9 stranded cotton embroidery floss with thread color medium old gold. All DMC embroidery colors are in stock.\" \/>\n<meta name=\"robots\" content=\"index, follow, max-snippet:-1, max-image-preview:large, max-video-preview:-1\" \/>\n<link rel=\"canonical\" href=\"https:\/\/webshop.pic2pat.com\/fr\/produit\/dmc-729-or-ancien-moyen\/\" \/>\n<meta property=\"og:locale\" content=\"fr_FR\" \/>\n<meta property=\"og:type\" content=\"article\" \/>\n<meta property=\"og:title\" content=\"DMC 729 - Or ancien moyen - Pic2Pat\" \/>\n<meta property=\"og:description\" content=\"DMC 729 Moulin\u00e9 stranded cotton embroidery floss with thread color medium old gold. All DMC embroidery colors are in stock.\" \/>\n<meta property=\"og:url\" content=\"https:\/\/webshop.pic2pat.com\/fr\/produit\/dmc-729-or-ancien-moyen\/\" \/>\n<meta property=\"og:site_name\" content=\"Pic2Pat\" \/>\n<meta property=\"og:image\" content=\"https:\/\/webshop.pic2pat.com\/wp-content\/uploads\/2021\/01\/729_45.jpg\" \/>\n\t<meta property=\"og:image:width\" content=\"1348\" \/>\n\t<meta property=\"og:image:height\" content=\"1348\" \/>\n\t<meta property=\"og:image:type\" content=\"image\/jpeg\" \/>\n<meta name=\"twitter:card\" content=\"summary_large_image\" \/>\n<meta name=\"twitter:label1\" content=\"Prix\" \/>\n\t<meta name=\"twitter:data1\" content=\"&euro;1,61\" \/>\n\t<meta name=\"twitter:label2\" content=\"Disponibilit\u00e9\" \/>\n\t<meta name=\"twitter:data2\" content=\"En stock\" \/>\n<script type=\"application\/ld+json\" class=\"yoast-schema-graph\">{\"@context\":\"https:\\\/\\\/schema.org\",\"@graph\":[{\"@type\":\"WebPage\",\"@id\":\"https:\\\/\\\/webshop.pic2pat.com\\\/fr\\\/produit\\\/dmc-729-or-ancien-moyen\\\/\",\"url\":\"https:\\\/\\\/webshop.pic2pat.com\\\/fr\\\/produit\\\/dmc-729-or-ancien-moyen\\\/\",\"name\":\"DMC 729 - Or ancien moyen - Pic2Pat\",\"isPartOf\":{\"@id\":\"https:\\\/\\\/webshop.pic2pat.com\\\/fr\\\/#website\"},\"primaryImageOfPage\":{\"@id\":\"https:\\\/\\\/webshop.pic2pat.com\\\/fr\\\/produit\\\/dmc-729-or-ancien-moyen\\\/#primaryimage\"},\"image\":{\"@id\":\"https:\\\/\\\/webshop.pic2pat.com\\\/fr\\\/produit\\\/dmc-729-or-ancien-moyen\\\/#primaryimage\"},\"thumbnailUrl\":\"https:\\\/\\\/webshop.pic2pat.com\\\/wp-content\\\/uploads\\\/2021\\\/01\\\/729_45.jpg\",\"datePublished\":\"2021-01-06T19:22:29+00:00\",\"description\":\"DMC 729 Moulin\u00e9 stranded cotton embroidery floss with thread color medium old gold. All DMC embroidery colors are in stock.\",\"breadcrumb\":{\"@id\":\"https:\\\/\\\/webshop.pic2pat.com\\\/fr\\\/produit\\\/dmc-729-or-ancien-moyen\\\/#breadcrumb\"},\"inLanguage\":\"fr-FR\",\"potentialAction\":[{\"@type\":\"ReadAction\",\"target\":[\"https:\\\/\\\/webshop.pic2pat.com\\\/fr\\\/produit\\\/dmc-729-or-ancien-moyen\\\/\"]}]},{\"@type\":\"ImageObject\",\"inLanguage\":\"fr-FR\",\"@id\":\"https:\\\/\\\/webshop.pic2pat.com\\\/fr\\\/produit\\\/dmc-729-or-ancien-moyen\\\/#primaryimage\",\"url\":\"https:\\\/\\\/webshop.pic2pat.com\\\/wp-content\\\/uploads\\\/2021\\\/01\\\/729_45.jpg\",\"contentUrl\":\"https:\\\/\\\/webshop.pic2pat.com\\\/wp-content\\\/uploads\\\/2021\\\/01\\\/729_45.jpg\",\"width\":1348,\"height\":1348,\"caption\":\"DMC 729 - Or ancien moyen\"},{\"@type\":\"BreadcrumbList\",\"@id\":\"https:\\\/\\\/webshop.pic2pat.com\\\/fr\\\/produit\\\/dmc-729-or-ancien-moyen\\\/#breadcrumb\",\"itemListElement\":[{\"@type\":\"ListItem\",\"position\":1,\"name\":\"Home\",\"item\":\"https:\\\/\\\/webshop.pic2pat.com\\\/fr\\\/\"},{\"@type\":\"ListItem\",\"position\":2,\"name\":\"Boutique\",\"item\":\"https:\\\/\\\/webshop.pic2pat.com\\\/en\\\/\"},{\"@type\":\"ListItem\",\"position\":3,\"name\":\"DMC 729 &#8211; Or ancien moyen\"}]},{\"@type\":\"WebSite\",\"@id\":\"https:\\\/\\\/webshop.pic2pat.com\\\/fr\\\/#website\",\"url\":\"https:\\\/\\\/webshop.pic2pat.com\\\/fr\\\/\",\"name\":\"Pic2Pat\",\"description\":\"\",\"publisher\":{\"@id\":\"https:\\\/\\\/webshop.pic2pat.com\\\/fr\\\/#organization\"},\"potentialAction\":[{\"@type\":\"SearchAction\",\"target\":{\"@type\":\"EntryPoint\",\"urlTemplate\":\"https:\\\/\\\/webshop.pic2pat.com\\\/fr\\\/?s={search_term_string}\"},\"query-input\":{\"@type\":\"PropertyValueSpecification\",\"valueRequired\":true,\"valueName\":\"search_term_string\"}}],\"inLanguage\":\"fr-FR\"},{\"@type\":\"Organization\",\"@id\":\"https:\\\/\\\/webshop.pic2pat.com\\\/fr\\\/#organization\",\"name\":\"Pic2Pat\",\"url\":\"https:\\\/\\\/webshop.pic2pat.com\\\/fr\\\/\",\"logo\":{\"@type\":\"ImageObject\",\"inLanguage\":\"fr-FR\",\"@id\":\"https:\\\/\\\/webshop.pic2pat.com\\\/fr\\\/#\\\/schema\\\/logo\\\/image\\\/\",\"url\":\"https:\\\/\\\/webshop.pic2pat.com\\\/wp-content\\\/uploads\\\/2021\\\/05\\\/cropped-shop-logo.png\",\"contentUrl\":\"https:\\\/\\\/webshop.pic2pat.com\\\/wp-content\\\/uploads\\\/2021\\\/05\\\/cropped-shop-logo.png\",\"width\":470,\"height\":110,\"caption\":\"Pic2Pat\"},\"image\":{\"@id\":\"https:\\\/\\\/webshop.pic2pat.com\\\/fr\\\/#\\\/schema\\\/logo\\\/image\\\/\"}}]}<\/script>\n<meta property=\"product:price:amount\" content=\"1.61\" \/>\n<meta property=\"product:price:currency\" content=\"EUR\" \/>\n<meta property=\"og:availability\" content=\"instock\" \/>\n<meta property=\"product:availability\" content=\"instock\" \/>\n<meta property=\"product:retailer_item_id\" content=\"DMC.117.0729\" \/>\n<meta property=\"product:condition\" content=\"new\" \/>\n<!-- \/ Yoast SEO plugin. -->","yoast_head_json":{"title":"DMC 729 - Or ancien moyen - Pic2Pat","description":"DMC 729 Moulin\u00e9 stranded cotton embroidery floss with thread color medium old gold. All DMC embroidery colors are in stock.","robots":{"index":"index","follow":"follow","max-snippet":"max-snippet:-1","max-image-preview":"max-image-preview:large","max-video-preview":"max-video-preview:-1"},"canonical":"https:\/\/webshop.pic2pat.com\/fr\/produit\/dmc-729-or-ancien-moyen\/","og_locale":"fr_FR","og_type":"article","og_title":"DMC 729 - Or ancien moyen - Pic2Pat","og_description":"DMC 729 Moulin\u00e9 stranded cotton embroidery floss with thread color medium old gold. All DMC embroidery colors are in stock.","og_url":"https:\/\/webshop.pic2pat.com\/fr\/produit\/dmc-729-or-ancien-moyen\/","og_site_name":"Pic2Pat","og_image":[{"width":1348,"height":1348,"url":"https:\/\/webshop.pic2pat.com\/wp-content\/uploads\/2021\/01\/729_45.jpg","type":"image\/jpeg"}],"twitter_card":"summary_large_image","twitter_misc":{"Prix":"&euro;1,61","Disponibilit\u00e9":"En stock"},"schema":{"@context":"https:\/\/schema.org","@graph":[{"@type":"WebPage","@id":"https:\/\/webshop.pic2pat.com\/fr\/produit\/dmc-729-or-ancien-moyen\/","url":"https:\/\/webshop.pic2pat.com\/fr\/produit\/dmc-729-or-ancien-moyen\/","name":"DMC 729 - Or ancien moyen - Pic2Pat","isPartOf":{"@id":"https:\/\/webshop.pic2pat.com\/fr\/#website"},"primaryImageOfPage":{"@id":"https:\/\/webshop.pic2pat.com\/fr\/produit\/dmc-729-or-ancien-moyen\/#primaryimage"},"image":{"@id":"https:\/\/webshop.pic2pat.com\/fr\/produit\/dmc-729-or-ancien-moyen\/#primaryimage"},"thumbnailUrl":"https:\/\/webshop.pic2pat.com\/wp-content\/uploads\/2021\/01\/729_45.jpg","datePublished":"2021-01-06T19:22:29+00:00","description":"DMC 729 Moulin\u00e9 stranded cotton embroidery floss with thread color medium old gold. All DMC embroidery colors are in stock.","breadcrumb":{"@id":"https:\/\/webshop.pic2pat.com\/fr\/produit\/dmc-729-or-ancien-moyen\/#breadcrumb"},"inLanguage":"fr-FR","potentialAction":[{"@type":"ReadAction","target":["https:\/\/webshop.pic2pat.com\/fr\/produit\/dmc-729-or-ancien-moyen\/"]}]},{"@type":"ImageObject","inLanguage":"fr-FR","@id":"https:\/\/webshop.pic2pat.com\/fr\/produit\/dmc-729-or-ancien-moyen\/#primaryimage","url":"https:\/\/webshop.pic2pat.com\/wp-content\/uploads\/2021\/01\/729_45.jpg","contentUrl":"https:\/\/webshop.pic2pat.com\/wp-content\/uploads\/2021\/01\/729_45.jpg","width":1348,"height":1348,"caption":"DMC 729 - Or ancien moyen"},{"@type":"BreadcrumbList","@id":"https:\/\/webshop.pic2pat.com\/fr\/produit\/dmc-729-or-ancien-moyen\/#breadcrumb","itemListElement":[{"@type":"ListItem","position":1,"name":"Home","item":"https:\/\/webshop.pic2pat.com\/fr\/"},{"@type":"ListItem","position":2,"name":"Boutique","item":"https:\/\/webshop.pic2pat.com\/en\/"},{"@type":"ListItem","position":3,"name":"DMC 729 &#8211; Or ancien moyen"}]},{"@type":"WebSite","@id":"https:\/\/webshop.pic2pat.com\/fr\/#website","url":"https:\/\/webshop.pic2pat.com\/fr\/","name":"Pic2Pat","description":"","publisher":{"@id":"https:\/\/webshop.pic2pat.com\/fr\/#organization"},"potentialAction":[{"@type":"SearchAction","target":{"@type":"EntryPoint","urlTemplate":"https:\/\/webshop.pic2pat.com\/fr\/?s={search_term_string}"},"query-input":{"@type":"PropertyValueSpecification","valueRequired":true,"valueName":"search_term_string"}}],"inLanguage":"fr-FR"},{"@type":"Organization","@id":"https:\/\/webshop.pic2pat.com\/fr\/#organization","name":"Pic2Pat","url":"https:\/\/webshop.pic2pat.com\/fr\/","logo":{"@type":"ImageObject","inLanguage":"fr-FR","@id":"https:\/\/webshop.pic2pat.com\/fr\/#\/schema\/logo\/image\/","url":"https:\/\/webshop.pic2pat.com\/wp-content\/uploads\/2021\/05\/cropped-shop-logo.png","contentUrl":"https:\/\/webshop.pic2pat.com\/wp-content\/uploads\/2021\/05\/cropped-shop-logo.png","width":470,"height":110,"caption":"Pic2Pat"},"image":{"@id":"https:\/\/webshop.pic2pat.com\/fr\/#\/schema\/logo\/image\/"}}]},"product_price_amount":"1.61","product_price_currency":"EUR","og_availability":"instock","product_availability":"instock","product_retailer_item_id":"DMC.117.0729","product_condition":"new"},"_links":{"self":[{"href":"https:\/\/webshop.pic2pat.com\/fr\/wp-json\/wp\/v2\/product\/22340","targetHints":{"allow":["GET"]}}],"collection":[{"href":"https:\/\/webshop.pic2pat.com\/fr\/wp-json\/wp\/v2\/product"}],"about":[{"href":"https:\/\/webshop.pic2pat.com\/fr\/wp-json\/wp\/v2\/types\/product"}],"wp:featuredmedia":[{"embeddable":true,"href":"https:\/\/webshop.pic2pat.com\/fr\/wp-json\/wp\/v2\/media\/18430"}],"wp:attachment":[{"href":"https:\/\/webshop.pic2pat.com\/fr\/wp-json\/wp\/v2\/media?parent=22340"}],"wp:term":[{"taxonomy":"product_brand","embeddable":true,"href":"https:\/\/webshop.pic2pat.com\/fr\/wp-json\/wp\/v2\/product_brand?post=22340"},{"taxonomy":"product_cat","embeddable":true,"href":"https:\/\/webshop.pic2pat.com\/fr\/wp-json\/wp\/v2\/product_cat?post=22340"},{"taxonomy":"product_tag","embeddable":true,"href":"https:\/\/webshop.pic2pat.com\/fr\/wp-json\/wp\/v2\/product_tag?post=22340"}],"curies":[{"name":"wp","href":"https:\/\/api.w.org\/{rel}","templated":true}]}}