{"id":21480,"date":"2021-01-06T18:17:57","date_gmt":"2021-01-06T17:17:57","guid":{"rendered":"https:\/\/webshop.pic2pat.com\/product\/dmc-3816-vert-celadon\/"},"modified":"2021-01-06T18:17:57","modified_gmt":"2021-01-06T17:17:57","slug":"dmc-3816-vert-celadon","status":"publish","type":"product","link":"https:\/\/webshop.pic2pat.com\/fr\/produit\/dmc-3816-vert-celadon\/","title":{"rendered":"DMC 3816 &#8211; Vert c\u00e9ladon"},"content":{"rendered":"<p>Le fil \u00e0 broder DMC 3816 Moulin\u00e9 en coton, de couleur vert c\u00e9ladon, fait partie de la gamme DMC 117, la plus utilis\u00e9e au monde pour les projets de point de croix. Chaque \u00e9chevette p\u00e8se 2 grammes et permet de r\u00e9aliser en moyenne 1600 points, selon la taille de la toile Aida utilis\u00e9e. Une \u00e9chevette contient 8 m\u00e8tres de fil compos\u00e9s de 6 brins. Pour les toiles \u00e0 trame plus fine, vous pouvez s\u00e9parer le fil en un nombre r\u00e9duit de brins. Par exemple, deux brins sont souvent utilis\u00e9s pour les toiles plus fines, comme la tr\u00e8s r\u00e9pandue Aida 14 count.<\/p>\n<p>La couleur vert c\u00e9ladon du fil Moulin\u00e9 DMC 3816 est grand teint. Vous pouvez donc laver votre ouvrage \u00e0 95\u00b0C sans alt\u00e9rer l\u2019intensit\u00e9 de la couleur, m\u00eame apr\u00e8s plusieurs lavages. Veillez toutefois \u00e0 respecter les instructions de lavage du tissu utilis\u00e9, car celles-ci peuvent limiter les conditions de nettoyage de votre cr\u00e9ation.<\/p>\n<p>Cr\u00e9ez rapidement un projet avec le DMC 3816 Moulin\u00e9 gr\u00e2ce \u00e0 notre <a href=\"https:\/\/www.pic2pat.com\/index.fr.php\">g\u00e9n\u00e9rateur de motifs Pic2Pat<\/a>. En trois \u00e9tapes simples, transformez n\u2019importe quelle image en un joli diagramme de point de croix en moins d\u2019une minute. N\u2019oubliez pas non plus de visiter <a href=\"https:\/\/webshop.pic2pat.com\/fr\/\">notre boutique<\/a> pour d\u00e9couvrir d\u2019autres articles tels que toiles, aiguilles et bien plus encore.<\/p>\n<p>Vous en avez assez de chercher chaque couleur individuellement pour un motif ? Utilisez alors notre outil de commande tout-en-un en saisissant le num\u00e9ro unique de votre motif. Tous les mat\u00e9riaux n\u00e9cessaires sont automatiquement ajout\u00e9s \u00e0 votre panier. Vous pouvez ensuite modifier le panier selon vos besoins, renseigner votre adresse de livraison, finaliser le paiement et le tour est jou\u00e9.<\/p>\n","protected":false},"excerpt":{"rendered":"<p>Fil \u00e0 broder DMC 3816 Moulin\u00e9 en coton (6 brins) \u2013 couleur vert c\u00e9ladon<\/p>\n","protected":false},"featured_media":19225,"template":"","meta":[],"product_brand":[],"product_cat":[203],"product_tag":[],"class_list":{"0":"post-21480","1":"product","2":"type-product","3":"status-publish","4":"has-post-thumbnail","6":"product_cat-fil-a-broder-dmc","7":"product_shipping_class-inexpensive","9":"first","10":"instock","11":"taxable","12":"shipping-taxable","13":"purchasable","14":"product-type-simple"},"yoast_head":"<!-- This site is optimized with the Yoast SEO plugin v27.5 - https:\/\/yoast.com\/product\/yoast-seo-wordpress\/ -->\n<title>DMC 3816 - Vert c\u00e9ladon - Pic2Pat<\/title>\n<meta name=\"description\" content=\"**Fil \u00e0 broder DMC 3816 Moulin\u00e9 en coton (6 brins) \u2013 couleur vert c\u00e9ladon. Toutes les couleurs DMC sont en stock.**\" \/>\n<meta name=\"robots\" content=\"index, follow, max-snippet:-1, max-image-preview:large, max-video-preview:-1\" \/>\n<link rel=\"canonical\" href=\"https:\/\/webshop.pic2pat.com\/fr\/produit\/dmc-3816-vert-celadon\/\" \/>\n<meta property=\"og:locale\" content=\"fr_FR\" \/>\n<meta property=\"og:type\" content=\"article\" \/>\n<meta property=\"og:title\" content=\"DMC 3816 - Vert c\u00e9ladon - Pic2Pat\" \/>\n<meta property=\"og:description\" content=\"**Fil \u00e0 broder DMC 3816 Moulin\u00e9 en coton (6 brins) \u2013 couleur vert c\u00e9ladon. Toutes les couleurs DMC sont en stock.**\" \/>\n<meta property=\"og:url\" content=\"https:\/\/webshop.pic2pat.com\/fr\/produit\/dmc-3816-vert-celadon\/\" \/>\n<meta property=\"og:site_name\" content=\"Pic2Pat\" \/>\n<meta property=\"og:image\" content=\"https:\/\/webshop.pic2pat.com\/wp-content\/uploads\/2021\/01\/3816_45.jpg\" \/>\n\t<meta property=\"og:image:width\" content=\"1264\" \/>\n\t<meta property=\"og:image:height\" content=\"1264\" \/>\n\t<meta property=\"og:image:type\" content=\"image\/jpeg\" \/>\n<meta name=\"twitter:card\" content=\"summary_large_image\" \/>\n<meta name=\"twitter:label1\" content=\"Prix\" \/>\n\t<meta name=\"twitter:data1\" content=\"&euro;1,61\" \/>\n\t<meta name=\"twitter:label2\" content=\"Disponibilit\u00e9\" \/>\n\t<meta name=\"twitter:data2\" content=\"En stock\" \/>\n<script type=\"application\/ld+json\" class=\"yoast-schema-graph\">{\"@context\":\"https:\\\/\\\/schema.org\",\"@graph\":[{\"@type\":\"WebPage\",\"@id\":\"https:\\\/\\\/webshop.pic2pat.com\\\/fr\\\/produit\\\/dmc-3816-vert-celadon\\\/\",\"url\":\"https:\\\/\\\/webshop.pic2pat.com\\\/fr\\\/produit\\\/dmc-3816-vert-celadon\\\/\",\"name\":\"DMC 3816 - Vert c\u00e9ladon - Pic2Pat\",\"isPartOf\":{\"@id\":\"https:\\\/\\\/webshop.pic2pat.com\\\/fr\\\/#website\"},\"primaryImageOfPage\":{\"@id\":\"https:\\\/\\\/webshop.pic2pat.com\\\/fr\\\/produit\\\/dmc-3816-vert-celadon\\\/#primaryimage\"},\"image\":{\"@id\":\"https:\\\/\\\/webshop.pic2pat.com\\\/fr\\\/produit\\\/dmc-3816-vert-celadon\\\/#primaryimage\"},\"thumbnailUrl\":\"https:\\\/\\\/webshop.pic2pat.com\\\/wp-content\\\/uploads\\\/2021\\\/01\\\/3816_45.jpg\",\"datePublished\":\"2021-01-06T17:17:57+00:00\",\"description\":\"**Fil \u00e0 broder DMC 3816 Moulin\u00e9 en coton (6 brins) \u2013 couleur vert c\u00e9ladon. Toutes les couleurs DMC sont en stock.**\",\"breadcrumb\":{\"@id\":\"https:\\\/\\\/webshop.pic2pat.com\\\/fr\\\/produit\\\/dmc-3816-vert-celadon\\\/#breadcrumb\"},\"inLanguage\":\"fr-FR\",\"potentialAction\":[{\"@type\":\"ReadAction\",\"target\":[\"https:\\\/\\\/webshop.pic2pat.com\\\/fr\\\/produit\\\/dmc-3816-vert-celadon\\\/\"]}]},{\"@type\":\"ImageObject\",\"inLanguage\":\"fr-FR\",\"@id\":\"https:\\\/\\\/webshop.pic2pat.com\\\/fr\\\/produit\\\/dmc-3816-vert-celadon\\\/#primaryimage\",\"url\":\"https:\\\/\\\/webshop.pic2pat.com\\\/wp-content\\\/uploads\\\/2021\\\/01\\\/3816_45.jpg\",\"contentUrl\":\"https:\\\/\\\/webshop.pic2pat.com\\\/wp-content\\\/uploads\\\/2021\\\/01\\\/3816_45.jpg\",\"width\":1264,\"height\":1264,\"caption\":\"DMC 3816 - Vert c\u00e9ladon\"},{\"@type\":\"BreadcrumbList\",\"@id\":\"https:\\\/\\\/webshop.pic2pat.com\\\/fr\\\/produit\\\/dmc-3816-vert-celadon\\\/#breadcrumb\",\"itemListElement\":[{\"@type\":\"ListItem\",\"position\":1,\"name\":\"Home\",\"item\":\"https:\\\/\\\/webshop.pic2pat.com\\\/fr\\\/\"},{\"@type\":\"ListItem\",\"position\":2,\"name\":\"Boutique\",\"item\":\"https:\\\/\\\/webshop.pic2pat.com\\\/en\\\/\"},{\"@type\":\"ListItem\",\"position\":3,\"name\":\"DMC 3816 &#8211; Vert c\u00e9ladon\"}]},{\"@type\":\"WebSite\",\"@id\":\"https:\\\/\\\/webshop.pic2pat.com\\\/fr\\\/#website\",\"url\":\"https:\\\/\\\/webshop.pic2pat.com\\\/fr\\\/\",\"name\":\"Pic2Pat\",\"description\":\"\",\"publisher\":{\"@id\":\"https:\\\/\\\/webshop.pic2pat.com\\\/fr\\\/#organization\"},\"potentialAction\":[{\"@type\":\"SearchAction\",\"target\":{\"@type\":\"EntryPoint\",\"urlTemplate\":\"https:\\\/\\\/webshop.pic2pat.com\\\/fr\\\/?s={search_term_string}\"},\"query-input\":{\"@type\":\"PropertyValueSpecification\",\"valueRequired\":true,\"valueName\":\"search_term_string\"}}],\"inLanguage\":\"fr-FR\"},{\"@type\":\"Organization\",\"@id\":\"https:\\\/\\\/webshop.pic2pat.com\\\/fr\\\/#organization\",\"name\":\"Pic2Pat\",\"url\":\"https:\\\/\\\/webshop.pic2pat.com\\\/fr\\\/\",\"logo\":{\"@type\":\"ImageObject\",\"inLanguage\":\"fr-FR\",\"@id\":\"https:\\\/\\\/webshop.pic2pat.com\\\/fr\\\/#\\\/schema\\\/logo\\\/image\\\/\",\"url\":\"https:\\\/\\\/webshop.pic2pat.com\\\/wp-content\\\/uploads\\\/2021\\\/05\\\/cropped-shop-logo.png\",\"contentUrl\":\"https:\\\/\\\/webshop.pic2pat.com\\\/wp-content\\\/uploads\\\/2021\\\/05\\\/cropped-shop-logo.png\",\"width\":470,\"height\":110,\"caption\":\"Pic2Pat\"},\"image\":{\"@id\":\"https:\\\/\\\/webshop.pic2pat.com\\\/fr\\\/#\\\/schema\\\/logo\\\/image\\\/\"}}]}<\/script>\n<meta property=\"product:price:amount\" content=\"1.61\" \/>\n<meta property=\"product:price:currency\" content=\"EUR\" \/>\n<meta property=\"og:availability\" content=\"instock\" \/>\n<meta property=\"product:availability\" content=\"instock\" \/>\n<meta property=\"product:retailer_item_id\" content=\"DMC.117.3816\" \/>\n<meta property=\"product:condition\" content=\"new\" \/>\n<!-- \/ Yoast SEO plugin. -->","yoast_head_json":{"title":"DMC 3816 - Vert c\u00e9ladon - Pic2Pat","description":"**Fil \u00e0 broder DMC 3816 Moulin\u00e9 en coton (6 brins) \u2013 couleur vert c\u00e9ladon. Toutes les couleurs DMC sont en stock.**","robots":{"index":"index","follow":"follow","max-snippet":"max-snippet:-1","max-image-preview":"max-image-preview:large","max-video-preview":"max-video-preview:-1"},"canonical":"https:\/\/webshop.pic2pat.com\/fr\/produit\/dmc-3816-vert-celadon\/","og_locale":"fr_FR","og_type":"article","og_title":"DMC 3816 - Vert c\u00e9ladon - Pic2Pat","og_description":"**Fil \u00e0 broder DMC 3816 Moulin\u00e9 en coton (6 brins) \u2013 couleur vert c\u00e9ladon. Toutes les couleurs DMC sont en stock.**","og_url":"https:\/\/webshop.pic2pat.com\/fr\/produit\/dmc-3816-vert-celadon\/","og_site_name":"Pic2Pat","og_image":[{"width":1264,"height":1264,"url":"https:\/\/webshop.pic2pat.com\/wp-content\/uploads\/2021\/01\/3816_45.jpg","type":"image\/jpeg"}],"twitter_card":"summary_large_image","twitter_misc":{"Prix":"&euro;1,61","Disponibilit\u00e9":"En stock"},"schema":{"@context":"https:\/\/schema.org","@graph":[{"@type":"WebPage","@id":"https:\/\/webshop.pic2pat.com\/fr\/produit\/dmc-3816-vert-celadon\/","url":"https:\/\/webshop.pic2pat.com\/fr\/produit\/dmc-3816-vert-celadon\/","name":"DMC 3816 - Vert c\u00e9ladon - Pic2Pat","isPartOf":{"@id":"https:\/\/webshop.pic2pat.com\/fr\/#website"},"primaryImageOfPage":{"@id":"https:\/\/webshop.pic2pat.com\/fr\/produit\/dmc-3816-vert-celadon\/#primaryimage"},"image":{"@id":"https:\/\/webshop.pic2pat.com\/fr\/produit\/dmc-3816-vert-celadon\/#primaryimage"},"thumbnailUrl":"https:\/\/webshop.pic2pat.com\/wp-content\/uploads\/2021\/01\/3816_45.jpg","datePublished":"2021-01-06T17:17:57+00:00","description":"**Fil \u00e0 broder DMC 3816 Moulin\u00e9 en coton (6 brins) \u2013 couleur vert c\u00e9ladon. Toutes les couleurs DMC sont en stock.**","breadcrumb":{"@id":"https:\/\/webshop.pic2pat.com\/fr\/produit\/dmc-3816-vert-celadon\/#breadcrumb"},"inLanguage":"fr-FR","potentialAction":[{"@type":"ReadAction","target":["https:\/\/webshop.pic2pat.com\/fr\/produit\/dmc-3816-vert-celadon\/"]}]},{"@type":"ImageObject","inLanguage":"fr-FR","@id":"https:\/\/webshop.pic2pat.com\/fr\/produit\/dmc-3816-vert-celadon\/#primaryimage","url":"https:\/\/webshop.pic2pat.com\/wp-content\/uploads\/2021\/01\/3816_45.jpg","contentUrl":"https:\/\/webshop.pic2pat.com\/wp-content\/uploads\/2021\/01\/3816_45.jpg","width":1264,"height":1264,"caption":"DMC 3816 - Vert c\u00e9ladon"},{"@type":"BreadcrumbList","@id":"https:\/\/webshop.pic2pat.com\/fr\/produit\/dmc-3816-vert-celadon\/#breadcrumb","itemListElement":[{"@type":"ListItem","position":1,"name":"Home","item":"https:\/\/webshop.pic2pat.com\/fr\/"},{"@type":"ListItem","position":2,"name":"Boutique","item":"https:\/\/webshop.pic2pat.com\/en\/"},{"@type":"ListItem","position":3,"name":"DMC 3816 &#8211; Vert c\u00e9ladon"}]},{"@type":"WebSite","@id":"https:\/\/webshop.pic2pat.com\/fr\/#website","url":"https:\/\/webshop.pic2pat.com\/fr\/","name":"Pic2Pat","description":"","publisher":{"@id":"https:\/\/webshop.pic2pat.com\/fr\/#organization"},"potentialAction":[{"@type":"SearchAction","target":{"@type":"EntryPoint","urlTemplate":"https:\/\/webshop.pic2pat.com\/fr\/?s={search_term_string}"},"query-input":{"@type":"PropertyValueSpecification","valueRequired":true,"valueName":"search_term_string"}}],"inLanguage":"fr-FR"},{"@type":"Organization","@id":"https:\/\/webshop.pic2pat.com\/fr\/#organization","name":"Pic2Pat","url":"https:\/\/webshop.pic2pat.com\/fr\/","logo":{"@type":"ImageObject","inLanguage":"fr-FR","@id":"https:\/\/webshop.pic2pat.com\/fr\/#\/schema\/logo\/image\/","url":"https:\/\/webshop.pic2pat.com\/wp-content\/uploads\/2021\/05\/cropped-shop-logo.png","contentUrl":"https:\/\/webshop.pic2pat.com\/wp-content\/uploads\/2021\/05\/cropped-shop-logo.png","width":470,"height":110,"caption":"Pic2Pat"},"image":{"@id":"https:\/\/webshop.pic2pat.com\/fr\/#\/schema\/logo\/image\/"}}]},"product_price_amount":"1.61","product_price_currency":"EUR","og_availability":"instock","product_availability":"instock","product_retailer_item_id":"DMC.117.3816","product_condition":"new"},"_links":{"self":[{"href":"https:\/\/webshop.pic2pat.com\/fr\/wp-json\/wp\/v2\/product\/21480","targetHints":{"allow":["GET"]}}],"collection":[{"href":"https:\/\/webshop.pic2pat.com\/fr\/wp-json\/wp\/v2\/product"}],"about":[{"href":"https:\/\/webshop.pic2pat.com\/fr\/wp-json\/wp\/v2\/types\/product"}],"wp:featuredmedia":[{"embeddable":true,"href":"https:\/\/webshop.pic2pat.com\/fr\/wp-json\/wp\/v2\/media\/19225"}],"wp:attachment":[{"href":"https:\/\/webshop.pic2pat.com\/fr\/wp-json\/wp\/v2\/media?parent=21480"}],"wp:term":[{"taxonomy":"product_brand","embeddable":true,"href":"https:\/\/webshop.pic2pat.com\/fr\/wp-json\/wp\/v2\/product_brand?post=21480"},{"taxonomy":"product_cat","embeddable":true,"href":"https:\/\/webshop.pic2pat.com\/fr\/wp-json\/wp\/v2\/product_cat?post=21480"},{"taxonomy":"product_tag","embeddable":true,"href":"https:\/\/webshop.pic2pat.com\/fr\/wp-json\/wp\/v2\/product_tag?post=21480"}],"curies":[{"name":"wp","href":"https:\/\/api.w.org\/{rel}","templated":true}]}}