{"id":21186,"date":"2021-02-13T14:56:18","date_gmt":"2021-02-13T13:56:18","guid":{"rendered":"https:\/\/webshop.pic2pat.com\/product\/dmc-731-mouline\/"},"modified":"2026-04-26T08:21:35","modified_gmt":"2026-04-26T07:21:35","slug":"dmc-731-mouline","status":"publish","type":"product","link":"https:\/\/webshop.pic2pat.com\/fr\/produit\/dmc-731-mouline\/","title":{"rendered":"DMC Moulin\u00e9 n\u00b0731 &#8211; Vert olive fonc\u00e9"},"content":{"rendered":"<p>Fil \u00e0 broder DMC Moulin\u00e9 n\u00b0731 couleur Vert olive fonc\u00e9. La gamme DMC 117 de fils \u00e0 broder est la plus utilis\u00e9e \u00e0 travers le monde pour tous les projets de point de croix. Chaque \u00e9cheveau p\u00e8se 2 grammes et est suffisant pour r\u00e9aliser en moyenne 1600 points, selon la taille du maillage de la toile A\u00efda. Un \u00e9cheveau contient 8 m\u00e8tres de fil compos\u00e9 de 6 brins. Pour les maillages plus serr\u00e9s, vous pouvez s\u00e9parer le fil afin de ne garder que quelques brins. Par exemple, on utilise g\u00e9n\u00e9ralement deux brins pour les toiles les plus fines, comme la A\u00efda 5,5 pts\/cm, la toile la plus utilis\u00e9e.<\/p>\n<p>La couleur Vert olive fonc\u00e9 du fil \u00e0 broder DMC Moulin\u00e9 n\u00b0731 est grand teint. Gr\u00e2ce \u00e0 cela, vous pouvez laver votre fil \u00e0 95 \u00b0C de mani\u00e8re r\u00e9p\u00e9t\u00e9e sans qu\u2019il ne perde sa couleur vive. Nous vous conseillons n\u00e9anmoins de consulter les instructions de lavage de votre toile, car il se pourrait que cela limite les options de nettoyage de votre ouvrage achev\u00e9.<\/p>\n<p>Vous pouvez rapidement cr\u00e9er un projet pour le DMC Moulin\u00e9 n\u00b0731 avec <a href=\"https:\/\/www.pic2pat.com\/index.fr.php\">Pic2Pat, notre g\u00e9n\u00e9rateur de patrons<\/a>. Gr\u00e2ce \u00e0 un processus tr\u00e8s simple en trois \u00e9tapes, vous pouvez convertir, en moins d\u2019une minute, n\u2019importe quelle photo en un joli patron de point de croix. Et n\u2019oubliez pas de visiter <a href=\"https:\/\/webshop.pic2pat.com\/fr\/\">notre boutique<\/a> pour d\u00e9couvrir d\u2019autres articles tels que des toiles, des aiguilles et bien plus encore.<\/p>\n<p>Marre de devoir parcourir la boutique pour commander une \u00e0 une toutes les couleurs d\u2019un patron ? Dans ce cas, utilisez notre outil de commande en une \u00e9tape et saisissez votre num\u00e9ro de patron unique. Toutes les fournitures n\u00e9cessaires \u00e0 la r\u00e9alisation de votre projet sont directement ajout\u00e9es \u00e0 votre panier. Vous pourrez ensuite le modifier et supprimer les articles comme vous le souhaitez. Saisissez une adresse de livraison, suivez le processus de paiement et vous avez termin\u00e9 !<\/p>\n","protected":false},"excerpt":{"rendered":"<p>Fil \u00e0 broder DMC 731 Moulin\u00e9 en coton (6 brins) \u2013 couleur vert olive fonc\u00e9<\/p>\n<p><strong>Il s\u2019agit d\u2019un produit discontinu\u00e9 que nous proposons encore jusqu\u2019\u00e0 \u00e9puisement des stocks.<\/strong><\/p>\n","protected":false},"featured_media":20240,"template":"","meta":[],"product_brand":[],"product_cat":[203],"product_tag":[],"class_list":{"0":"post-21186","1":"product","2":"type-product","3":"status-publish","4":"has-post-thumbnail","6":"product_cat-fil-a-broder-dmc","7":"product_shipping_class-inexpensive","9":"first","10":"instock","11":"taxable","12":"shipping-taxable","13":"purchasable","14":"product-type-simple"},"yoast_head":"<!-- This site is optimized with the Yoast SEO plugin v27.5 - https:\/\/yoast.com\/product\/yoast-seo-wordpress\/ -->\n<title>DMC Moulin\u00e9 n\u00b0731 - Vert olive fonc\u00e9 - Pic2Pat<\/title>\n<meta name=\"description\" content=\"Fil \u00e0 broder DMC Moulin\u00e9 n\u00b0731 couleur Vert olive fonc\u00e9. Toutes les couleurs de fils \u00e0 broder DMC sont en stock.\" \/>\n<meta name=\"robots\" content=\"index, follow, max-snippet:-1, max-image-preview:large, max-video-preview:-1\" \/>\n<link rel=\"canonical\" href=\"https:\/\/webshop.pic2pat.com\/fr\/produit\/dmc-731-mouline\/\" \/>\n<meta property=\"og:locale\" content=\"fr_FR\" \/>\n<meta property=\"og:type\" content=\"article\" \/>\n<meta property=\"og:title\" content=\"DMC Moulin\u00e9 n\u00b0731 - Vert olive fonc\u00e9 - Pic2Pat\" \/>\n<meta property=\"og:description\" content=\"Fil \u00e0 broder DMC Moulin\u00e9 n\u00b0731 couleur Vert olive fonc\u00e9. Toutes les couleurs de fils \u00e0 broder DMC sont en stock.\" \/>\n<meta property=\"og:url\" content=\"https:\/\/webshop.pic2pat.com\/fr\/produit\/dmc-731-mouline\/\" \/>\n<meta property=\"og:site_name\" content=\"Pic2Pat\" \/>\n<meta property=\"article:modified_time\" content=\"2026-04-26T07:21:35+00:00\" \/>\n<meta property=\"og:image\" content=\"https:\/\/webshop.pic2pat.com\/wp-content\/uploads\/2021\/02\/731_45.jpg\" \/>\n\t<meta property=\"og:image:width\" content=\"1290\" \/>\n\t<meta property=\"og:image:height\" content=\"1290\" \/>\n\t<meta property=\"og:image:type\" content=\"image\/jpeg\" \/>\n<meta name=\"twitter:card\" content=\"summary_large_image\" \/>\n<meta name=\"twitter:label1\" content=\"Prix\" \/>\n\t<meta name=\"twitter:data1\" content=\"&euro;1,61\" \/>\n\t<meta name=\"twitter:label2\" content=\"Disponibilit\u00e9\" \/>\n\t<meta name=\"twitter:data2\" content=\"En stock\" \/>\n<script type=\"application\/ld+json\" class=\"yoast-schema-graph\">{\"@context\":\"https:\\\/\\\/schema.org\",\"@graph\":[{\"@type\":\"WebPage\",\"@id\":\"https:\\\/\\\/webshop.pic2pat.com\\\/fr\\\/produit\\\/dmc-731-mouline\\\/\",\"url\":\"https:\\\/\\\/webshop.pic2pat.com\\\/fr\\\/produit\\\/dmc-731-mouline\\\/\",\"name\":\"DMC Moulin\u00e9 n\u00b0731 - Vert olive fonc\u00e9 - Pic2Pat\",\"isPartOf\":{\"@id\":\"https:\\\/\\\/webshop.pic2pat.com\\\/fr\\\/#website\"},\"primaryImageOfPage\":{\"@id\":\"https:\\\/\\\/webshop.pic2pat.com\\\/fr\\\/produit\\\/dmc-731-mouline\\\/#primaryimage\"},\"image\":{\"@id\":\"https:\\\/\\\/webshop.pic2pat.com\\\/fr\\\/produit\\\/dmc-731-mouline\\\/#primaryimage\"},\"thumbnailUrl\":\"https:\\\/\\\/webshop.pic2pat.com\\\/wp-content\\\/uploads\\\/2021\\\/02\\\/731_45.jpg\",\"datePublished\":\"2021-02-13T13:56:18+00:00\",\"dateModified\":\"2026-04-26T07:21:35+00:00\",\"description\":\"Fil \u00e0 broder DMC Moulin\u00e9 n\u00b0731 couleur Vert olive fonc\u00e9. Toutes les couleurs de fils \u00e0 broder DMC sont en stock.\",\"breadcrumb\":{\"@id\":\"https:\\\/\\\/webshop.pic2pat.com\\\/fr\\\/produit\\\/dmc-731-mouline\\\/#breadcrumb\"},\"inLanguage\":\"fr-FR\",\"potentialAction\":[{\"@type\":\"ReadAction\",\"target\":[\"https:\\\/\\\/webshop.pic2pat.com\\\/fr\\\/produit\\\/dmc-731-mouline\\\/\"]}]},{\"@type\":\"ImageObject\",\"inLanguage\":\"fr-FR\",\"@id\":\"https:\\\/\\\/webshop.pic2pat.com\\\/fr\\\/produit\\\/dmc-731-mouline\\\/#primaryimage\",\"url\":\"https:\\\/\\\/webshop.pic2pat.com\\\/wp-content\\\/uploads\\\/2021\\\/02\\\/731_45.jpg\",\"contentUrl\":\"https:\\\/\\\/webshop.pic2pat.com\\\/wp-content\\\/uploads\\\/2021\\\/02\\\/731_45.jpg\",\"width\":1290,\"height\":1290,\"caption\":\"DMC Moulin\u00e9 n\u00b0731 - Vert olive fonc\u00e9\"},{\"@type\":\"BreadcrumbList\",\"@id\":\"https:\\\/\\\/webshop.pic2pat.com\\\/fr\\\/produit\\\/dmc-731-mouline\\\/#breadcrumb\",\"itemListElement\":[{\"@type\":\"ListItem\",\"position\":1,\"name\":\"Home\",\"item\":\"https:\\\/\\\/webshop.pic2pat.com\\\/fr\\\/\"},{\"@type\":\"ListItem\",\"position\":2,\"name\":\"Boutique\",\"item\":\"https:\\\/\\\/webshop.pic2pat.com\\\/en\\\/\"},{\"@type\":\"ListItem\",\"position\":3,\"name\":\"DMC Moulin\u00e9 n\u00b0731 &#8211; Vert olive fonc\u00e9\"}]},{\"@type\":\"WebSite\",\"@id\":\"https:\\\/\\\/webshop.pic2pat.com\\\/fr\\\/#website\",\"url\":\"https:\\\/\\\/webshop.pic2pat.com\\\/fr\\\/\",\"name\":\"Pic2Pat\",\"description\":\"\",\"publisher\":{\"@id\":\"https:\\\/\\\/webshop.pic2pat.com\\\/fr\\\/#organization\"},\"potentialAction\":[{\"@type\":\"SearchAction\",\"target\":{\"@type\":\"EntryPoint\",\"urlTemplate\":\"https:\\\/\\\/webshop.pic2pat.com\\\/fr\\\/?s={search_term_string}\"},\"query-input\":{\"@type\":\"PropertyValueSpecification\",\"valueRequired\":true,\"valueName\":\"search_term_string\"}}],\"inLanguage\":\"fr-FR\"},{\"@type\":\"Organization\",\"@id\":\"https:\\\/\\\/webshop.pic2pat.com\\\/fr\\\/#organization\",\"name\":\"Pic2Pat\",\"url\":\"https:\\\/\\\/webshop.pic2pat.com\\\/fr\\\/\",\"logo\":{\"@type\":\"ImageObject\",\"inLanguage\":\"fr-FR\",\"@id\":\"https:\\\/\\\/webshop.pic2pat.com\\\/fr\\\/#\\\/schema\\\/logo\\\/image\\\/\",\"url\":\"https:\\\/\\\/webshop.pic2pat.com\\\/wp-content\\\/uploads\\\/2021\\\/05\\\/cropped-shop-logo.png\",\"contentUrl\":\"https:\\\/\\\/webshop.pic2pat.com\\\/wp-content\\\/uploads\\\/2021\\\/05\\\/cropped-shop-logo.png\",\"width\":470,\"height\":110,\"caption\":\"Pic2Pat\"},\"image\":{\"@id\":\"https:\\\/\\\/webshop.pic2pat.com\\\/fr\\\/#\\\/schema\\\/logo\\\/image\\\/\"}}]}<\/script>\n<meta property=\"product:price:amount\" content=\"1.61\" \/>\n<meta property=\"product:price:currency\" content=\"EUR\" \/>\n<meta property=\"og:availability\" content=\"instock\" \/>\n<meta property=\"product:availability\" content=\"instock\" \/>\n<meta property=\"product:retailer_item_id\" content=\"DMC.117.0731\" \/>\n<meta property=\"product:condition\" content=\"new\" \/>\n<!-- \/ Yoast SEO plugin. -->","yoast_head_json":{"title":"DMC Moulin\u00e9 n\u00b0731 - Vert olive fonc\u00e9 - Pic2Pat","description":"Fil \u00e0 broder DMC Moulin\u00e9 n\u00b0731 couleur Vert olive fonc\u00e9. Toutes les couleurs de fils \u00e0 broder DMC sont en stock.","robots":{"index":"index","follow":"follow","max-snippet":"max-snippet:-1","max-image-preview":"max-image-preview:large","max-video-preview":"max-video-preview:-1"},"canonical":"https:\/\/webshop.pic2pat.com\/fr\/produit\/dmc-731-mouline\/","og_locale":"fr_FR","og_type":"article","og_title":"DMC Moulin\u00e9 n\u00b0731 - Vert olive fonc\u00e9 - Pic2Pat","og_description":"Fil \u00e0 broder DMC Moulin\u00e9 n\u00b0731 couleur Vert olive fonc\u00e9. Toutes les couleurs de fils \u00e0 broder DMC sont en stock.","og_url":"https:\/\/webshop.pic2pat.com\/fr\/produit\/dmc-731-mouline\/","og_site_name":"Pic2Pat","article_modified_time":"2026-04-26T07:21:35+00:00","og_image":[{"width":1290,"height":1290,"url":"https:\/\/webshop.pic2pat.com\/wp-content\/uploads\/2021\/02\/731_45.jpg","type":"image\/jpeg"}],"twitter_card":"summary_large_image","twitter_misc":{"Prix":"&euro;1,61","Disponibilit\u00e9":"En stock"},"schema":{"@context":"https:\/\/schema.org","@graph":[{"@type":"WebPage","@id":"https:\/\/webshop.pic2pat.com\/fr\/produit\/dmc-731-mouline\/","url":"https:\/\/webshop.pic2pat.com\/fr\/produit\/dmc-731-mouline\/","name":"DMC Moulin\u00e9 n\u00b0731 - Vert olive fonc\u00e9 - Pic2Pat","isPartOf":{"@id":"https:\/\/webshop.pic2pat.com\/fr\/#website"},"primaryImageOfPage":{"@id":"https:\/\/webshop.pic2pat.com\/fr\/produit\/dmc-731-mouline\/#primaryimage"},"image":{"@id":"https:\/\/webshop.pic2pat.com\/fr\/produit\/dmc-731-mouline\/#primaryimage"},"thumbnailUrl":"https:\/\/webshop.pic2pat.com\/wp-content\/uploads\/2021\/02\/731_45.jpg","datePublished":"2021-02-13T13:56:18+00:00","dateModified":"2026-04-26T07:21:35+00:00","description":"Fil \u00e0 broder DMC Moulin\u00e9 n\u00b0731 couleur Vert olive fonc\u00e9. Toutes les couleurs de fils \u00e0 broder DMC sont en stock.","breadcrumb":{"@id":"https:\/\/webshop.pic2pat.com\/fr\/produit\/dmc-731-mouline\/#breadcrumb"},"inLanguage":"fr-FR","potentialAction":[{"@type":"ReadAction","target":["https:\/\/webshop.pic2pat.com\/fr\/produit\/dmc-731-mouline\/"]}]},{"@type":"ImageObject","inLanguage":"fr-FR","@id":"https:\/\/webshop.pic2pat.com\/fr\/produit\/dmc-731-mouline\/#primaryimage","url":"https:\/\/webshop.pic2pat.com\/wp-content\/uploads\/2021\/02\/731_45.jpg","contentUrl":"https:\/\/webshop.pic2pat.com\/wp-content\/uploads\/2021\/02\/731_45.jpg","width":1290,"height":1290,"caption":"DMC Moulin\u00e9 n\u00b0731 - Vert olive fonc\u00e9"},{"@type":"BreadcrumbList","@id":"https:\/\/webshop.pic2pat.com\/fr\/produit\/dmc-731-mouline\/#breadcrumb","itemListElement":[{"@type":"ListItem","position":1,"name":"Home","item":"https:\/\/webshop.pic2pat.com\/fr\/"},{"@type":"ListItem","position":2,"name":"Boutique","item":"https:\/\/webshop.pic2pat.com\/en\/"},{"@type":"ListItem","position":3,"name":"DMC Moulin\u00e9 n\u00b0731 &#8211; Vert olive fonc\u00e9"}]},{"@type":"WebSite","@id":"https:\/\/webshop.pic2pat.com\/fr\/#website","url":"https:\/\/webshop.pic2pat.com\/fr\/","name":"Pic2Pat","description":"","publisher":{"@id":"https:\/\/webshop.pic2pat.com\/fr\/#organization"},"potentialAction":[{"@type":"SearchAction","target":{"@type":"EntryPoint","urlTemplate":"https:\/\/webshop.pic2pat.com\/fr\/?s={search_term_string}"},"query-input":{"@type":"PropertyValueSpecification","valueRequired":true,"valueName":"search_term_string"}}],"inLanguage":"fr-FR"},{"@type":"Organization","@id":"https:\/\/webshop.pic2pat.com\/fr\/#organization","name":"Pic2Pat","url":"https:\/\/webshop.pic2pat.com\/fr\/","logo":{"@type":"ImageObject","inLanguage":"fr-FR","@id":"https:\/\/webshop.pic2pat.com\/fr\/#\/schema\/logo\/image\/","url":"https:\/\/webshop.pic2pat.com\/wp-content\/uploads\/2021\/05\/cropped-shop-logo.png","contentUrl":"https:\/\/webshop.pic2pat.com\/wp-content\/uploads\/2021\/05\/cropped-shop-logo.png","width":470,"height":110,"caption":"Pic2Pat"},"image":{"@id":"https:\/\/webshop.pic2pat.com\/fr\/#\/schema\/logo\/image\/"}}]},"product_price_amount":"1.61","product_price_currency":"EUR","og_availability":"instock","product_availability":"instock","product_retailer_item_id":"DMC.117.0731","product_condition":"new"},"_links":{"self":[{"href":"https:\/\/webshop.pic2pat.com\/fr\/wp-json\/wp\/v2\/product\/21186","targetHints":{"allow":["GET"]}}],"collection":[{"href":"https:\/\/webshop.pic2pat.com\/fr\/wp-json\/wp\/v2\/product"}],"about":[{"href":"https:\/\/webshop.pic2pat.com\/fr\/wp-json\/wp\/v2\/types\/product"}],"wp:featuredmedia":[{"embeddable":true,"href":"https:\/\/webshop.pic2pat.com\/fr\/wp-json\/wp\/v2\/media\/20240"}],"wp:attachment":[{"href":"https:\/\/webshop.pic2pat.com\/fr\/wp-json\/wp\/v2\/media?parent=21186"}],"wp:term":[{"taxonomy":"product_brand","embeddable":true,"href":"https:\/\/webshop.pic2pat.com\/fr\/wp-json\/wp\/v2\/product_brand?post=21186"},{"taxonomy":"product_cat","embeddable":true,"href":"https:\/\/webshop.pic2pat.com\/fr\/wp-json\/wp\/v2\/product_cat?post=21186"},{"taxonomy":"product_tag","embeddable":true,"href":"https:\/\/webshop.pic2pat.com\/fr\/wp-json\/wp\/v2\/product_tag?post=21186"}],"curies":[{"name":"wp","href":"https:\/\/api.w.org\/{rel}","templated":true}]}}