{"id":25465,"date":"2026-05-07T17:59:28","date_gmt":"2026-05-07T16:59:28","guid":{"rendered":"https:\/\/webshop.pic2pat.com\/politique-de-confidentialite-et-de-cookies\/"},"modified":"2026-05-10T17:54:19","modified_gmt":"2026-05-10T16:54:19","slug":"politique-de-confidentialite","status":"publish","type":"page","link":"https:\/\/webshop.pic2pat.com\/fr\/politique-de-confidentialite\/","title":{"rendered":"Politique de confidentialit\u00e9 et de cookies"},"content":{"rendered":"\n<p>Pic2Pat respecte la vie priv\u00e9e des visiteurs de son site web, en particulier leurs droits concernant le traitement automatis\u00e9 des donn\u00e9es \u00e0 caract\u00e8re personnel. Nous avons donc formul\u00e9 et mis en \u0153uvre une politique de transparence compl\u00e8te envers nos clients concernant le traitement des donn\u00e9es \u00e0 caract\u00e8re personnel, ses finalit\u00e9s et les possibilit\u00e9s d\u2019exercer vos droits l\u00e9gaux de la meilleure mani\u00e8re possible.&#13;\n<\/p>\n\n<p>Si vous souhaitez obtenir des informations suppl\u00e9mentaires concernant la protection des donn\u00e9es \u00e0 caract\u00e8re personnel, veuillez consulter le site web de l\u2019Autorit\u00e9 n\u00e9erlandaise de protection des donn\u00e9es (Autoriteit Persoonsgegevens) : <a href=\"https:\/\/autoriteitpersoonsgegevens.nl\">https:\/\/autoriteitpersoonsgegevens.nl\/en&#13;\n<\/a>.<\/p>\n\n<p>Tant que vous n\u2019avez pas accept\u00e9 l\u2019utilisation des cookies et autres dispositifs de suivi, nous ne placerons aucun cookie analytique non anonymis\u00e9 et\/ou cookie de suivi sur votre ordinateur, t\u00e9l\u00e9phone mobile ou tablette.<br\/>En poursuivant votre visite sur ce site web, vous acceptez les pr\u00e9sentes conditions d\u2019utilisation ainsi que l\u2019utilisation de cookies et d\u2019autres syst\u00e8mes de suivi, sauf si nous avons pr\u00e9vu une autre m\u00e9thode d\u2019acceptation des cookies sur notre site web.<br\/><\/p>\n\n<p>La version actuellement disponible de cette politique de confidentialit\u00e9 est la seule version applicable lors de la visite de notre site web, jusqu\u2019\u00e0 ce qu\u2019une nouvelle version remplace la version actuelle.&#13;\n<\/p>\n\n<h2 class=\"wp-block-heading\">Article 1 &#8211; D\u00e9finitions<\/h2>\n\n<ol class=\"wp-block-list\">\n<li>Site web (ci-apr\u00e8s : le \u00ab Site web \u00bb) : pic2pat.com.<\/li>\n\n\n\n<li>Responsable du traitement des donn\u00e9es \u00e0 caract\u00e8re personnel (ci-apr\u00e8s : le \u00ab responsable du traitement \u00bb) : Pic2Pat, \u00e9tabli \u00e0 Vaart Oostzijde 7, 8435 WD Donkerbroek, Pays-Bas, num\u00e9ro de la Chambre de commerce : 01063918.&#13;\n<\/li>\n<\/ol>\n\n<h2 class=\"wp-block-heading\">Article 2 &#8211; Acc\u00e8s au site web<\/h2>\n\n<p>L\u2019acc\u00e8s au site web et son utilisation sont strictement personnels. Vous vous abstiendrez d\u2019utiliser les donn\u00e9es et informations de ce site web \u00e0 des fins commerciales, politiques ou publicitaires personnelles, ainsi que pour toute offre commerciale, en particulier les offres \u00e9lectroniques non sollicit\u00e9es.<\/p>\n\n<h2 class=\"wp-block-heading\">Article 3 &#8211; Contenu du site web<\/h2>\n\n<p>Toutes les marques, images, textes, commentaires, illustrations, images (anim\u00e9es), images vid\u00e9o, sons, ainsi que toutes les applications techniques pouvant \u00eatre utilis\u00e9es pour faire fonctionner ce site web et, plus g\u00e9n\u00e9ralement, tous les composants utilis\u00e9s sur ce site web, sont prot\u00e9g\u00e9s par les lois relatives \u00e0 la propri\u00e9t\u00e9 intellectuelle. Toute reproduction, r\u00e9p\u00e9tition, utilisation ou modification, par quelque moyen que ce soit, de tout ou partie de ceux-ci, y compris les applications techniques, sans l\u2019autorisation \u00e9crite pr\u00e9alable du responsable du traitement, est strictement interdite. Le fait que le responsable du traitement ne prenne pas imm\u00e9diatement de mesures contre une quelconque infraction ne peut \u00eatre interpr\u00e9t\u00e9 comme un consentement tacite ni comme une renonciation \u00e0 tout droit de poursuite \u00e0 l\u2019encontre de la partie contrevenante.&#13;\n<\/p>\n\n<h2 class=\"wp-block-heading\">Article 4 &#8211; Gestion du site web<\/h2>\n\n<p>Aux fins de la bonne gestion du site, le responsable du traitement peut \u00e0 tout moment :&#13;\n<\/p>\n\n<ol class=\"wp-block-list\">\n<li>suspendre, interrompre, r\u00e9duire ou refuser l\u2019acc\u00e8s au site web pour une cat\u00e9gorie particuli\u00e8re de visiteurs ;&#13;\n<\/li>\n\n\n\n<li>supprimer toute information susceptible de perturber le fonctionnement du site web, d\u2019entrer en conflit avec les lois nationales ou internationales ou d\u2019\u00eatre contraire aux r\u00e8gles de conduite sur Internet ;&#13;\n<\/li>\n\n\n\n<li>rendre le site web temporairement indisponible afin d\u2019effectuer des mises \u00e0 jour ;<\/li>\n<\/ol>\n\n<h2 class=\"wp-block-heading\">Article 5 &#8211; Responsabilit\u00e9s<\/h2>\n\n<ol class=\"wp-block-list\">\n<li>Le responsable du traitement ne peut \u00eatre tenu responsable de toute d\u00e9faillance, perturbation, difficult\u00e9 ou interruption du fonctionnement du site web entra\u00eenant l\u2019inaccessibilit\u00e9 (temporaire) du site web ou de l\u2019une de ses fonctionnalit\u00e9s. Vous \u00eates vous-m\u00eame responsable de la mani\u00e8re dont vous vous connectez \u00e0 notre site web. Vous devez prendre toutes les mesures appropri\u00e9es afin de prot\u00e9ger votre \u00e9quipement et vos donn\u00e9es contre des dangers tels que les attaques de virus sur Internet. En outre, vous \u00eates responsable des sites web que vous consultez et des informations que vous recherchez.&#13;\n<\/li>\n\n\n\n<li>Le responsable du traitement ne peut \u00eatre tenu responsable de toute proc\u00e9dure judiciaire engag\u00e9e contre vous :\n<ol class=\"wp-block-list\">\n<li>en raison de l\u2019utilisation du site web ou des services accessibles via Internet ;<\/li>\n\n\n\n<li>pour violation des dispositions de la pr\u00e9sente politique de confidentialit\u00e9 ;<\/li>\n<\/ol>\n<\/li>\n\n\n\n<li>Le responsable du traitement ne peut \u00eatre tenu responsable des dommages subis par vous-m\u00eame, des tiers ou votre \u00e9quipement, r\u00e9sultant de votre connexion au site web ou de son utilisation, et vous vous abstiendrez de toute action (judiciaire) ult\u00e9rieure \u00e0 l\u2019encontre du responsable du traitement.&#13;\n<\/li>\n\n\n\n<li>Si le responsable du traitement est impliqu\u00e9 dans un litige en raison de votre utilisation (abusive) de ce site web, il est en droit de vous r\u00e9clamer (\u00e0 nouveau) l\u2019ensemble des dommages qui en d\u00e9coulent.&#13;\n<\/li>\n<\/ol>\n\n<h2 class=\"wp-block-heading\">Article 6 &#8211; Collecte des donn\u00e9es<\/h2>\n\n<ol class=\"wp-block-list\">\n<li>Vos donn\u00e9es \u00e0 caract\u00e8re personnel seront collect\u00e9es par Pic2Pat et par un ou plusieurs sous-traitants externes.<\/li>\n\n\n\n<li>Les donn\u00e9es \u00e0 caract\u00e8re personnel d\u00e9signent toute information se rapportant \u00e0 une personne physique identifi\u00e9e ou identifiable (\u00ab personne concern\u00e9e \u00bb).&#13;\n<\/li>\n\n\n\n<li>Une personne physique identifiable est une personne physique qui peut \u00eatre identifi\u00e9e, directement ou indirectement, notamment par r\u00e9f\u00e9rence \u00e0 un identifiant tel qu\u2019un nom, un num\u00e9ro d\u2019identification, des donn\u00e9es de localisation, un identifiant en ligne ou \u00e0 un ou plusieurs \u00e9l\u00e9ments sp\u00e9cifiques propres \u00e0 son identit\u00e9 physique, physiologique, g\u00e9n\u00e9tique, psychique, \u00e9conomique, culturelle ou sociale.&#13;\n<\/li>\n\n\n\n<li>Les donn\u00e9es \u00e0 caract\u00e8re personnel collect\u00e9es sur le site web sont principalement utilis\u00e9es par le responsable du traitement afin de maintenir une relation (commerciale) avec vous et, le cas \u00e9ch\u00e9ant, afin de traiter vos commandes. Elles sont enregistr\u00e9es dans un registre (\u00e9lectronique).&#13;\n<\/li>\n<\/ol>\n\n<h2 class=\"wp-block-heading\">Article 7 &#8211; Vos droits concernant l\u2019information<\/h2>\n\n<ol class=\"wp-block-list\">\n<li>Conform\u00e9ment \u00e0 l\u2019article 13, paragraphe 2, point b du RGPD, chaque personne concern\u00e9e dispose d\u2019un droit d\u2019information et d\u2019acc\u00e8s \u00e0 ses donn\u00e9es \u00e0 caract\u00e8re personnel, ainsi que d\u2019un droit de rectification, d\u2019effacement et de limitation du traitement de ses donn\u00e9es \u00e0 caract\u00e8re personnel, ainsi que du droit de s\u2019opposer au traitement et du droit \u00e0 la portabilit\u00e9 des donn\u00e9es.&#13;\n<\/li>\n\n\n\n<li>Vous pouvez exercer ces droits en nous contactant \u00e0 l\u2019adresse suivante : privacy@pic2pat.com .<\/li>\n\n\n\n<li>Chaque demande doit \u00eatre accompagn\u00e9e d\u2019une copie d\u2019une pi\u00e8ce d\u2019identit\u00e9 valide, sur laquelle vous apposez votre signature et indiquez l\u2019adresse \u00e0 laquelle nous pouvons vous contacter.&#13;\n<\/li>\n\n\n\n<li>Vous recevrez une r\u00e9ponse de notre part dans un d\u00e9lai d\u2019un mois \u00e0 compter de la soumission de la demande.<\/li>\n\n\n\n<li>En fonction de la complexit\u00e9 et du nombre de demandes, ce d\u00e9lai peut \u00eatre prolong\u00e9 de deux mois.&#13;\n<\/li>\n<\/ol>\n\n<h2 class=\"wp-block-heading\">Article 8 &#8211; Obligations l\u00e9gales<\/h2>\n\n<ol class=\"wp-block-list\">\n<li>En cas de violation d\u2019une loi ou d\u2019un r\u00e8glement, dont un visiteur est suspect\u00e9, et pour laquelle les autorit\u00e9s exigent les donn\u00e9es \u00e0 caract\u00e8re personnel collect\u00e9es par le responsable du traitement, celles-ci leur seront fournies \u00e0 la suite d\u2019une demande explicite et motiv\u00e9e desdites autorit\u00e9s, apr\u00e8s quoi ces donn\u00e9es \u00e0 caract\u00e8re personnel ne rel\u00e8veront plus de la protection des dispositions de la pr\u00e9sente politique de confidentialit\u00e9.&#13;\n<\/li>\n\n\n\n<li>Si certaines informations sont n\u00e9cessaires afin d\u2019obtenir l\u2019acc\u00e8s \u00e0 certaines fonctionnalit\u00e9s du site web, le responsable du traitement indiquera le caract\u00e8re obligatoire de ces informations lors de la demande de ces donn\u00e9es.&#13;\n<\/li>\n<\/ol>\n\n<h2 class=\"wp-block-heading\">Article 9 &#8211; Donn\u00e9es collect\u00e9es et offres commerciales<\/h2>\n\n<ol class=\"wp-block-list\">\n<li>Vous pouvez recevoir des offres commerciales de la part du responsable du traitement. Si vous ne souhaitez plus les recevoir, veuillez nous envoyer un e-mail \u00e0 l\u2019adresse suivante : privacy@pic2pat.com&#13;\n.<\/li>\n\n\n\n<li>Vos donn\u00e9es \u00e0 caract\u00e8re personnel peuvent \u00eatre utilis\u00e9es par nos partenaires \u00e0 des fins commerciales. Si vous ne souhaitez pas que cela se produise, veuillez nous envoyer un e-mail \u00e0 l\u2019adresse suivante : [privacy@pic2pat.com](mailto:privacy@pic2pat.com).&#13;\n<\/li>\n\n\n\n<li>Si, lors de votre visite sur notre site web, vous rencontrez des donn\u00e9es \u00e0 caract\u00e8re personnel d\u2019autres personnes concern\u00e9es, vous devez vous abstenir de les collecter, de toute utilisation non autoris\u00e9e ou de tout autre acte constituant une atteinte \u00e0 la vie priv\u00e9e de la ou des personnes concern\u00e9es en question. Le responsable du traitement n\u2019est pas responsable dans de telles circonstances.&#13;\n<\/li>\n<\/ol>\n\n<h2 class=\"wp-block-heading\">Article 10 &#8211; Conservation des donn\u00e9es<\/h2>\n\n<p>Les donn\u00e9es collect\u00e9es sont utilis\u00e9es et conserv\u00e9es pendant la dur\u00e9e d\u00e9termin\u00e9e par la loi.<\/p>\n\n<h2 class=\"wp-block-heading\">Article 11 &#8211; Cookies<\/h2>\n\n<ol class=\"wp-block-list\">\n<li>Un cookie est un petit fichier texte plac\u00e9 sur le disque dur de votre appareil \u00e9lectronique lors de la visite de notre site web. Un cookie contient des donn\u00e9es permettant de vous reconna\u00eetre en tant que visiteur lorsque vous consultez notre site web. Il nous permet de nous adapter \u00e0 vos besoins et facilite votre connexion \u00e0 notre site web. Lorsque vous visitez notre site web, nous vous informons de l\u2019utilisation des cookies. En continuant \u00e0 utiliser notre site web, vous acceptez leur utilisation, sauf si nous demandons votre consentement par d\u2019autres moyens. Votre consentement est valable pour une dur\u00e9e de treize mois.&#13;\n<\/li>\n\n\n\n<li>Nous utilisons les types de cookies suivants sur notre site web :\n<ol class=\"wp-block-list\">\n<li>Cookies fonctionnels : tels que les cookies de session et de connexion permettant de collecter des informations relatives \u00e0 la session et \u00e0 la connexion.&#13;\n<\/li>\n\n\n\n<li>Cookies analytiques anonymis\u00e9s : afin d\u2019obtenir des informations concernant les visites sur notre site web, telles que le nombre de visiteurs, les pages populaires et les sujets consult\u00e9s. De cette mani\u00e8re, nous pouvons adapter notre communication et nos informations aux besoins de nos visiteurs. Nous ne pouvons pas voir qui visite nos sites ni \u00e0 partir de quel appareil personnel la visite a eu lieu.&#13;\n<\/li>\n\n\n\n<li>Cookies analytiques non anonymis\u00e9s : afin d\u2019obtenir des informations concernant les visites sur notre site web, telles que le nombre de visiteurs, les pages populaires et les sujets consult\u00e9s. De cette mani\u00e8re, nous pouvons adapter notre communication et nos informations aux besoins de nos visiteurs.&#13;\n<\/li>\n\n\n\n<li>Cookies de suivi : tels que les cookies publicitaires destin\u00e9s \u00e0 afficher des publicit\u00e9s pertinentes. En utilisant ces cookies, nous pouvons d\u00e9duire vos int\u00e9r\u00eats personnels. Ainsi, d\u2019autres organisations peuvent vous montrer des publicit\u00e9s cibl\u00e9es lorsque vous visitez leur site web. Les cookies de suivi permettent le profilage et traitent diff\u00e9remment des cat\u00e9gories de personnes lors du ciblage publicitaire. Les cookies de suivi traitent g\u00e9n\u00e9ralement des donn\u00e9es \u00e0 caract\u00e8re personnel.&#13;\n<\/li>\n<\/ol>\n<\/li>\n\n\n\n<li>Plus pr\u00e9cis\u00e9ment, nous utilisons les cookies suivants sur notre site web :\n<ul class=\"wp-block-list\">\n<li>Google Analytics anonymis\u00e9 (cookie analytique)<\/li>\n\n\n\n<li>Google AdWords (cookie de suivi)<\/li>\n<\/ul>\n<\/li>\n\n\n\n<li>Lorsque vous visitez notre site web, des cookies du responsable du traitement et\/ou de tiers peuvent \u00eatre install\u00e9s sur votre \u00e9quipement.&#13;\n<\/li>\n\n\n\n<li>Pour plus d\u2019informations concernant l\u2019utilisation, la gestion et la suppression des cookies pour chaque appareil \u00e9lectronique, nous vous invitons \u00e0 consulter le lien suivant : <a href=\"https:\/\/autoriteitpersoonsgegevens.nl\/nl\/onderwerpen\/internet-telefoon-tv-en-post\/cookies#faq\">https:\/\/autoriteitpersoonsgegevens.nl\/nl\/onderwerpen\/internet-telefoon-tv-en-post\/cookies#faq<\/a><\/li>\n<\/ol>\n\n<h2 class=\"wp-block-heading\">Article 12 &#8211; Images et produits propos\u00e9s<\/h2>\n\n<p>Vous ne pouvez tirer aucun droit des images accompagnant tout produit propos\u00e9 sur notre site web.&#13;\n<\/p>\n\n<h2 class=\"wp-block-heading\">Article 13 &#8211; Droit applicable<\/h2>\n\n<p>Les pr\u00e9sentes conditions sont r\u00e9gies par le droit n\u00e9erlandais. Le tribunal du ressort dans lequel le responsable du traitement a son si\u00e8ge social est seul comp\u00e9tent pour tout litige relatif aux pr\u00e9sentes conditions, sauf disposition l\u00e9gale contraire.&#13;\n<\/p>\n\n<h2 class=\"wp-block-heading\">Article 14 &#8211; Contact<\/h2>\n\n<p>Pour toute question, information sur les produits ou information concernant le site web lui-m\u00eame, veuillez contacter : Service Confidentialit\u00e9, privacy@pic2pat.com&#13;\n, +31-85-8888899.<\/p>\n","protected":false},"excerpt":{"rendered":"<p>Pic2Pat respecte la vie priv\u00e9e des visiteurs de son site web, en particulier leurs droits concernant le traitement automatis\u00e9 des donn\u00e9es \u00e0 caract\u00e8re personnel. Nous avons donc formul\u00e9 et mis en \u0153uvre une politique de transparence compl\u00e8te envers nos clients concernant le traitement des donn\u00e9es \u00e0 caract\u00e8re personnel, ses finalit\u00e9s et les possibilit\u00e9s d\u2019exercer vos [&hellip;]<\/p>\n","protected":false},"author":3,"featured_media":0,"parent":0,"menu_order":0,"comment_status":"closed","ping_status":"closed","template":"","meta":{"footnotes":""},"class_list":["post-25465","page","type-page","status-publish","hentry"],"yoast_head":"<!-- This site is optimized with the Yoast SEO plugin v27.5 - https:\/\/yoast.com\/product\/yoast-seo-wordpress\/ -->\n<title>Politique de confidentialit\u00e9 et de cookies - Pic2Pat<\/title>\n<meta name=\"robots\" content=\"noindex, follow\" \/>\n<meta property=\"og:locale\" content=\"fr_FR\" \/>\n<meta property=\"og:type\" content=\"article\" \/>\n<meta property=\"og:title\" content=\"Politique de confidentialit\u00e9 et de cookies - Pic2Pat\" \/>\n<meta property=\"og:description\" content=\"Pic2Pat respecte la vie priv\u00e9e des visiteurs de son site web, en particulier leurs droits concernant le traitement automatis\u00e9 des donn\u00e9es \u00e0 caract\u00e8re personnel. Nous avons donc formul\u00e9 et mis en \u0153uvre une politique de transparence compl\u00e8te envers nos clients concernant le traitement des donn\u00e9es \u00e0 caract\u00e8re personnel, ses finalit\u00e9s et les possibilit\u00e9s d\u2019exercer vos [&hellip;]\" \/>\n<meta property=\"og:url\" content=\"https:\/\/webshop.pic2pat.com\/fr\/politique-de-confidentialite\/\" \/>\n<meta property=\"og:site_name\" content=\"Pic2Pat\" \/>\n<meta property=\"article:modified_time\" content=\"2026-05-10T16:54:19+00:00\" \/>\n<meta name=\"twitter:card\" content=\"summary_large_image\" \/>\n<meta name=\"twitter:label1\" content=\"Dur\u00e9e de lecture estim\u00e9e\" \/>\n\t<meta name=\"twitter:data1\" content=\"8 minutes\" \/>\n<script type=\"application\/ld+json\" class=\"yoast-schema-graph\">{\"@context\":\"https:\\\/\\\/schema.org\",\"@graph\":[{\"@type\":\"WebPage\",\"@id\":\"https:\\\/\\\/webshop.pic2pat.com\\\/fr\\\/politique-de-confidentialite\\\/\",\"url\":\"https:\\\/\\\/webshop.pic2pat.com\\\/fr\\\/politique-de-confidentialite\\\/\",\"name\":\"Politique de confidentialit\u00e9 et de cookies - Pic2Pat\",\"isPartOf\":{\"@id\":\"https:\\\/\\\/webshop.pic2pat.com\\\/fr\\\/#website\"},\"datePublished\":\"2026-05-07T16:59:28+00:00\",\"dateModified\":\"2026-05-10T16:54:19+00:00\",\"breadcrumb\":{\"@id\":\"https:\\\/\\\/webshop.pic2pat.com\\\/fr\\\/politique-de-confidentialite\\\/#breadcrumb\"},\"inLanguage\":\"fr-FR\",\"potentialAction\":[{\"@type\":\"ReadAction\",\"target\":[\"https:\\\/\\\/webshop.pic2pat.com\\\/fr\\\/politique-de-confidentialite\\\/\"]}]},{\"@type\":\"BreadcrumbList\",\"@id\":\"https:\\\/\\\/webshop.pic2pat.com\\\/fr\\\/politique-de-confidentialite\\\/#breadcrumb\",\"itemListElement\":[{\"@type\":\"ListItem\",\"position\":1,\"name\":\"Home\",\"item\":\"https:\\\/\\\/webshop.pic2pat.com\\\/fr\\\/\"},{\"@type\":\"ListItem\",\"position\":2,\"name\":\"Politique de confidentialit\u00e9 et de cookies\"}]},{\"@type\":\"WebSite\",\"@id\":\"https:\\\/\\\/webshop.pic2pat.com\\\/fr\\\/#website\",\"url\":\"https:\\\/\\\/webshop.pic2pat.com\\\/fr\\\/\",\"name\":\"Pic2Pat\",\"description\":\"\",\"publisher\":{\"@id\":\"https:\\\/\\\/webshop.pic2pat.com\\\/fr\\\/#organization\"},\"potentialAction\":[{\"@type\":\"SearchAction\",\"target\":{\"@type\":\"EntryPoint\",\"urlTemplate\":\"https:\\\/\\\/webshop.pic2pat.com\\\/fr\\\/?s={search_term_string}\"},\"query-input\":{\"@type\":\"PropertyValueSpecification\",\"valueRequired\":true,\"valueName\":\"search_term_string\"}}],\"inLanguage\":\"fr-FR\"},{\"@type\":\"Organization\",\"@id\":\"https:\\\/\\\/webshop.pic2pat.com\\\/fr\\\/#organization\",\"name\":\"Pic2Pat\",\"url\":\"https:\\\/\\\/webshop.pic2pat.com\\\/fr\\\/\",\"logo\":{\"@type\":\"ImageObject\",\"inLanguage\":\"fr-FR\",\"@id\":\"https:\\\/\\\/webshop.pic2pat.com\\\/fr\\\/#\\\/schema\\\/logo\\\/image\\\/\",\"url\":\"https:\\\/\\\/webshop.pic2pat.com\\\/wp-content\\\/uploads\\\/2021\\\/05\\\/cropped-shop-logo.png\",\"contentUrl\":\"https:\\\/\\\/webshop.pic2pat.com\\\/wp-content\\\/uploads\\\/2021\\\/05\\\/cropped-shop-logo.png\",\"width\":470,\"height\":110,\"caption\":\"Pic2Pat\"},\"image\":{\"@id\":\"https:\\\/\\\/webshop.pic2pat.com\\\/fr\\\/#\\\/schema\\\/logo\\\/image\\\/\"}}]}<\/script>\n<!-- \/ Yoast SEO plugin. -->","yoast_head_json":{"title":"Politique de confidentialit\u00e9 et de cookies - Pic2Pat","robots":{"index":"noindex","follow":"follow"},"og_locale":"fr_FR","og_type":"article","og_title":"Politique de confidentialit\u00e9 et de cookies - Pic2Pat","og_description":"Pic2Pat respecte la vie priv\u00e9e des visiteurs de son site web, en particulier leurs droits concernant le traitement automatis\u00e9 des donn\u00e9es \u00e0 caract\u00e8re personnel. Nous avons donc formul\u00e9 et mis en \u0153uvre une politique de transparence compl\u00e8te envers nos clients concernant le traitement des donn\u00e9es \u00e0 caract\u00e8re personnel, ses finalit\u00e9s et les possibilit\u00e9s d\u2019exercer vos [&hellip;]","og_url":"https:\/\/webshop.pic2pat.com\/fr\/politique-de-confidentialite\/","og_site_name":"Pic2Pat","article_modified_time":"2026-05-10T16:54:19+00:00","twitter_card":"summary_large_image","twitter_misc":{"Dur\u00e9e de lecture estim\u00e9e":"8 minutes"},"schema":{"@context":"https:\/\/schema.org","@graph":[{"@type":"WebPage","@id":"https:\/\/webshop.pic2pat.com\/fr\/politique-de-confidentialite\/","url":"https:\/\/webshop.pic2pat.com\/fr\/politique-de-confidentialite\/","name":"Politique de confidentialit\u00e9 et de cookies - Pic2Pat","isPartOf":{"@id":"https:\/\/webshop.pic2pat.com\/fr\/#website"},"datePublished":"2026-05-07T16:59:28+00:00","dateModified":"2026-05-10T16:54:19+00:00","breadcrumb":{"@id":"https:\/\/webshop.pic2pat.com\/fr\/politique-de-confidentialite\/#breadcrumb"},"inLanguage":"fr-FR","potentialAction":[{"@type":"ReadAction","target":["https:\/\/webshop.pic2pat.com\/fr\/politique-de-confidentialite\/"]}]},{"@type":"BreadcrumbList","@id":"https:\/\/webshop.pic2pat.com\/fr\/politique-de-confidentialite\/#breadcrumb","itemListElement":[{"@type":"ListItem","position":1,"name":"Home","item":"https:\/\/webshop.pic2pat.com\/fr\/"},{"@type":"ListItem","position":2,"name":"Politique de confidentialit\u00e9 et de cookies"}]},{"@type":"WebSite","@id":"https:\/\/webshop.pic2pat.com\/fr\/#website","url":"https:\/\/webshop.pic2pat.com\/fr\/","name":"Pic2Pat","description":"","publisher":{"@id":"https:\/\/webshop.pic2pat.com\/fr\/#organization"},"potentialAction":[{"@type":"SearchAction","target":{"@type":"EntryPoint","urlTemplate":"https:\/\/webshop.pic2pat.com\/fr\/?s={search_term_string}"},"query-input":{"@type":"PropertyValueSpecification","valueRequired":true,"valueName":"search_term_string"}}],"inLanguage":"fr-FR"},{"@type":"Organization","@id":"https:\/\/webshop.pic2pat.com\/fr\/#organization","name":"Pic2Pat","url":"https:\/\/webshop.pic2pat.com\/fr\/","logo":{"@type":"ImageObject","inLanguage":"fr-FR","@id":"https:\/\/webshop.pic2pat.com\/fr\/#\/schema\/logo\/image\/","url":"https:\/\/webshop.pic2pat.com\/wp-content\/uploads\/2021\/05\/cropped-shop-logo.png","contentUrl":"https:\/\/webshop.pic2pat.com\/wp-content\/uploads\/2021\/05\/cropped-shop-logo.png","width":470,"height":110,"caption":"Pic2Pat"},"image":{"@id":"https:\/\/webshop.pic2pat.com\/fr\/#\/schema\/logo\/image\/"}}]}},"_links":{"self":[{"href":"https:\/\/webshop.pic2pat.com\/fr\/wp-json\/wp\/v2\/pages\/25465","targetHints":{"allow":["GET"]}}],"collection":[{"href":"https:\/\/webshop.pic2pat.com\/fr\/wp-json\/wp\/v2\/pages"}],"about":[{"href":"https:\/\/webshop.pic2pat.com\/fr\/wp-json\/wp\/v2\/types\/page"}],"author":[{"embeddable":true,"href":"https:\/\/webshop.pic2pat.com\/fr\/wp-json\/wp\/v2\/users\/3"}],"replies":[{"embeddable":true,"href":"https:\/\/webshop.pic2pat.com\/fr\/wp-json\/wp\/v2\/comments?post=25465"}],"version-history":[{"count":0,"href":"https:\/\/webshop.pic2pat.com\/fr\/wp-json\/wp\/v2\/pages\/25465\/revisions"}],"wp:attachment":[{"href":"https:\/\/webshop.pic2pat.com\/fr\/wp-json\/wp\/v2\/media?parent=25465"}],"curies":[{"name":"wp","href":"https:\/\/api.w.org\/{rel}","templated":true}]}}