{"id":25460,"date":"2026-05-07T17:57:49","date_gmt":"2026-05-07T16:57:49","guid":{"rendered":"https:\/\/webshop.pic2pat.com\/expedition\/"},"modified":"2026-05-09T23:08:13","modified_gmt":"2026-05-09T22:08:13","slug":"expedition","status":"publish","type":"page","link":"https:\/\/webshop.pic2pat.com\/fr\/expedition\/","title":{"rendered":"Exp\u00e9dition"},"content":{"rendered":"\n<p>Toutes les commandes sont exp\u00e9di\u00e9es depuis les Pays-Bas.<\/p>\n\n<p>Nous exp\u00e9dions nos produits dans le monde entier vers toutes les destinations accessibles soit par les services postaux internationaux, soit par DHL Express pour certaines destinations s\u00e9lectionn\u00e9es. Nous ne proposons pas d\u2019autres options d\u2019exp\u00e9dition.&#13;\n<\/p>\n\n<h2 class=\"wp-block-heading\">Service postal<\/h2>\n\n<p>Notre option d\u2019exp\u00e9dition par d\u00e9faut est le service postal.<\/p>\n\n<h3 class=\"wp-block-heading\">D\u00e9lai de livraison estim\u00e9<\/h3>\n\n<p>Une estimation du d\u00e9lai de livraison est indiqu\u00e9e sur les pages Panier et Paiement. Cette estimation est bas\u00e9e sur notre propre d\u00e9lai de traitement interne, combin\u00e9 au d\u00e9lai de traitement fourni par le service postal n\u00e9erlandais PostNL. Ces estimations ne sont pas contraignantes.&#13;\n<\/p>\n\n<p>Tous nos produits sont en stock et les commandes re\u00e7ues avant 15h00 CET (heure d\u2019Europe centrale) les jours ouvrables seront exp\u00e9di\u00e9es le jour m\u00eame. Si la quantit\u00e9 d\u2019un produit d\u00e9passe notre stock actuel, nous commanderons les produits manquants aupr\u00e8s de notre fournisseur. Cela ajoutera deux jours ouvrables suppl\u00e9mentaires au d\u00e9lai de livraison d\u00e9j\u00e0 calcul\u00e9 dans l\u2019estimation de livraison sur la page de paiement.&#13;\n<\/p>\n\n<h3 class=\"wp-block-heading\">Frais d\u2019exp\u00e9dition<\/h3>\n\n<p>Nous offrons la <strong>LIVRAISON GRATUITE<\/strong> sur toutes les commandes dont le montant total des produits est d\u2019au moins <strong>15,00 \u20ac<\/strong> vers toutes les destinations dans le monde entier.<br\/><\/p>\n\n<p>Pour les commandes de plus faible montant, nous ajoutons des frais d\u2019exp\u00e9dition modestes de <strong>2,99 \u20ac<\/strong>.<br\/><\/p>\n\n<h3 class=\"wp-block-heading\">Frais suppl\u00e9mentaires<\/h3>\n\n<p>Pour les commandes exp\u00e9di\u00e9es par le service postal, nous ne facturons aucun autre frais que les frais d\u2019exp\u00e9dition mentionn\u00e9s ci-dessus.&#13;\n<\/p>\n\n<p>Pour les commandes \u00e0 destination de pays situ\u00e9s hors de l\u2019Union europ\u00e9enne, des frais suppl\u00e9mentaires li\u00e9s aux proc\u00e9dures douani\u00e8res peuvent s\u2019appliquer. Ces frais doivent \u00eatre int\u00e9gralement pay\u00e9s par l\u2019acheteur. Veuillez consulter notre page concernant la <a href=\"https:\/\/webshop.pic2pat.com\/fr\/tva-sur-les-commandes\/\">TVA sur les commandes<\/a> pour plus de d\u00e9tails.<br\/><\/p>\n\n<h2 class=\"wp-block-heading\">DHL Express<\/h2>\n\n<p>Si vous souhaitez acc\u00e9l\u00e9rer l\u2019exp\u00e9dition et utiliser DHL Express au lieu du service postal, veuillez nous envoyer un e-mail pour obtenir un devis avant de finaliser votre commande.&#13;\n<\/p>\n","protected":false},"excerpt":{"rendered":"<p>Toutes les commandes sont exp\u00e9di\u00e9es depuis les Pays-Bas. Nous exp\u00e9dions nos produits dans le monde entier vers toutes les destinations accessibles soit par les services postaux internationaux, soit par DHL Express pour certaines destinations s\u00e9lectionn\u00e9es. Nous ne proposons pas d\u2019autres options d\u2019exp\u00e9dition.&#13; Service postal Notre option d\u2019exp\u00e9dition par d\u00e9faut est le service postal. D\u00e9lai de [&hellip;]<\/p>\n","protected":false},"author":3,"featured_media":0,"parent":0,"menu_order":0,"comment_status":"closed","ping_status":"closed","template":"","meta":{"footnotes":""},"class_list":["post-25460","page","type-page","status-publish","hentry"],"yoast_head":"<!-- This site is optimized with the Yoast SEO plugin v27.5 - https:\/\/yoast.com\/product\/yoast-seo-wordpress\/ -->\n<title>Exp\u00e9dition - Pic2Pat<\/title>\n<meta name=\"robots\" content=\"index, follow, max-snippet:-1, max-image-preview:large, max-video-preview:-1\" \/>\n<link rel=\"canonical\" href=\"https:\/\/webshop.pic2pat.com\/fr\/expedition\/\" \/>\n<meta property=\"og:locale\" content=\"fr_FR\" \/>\n<meta property=\"og:type\" content=\"article\" \/>\n<meta property=\"og:title\" content=\"Exp\u00e9dition - Pic2Pat\" \/>\n<meta property=\"og:description\" content=\"Toutes les commandes sont exp\u00e9di\u00e9es depuis les Pays-Bas. Nous exp\u00e9dions nos produits dans le monde entier vers toutes les destinations accessibles soit par les services postaux internationaux, soit par DHL Express pour certaines destinations s\u00e9lectionn\u00e9es. Nous ne proposons pas d\u2019autres options d\u2019exp\u00e9dition.&#013; Service postal Notre option d\u2019exp\u00e9dition par d\u00e9faut est le service postal. D\u00e9lai de [&hellip;]\" \/>\n<meta property=\"og:url\" content=\"https:\/\/webshop.pic2pat.com\/fr\/expedition\/\" \/>\n<meta property=\"og:site_name\" content=\"Pic2Pat\" \/>\n<meta property=\"article:modified_time\" content=\"2026-05-09T22:08:13+00:00\" \/>\n<meta name=\"twitter:card\" content=\"summary_large_image\" \/>\n<meta name=\"twitter:label1\" content=\"Dur\u00e9e de lecture estim\u00e9e\" \/>\n\t<meta name=\"twitter:data1\" content=\"2 minutes\" \/>\n<script type=\"application\/ld+json\" class=\"yoast-schema-graph\">{\"@context\":\"https:\\\/\\\/schema.org\",\"@graph\":[{\"@type\":\"WebPage\",\"@id\":\"https:\\\/\\\/webshop.pic2pat.com\\\/fr\\\/expedition\\\/\",\"url\":\"https:\\\/\\\/webshop.pic2pat.com\\\/fr\\\/expedition\\\/\",\"name\":\"Exp\u00e9dition - Pic2Pat\",\"isPartOf\":{\"@id\":\"https:\\\/\\\/webshop.pic2pat.com\\\/fr\\\/#website\"},\"datePublished\":\"2026-05-07T16:57:49+00:00\",\"dateModified\":\"2026-05-09T22:08:13+00:00\",\"breadcrumb\":{\"@id\":\"https:\\\/\\\/webshop.pic2pat.com\\\/fr\\\/expedition\\\/#breadcrumb\"},\"inLanguage\":\"fr-FR\",\"potentialAction\":[{\"@type\":\"ReadAction\",\"target\":[\"https:\\\/\\\/webshop.pic2pat.com\\\/fr\\\/expedition\\\/\"]}]},{\"@type\":\"BreadcrumbList\",\"@id\":\"https:\\\/\\\/webshop.pic2pat.com\\\/fr\\\/expedition\\\/#breadcrumb\",\"itemListElement\":[{\"@type\":\"ListItem\",\"position\":1,\"name\":\"Home\",\"item\":\"https:\\\/\\\/webshop.pic2pat.com\\\/fr\\\/\"},{\"@type\":\"ListItem\",\"position\":2,\"name\":\"Exp\u00e9dition\"}]},{\"@type\":\"WebSite\",\"@id\":\"https:\\\/\\\/webshop.pic2pat.com\\\/fr\\\/#website\",\"url\":\"https:\\\/\\\/webshop.pic2pat.com\\\/fr\\\/\",\"name\":\"Pic2Pat\",\"description\":\"\",\"publisher\":{\"@id\":\"https:\\\/\\\/webshop.pic2pat.com\\\/fr\\\/#organization\"},\"potentialAction\":[{\"@type\":\"SearchAction\",\"target\":{\"@type\":\"EntryPoint\",\"urlTemplate\":\"https:\\\/\\\/webshop.pic2pat.com\\\/fr\\\/?s={search_term_string}\"},\"query-input\":{\"@type\":\"PropertyValueSpecification\",\"valueRequired\":true,\"valueName\":\"search_term_string\"}}],\"inLanguage\":\"fr-FR\"},{\"@type\":\"Organization\",\"@id\":\"https:\\\/\\\/webshop.pic2pat.com\\\/fr\\\/#organization\",\"name\":\"Pic2Pat\",\"url\":\"https:\\\/\\\/webshop.pic2pat.com\\\/fr\\\/\",\"logo\":{\"@type\":\"ImageObject\",\"inLanguage\":\"fr-FR\",\"@id\":\"https:\\\/\\\/webshop.pic2pat.com\\\/fr\\\/#\\\/schema\\\/logo\\\/image\\\/\",\"url\":\"https:\\\/\\\/webshop.pic2pat.com\\\/wp-content\\\/uploads\\\/2021\\\/05\\\/cropped-shop-logo.png\",\"contentUrl\":\"https:\\\/\\\/webshop.pic2pat.com\\\/wp-content\\\/uploads\\\/2021\\\/05\\\/cropped-shop-logo.png\",\"width\":470,\"height\":110,\"caption\":\"Pic2Pat\"},\"image\":{\"@id\":\"https:\\\/\\\/webshop.pic2pat.com\\\/fr\\\/#\\\/schema\\\/logo\\\/image\\\/\"}}]}<\/script>\n<!-- \/ Yoast SEO plugin. -->","yoast_head_json":{"title":"Exp\u00e9dition - Pic2Pat","robots":{"index":"index","follow":"follow","max-snippet":"max-snippet:-1","max-image-preview":"max-image-preview:large","max-video-preview":"max-video-preview:-1"},"canonical":"https:\/\/webshop.pic2pat.com\/fr\/expedition\/","og_locale":"fr_FR","og_type":"article","og_title":"Exp\u00e9dition - Pic2Pat","og_description":"Toutes les commandes sont exp\u00e9di\u00e9es depuis les Pays-Bas. Nous exp\u00e9dions nos produits dans le monde entier vers toutes les destinations accessibles soit par les services postaux internationaux, soit par DHL Express pour certaines destinations s\u00e9lectionn\u00e9es. Nous ne proposons pas d\u2019autres options d\u2019exp\u00e9dition.&#13; Service postal Notre option d\u2019exp\u00e9dition par d\u00e9faut est le service postal. D\u00e9lai de [&hellip;]","og_url":"https:\/\/webshop.pic2pat.com\/fr\/expedition\/","og_site_name":"Pic2Pat","article_modified_time":"2026-05-09T22:08:13+00:00","twitter_card":"summary_large_image","twitter_misc":{"Dur\u00e9e de lecture estim\u00e9e":"2 minutes"},"schema":{"@context":"https:\/\/schema.org","@graph":[{"@type":"WebPage","@id":"https:\/\/webshop.pic2pat.com\/fr\/expedition\/","url":"https:\/\/webshop.pic2pat.com\/fr\/expedition\/","name":"Exp\u00e9dition - Pic2Pat","isPartOf":{"@id":"https:\/\/webshop.pic2pat.com\/fr\/#website"},"datePublished":"2026-05-07T16:57:49+00:00","dateModified":"2026-05-09T22:08:13+00:00","breadcrumb":{"@id":"https:\/\/webshop.pic2pat.com\/fr\/expedition\/#breadcrumb"},"inLanguage":"fr-FR","potentialAction":[{"@type":"ReadAction","target":["https:\/\/webshop.pic2pat.com\/fr\/expedition\/"]}]},{"@type":"BreadcrumbList","@id":"https:\/\/webshop.pic2pat.com\/fr\/expedition\/#breadcrumb","itemListElement":[{"@type":"ListItem","position":1,"name":"Home","item":"https:\/\/webshop.pic2pat.com\/fr\/"},{"@type":"ListItem","position":2,"name":"Exp\u00e9dition"}]},{"@type":"WebSite","@id":"https:\/\/webshop.pic2pat.com\/fr\/#website","url":"https:\/\/webshop.pic2pat.com\/fr\/","name":"Pic2Pat","description":"","publisher":{"@id":"https:\/\/webshop.pic2pat.com\/fr\/#organization"},"potentialAction":[{"@type":"SearchAction","target":{"@type":"EntryPoint","urlTemplate":"https:\/\/webshop.pic2pat.com\/fr\/?s={search_term_string}"},"query-input":{"@type":"PropertyValueSpecification","valueRequired":true,"valueName":"search_term_string"}}],"inLanguage":"fr-FR"},{"@type":"Organization","@id":"https:\/\/webshop.pic2pat.com\/fr\/#organization","name":"Pic2Pat","url":"https:\/\/webshop.pic2pat.com\/fr\/","logo":{"@type":"ImageObject","inLanguage":"fr-FR","@id":"https:\/\/webshop.pic2pat.com\/fr\/#\/schema\/logo\/image\/","url":"https:\/\/webshop.pic2pat.com\/wp-content\/uploads\/2021\/05\/cropped-shop-logo.png","contentUrl":"https:\/\/webshop.pic2pat.com\/wp-content\/uploads\/2021\/05\/cropped-shop-logo.png","width":470,"height":110,"caption":"Pic2Pat"},"image":{"@id":"https:\/\/webshop.pic2pat.com\/fr\/#\/schema\/logo\/image\/"}}]}},"_links":{"self":[{"href":"https:\/\/webshop.pic2pat.com\/fr\/wp-json\/wp\/v2\/pages\/25460","targetHints":{"allow":["GET"]}}],"collection":[{"href":"https:\/\/webshop.pic2pat.com\/fr\/wp-json\/wp\/v2\/pages"}],"about":[{"href":"https:\/\/webshop.pic2pat.com\/fr\/wp-json\/wp\/v2\/types\/page"}],"author":[{"embeddable":true,"href":"https:\/\/webshop.pic2pat.com\/fr\/wp-json\/wp\/v2\/users\/3"}],"replies":[{"embeddable":true,"href":"https:\/\/webshop.pic2pat.com\/fr\/wp-json\/wp\/v2\/comments?post=25460"}],"version-history":[{"count":0,"href":"https:\/\/webshop.pic2pat.com\/fr\/wp-json\/wp\/v2\/pages\/25460\/revisions"}],"wp:attachment":[{"href":"https:\/\/webshop.pic2pat.com\/fr\/wp-json\/wp\/v2\/media?parent=25460"}],"curies":[{"name":"wp","href":"https:\/\/api.w.org\/{rel}","templated":true}]}}