{"id":25450,"date":"2026-05-07T17:42:29","date_gmt":"2026-05-07T16:42:29","guid":{"rendered":"https:\/\/webshop.pic2pat.com\/options-de-paiement\/"},"modified":"2026-05-10T13:27:40","modified_gmt":"2026-05-10T12:27:40","slug":"modes-de-paiement","status":"publish","type":"page","link":"https:\/\/webshop.pic2pat.com\/fr\/modes-de-paiement\/","title":{"rendered":"Modes de paiement"},"content":{"rendered":"\n<p>Nos produits sont exp\u00e9di\u00e9s dans le monde entier. Nous proposons diff\u00e9rentes options de paiement permettant \u00e0 nos clients de r\u00e9gler leurs commandes. Les clients sont libres de choisir toute option de paiement disponible dans leur pays.&#13;\n<\/p>\n\n<p>Aucun frais suppl\u00e9mentaire n\u2019est ajout\u00e9 au montant de la commande pour les diff\u00e9rentes options de paiement.<\/p>\n\n<h2 class=\"wp-block-heading\"><img loading=\"lazy\" decoding=\"async\" width=\"64\" height=\"40\" src=\"https:\/\/webshop.pic2pat.com\/wp-content\/plugins\/woocommerce-gateway-stripe\/assets\/images\/amex.svg\" alt=\"American Express\" style=\"float:left\"\/> <img loading=\"lazy\" decoding=\"async\" width=\"64\" height=\"40\" src=\"https:\/\/webshop.pic2pat.com\/wp-content\/plugins\/woocommerce-gateway-stripe\/assets\/images\/mastercard.svg\" alt=\"Mastercard\" style=\"float:left\"\/><img loading=\"lazy\" decoding=\"async\" width=\"64\" height=\"40\" src=\"https:\/\/webshop.pic2pat.com\/wp-content\/plugins\/woocommerce-gateway-stripe\/assets\/images\/visa.svg\" alt=\"Visa\"\/><\/h2>\n\n<p>Nous acceptons les <strong>cartes de cr\u00e9dit<\/strong> pour toutes nos commandes dans le monde entier. Les cartes de cr\u00e9dit suivantes peuvent \u00eatre utilis\u00e9es sur notre site :<br\/><\/p>\n\n<ul class=\"wp-block-list\"><li>American Express<\/li><li>Mastercard<\/li><li>Visa<\/li><\/ul>\n\n<h2 class=\"wp-block-heading\"><img loading=\"lazy\" decoding=\"async\" src=\"https:\/\/webshop.pic2pat.com\/wp-content\/plugins\/theme-customisations\/assets\/PayPal.svg\" alt=\"PayPal\" width=\"150\" height=\"40\"\/><\/h2>\n\n<p><strong>PayPal<\/strong> est une plateforme de paiement pratique qui vous permet de payer directement avec votre carte de cr\u00e9dit sans compte, ou via un compte enregistr\u00e9. Nous acceptons les paiements PayPal dans le monde entier.<br\/><\/p>\n\n<h2 class=\"wp-block-heading\"><img loading=\"lazy\" decoding=\"async\" src=\"https:\/\/webshop.pic2pat.com\/wp-content\/plugins\/woocommerce-gateway-stripe\/assets\/images\/ideal.svg\" alt=\"iDeal\" width=\"57\" height=\"50\"\/><\/h2>\n\n<p><strong>iDeal <\/strong>est un syst\u00e8me de paiement utilis\u00e9 aux Pays-Bas pour payer directement avec une carte bancaire n\u00e9erlandaise. Les paiements iDeal sont trait\u00e9s imm\u00e9diatement.<br\/><\/p>\n\n<h2 class=\"wp-block-heading\"><img loading=\"lazy\" decoding=\"async\" src=\"https:\/\/webshop.pic2pat.com\/wp-content\/plugins\/woocommerce-gateway-stripe\/assets\/images\/bancontact.svg\" alt=\"Bancontact\" width=\"85\" height=\"60\"\/><\/h2>\n\n<p><strong>Bancontact <\/strong>est le moyen de paiement le plus couramment utilis\u00e9 en Belgique.<br\/><\/p>\n\n<h2 class=\"wp-block-heading\"><img loading=\"lazy\" decoding=\"async\" src=\"https:\/\/webshop.pic2pat.com\/wp-content\/plugins\/woocommerce-gateway-stripe\/assets\/images\/sofort.svg\" alt=\"Sofort\" width=\"129\" height=\"40\"\/><\/h2>\n\n<p><strong>Sofort<\/strong> est un syst\u00e8me de paiement dans lequel le client utilise un virement bancaire pour finaliser le paiement. Le r\u00e9sultat du virement bancaire n\u2019est pas imm\u00e9diatement visible par notre prestataire de paiement. Par cons\u00e9quent, le traitement de la commande peut \u00eatre retard\u00e9 de quelques jours lorsque vous utilisez Sofort, par rapport \u00e0 d\u2019autres moyens de paiement o\u00f9 le paiement est trait\u00e9 imm\u00e9diatement.<br\/><\/p>\n\n<p>Nous acceptons les paiements Sofort pour les commandes provenant des pays suivants :<\/p>\n\n<ul class=\"wp-block-list\"><li>Autriche<\/li><li>Belgique<\/li><li>Allemagne<\/li><li>Italie<\/li><li>les Pays-Bas<\/li><li>Espagne<\/li><\/ul>\n\n<h2 class=\"wp-block-heading\"><img loading=\"lazy\" decoding=\"async\" width=\"93\" height=\"40\" src=\"https:\/\/webshop.pic2pat.com\/wp-content\/plugins\/woocommerce-gateway-stripe\/assets\/images\/giropay.svg\" alt=\"Giropay\"\/><\/h2>\n\n<p><strong>Giropay <\/strong>est un syst\u00e8me de paiement dans lequel les clients autorisent leur paiement via leur banque. Ce mode de paiement est uniquement disponible en Allemagne.<br\/><\/p>\n\n<h2 class=\"wp-block-heading\"><img loading=\"lazy\" decoding=\"async\" src=\"https:\/\/webshop.pic2pat.com\/wp-content\/plugins\/woocommerce-gateway-stripe\/assets\/images\/eps.svg\" alt=\"EPS\" width=\"65\" height=\"50\"\/><\/h2>\n\n<p><strong>EPS <\/strong>est un syst\u00e8me de paiement en Autriche dans lequel les clients autorisent leur paiement via le portail de leur banque. Le traitement du paiement est instantan\u00e9.<br\/><\/p>\n","protected":false},"excerpt":{"rendered":"<p>Nos produits sont exp\u00e9di\u00e9s dans le monde entier. Nous proposons diff\u00e9rentes options de paiement permettant \u00e0 nos clients de r\u00e9gler leurs commandes. Les clients sont libres de choisir toute option de paiement disponible dans leur pays.&#13; Aucun frais suppl\u00e9mentaire n\u2019est ajout\u00e9 au montant de la commande pour les diff\u00e9rentes options de paiement. Nous acceptons les [&hellip;]<\/p>\n","protected":false},"author":3,"featured_media":0,"parent":0,"menu_order":0,"comment_status":"closed","ping_status":"closed","template":"","meta":{"footnotes":""},"class_list":["post-25450","page","type-page","status-publish","hentry"],"yoast_head":"<!-- This site is optimized with the Yoast SEO plugin v27.5 - https:\/\/yoast.com\/product\/yoast-seo-wordpress\/ -->\n<title>Modes de paiement - Pic2Pat<\/title>\n<meta name=\"robots\" content=\"index, follow, max-snippet:-1, max-image-preview:large, max-video-preview:-1\" \/>\n<link rel=\"canonical\" href=\"https:\/\/webshop.pic2pat.com\/fr\/modes-de-paiement\/\" \/>\n<meta property=\"og:locale\" content=\"fr_FR\" \/>\n<meta property=\"og:type\" content=\"article\" \/>\n<meta property=\"og:title\" content=\"Modes de paiement - Pic2Pat\" \/>\n<meta property=\"og:description\" content=\"Nos produits sont exp\u00e9di\u00e9s dans le monde entier. Nous proposons diff\u00e9rentes options de paiement permettant \u00e0 nos clients de r\u00e9gler leurs commandes. Les clients sont libres de choisir toute option de paiement disponible dans leur pays.&#013; Aucun frais suppl\u00e9mentaire n\u2019est ajout\u00e9 au montant de la commande pour les diff\u00e9rentes options de paiement. Nous acceptons les [&hellip;]\" \/>\n<meta property=\"og:url\" content=\"https:\/\/webshop.pic2pat.com\/fr\/modes-de-paiement\/\" \/>\n<meta property=\"og:site_name\" content=\"Pic2Pat\" \/>\n<meta property=\"article:modified_time\" content=\"2026-05-10T12:27:40+00:00\" \/>\n<meta property=\"og:image\" content=\"https:\/\/webshop.pic2pat.com\/wp-content\/plugins\/woocommerce-gateway-stripe\/assets\/images\/amex.svg\" \/>\n<meta name=\"twitter:card\" content=\"summary_large_image\" \/>\n<meta name=\"twitter:label1\" content=\"Dur\u00e9e de lecture estim\u00e9e\" \/>\n\t<meta name=\"twitter:data1\" content=\"4 minutes\" \/>\n<script type=\"application\/ld+json\" class=\"yoast-schema-graph\">{\"@context\":\"https:\\\/\\\/schema.org\",\"@graph\":[{\"@type\":\"WebPage\",\"@id\":\"https:\\\/\\\/webshop.pic2pat.com\\\/fr\\\/modes-de-paiement\\\/\",\"url\":\"https:\\\/\\\/webshop.pic2pat.com\\\/fr\\\/modes-de-paiement\\\/\",\"name\":\"Modes de paiement - Pic2Pat\",\"isPartOf\":{\"@id\":\"https:\\\/\\\/webshop.pic2pat.com\\\/fr\\\/#website\"},\"primaryImageOfPage\":{\"@id\":\"https:\\\/\\\/webshop.pic2pat.com\\\/fr\\\/modes-de-paiement\\\/#primaryimage\"},\"image\":{\"@id\":\"https:\\\/\\\/webshop.pic2pat.com\\\/fr\\\/modes-de-paiement\\\/#primaryimage\"},\"thumbnailUrl\":\"https:\\\/\\\/webshop.pic2pat.com\\\/wp-content\\\/plugins\\\/woocommerce-gateway-stripe\\\/assets\\\/images\\\/amex.svg\",\"datePublished\":\"2026-05-07T16:42:29+00:00\",\"dateModified\":\"2026-05-10T12:27:40+00:00\",\"breadcrumb\":{\"@id\":\"https:\\\/\\\/webshop.pic2pat.com\\\/fr\\\/modes-de-paiement\\\/#breadcrumb\"},\"inLanguage\":\"fr-FR\",\"potentialAction\":[{\"@type\":\"ReadAction\",\"target\":[\"https:\\\/\\\/webshop.pic2pat.com\\\/fr\\\/modes-de-paiement\\\/\"]}]},{\"@type\":\"ImageObject\",\"inLanguage\":\"fr-FR\",\"@id\":\"https:\\\/\\\/webshop.pic2pat.com\\\/fr\\\/modes-de-paiement\\\/#primaryimage\",\"url\":\"https:\\\/\\\/webshop.pic2pat.com\\\/wp-content\\\/plugins\\\/woocommerce-gateway-stripe\\\/assets\\\/images\\\/amex.svg\",\"contentUrl\":\"https:\\\/\\\/webshop.pic2pat.com\\\/wp-content\\\/plugins\\\/woocommerce-gateway-stripe\\\/assets\\\/images\\\/amex.svg\"},{\"@type\":\"BreadcrumbList\",\"@id\":\"https:\\\/\\\/webshop.pic2pat.com\\\/fr\\\/modes-de-paiement\\\/#breadcrumb\",\"itemListElement\":[{\"@type\":\"ListItem\",\"position\":1,\"name\":\"Home\",\"item\":\"https:\\\/\\\/webshop.pic2pat.com\\\/fr\\\/\"},{\"@type\":\"ListItem\",\"position\":2,\"name\":\"Modes de paiement\"}]},{\"@type\":\"WebSite\",\"@id\":\"https:\\\/\\\/webshop.pic2pat.com\\\/fr\\\/#website\",\"url\":\"https:\\\/\\\/webshop.pic2pat.com\\\/fr\\\/\",\"name\":\"Pic2Pat\",\"description\":\"\",\"publisher\":{\"@id\":\"https:\\\/\\\/webshop.pic2pat.com\\\/fr\\\/#organization\"},\"potentialAction\":[{\"@type\":\"SearchAction\",\"target\":{\"@type\":\"EntryPoint\",\"urlTemplate\":\"https:\\\/\\\/webshop.pic2pat.com\\\/fr\\\/?s={search_term_string}\"},\"query-input\":{\"@type\":\"PropertyValueSpecification\",\"valueRequired\":true,\"valueName\":\"search_term_string\"}}],\"inLanguage\":\"fr-FR\"},{\"@type\":\"Organization\",\"@id\":\"https:\\\/\\\/webshop.pic2pat.com\\\/fr\\\/#organization\",\"name\":\"Pic2Pat\",\"url\":\"https:\\\/\\\/webshop.pic2pat.com\\\/fr\\\/\",\"logo\":{\"@type\":\"ImageObject\",\"inLanguage\":\"fr-FR\",\"@id\":\"https:\\\/\\\/webshop.pic2pat.com\\\/fr\\\/#\\\/schema\\\/logo\\\/image\\\/\",\"url\":\"https:\\\/\\\/webshop.pic2pat.com\\\/wp-content\\\/uploads\\\/2021\\\/05\\\/cropped-shop-logo.png\",\"contentUrl\":\"https:\\\/\\\/webshop.pic2pat.com\\\/wp-content\\\/uploads\\\/2021\\\/05\\\/cropped-shop-logo.png\",\"width\":470,\"height\":110,\"caption\":\"Pic2Pat\"},\"image\":{\"@id\":\"https:\\\/\\\/webshop.pic2pat.com\\\/fr\\\/#\\\/schema\\\/logo\\\/image\\\/\"}}]}<\/script>\n<!-- \/ Yoast SEO plugin. -->","yoast_head_json":{"title":"Modes de paiement - Pic2Pat","robots":{"index":"index","follow":"follow","max-snippet":"max-snippet:-1","max-image-preview":"max-image-preview:large","max-video-preview":"max-video-preview:-1"},"canonical":"https:\/\/webshop.pic2pat.com\/fr\/modes-de-paiement\/","og_locale":"fr_FR","og_type":"article","og_title":"Modes de paiement - Pic2Pat","og_description":"Nos produits sont exp\u00e9di\u00e9s dans le monde entier. Nous proposons diff\u00e9rentes options de paiement permettant \u00e0 nos clients de r\u00e9gler leurs commandes. Les clients sont libres de choisir toute option de paiement disponible dans leur pays.&#13; Aucun frais suppl\u00e9mentaire n\u2019est ajout\u00e9 au montant de la commande pour les diff\u00e9rentes options de paiement. Nous acceptons les [&hellip;]","og_url":"https:\/\/webshop.pic2pat.com\/fr\/modes-de-paiement\/","og_site_name":"Pic2Pat","article_modified_time":"2026-05-10T12:27:40+00:00","og_image":[{"url":"https:\/\/webshop.pic2pat.com\/wp-content\/plugins\/woocommerce-gateway-stripe\/assets\/images\/amex.svg","type":"","width":"","height":""}],"twitter_card":"summary_large_image","twitter_misc":{"Dur\u00e9e de lecture estim\u00e9e":"4 minutes"},"schema":{"@context":"https:\/\/schema.org","@graph":[{"@type":"WebPage","@id":"https:\/\/webshop.pic2pat.com\/fr\/modes-de-paiement\/","url":"https:\/\/webshop.pic2pat.com\/fr\/modes-de-paiement\/","name":"Modes de paiement - Pic2Pat","isPartOf":{"@id":"https:\/\/webshop.pic2pat.com\/fr\/#website"},"primaryImageOfPage":{"@id":"https:\/\/webshop.pic2pat.com\/fr\/modes-de-paiement\/#primaryimage"},"image":{"@id":"https:\/\/webshop.pic2pat.com\/fr\/modes-de-paiement\/#primaryimage"},"thumbnailUrl":"https:\/\/webshop.pic2pat.com\/wp-content\/plugins\/woocommerce-gateway-stripe\/assets\/images\/amex.svg","datePublished":"2026-05-07T16:42:29+00:00","dateModified":"2026-05-10T12:27:40+00:00","breadcrumb":{"@id":"https:\/\/webshop.pic2pat.com\/fr\/modes-de-paiement\/#breadcrumb"},"inLanguage":"fr-FR","potentialAction":[{"@type":"ReadAction","target":["https:\/\/webshop.pic2pat.com\/fr\/modes-de-paiement\/"]}]},{"@type":"ImageObject","inLanguage":"fr-FR","@id":"https:\/\/webshop.pic2pat.com\/fr\/modes-de-paiement\/#primaryimage","url":"https:\/\/webshop.pic2pat.com\/wp-content\/plugins\/woocommerce-gateway-stripe\/assets\/images\/amex.svg","contentUrl":"https:\/\/webshop.pic2pat.com\/wp-content\/plugins\/woocommerce-gateway-stripe\/assets\/images\/amex.svg"},{"@type":"BreadcrumbList","@id":"https:\/\/webshop.pic2pat.com\/fr\/modes-de-paiement\/#breadcrumb","itemListElement":[{"@type":"ListItem","position":1,"name":"Home","item":"https:\/\/webshop.pic2pat.com\/fr\/"},{"@type":"ListItem","position":2,"name":"Modes de paiement"}]},{"@type":"WebSite","@id":"https:\/\/webshop.pic2pat.com\/fr\/#website","url":"https:\/\/webshop.pic2pat.com\/fr\/","name":"Pic2Pat","description":"","publisher":{"@id":"https:\/\/webshop.pic2pat.com\/fr\/#organization"},"potentialAction":[{"@type":"SearchAction","target":{"@type":"EntryPoint","urlTemplate":"https:\/\/webshop.pic2pat.com\/fr\/?s={search_term_string}"},"query-input":{"@type":"PropertyValueSpecification","valueRequired":true,"valueName":"search_term_string"}}],"inLanguage":"fr-FR"},{"@type":"Organization","@id":"https:\/\/webshop.pic2pat.com\/fr\/#organization","name":"Pic2Pat","url":"https:\/\/webshop.pic2pat.com\/fr\/","logo":{"@type":"ImageObject","inLanguage":"fr-FR","@id":"https:\/\/webshop.pic2pat.com\/fr\/#\/schema\/logo\/image\/","url":"https:\/\/webshop.pic2pat.com\/wp-content\/uploads\/2021\/05\/cropped-shop-logo.png","contentUrl":"https:\/\/webshop.pic2pat.com\/wp-content\/uploads\/2021\/05\/cropped-shop-logo.png","width":470,"height":110,"caption":"Pic2Pat"},"image":{"@id":"https:\/\/webshop.pic2pat.com\/fr\/#\/schema\/logo\/image\/"}}]}},"_links":{"self":[{"href":"https:\/\/webshop.pic2pat.com\/fr\/wp-json\/wp\/v2\/pages\/25450","targetHints":{"allow":["GET"]}}],"collection":[{"href":"https:\/\/webshop.pic2pat.com\/fr\/wp-json\/wp\/v2\/pages"}],"about":[{"href":"https:\/\/webshop.pic2pat.com\/fr\/wp-json\/wp\/v2\/types\/page"}],"author":[{"embeddable":true,"href":"https:\/\/webshop.pic2pat.com\/fr\/wp-json\/wp\/v2\/users\/3"}],"replies":[{"embeddable":true,"href":"https:\/\/webshop.pic2pat.com\/fr\/wp-json\/wp\/v2\/comments?post=25450"}],"version-history":[{"count":0,"href":"https:\/\/webshop.pic2pat.com\/fr\/wp-json\/wp\/v2\/pages\/25450\/revisions"}],"wp:attachment":[{"href":"https:\/\/webshop.pic2pat.com\/fr\/wp-json\/wp\/v2\/media?parent=25450"}],"curies":[{"name":"wp","href":"https:\/\/api.w.org\/{rel}","templated":true}]}}