{"id":9920,"date":"2021-01-07T12:25:23","date_gmt":"2021-01-07T11:25:23","guid":{"rendered":"https:\/\/webshop.pic2pat.com\/product\/dmc-3782-mouline\/"},"modified":"2026-04-27T14:32:48","modified_gmt":"2026-04-27T13:32:48","slug":"dmc-3782-mouline","status":"publish","type":"product","link":"https:\/\/webshop.pic2pat.com\/es\/producto\/dmc-3782-mouline\/","title":{"rendered":"DMC 3782 &#8211; Marr\u00f3n Moca Claro"},"content":{"rendered":"\n<p><\/p>\n","protected":false},"excerpt":{"rendered":"<p>DMC 3782 Moulin\u00e9 hilo de bordar de algod\u00f3n trenzado con hilo de color marr\u00f3n moca claro<\/p>\n","protected":false},"featured_media":18898,"template":"","meta":[],"product_brand":[],"product_cat":[140],"product_tag":[],"class_list":{"0":"post-9920","1":"product","2":"type-product","3":"status-publish","4":"has-post-thumbnail","6":"product_cat-hilo-de-bordado-dmc","7":"product_shipping_class-inexpensive","9":"first","10":"onbackorder","11":"taxable","12":"shipping-taxable","13":"purchasable","14":"product-type-simple"},"yoast_head":"<!-- This site is optimized with the Yoast SEO plugin v27.5 - https:\/\/yoast.com\/product\/yoast-seo-wordpress\/ -->\n<title>DMC 3782 - Marr\u00f3n Moca Claro - Pic2Pat<\/title>\n<meta name=\"description\" content=\"DMC 3782 Moulin\u00e9 hilo de bordar de algod\u00f3n trenzado con hilo de color marr\u00f3n moca claro. Todos los colores de bordado DMC se encuentran en stock.\" \/>\n<meta name=\"robots\" content=\"index, follow, max-snippet:-1, max-image-preview:large, max-video-preview:-1\" \/>\n<link rel=\"canonical\" href=\"https:\/\/webshop.pic2pat.com\/es\/producto\/dmc-3782-mouline\/\" \/>\n<meta property=\"og:locale\" content=\"es_ES\" \/>\n<meta property=\"og:type\" content=\"article\" \/>\n<meta property=\"og:title\" content=\"DMC 3782 - Marr\u00f3n Moca Claro - Pic2Pat\" \/>\n<meta property=\"og:description\" content=\"DMC 3782 Moulin\u00e9 hilo de bordar de algod\u00f3n trenzado con hilo de color marr\u00f3n moca claro. Todos los colores de bordado DMC se encuentran en stock.\" \/>\n<meta property=\"og:url\" content=\"https:\/\/webshop.pic2pat.com\/es\/producto\/dmc-3782-mouline\/\" \/>\n<meta property=\"og:site_name\" content=\"Pic2Pat\" \/>\n<meta property=\"article:modified_time\" content=\"2026-04-27T13:32:48+00:00\" \/>\n<meta property=\"og:image\" content=\"https:\/\/webshop.pic2pat.com\/wp-content\/uploads\/2021\/01\/3782_45.jpg\" \/>\n\t<meta property=\"og:image:width\" content=\"1314\" \/>\n\t<meta property=\"og:image:height\" content=\"1314\" \/>\n\t<meta property=\"og:image:type\" content=\"image\/jpeg\" \/>\n<meta name=\"twitter:card\" content=\"summary_large_image\" \/>\n<meta name=\"twitter:label1\" content=\"Precio\" \/>\n\t<meta name=\"twitter:data1\" content=\"&euro;1,61\" \/>\n\t<meta name=\"twitter:label2\" content=\"Disponibilidad\" \/>\n\t<meta name=\"twitter:data2\" content=\"Disponible para reservar\" \/>\n<script type=\"application\/ld+json\" class=\"yoast-schema-graph\">{\"@context\":\"https:\\\/\\\/schema.org\",\"@graph\":[{\"@type\":\"WebPage\",\"@id\":\"https:\\\/\\\/webshop.pic2pat.com\\\/es\\\/producto\\\/dmc-3782-mouline\\\/\",\"url\":\"https:\\\/\\\/webshop.pic2pat.com\\\/es\\\/producto\\\/dmc-3782-mouline\\\/\",\"name\":\"DMC 3782 - Marr\u00f3n Moca Claro - Pic2Pat\",\"isPartOf\":{\"@id\":\"https:\\\/\\\/webshop.pic2pat.com\\\/es\\\/#website\"},\"primaryImageOfPage\":{\"@id\":\"https:\\\/\\\/webshop.pic2pat.com\\\/es\\\/producto\\\/dmc-3782-mouline\\\/#primaryimage\"},\"image\":{\"@id\":\"https:\\\/\\\/webshop.pic2pat.com\\\/es\\\/producto\\\/dmc-3782-mouline\\\/#primaryimage\"},\"thumbnailUrl\":\"https:\\\/\\\/webshop.pic2pat.com\\\/wp-content\\\/uploads\\\/2021\\\/01\\\/3782_45.jpg\",\"datePublished\":\"2021-01-07T11:25:23+00:00\",\"dateModified\":\"2026-04-27T13:32:48+00:00\",\"description\":\"DMC 3782 Moulin\u00e9 hilo de bordar de algod\u00f3n trenzado con hilo de color marr\u00f3n moca claro. Todos los colores de bordado DMC se encuentran en stock.\",\"breadcrumb\":{\"@id\":\"https:\\\/\\\/webshop.pic2pat.com\\\/es\\\/producto\\\/dmc-3782-mouline\\\/#breadcrumb\"},\"inLanguage\":\"es\",\"potentialAction\":[{\"@type\":\"ReadAction\",\"target\":[\"https:\\\/\\\/webshop.pic2pat.com\\\/es\\\/producto\\\/dmc-3782-mouline\\\/\"]}]},{\"@type\":\"ImageObject\",\"inLanguage\":\"es\",\"@id\":\"https:\\\/\\\/webshop.pic2pat.com\\\/es\\\/producto\\\/dmc-3782-mouline\\\/#primaryimage\",\"url\":\"https:\\\/\\\/webshop.pic2pat.com\\\/wp-content\\\/uploads\\\/2021\\\/01\\\/3782_45.jpg\",\"contentUrl\":\"https:\\\/\\\/webshop.pic2pat.com\\\/wp-content\\\/uploads\\\/2021\\\/01\\\/3782_45.jpg\",\"width\":1314,\"height\":1314,\"caption\":\"DMC 3782 - Marr\u00f3n Moca Claro\"},{\"@type\":\"BreadcrumbList\",\"@id\":\"https:\\\/\\\/webshop.pic2pat.com\\\/es\\\/producto\\\/dmc-3782-mouline\\\/#breadcrumb\",\"itemListElement\":[{\"@type\":\"ListItem\",\"position\":1,\"name\":\"Home\",\"item\":\"https:\\\/\\\/webshop.pic2pat.com\\\/es\\\/\"},{\"@type\":\"ListItem\",\"position\":2,\"name\":\"Tienda\",\"item\":\"https:\\\/\\\/webshop.pic2pat.com\\\/es\\\/\"},{\"@type\":\"ListItem\",\"position\":3,\"name\":\"DMC 3782 &#8211; Marr\u00f3n Moca Claro\"}]},{\"@type\":\"WebSite\",\"@id\":\"https:\\\/\\\/webshop.pic2pat.com\\\/es\\\/#website\",\"url\":\"https:\\\/\\\/webshop.pic2pat.com\\\/es\\\/\",\"name\":\"Pic2Pat\",\"description\":\"\",\"publisher\":{\"@id\":\"https:\\\/\\\/webshop.pic2pat.com\\\/es\\\/#organization\"},\"potentialAction\":[{\"@type\":\"SearchAction\",\"target\":{\"@type\":\"EntryPoint\",\"urlTemplate\":\"https:\\\/\\\/webshop.pic2pat.com\\\/es\\\/?s={search_term_string}\"},\"query-input\":{\"@type\":\"PropertyValueSpecification\",\"valueRequired\":true,\"valueName\":\"search_term_string\"}}],\"inLanguage\":\"es\"},{\"@type\":\"Organization\",\"@id\":\"https:\\\/\\\/webshop.pic2pat.com\\\/es\\\/#organization\",\"name\":\"Pic2Pat\",\"url\":\"https:\\\/\\\/webshop.pic2pat.com\\\/es\\\/\",\"logo\":{\"@type\":\"ImageObject\",\"inLanguage\":\"es\",\"@id\":\"https:\\\/\\\/webshop.pic2pat.com\\\/es\\\/#\\\/schema\\\/logo\\\/image\\\/\",\"url\":\"https:\\\/\\\/webshop.pic2pat.com\\\/wp-content\\\/uploads\\\/2021\\\/05\\\/cropped-shop-logo.png\",\"contentUrl\":\"https:\\\/\\\/webshop.pic2pat.com\\\/wp-content\\\/uploads\\\/2021\\\/05\\\/cropped-shop-logo.png\",\"width\":470,\"height\":110,\"caption\":\"Pic2Pat\"},\"image\":{\"@id\":\"https:\\\/\\\/webshop.pic2pat.com\\\/es\\\/#\\\/schema\\\/logo\\\/image\\\/\"}}]}<\/script>\n<meta property=\"product:price:amount\" content=\"1.61\" \/>\n<meta property=\"product:price:currency\" content=\"EUR\" \/>\n<meta property=\"og:availability\" content=\"backorder\" \/>\n<meta property=\"product:availability\" content=\"available for order\" \/>\n<meta property=\"product:retailer_item_id\" content=\"DMC.117.3782\" \/>\n<meta property=\"product:condition\" content=\"new\" \/>\n<!-- \/ Yoast SEO plugin. -->","yoast_head_json":{"title":"DMC 3782 - Marr\u00f3n Moca Claro - Pic2Pat","description":"DMC 3782 Moulin\u00e9 hilo de bordar de algod\u00f3n trenzado con hilo de color marr\u00f3n moca claro. Todos los colores de bordado DMC se encuentran en stock.","robots":{"index":"index","follow":"follow","max-snippet":"max-snippet:-1","max-image-preview":"max-image-preview:large","max-video-preview":"max-video-preview:-1"},"canonical":"https:\/\/webshop.pic2pat.com\/es\/producto\/dmc-3782-mouline\/","og_locale":"es_ES","og_type":"article","og_title":"DMC 3782 - Marr\u00f3n Moca Claro - Pic2Pat","og_description":"DMC 3782 Moulin\u00e9 hilo de bordar de algod\u00f3n trenzado con hilo de color marr\u00f3n moca claro. Todos los colores de bordado DMC se encuentran en stock.","og_url":"https:\/\/webshop.pic2pat.com\/es\/producto\/dmc-3782-mouline\/","og_site_name":"Pic2Pat","article_modified_time":"2026-04-27T13:32:48+00:00","og_image":[{"width":1314,"height":1314,"url":"https:\/\/webshop.pic2pat.com\/wp-content\/uploads\/2021\/01\/3782_45.jpg","type":"image\/jpeg"}],"twitter_card":"summary_large_image","twitter_misc":{"Precio":"&euro;1,61","Disponibilidad":"Disponible para reservar"},"schema":{"@context":"https:\/\/schema.org","@graph":[{"@type":"WebPage","@id":"https:\/\/webshop.pic2pat.com\/es\/producto\/dmc-3782-mouline\/","url":"https:\/\/webshop.pic2pat.com\/es\/producto\/dmc-3782-mouline\/","name":"DMC 3782 - Marr\u00f3n Moca Claro - Pic2Pat","isPartOf":{"@id":"https:\/\/webshop.pic2pat.com\/es\/#website"},"primaryImageOfPage":{"@id":"https:\/\/webshop.pic2pat.com\/es\/producto\/dmc-3782-mouline\/#primaryimage"},"image":{"@id":"https:\/\/webshop.pic2pat.com\/es\/producto\/dmc-3782-mouline\/#primaryimage"},"thumbnailUrl":"https:\/\/webshop.pic2pat.com\/wp-content\/uploads\/2021\/01\/3782_45.jpg","datePublished":"2021-01-07T11:25:23+00:00","dateModified":"2026-04-27T13:32:48+00:00","description":"DMC 3782 Moulin\u00e9 hilo de bordar de algod\u00f3n trenzado con hilo de color marr\u00f3n moca claro. Todos los colores de bordado DMC se encuentran en stock.","breadcrumb":{"@id":"https:\/\/webshop.pic2pat.com\/es\/producto\/dmc-3782-mouline\/#breadcrumb"},"inLanguage":"es","potentialAction":[{"@type":"ReadAction","target":["https:\/\/webshop.pic2pat.com\/es\/producto\/dmc-3782-mouline\/"]}]},{"@type":"ImageObject","inLanguage":"es","@id":"https:\/\/webshop.pic2pat.com\/es\/producto\/dmc-3782-mouline\/#primaryimage","url":"https:\/\/webshop.pic2pat.com\/wp-content\/uploads\/2021\/01\/3782_45.jpg","contentUrl":"https:\/\/webshop.pic2pat.com\/wp-content\/uploads\/2021\/01\/3782_45.jpg","width":1314,"height":1314,"caption":"DMC 3782 - Marr\u00f3n Moca Claro"},{"@type":"BreadcrumbList","@id":"https:\/\/webshop.pic2pat.com\/es\/producto\/dmc-3782-mouline\/#breadcrumb","itemListElement":[{"@type":"ListItem","position":1,"name":"Home","item":"https:\/\/webshop.pic2pat.com\/es\/"},{"@type":"ListItem","position":2,"name":"Tienda","item":"https:\/\/webshop.pic2pat.com\/es\/"},{"@type":"ListItem","position":3,"name":"DMC 3782 &#8211; Marr\u00f3n Moca Claro"}]},{"@type":"WebSite","@id":"https:\/\/webshop.pic2pat.com\/es\/#website","url":"https:\/\/webshop.pic2pat.com\/es\/","name":"Pic2Pat","description":"","publisher":{"@id":"https:\/\/webshop.pic2pat.com\/es\/#organization"},"potentialAction":[{"@type":"SearchAction","target":{"@type":"EntryPoint","urlTemplate":"https:\/\/webshop.pic2pat.com\/es\/?s={search_term_string}"},"query-input":{"@type":"PropertyValueSpecification","valueRequired":true,"valueName":"search_term_string"}}],"inLanguage":"es"},{"@type":"Organization","@id":"https:\/\/webshop.pic2pat.com\/es\/#organization","name":"Pic2Pat","url":"https:\/\/webshop.pic2pat.com\/es\/","logo":{"@type":"ImageObject","inLanguage":"es","@id":"https:\/\/webshop.pic2pat.com\/es\/#\/schema\/logo\/image\/","url":"https:\/\/webshop.pic2pat.com\/wp-content\/uploads\/2021\/05\/cropped-shop-logo.png","contentUrl":"https:\/\/webshop.pic2pat.com\/wp-content\/uploads\/2021\/05\/cropped-shop-logo.png","width":470,"height":110,"caption":"Pic2Pat"},"image":{"@id":"https:\/\/webshop.pic2pat.com\/es\/#\/schema\/logo\/image\/"}}]},"product_price_amount":"1.61","product_price_currency":"EUR","og_availability":"backorder","product_availability":"available for order","product_retailer_item_id":"DMC.117.3782","product_condition":"new"},"_links":{"self":[{"href":"https:\/\/webshop.pic2pat.com\/es\/wp-json\/wp\/v2\/product\/9920","targetHints":{"allow":["GET"]}}],"collection":[{"href":"https:\/\/webshop.pic2pat.com\/es\/wp-json\/wp\/v2\/product"}],"about":[{"href":"https:\/\/webshop.pic2pat.com\/es\/wp-json\/wp\/v2\/types\/product"}],"wp:featuredmedia":[{"embeddable":true,"href":"https:\/\/webshop.pic2pat.com\/es\/wp-json\/wp\/v2\/media\/18898"}],"wp:attachment":[{"href":"https:\/\/webshop.pic2pat.com\/es\/wp-json\/wp\/v2\/media?parent=9920"}],"wp:term":[{"taxonomy":"product_brand","embeddable":true,"href":"https:\/\/webshop.pic2pat.com\/es\/wp-json\/wp\/v2\/product_brand?post=9920"},{"taxonomy":"product_cat","embeddable":true,"href":"https:\/\/webshop.pic2pat.com\/es\/wp-json\/wp\/v2\/product_cat?post=9920"},{"taxonomy":"product_tag","embeddable":true,"href":"https:\/\/webshop.pic2pat.com\/es\/wp-json\/wp\/v2\/product_tag?post=9920"}],"curies":[{"name":"wp","href":"https:\/\/api.w.org\/{rel}","templated":true}]}}