{"id":9704,"date":"2021-01-07T14:18:46","date_gmt":"2021-01-07T13:18:46","guid":{"rendered":"https:\/\/webshop.pic2pat.com\/product\/dmc-433-mouline\/"},"modified":"2026-04-27T14:28:19","modified_gmt":"2026-04-27T13:28:19","slug":"dmc-433-mouline","status":"publish","type":"product","link":"https:\/\/webshop.pic2pat.com\/es\/producto\/dmc-433-mouline\/","title":{"rendered":"DMC 433 &#8211; Marr\u00f3n Medio"},"content":{"rendered":"<p>DMC 433 Moulin\u00e9 hilo de bordar de algod\u00f3n trenzado con hilo de color marr\u00f3n medio. El DMC 117 es la seda para bordado m\u00e1s utilizada en el mundo para proyectos de punto de cruz. Cada madeja pesa 2 gramos y es suficiente para un promedio de 1600 puntadas, dependiendo del tama\u00f1o de la trama de la tela aida. Una madeja contiene 8 metros de hilo de 6 hebras. Si desea madejas de menor tama\u00f1o, puede dividir el hilo en menos hebras. Por ejemplo, normalmente se utilizan 2 hebras para telas m\u00e1s finas, como la aida de 14 counts, que es la m\u00e1s popular.<\/p>\n<p>El color marr\u00f3n medio de la seda para bordar DMC 433 Moulin\u00e9 no se transfiere. Gracias a esto, usted puede lavar el material a 95\u00b0C varias veces sin que el hilo pierda su color original. De todos modos, preste atenci\u00f3n a las instrucciones de lavado de la tela, ya que estas podr\u00edan limitar las opciones que tenga para lavar su obra de arte terminada.<\/p>\n<\/p>\n<p>Con nuestro <a href=\"https:\/\/www.pic2pat.com\/index.es.php\">creador de patrones Pic2Pat<\/a>, usted puede crear un proyecto para el DMC 433 Moulin\u00e9. Mediante un proceso sencillo de tres pasos, usted convierte cada imagen en un bello patr\u00f3n de punto de cruz en menos de un minuto. Y no olvide echarle un vistazo a <a href=\"https:\/\/webshop.pic2pat.com\/es\/\">nuestra tienda<\/a> para conocer otros productos, como telas, agujas y m\u00e1s.<\/p>\n<p>\u00bfSe ha cansado de buscar en la tienda para pedir los colores espec\u00edficos para un patr\u00f3n? Simplemente use la herramienta de pedido integral e introduzca el n\u00famero correspondiente a su patr\u00f3n espec\u00edficamente. De forma autom\u00e1tica, se carga todo el material para su proyecto directamente en el carro de compras. Luego, puede editar el carro de compras y agregar o eliminar productos a gusto. Introduzca la direcci\u00f3n de destino, complete el proceso de pago y \u00a1listo!<\/p>\n","protected":false},"excerpt":{"rendered":"<p>DMC 433 Moulin\u00e9 hilo de bordar de algod\u00f3n trenzado con hilo de color marr\u00f3n medio<\/p>\n","protected":false},"featured_media":17263,"template":"","meta":[],"product_brand":[],"product_cat":[140],"product_tag":[],"class_list":{"0":"post-9704","1":"product","2":"type-product","3":"status-publish","4":"has-post-thumbnail","6":"product_cat-hilo-de-bordado-dmc","7":"product_shipping_class-inexpensive","9":"first","10":"instock","11":"taxable","12":"shipping-taxable","13":"purchasable","14":"product-type-simple"},"yoast_head":"<!-- This site is optimized with the Yoast SEO plugin v27.5 - https:\/\/yoast.com\/product\/yoast-seo-wordpress\/ -->\n<title>DMC 433 - Marr\u00f3n Medio - Pic2Pat<\/title>\n<meta name=\"description\" content=\"DMC 433 Moulin\u00e9 hilo de bordar de algod\u00f3n trenzado con hilo de color marr\u00f3n medio. Todos los colores de bordado DMC se encuentran en stock.\" \/>\n<meta name=\"robots\" content=\"index, follow, max-snippet:-1, max-image-preview:large, max-video-preview:-1\" \/>\n<link rel=\"canonical\" href=\"https:\/\/webshop.pic2pat.com\/es\/producto\/dmc-433-mouline\/\" \/>\n<meta property=\"og:locale\" content=\"es_ES\" \/>\n<meta property=\"og:type\" content=\"article\" \/>\n<meta property=\"og:title\" content=\"DMC 433 - Marr\u00f3n Medio - Pic2Pat\" \/>\n<meta property=\"og:description\" content=\"DMC 433 Moulin\u00e9 hilo de bordar de algod\u00f3n trenzado con hilo de color marr\u00f3n medio. Todos los colores de bordado DMC se encuentran en stock.\" \/>\n<meta property=\"og:url\" content=\"https:\/\/webshop.pic2pat.com\/es\/producto\/dmc-433-mouline\/\" \/>\n<meta property=\"og:site_name\" content=\"Pic2Pat\" \/>\n<meta property=\"article:modified_time\" content=\"2026-04-27T13:28:19+00:00\" \/>\n<meta property=\"og:image\" content=\"https:\/\/webshop.pic2pat.com\/wp-content\/uploads\/2021\/01\/433_45.jpg\" \/>\n\t<meta property=\"og:image:width\" content=\"1317\" \/>\n\t<meta property=\"og:image:height\" content=\"1317\" \/>\n\t<meta property=\"og:image:type\" content=\"image\/jpeg\" \/>\n<meta name=\"twitter:card\" content=\"summary_large_image\" \/>\n<meta name=\"twitter:label1\" content=\"Precio\" \/>\n\t<meta name=\"twitter:data1\" content=\"&euro;1,61\" \/>\n\t<meta name=\"twitter:label2\" content=\"Disponibilidad\" \/>\n\t<meta name=\"twitter:data2\" content=\"Disponible\" \/>\n<script type=\"application\/ld+json\" class=\"yoast-schema-graph\">{\"@context\":\"https:\\\/\\\/schema.org\",\"@graph\":[{\"@type\":\"WebPage\",\"@id\":\"https:\\\/\\\/webshop.pic2pat.com\\\/es\\\/producto\\\/dmc-433-mouline\\\/\",\"url\":\"https:\\\/\\\/webshop.pic2pat.com\\\/es\\\/producto\\\/dmc-433-mouline\\\/\",\"name\":\"DMC 433 - Marr\u00f3n Medio - Pic2Pat\",\"isPartOf\":{\"@id\":\"https:\\\/\\\/webshop.pic2pat.com\\\/es\\\/#website\"},\"primaryImageOfPage\":{\"@id\":\"https:\\\/\\\/webshop.pic2pat.com\\\/es\\\/producto\\\/dmc-433-mouline\\\/#primaryimage\"},\"image\":{\"@id\":\"https:\\\/\\\/webshop.pic2pat.com\\\/es\\\/producto\\\/dmc-433-mouline\\\/#primaryimage\"},\"thumbnailUrl\":\"https:\\\/\\\/webshop.pic2pat.com\\\/wp-content\\\/uploads\\\/2021\\\/01\\\/433_45.jpg\",\"datePublished\":\"2021-01-07T13:18:46+00:00\",\"dateModified\":\"2026-04-27T13:28:19+00:00\",\"description\":\"DMC 433 Moulin\u00e9 hilo de bordar de algod\u00f3n trenzado con hilo de color marr\u00f3n medio. Todos los colores de bordado DMC se encuentran en stock.\",\"breadcrumb\":{\"@id\":\"https:\\\/\\\/webshop.pic2pat.com\\\/es\\\/producto\\\/dmc-433-mouline\\\/#breadcrumb\"},\"inLanguage\":\"es\",\"potentialAction\":[{\"@type\":\"ReadAction\",\"target\":[\"https:\\\/\\\/webshop.pic2pat.com\\\/es\\\/producto\\\/dmc-433-mouline\\\/\"]}]},{\"@type\":\"ImageObject\",\"inLanguage\":\"es\",\"@id\":\"https:\\\/\\\/webshop.pic2pat.com\\\/es\\\/producto\\\/dmc-433-mouline\\\/#primaryimage\",\"url\":\"https:\\\/\\\/webshop.pic2pat.com\\\/wp-content\\\/uploads\\\/2021\\\/01\\\/433_45.jpg\",\"contentUrl\":\"https:\\\/\\\/webshop.pic2pat.com\\\/wp-content\\\/uploads\\\/2021\\\/01\\\/433_45.jpg\",\"width\":1317,\"height\":1317,\"caption\":\"DMC 433 - Marr\u00f3n Medio\"},{\"@type\":\"BreadcrumbList\",\"@id\":\"https:\\\/\\\/webshop.pic2pat.com\\\/es\\\/producto\\\/dmc-433-mouline\\\/#breadcrumb\",\"itemListElement\":[{\"@type\":\"ListItem\",\"position\":1,\"name\":\"Home\",\"item\":\"https:\\\/\\\/webshop.pic2pat.com\\\/es\\\/\"},{\"@type\":\"ListItem\",\"position\":2,\"name\":\"Tienda\",\"item\":\"https:\\\/\\\/webshop.pic2pat.com\\\/es\\\/\"},{\"@type\":\"ListItem\",\"position\":3,\"name\":\"DMC 433 &#8211; Marr\u00f3n Medio\"}]},{\"@type\":\"WebSite\",\"@id\":\"https:\\\/\\\/webshop.pic2pat.com\\\/es\\\/#website\",\"url\":\"https:\\\/\\\/webshop.pic2pat.com\\\/es\\\/\",\"name\":\"Pic2Pat\",\"description\":\"\",\"publisher\":{\"@id\":\"https:\\\/\\\/webshop.pic2pat.com\\\/es\\\/#organization\"},\"potentialAction\":[{\"@type\":\"SearchAction\",\"target\":{\"@type\":\"EntryPoint\",\"urlTemplate\":\"https:\\\/\\\/webshop.pic2pat.com\\\/es\\\/?s={search_term_string}\"},\"query-input\":{\"@type\":\"PropertyValueSpecification\",\"valueRequired\":true,\"valueName\":\"search_term_string\"}}],\"inLanguage\":\"es\"},{\"@type\":\"Organization\",\"@id\":\"https:\\\/\\\/webshop.pic2pat.com\\\/es\\\/#organization\",\"name\":\"Pic2Pat\",\"url\":\"https:\\\/\\\/webshop.pic2pat.com\\\/es\\\/\",\"logo\":{\"@type\":\"ImageObject\",\"inLanguage\":\"es\",\"@id\":\"https:\\\/\\\/webshop.pic2pat.com\\\/es\\\/#\\\/schema\\\/logo\\\/image\\\/\",\"url\":\"https:\\\/\\\/webshop.pic2pat.com\\\/wp-content\\\/uploads\\\/2021\\\/05\\\/cropped-shop-logo.png\",\"contentUrl\":\"https:\\\/\\\/webshop.pic2pat.com\\\/wp-content\\\/uploads\\\/2021\\\/05\\\/cropped-shop-logo.png\",\"width\":470,\"height\":110,\"caption\":\"Pic2Pat\"},\"image\":{\"@id\":\"https:\\\/\\\/webshop.pic2pat.com\\\/es\\\/#\\\/schema\\\/logo\\\/image\\\/\"}}]}<\/script>\n<meta property=\"product:price:amount\" content=\"1.61\" \/>\n<meta property=\"product:price:currency\" content=\"EUR\" \/>\n<meta property=\"og:availability\" content=\"instock\" \/>\n<meta property=\"product:availability\" content=\"instock\" \/>\n<meta property=\"product:retailer_item_id\" content=\"DMC.117.0433\" \/>\n<meta property=\"product:condition\" content=\"new\" \/>\n<!-- \/ Yoast SEO plugin. -->","yoast_head_json":{"title":"DMC 433 - Marr\u00f3n Medio - Pic2Pat","description":"DMC 433 Moulin\u00e9 hilo de bordar de algod\u00f3n trenzado con hilo de color marr\u00f3n medio. Todos los colores de bordado DMC se encuentran en stock.","robots":{"index":"index","follow":"follow","max-snippet":"max-snippet:-1","max-image-preview":"max-image-preview:large","max-video-preview":"max-video-preview:-1"},"canonical":"https:\/\/webshop.pic2pat.com\/es\/producto\/dmc-433-mouline\/","og_locale":"es_ES","og_type":"article","og_title":"DMC 433 - Marr\u00f3n Medio - Pic2Pat","og_description":"DMC 433 Moulin\u00e9 hilo de bordar de algod\u00f3n trenzado con hilo de color marr\u00f3n medio. Todos los colores de bordado DMC se encuentran en stock.","og_url":"https:\/\/webshop.pic2pat.com\/es\/producto\/dmc-433-mouline\/","og_site_name":"Pic2Pat","article_modified_time":"2026-04-27T13:28:19+00:00","og_image":[{"width":1317,"height":1317,"url":"https:\/\/webshop.pic2pat.com\/wp-content\/uploads\/2021\/01\/433_45.jpg","type":"image\/jpeg"}],"twitter_card":"summary_large_image","twitter_misc":{"Precio":"&euro;1,61","Disponibilidad":"Disponible"},"schema":{"@context":"https:\/\/schema.org","@graph":[{"@type":"WebPage","@id":"https:\/\/webshop.pic2pat.com\/es\/producto\/dmc-433-mouline\/","url":"https:\/\/webshop.pic2pat.com\/es\/producto\/dmc-433-mouline\/","name":"DMC 433 - Marr\u00f3n Medio - Pic2Pat","isPartOf":{"@id":"https:\/\/webshop.pic2pat.com\/es\/#website"},"primaryImageOfPage":{"@id":"https:\/\/webshop.pic2pat.com\/es\/producto\/dmc-433-mouline\/#primaryimage"},"image":{"@id":"https:\/\/webshop.pic2pat.com\/es\/producto\/dmc-433-mouline\/#primaryimage"},"thumbnailUrl":"https:\/\/webshop.pic2pat.com\/wp-content\/uploads\/2021\/01\/433_45.jpg","datePublished":"2021-01-07T13:18:46+00:00","dateModified":"2026-04-27T13:28:19+00:00","description":"DMC 433 Moulin\u00e9 hilo de bordar de algod\u00f3n trenzado con hilo de color marr\u00f3n medio. Todos los colores de bordado DMC se encuentran en stock.","breadcrumb":{"@id":"https:\/\/webshop.pic2pat.com\/es\/producto\/dmc-433-mouline\/#breadcrumb"},"inLanguage":"es","potentialAction":[{"@type":"ReadAction","target":["https:\/\/webshop.pic2pat.com\/es\/producto\/dmc-433-mouline\/"]}]},{"@type":"ImageObject","inLanguage":"es","@id":"https:\/\/webshop.pic2pat.com\/es\/producto\/dmc-433-mouline\/#primaryimage","url":"https:\/\/webshop.pic2pat.com\/wp-content\/uploads\/2021\/01\/433_45.jpg","contentUrl":"https:\/\/webshop.pic2pat.com\/wp-content\/uploads\/2021\/01\/433_45.jpg","width":1317,"height":1317,"caption":"DMC 433 - Marr\u00f3n Medio"},{"@type":"BreadcrumbList","@id":"https:\/\/webshop.pic2pat.com\/es\/producto\/dmc-433-mouline\/#breadcrumb","itemListElement":[{"@type":"ListItem","position":1,"name":"Home","item":"https:\/\/webshop.pic2pat.com\/es\/"},{"@type":"ListItem","position":2,"name":"Tienda","item":"https:\/\/webshop.pic2pat.com\/es\/"},{"@type":"ListItem","position":3,"name":"DMC 433 &#8211; Marr\u00f3n Medio"}]},{"@type":"WebSite","@id":"https:\/\/webshop.pic2pat.com\/es\/#website","url":"https:\/\/webshop.pic2pat.com\/es\/","name":"Pic2Pat","description":"","publisher":{"@id":"https:\/\/webshop.pic2pat.com\/es\/#organization"},"potentialAction":[{"@type":"SearchAction","target":{"@type":"EntryPoint","urlTemplate":"https:\/\/webshop.pic2pat.com\/es\/?s={search_term_string}"},"query-input":{"@type":"PropertyValueSpecification","valueRequired":true,"valueName":"search_term_string"}}],"inLanguage":"es"},{"@type":"Organization","@id":"https:\/\/webshop.pic2pat.com\/es\/#organization","name":"Pic2Pat","url":"https:\/\/webshop.pic2pat.com\/es\/","logo":{"@type":"ImageObject","inLanguage":"es","@id":"https:\/\/webshop.pic2pat.com\/es\/#\/schema\/logo\/image\/","url":"https:\/\/webshop.pic2pat.com\/wp-content\/uploads\/2021\/05\/cropped-shop-logo.png","contentUrl":"https:\/\/webshop.pic2pat.com\/wp-content\/uploads\/2021\/05\/cropped-shop-logo.png","width":470,"height":110,"caption":"Pic2Pat"},"image":{"@id":"https:\/\/webshop.pic2pat.com\/es\/#\/schema\/logo\/image\/"}}]},"product_price_amount":"1.61","product_price_currency":"EUR","og_availability":"instock","product_availability":"instock","product_retailer_item_id":"DMC.117.0433","product_condition":"new"},"_links":{"self":[{"href":"https:\/\/webshop.pic2pat.com\/es\/wp-json\/wp\/v2\/product\/9704","targetHints":{"allow":["GET"]}}],"collection":[{"href":"https:\/\/webshop.pic2pat.com\/es\/wp-json\/wp\/v2\/product"}],"about":[{"href":"https:\/\/webshop.pic2pat.com\/es\/wp-json\/wp\/v2\/types\/product"}],"wp:featuredmedia":[{"embeddable":true,"href":"https:\/\/webshop.pic2pat.com\/es\/wp-json\/wp\/v2\/media\/17263"}],"wp:attachment":[{"href":"https:\/\/webshop.pic2pat.com\/es\/wp-json\/wp\/v2\/media?parent=9704"}],"wp:term":[{"taxonomy":"product_brand","embeddable":true,"href":"https:\/\/webshop.pic2pat.com\/es\/wp-json\/wp\/v2\/product_brand?post=9704"},{"taxonomy":"product_cat","embeddable":true,"href":"https:\/\/webshop.pic2pat.com\/es\/wp-json\/wp\/v2\/product_cat?post=9704"},{"taxonomy":"product_tag","embeddable":true,"href":"https:\/\/webshop.pic2pat.com\/es\/wp-json\/wp\/v2\/product_tag?post=9704"}],"curies":[{"name":"wp","href":"https:\/\/api.w.org\/{rel}","templated":true}]}}