{"id":25770,"date":"2021-05-12T08:46:36","date_gmt":"2021-05-12T07:46:36","guid":{"rendered":"https:\/\/webshop.pic2pat.com\/product\/tela-aida-dmc-dm122-11-count\/"},"modified":"2026-05-09T11:06:42","modified_gmt":"2026-05-09T10:06:42","slug":"tela-aida-dmc-dm122-11-count","status":"publish","type":"product","link":"https:\/\/webshop.pic2pat.com\/es\/producto\/tela-aida-dmc-dm122-11-count\/","title":{"rendered":"Tela Aida DMC DM122 &#8211; 11 count"},"content":{"rendered":"<p>DMC DM122 es una tela AIDA de alta calidad con 11 counts por pulgada para bordado de punto de cruz.<\/p>\n<p>Los colores blanco y crudo est\u00e1n siempre en stock. Otros colores est\u00e1n disponibles bajo pedido. Env\u00edenos un mensaje si necesita una estimaci\u00f3n de precio y plazo de entrega para otro color.<\/p>\n<ul>\n<li>11 puntos por pulgada<\/li>\n<li>4,4 puntos por cm<\/li>\n<\/ul>\n\n<p><\/p>\n","protected":false},"excerpt":{"rendered":"<p>DMC DM122 es una tela AIDA de alta calidad con 11 counts por pulgada para bordado de punto de cruz. Ofrecemos la tela en siete tama\u00f1os diferentes, desde 20&#215;30&nbsp;cm hasta 110&#215;220&nbsp;cm o de 4&#8243;x6&#8243; a 43&#8243;x79&#8243;. Tama\u00f1os mayores disponibles bajo pedido. El tama\u00f1o m\u00e1ximo que puede pedir es de 110&nbsp;x&nbsp;500&nbsp;cm.<\/p>\n","protected":false},"featured_media":15653,"template":"","meta":[],"product_brand":[],"product_cat":[313],"product_tag":[],"class_list":{"0":"post-25770","1":"product","2":"type-product","3":"status-publish","4":"has-post-thumbnail","6":"product_cat-tela","7":"product_shipping_class-inexpensive","9":"first","10":"instock","11":"taxable","12":"shipping-taxable","13":"purchasable","14":"product-type-variable","15":"has-default-attributes"},"yoast_head":"<!-- This site is optimized with the Yoast SEO plugin v27.5 - https:\/\/yoast.com\/product\/yoast-seo-wordpress\/ -->\n<title>Tela Aida DMC DM122 - 11 count - Pic2Pat<\/title>\n<meta name=\"description\" content=\"DMC DM122 es una tela AIDA de alta calidad con 11 counts por pulgada para bordado de punto de cruz.\" \/>\n<meta name=\"robots\" content=\"index, follow, max-snippet:-1, max-image-preview:large, max-video-preview:-1\" \/>\n<link rel=\"canonical\" href=\"https:\/\/webshop.pic2pat.com\/es\/producto\/tela-aida-dmc-dm122-11-count\/\" \/>\n<meta property=\"og:locale\" content=\"es_ES\" \/>\n<meta property=\"og:type\" content=\"article\" \/>\n<meta property=\"og:title\" content=\"Tela Aida DMC DM122 - 11 count - Pic2Pat\" \/>\n<meta property=\"og:description\" content=\"DMC DM122 es una tela AIDA de alta calidad con 11 counts por pulgada para bordado de punto de cruz.\" \/>\n<meta property=\"og:url\" content=\"https:\/\/webshop.pic2pat.com\/es\/producto\/tela-aida-dmc-dm122-11-count\/\" \/>\n<meta property=\"og:site_name\" content=\"Pic2Pat\" \/>\n<meta property=\"article:modified_time\" content=\"2026-05-09T10:06:42+00:00\" \/>\n<meta property=\"og:image\" content=\"https:\/\/webshop.pic2pat.com\/wp-content\/uploads\/2021\/04\/DMC222-ECRU.jpg\" \/>\n\t<meta property=\"og:image:width\" content=\"955\" \/>\n\t<meta property=\"og:image:height\" content=\"955\" \/>\n\t<meta property=\"og:image:type\" content=\"image\/jpeg\" \/>\n<meta name=\"twitter:card\" content=\"summary_large_image\" \/>\n<meta name=\"twitter:label1\" content=\"Disponibilidad\" \/>\n\t<meta name=\"twitter:data1\" content=\"Disponible\" \/>\n<script type=\"application\/ld+json\" class=\"yoast-schema-graph\">{\"@context\":\"https:\\\/\\\/schema.org\",\"@graph\":[{\"@type\":\"WebPage\",\"@id\":\"https:\\\/\\\/webshop.pic2pat.com\\\/es\\\/producto\\\/tela-aida-dmc-dm122-11-count\\\/\",\"url\":\"https:\\\/\\\/webshop.pic2pat.com\\\/es\\\/producto\\\/tela-aida-dmc-dm122-11-count\\\/\",\"name\":\"Tela Aida DMC DM122 - 11 count - Pic2Pat\",\"isPartOf\":{\"@id\":\"https:\\\/\\\/webshop.pic2pat.com\\\/es\\\/#website\"},\"primaryImageOfPage\":{\"@id\":\"https:\\\/\\\/webshop.pic2pat.com\\\/es\\\/producto\\\/tela-aida-dmc-dm122-11-count\\\/#primaryimage\"},\"image\":{\"@id\":\"https:\\\/\\\/webshop.pic2pat.com\\\/es\\\/producto\\\/tela-aida-dmc-dm122-11-count\\\/#primaryimage\"},\"thumbnailUrl\":\"https:\\\/\\\/webshop.pic2pat.com\\\/wp-content\\\/uploads\\\/2021\\\/04\\\/DMC222-ECRU.jpg\",\"datePublished\":\"2021-05-12T07:46:36+00:00\",\"dateModified\":\"2026-05-09T10:06:42+00:00\",\"description\":\"DMC DM122 es una tela AIDA de alta calidad con 11 counts por pulgada para bordado de punto de cruz.\",\"breadcrumb\":{\"@id\":\"https:\\\/\\\/webshop.pic2pat.com\\\/es\\\/producto\\\/tela-aida-dmc-dm122-11-count\\\/#breadcrumb\"},\"inLanguage\":\"es\",\"potentialAction\":[{\"@type\":\"ReadAction\",\"target\":[\"https:\\\/\\\/webshop.pic2pat.com\\\/es\\\/producto\\\/tela-aida-dmc-dm122-11-count\\\/\"]}]},{\"@type\":\"ImageObject\",\"inLanguage\":\"es\",\"@id\":\"https:\\\/\\\/webshop.pic2pat.com\\\/es\\\/producto\\\/tela-aida-dmc-dm122-11-count\\\/#primaryimage\",\"url\":\"https:\\\/\\\/webshop.pic2pat.com\\\/wp-content\\\/uploads\\\/2021\\\/04\\\/DMC222-ECRU.jpg\",\"contentUrl\":\"https:\\\/\\\/webshop.pic2pat.com\\\/wp-content\\\/uploads\\\/2021\\\/04\\\/DMC222-ECRU.jpg\",\"width\":955,\"height\":955,\"caption\":\"Tela AIDA DMC-DM222-ECRU\"},{\"@type\":\"BreadcrumbList\",\"@id\":\"https:\\\/\\\/webshop.pic2pat.com\\\/es\\\/producto\\\/tela-aida-dmc-dm122-11-count\\\/#breadcrumb\",\"itemListElement\":[{\"@type\":\"ListItem\",\"position\":1,\"name\":\"Home\",\"item\":\"https:\\\/\\\/webshop.pic2pat.com\\\/es\\\/\"},{\"@type\":\"ListItem\",\"position\":2,\"name\":\"Tienda\",\"item\":\"https:\\\/\\\/webshop.pic2pat.com\\\/es\\\/\"},{\"@type\":\"ListItem\",\"position\":3,\"name\":\"Tela Aida DMC DM122 &#8211; 11 count\"}]},{\"@type\":\"WebSite\",\"@id\":\"https:\\\/\\\/webshop.pic2pat.com\\\/es\\\/#website\",\"url\":\"https:\\\/\\\/webshop.pic2pat.com\\\/es\\\/\",\"name\":\"Pic2Pat\",\"description\":\"\",\"publisher\":{\"@id\":\"https:\\\/\\\/webshop.pic2pat.com\\\/es\\\/#organization\"},\"potentialAction\":[{\"@type\":\"SearchAction\",\"target\":{\"@type\":\"EntryPoint\",\"urlTemplate\":\"https:\\\/\\\/webshop.pic2pat.com\\\/es\\\/?s={search_term_string}\"},\"query-input\":{\"@type\":\"PropertyValueSpecification\",\"valueRequired\":true,\"valueName\":\"search_term_string\"}}],\"inLanguage\":\"es\"},{\"@type\":\"Organization\",\"@id\":\"https:\\\/\\\/webshop.pic2pat.com\\\/es\\\/#organization\",\"name\":\"Pic2Pat\",\"url\":\"https:\\\/\\\/webshop.pic2pat.com\\\/es\\\/\",\"logo\":{\"@type\":\"ImageObject\",\"inLanguage\":\"es\",\"@id\":\"https:\\\/\\\/webshop.pic2pat.com\\\/es\\\/#\\\/schema\\\/logo\\\/image\\\/\",\"url\":\"https:\\\/\\\/webshop.pic2pat.com\\\/wp-content\\\/uploads\\\/2021\\\/05\\\/cropped-shop-logo.png\",\"contentUrl\":\"https:\\\/\\\/webshop.pic2pat.com\\\/wp-content\\\/uploads\\\/2021\\\/05\\\/cropped-shop-logo.png\",\"width\":470,\"height\":110,\"caption\":\"Pic2Pat\"},\"image\":{\"@id\":\"https:\\\/\\\/webshop.pic2pat.com\\\/es\\\/#\\\/schema\\\/logo\\\/image\\\/\"}}]}<\/script>\n<meta property=\"og:availability\" content=\"instock\" \/>\n<meta property=\"product:availability\" content=\"instock\" \/>\n<meta property=\"product:condition\" content=\"new\" \/>\n<!-- \/ Yoast SEO plugin. -->","yoast_head_json":{"title":"Tela Aida DMC DM122 - 11 count - Pic2Pat","description":"DMC DM122 es una tela AIDA de alta calidad con 11 counts por pulgada para bordado de punto de cruz.","robots":{"index":"index","follow":"follow","max-snippet":"max-snippet:-1","max-image-preview":"max-image-preview:large","max-video-preview":"max-video-preview:-1"},"canonical":"https:\/\/webshop.pic2pat.com\/es\/producto\/tela-aida-dmc-dm122-11-count\/","og_locale":"es_ES","og_type":"article","og_title":"Tela Aida DMC DM122 - 11 count - Pic2Pat","og_description":"DMC DM122 es una tela AIDA de alta calidad con 11 counts por pulgada para bordado de punto de cruz.","og_url":"https:\/\/webshop.pic2pat.com\/es\/producto\/tela-aida-dmc-dm122-11-count\/","og_site_name":"Pic2Pat","article_modified_time":"2026-05-09T10:06:42+00:00","og_image":[{"width":955,"height":955,"url":"https:\/\/webshop.pic2pat.com\/wp-content\/uploads\/2021\/04\/DMC222-ECRU.jpg","type":"image\/jpeg"}],"twitter_card":"summary_large_image","twitter_misc":{"Disponibilidad":"Disponible"},"schema":{"@context":"https:\/\/schema.org","@graph":[{"@type":"WebPage","@id":"https:\/\/webshop.pic2pat.com\/es\/producto\/tela-aida-dmc-dm122-11-count\/","url":"https:\/\/webshop.pic2pat.com\/es\/producto\/tela-aida-dmc-dm122-11-count\/","name":"Tela Aida DMC DM122 - 11 count - Pic2Pat","isPartOf":{"@id":"https:\/\/webshop.pic2pat.com\/es\/#website"},"primaryImageOfPage":{"@id":"https:\/\/webshop.pic2pat.com\/es\/producto\/tela-aida-dmc-dm122-11-count\/#primaryimage"},"image":{"@id":"https:\/\/webshop.pic2pat.com\/es\/producto\/tela-aida-dmc-dm122-11-count\/#primaryimage"},"thumbnailUrl":"https:\/\/webshop.pic2pat.com\/wp-content\/uploads\/2021\/04\/DMC222-ECRU.jpg","datePublished":"2021-05-12T07:46:36+00:00","dateModified":"2026-05-09T10:06:42+00:00","description":"DMC DM122 es una tela AIDA de alta calidad con 11 counts por pulgada para bordado de punto de cruz.","breadcrumb":{"@id":"https:\/\/webshop.pic2pat.com\/es\/producto\/tela-aida-dmc-dm122-11-count\/#breadcrumb"},"inLanguage":"es","potentialAction":[{"@type":"ReadAction","target":["https:\/\/webshop.pic2pat.com\/es\/producto\/tela-aida-dmc-dm122-11-count\/"]}]},{"@type":"ImageObject","inLanguage":"es","@id":"https:\/\/webshop.pic2pat.com\/es\/producto\/tela-aida-dmc-dm122-11-count\/#primaryimage","url":"https:\/\/webshop.pic2pat.com\/wp-content\/uploads\/2021\/04\/DMC222-ECRU.jpg","contentUrl":"https:\/\/webshop.pic2pat.com\/wp-content\/uploads\/2021\/04\/DMC222-ECRU.jpg","width":955,"height":955,"caption":"Tela AIDA DMC-DM222-ECRU"},{"@type":"BreadcrumbList","@id":"https:\/\/webshop.pic2pat.com\/es\/producto\/tela-aida-dmc-dm122-11-count\/#breadcrumb","itemListElement":[{"@type":"ListItem","position":1,"name":"Home","item":"https:\/\/webshop.pic2pat.com\/es\/"},{"@type":"ListItem","position":2,"name":"Tienda","item":"https:\/\/webshop.pic2pat.com\/es\/"},{"@type":"ListItem","position":3,"name":"Tela Aida DMC DM122 &#8211; 11 count"}]},{"@type":"WebSite","@id":"https:\/\/webshop.pic2pat.com\/es\/#website","url":"https:\/\/webshop.pic2pat.com\/es\/","name":"Pic2Pat","description":"","publisher":{"@id":"https:\/\/webshop.pic2pat.com\/es\/#organization"},"potentialAction":[{"@type":"SearchAction","target":{"@type":"EntryPoint","urlTemplate":"https:\/\/webshop.pic2pat.com\/es\/?s={search_term_string}"},"query-input":{"@type":"PropertyValueSpecification","valueRequired":true,"valueName":"search_term_string"}}],"inLanguage":"es"},{"@type":"Organization","@id":"https:\/\/webshop.pic2pat.com\/es\/#organization","name":"Pic2Pat","url":"https:\/\/webshop.pic2pat.com\/es\/","logo":{"@type":"ImageObject","inLanguage":"es","@id":"https:\/\/webshop.pic2pat.com\/es\/#\/schema\/logo\/image\/","url":"https:\/\/webshop.pic2pat.com\/wp-content\/uploads\/2021\/05\/cropped-shop-logo.png","contentUrl":"https:\/\/webshop.pic2pat.com\/wp-content\/uploads\/2021\/05\/cropped-shop-logo.png","width":470,"height":110,"caption":"Pic2Pat"},"image":{"@id":"https:\/\/webshop.pic2pat.com\/es\/#\/schema\/logo\/image\/"}}]},"og_availability":"instock","product_availability":"instock","product_condition":"new"},"_links":{"self":[{"href":"https:\/\/webshop.pic2pat.com\/es\/wp-json\/wp\/v2\/product\/25770","targetHints":{"allow":["GET"]}}],"collection":[{"href":"https:\/\/webshop.pic2pat.com\/es\/wp-json\/wp\/v2\/product"}],"about":[{"href":"https:\/\/webshop.pic2pat.com\/es\/wp-json\/wp\/v2\/types\/product"}],"wp:featuredmedia":[{"embeddable":true,"href":"https:\/\/webshop.pic2pat.com\/es\/wp-json\/wp\/v2\/media\/15653"}],"wp:attachment":[{"href":"https:\/\/webshop.pic2pat.com\/es\/wp-json\/wp\/v2\/media?parent=25770"}],"wp:term":[{"taxonomy":"product_brand","embeddable":true,"href":"https:\/\/webshop.pic2pat.com\/es\/wp-json\/wp\/v2\/product_brand?post=25770"},{"taxonomy":"product_cat","embeddable":true,"href":"https:\/\/webshop.pic2pat.com\/es\/wp-json\/wp\/v2\/product_cat?post=25770"},{"taxonomy":"product_tag","embeddable":true,"href":"https:\/\/webshop.pic2pat.com\/es\/wp-json\/wp\/v2\/product_tag?post=25770"}],"curies":[{"name":"wp","href":"https:\/\/api.w.org\/{rel}","templated":true}]}}