{"id":5075,"date":"2021-01-17T21:37:58","date_gmt":"2021-01-17T21:37:58","guid":{"rendered":"https:\/\/webshop.pic2pat.com\/?page_id=5075"},"modified":"2026-05-10T15:29:22","modified_gmt":"2026-05-10T14:29:22","slug":"politica","status":"publish","type":"page","link":"https:\/\/webshop.pic2pat.com\/es\/politica\/","title":{"rendered":"Pol\u00edtica de privacidad"},"content":{"rendered":"\n<p>Pic2Pat respeta la privacidad de los visitantes de su sitio web, en particular sus derechos en relaci\u00f3n con el tratamiento automatizado de datos personales. Por ello, hemos formulado e implementado una pol\u00edtica de total transparencia con nuestros clientes en lo que respecta al tratamiento de datos personales, sus finalidades y las posibilidades de ejercer sus derechos legales de la mejor manera posible.&#13;\n<\/p>\n\n<p>Si necesita informaci\u00f3n adicional sobre la protecci\u00f3n de datos personales, visite el sitio web de la Autoridad de Protecci\u00f3n de Datos de los Pa\u00edses Bajos (Autoriteit Persoonsgegevens): <a href=\"https:\/\/autoriteitpersoonsgegevens.nl\">https:\/\/autoriteitpersoonsgegevens.nl\/en&#13;\n<\/a>.<\/p>\n\n<p>Hasta que acepte el uso de cookies y otros dispositivos de seguimiento, no colocaremos cookies anal\u00edticas no anonimizadas y\/o cookies de seguimiento en su ordenador, tel\u00e9fono m\u00f3vil o tableta.<br\/>Con la continuaci\u00f3n de la visita a este sitio web, usted acepta estos t\u00e9rminos de uso y acepta el uso de cookies y otros sistemas de seguimiento, a menos que hayamos proporcionado otro m\u00e9todo para aceptar las cookies en nuestro sitio web.<br\/><\/p>\n\n<p>La versi\u00f3n actualmente disponible de esta pol\u00edtica de privacidad es la \u00fanica versi\u00f3n que se aplica durante la visita a nuestro sitio web hasta que una nueva versi\u00f3n sustituya a la versi\u00f3n actual.<\/p>\n\n<h2 class=\"wp-block-heading\">Art\u00edculo 1 &#8211; Definiciones<\/h2>\n\n<ol class=\"wp-block-list\">\n<li>Sitio web (en adelante: \u00abSitio web\u00bb) pic2pat.com.<\/li>\n\n\n\n<li>Parte responsable del tratamiento de datos personales (en adelante: \u00abel responsable del tratamiento\u00bb): Pic2Pat, con domicilio en Vaart Oostzijde 7, 8435 WD Donkerbroek, Pa\u00edses Bajos, n\u00famero de la C\u00e1mara de Comercio: 01063918.&#13;\n<\/li>\n<\/ol>\n\n<h2 class=\"wp-block-heading\">Art\u00edculo 2 &#8211; Acceso al sitio web<\/h2>\n\n<p>El acceso y uso del sitio web son estrictamente personales. Usted se abstendr\u00e1 de utilizar los datos e informaci\u00f3n de este sitio web para sus propios fines comerciales, pol\u00edticos o publicitarios, as\u00ed como para cualquier oferta comercial, en particular ofertas electr\u00f3nicas no solicitadas.&#13;\n<\/p>\n\n<h2 class=\"wp-block-heading\">Art\u00edculo 3 &#8211; Contenido del sitio web<\/h2>\n\n<p>Todas las marcas, im\u00e1genes, textos, comentarios, ilustraciones (im\u00e1genes animadas), im\u00e1genes de v\u00eddeo, sonidos y todas las aplicaciones t\u00e9cnicas que pueden utilizarse para el funcionamiento de este sitio web y, en general, todos los componentes utilizados en este sitio web, est\u00e1n protegidos por las leyes de propiedad intelectual. Queda estrictamente prohibida cualquier reproducci\u00f3n, repetici\u00f3n, uso o modificaci\u00f3n, por cualquier medio que sea, de la totalidad o de parte de los mismos, incluidas las aplicaciones t\u00e9cnicas, sin la autorizaci\u00f3n previa y por escrito del responsable del tratamiento. El hecho de que el responsable del tratamiento no act\u00fae de inmediato contra cualquier infracci\u00f3n no puede considerarse como consentimiento t\u00e1cito ni como renuncia a ning\u00fan derecho de perseguir al infractor.&#13;\n<\/p>\n\n<h2 class=\"wp-block-heading\">Art\u00edculo 4 &#8211; Gesti\u00f3n del sitio web<\/h2>\n\n<p>Para garantizar una gesti\u00f3n adecuada del sitio, el responsable del tratamiento podr\u00e1 en cualquier momento:&#13;\n<\/p>\n\n<ol class=\"wp-block-list\">\n<li>suspender, interrumpir, reducir o denegar el acceso al sitio web a una categor\u00eda determinada de visitantes&#13;\n<\/li>\n\n\n\n<li>eliminar toda la informaci\u00f3n que pueda perturbar el funcionamiento del sitio web, que entre en conflicto con leyes nacionales o internacionales o que sea contraria a la etiqueta de Internet&#13;\n<\/li>\n\n\n\n<li>hacer que el sitio web no est\u00e9 disponible temporalmente con el fin de realizar actualizaciones<\/li>\n<\/ol>\n\n<h2 class=\"wp-block-heading\">Art\u00edculo 5 &#8211; Responsabilidades<\/h2>\n\n<ol class=\"wp-block-list\">\n<li>El responsable del tratamiento no ser\u00e1 responsable de ning\u00fan fallo, perturbaci\u00f3n, dificultad o interrupci\u00f3n en el funcionamiento del sitio web que cause la inaccesibilidad (temporal) del sitio web o de cualquiera de sus funcionalidades. Usted mismo es responsable de la forma en que establece la conexi\u00f3n con nuestro sitio web. Debe tomar todas las medidas adecuadas para proteger su equipo y sus datos contra riesgos como ataques de virus en Internet. Asimismo, usted es responsable de los sitios web que visita y de la informaci\u00f3n que busca.&#13;\n<\/li>\n\n\n\n<li>El responsable del tratamiento no ser\u00e1 responsable de ning\u00fan procedimiento legal emprendido contra usted:\n<ol class=\"wp-block-list\">\n<li>debido al uso del sitio web o de los servicios accesibles a trav\u00e9s de Internet<\/li>\n\n\n\n<li>por infringir los t\u00e9rminos de esta pol\u00edtica de privacidad<\/li>\n<\/ol>\n<\/li>\n\n\n\n<li>El responsable del tratamiento no ser\u00e1 responsable de ning\u00fan da\u00f1o que le pueda causar a usted o a terceros, o a sus equipos, como resultado de su conexi\u00f3n o uso del sitio web, y usted se abstendr\u00e1 de emprender cualquier acci\u00f3n (legal) posterior contra el responsable del tratamiento.&#13;\n<\/li>\n\n\n\n<li>Si el responsable del tratamiento se ve involucrado en una disputa debido a su uso (indebido) de este sitio web, tendr\u00e1 derecho a reclamarle todos los da\u00f1os y perjuicios subsiguientes.&#13;\n<\/li>\n<\/ol>\n\n<h2 class=\"wp-block-heading\">Art\u00edculo 6 &#8211; Recopilaci\u00f3n de datos<\/h2>\n\n<ol class=\"wp-block-list\">\n<li>Sus datos personales ser\u00e1n recopilados por Pic2Pat y por uno o varios encargados del tratamiento externos.<\/li>\n\n\n\n<li>Los datos personales se refieren a cualquier informaci\u00f3n relativa a una persona f\u00edsica identificada o identificable (\u00abinteresado\u00bb).&#13;\n<\/li>\n\n\n\n<li>Una persona f\u00edsica identificable es aquella que puede ser identificada, directa o indirectamente, en particular mediante un identificador como un nombre, un n\u00famero de identificaci\u00f3n, datos de localizaci\u00f3n, un identificador en l\u00ednea o uno o varios elementos propios de la identidad f\u00edsica, fisiol\u00f3gica, gen\u00e9tica, ps\u00edquica, econ\u00f3mica, cultural o social de dicha persona f\u00edsica.&#13;\n<\/li>\n\n\n\n<li>Los datos personales que se recopilan en el sitio web son utilizados principalmente por el responsable del tratamiento con el fin de mantener una relaci\u00f3n (comercial) con usted y, en su caso, para procesar sus pedidos. Estos datos se registran en un registro (electr\u00f3nico).&#13;\n<\/li>\n<\/ol>\n\n<h2 class=\"wp-block-heading\">Art\u00edculo 7 &#8211; Sus derechos en relaci\u00f3n con la informaci\u00f3n<\/h2>\n\n<ol class=\"wp-block-list\">\n<li>De conformidad con el art\u00edculo 13, apartado 2, letra b del RGPD, todo interesado tiene derecho a la informaci\u00f3n y al acceso, as\u00ed como a la rectificaci\u00f3n, supresi\u00f3n y limitaci\u00f3n del tratamiento de sus datos personales, adem\u00e1s del derecho a oponerse al tratamiento y el derecho a la portabilidad de los datos.&#13;\n<\/li>\n\n\n\n<li>Puede ejercer estos derechos contact\u00e1ndonos en [privacy@pic2pat.com](mailto:privacy@pic2pat.com).<\/li>\n\n\n\n<li>Cada solicitud deber\u00e1 ir acompa\u00f1ada de una copia de un documento de identidad v\u00e1lido, en el que usted incluya su firma e indique la direcci\u00f3n donde podamos contactarle.&#13;\n<\/li>\n\n\n\n<li>En el plazo de un mes desde la presentaci\u00f3n de la solicitud, recibir\u00e1 una respuesta por nuestra parte.<\/li>\n\n\n\n<li>En funci\u00f3n de la complejidad y del n\u00famero de solicitudes, este plazo podr\u00e1 ampliarse hasta dos meses.&#13;\n<\/li>\n<\/ol>\n\n<h2 class=\"wp-block-heading\">Art\u00edculo 8 &#8211; Obligaciones legales<\/h2>\n\n<ol class=\"wp-block-list\">\n<li>En caso de infracci\u00f3n de cualquier ley o reglamento, de la que se sospeche de un visitante y para la cual las autoridades requieran los datos personales recopilados por el responsable del tratamiento, estos ser\u00e1n facilitados a dichas autoridades tras una solicitud expl\u00edcita y motivada de las mismas, tras lo cual dichos datos personales dejar\u00e1n de estar amparados por las disposiciones de esta pol\u00edtica de privacidad.&#13;\n<\/li>\n\n\n\n<li>Si fuera necesaria alguna informaci\u00f3n para obtener acceso a determinadas funcionalidades del sitio web, el responsable del tratamiento indicar\u00e1 el car\u00e1cter obligatorio de dicha informaci\u00f3n en el momento de solicitarla.&#13;\n<\/li>\n<\/ol>\n\n<h2 class=\"wp-block-heading\">Art\u00edculo 9 &#8211; Datos recopilados y ofertas comerciales<\/h2>\n\n<ol class=\"wp-block-list\">\n<li>Puede recibir ofertas comerciales del responsable del tratamiento. Si no desea recibirlas (o dejar de recibirlas), env\u00edenos un correo electr\u00f3nico a la siguiente direcci\u00f3n: privacy@pic2pat.com<\/li>\n\n\n\n<li>Sus datos personales podr\u00e1n ser utilizados por nuestros socios con fines comerciales. Si no desea que esto ocurra, env\u00edenos un correo electr\u00f3nico a la siguiente direcci\u00f3n: privacy@pic2pat.com<\/li>\n\n\n\n<li>Si durante la visita a nuestro sitio web usted se encuentra con datos personales de otros interesados, deber\u00e1 abstenerse de su recopilaci\u00f3n, de cualquier uso no autorizado o de cualquier otro acto que constituya una infracci\u00f3n de la privacidad del\/los interesado(s) en cuesti\u00f3n. El responsable del tratamiento no ser\u00e1 responsable en estas circunstancias.&#13;\n<\/li>\n<\/ol>\n\n<h2 class=\"wp-block-heading\">Art\u00edculo 10 &#8211; Conservaci\u00f3n de datos<\/h2>\n\n<p>Los datos recopilados se utilizan y conservan durante el per\u00edodo establecido por la ley.<\/p>\n\n<h2 class=\"wp-block-heading\">Art\u00edculo 11 &#8211; Cookies<\/h2>\n\n<ol class=\"wp-block-list\">\n<li>Una cookie es un peque\u00f1o archivo de texto que se almacena en el disco duro de su dispositivo electr\u00f3nico al visitar nuestro sitio web. Una cookie contiene datos que permiten reconocerle como visitante cuando visita nuestro sitio web. Nos permite adaptar el sitio a sus necesidades y le facilita el inicio de sesi\u00f3n en nuestro sitio web. Cuando visita nuestro sitio web, le informamos sobre el uso de cookies. Al continuar utilizando nuestro sitio web, usted acepta su uso, a menos que solicitemos su consentimiento por otros medios. Su consentimiento es v\u00e1lido por un per\u00edodo de trece meses.&#13;\n<\/li>\n\n\n\n<li>Utilizamos los siguientes tipos de cookies en nuestro sitio web:\n<ol class=\"wp-block-list\">\n<li>Cookies funcionales: como cookies de sesi\u00f3n y de inicio de sesi\u00f3n para recopilar informaci\u00f3n de sesi\u00f3n y de inicio de sesi\u00f3n.&#13;\n<\/li>\n\n\n\n<li>Cookies anal\u00edticas anonimizadas: para obtener informaci\u00f3n sobre las visitas a nuestro sitio web, como el n\u00famero de visitantes, las p\u00e1ginas m\u00e1s populares y los temas. De este modo, podemos ajustar nuestra comunicaci\u00f3n e informaci\u00f3n a las necesidades de nuestros visitantes. No podemos ver qui\u00e9n visita nuestros sitios ni desde qu\u00e9 dispositivo personal se ha realizado la visita.&#13;\n<\/li>\n\n\n\n<li>Cookies anal\u00edticas no anonimizadas: para obtener informaci\u00f3n sobre las visitas a nuestro sitio web, como el n\u00famero de visitantes, las p\u00e1ginas m\u00e1s populares y los temas. De este modo, podemos ajustar nuestra comunicaci\u00f3n e informaci\u00f3n a las necesidades de nuestros visitantes.&#13;\n<\/li>\n\n\n\n<li>Cookies de seguimiento: como las cookies publicitarias destinadas a mostrar anuncios relevantes. Mediante el uso de estas cookies podemos deducir sus intereses personales. De este modo, otras organizaciones pueden mostrarle anuncios dirigidos cuando visita sus sitios web. Las cookies de seguimiento hacen posible la elaboraci\u00f3n de perfiles y permiten tratar de forma diferente a categor\u00edas de personas al dirigir la publicidad. Las cookies de seguimiento suelen tratar datos personales.&#13;\n<\/li>\n<\/ol>\n<\/li>\n\n\n\n<li>En concreto, utilizamos las siguientes cookies en nuestro sitio web:\n<ul class=\"wp-block-list\">\n<li>Google Analytics anonimizado (cookie anal\u00edtica)<\/li>\n\n\n\n<li>Google AdWords (cookie de seguimiento)<\/li>\n<\/ul>\n<\/li>\n\n\n\n<li>Cuando visita nuestro sitio web, pueden instalarse cookies del responsable del tratamiento y\/o de terceros en su equipo.&#13;\n<\/li>\n\n\n\n<li>Para obtener m\u00e1s informaci\u00f3n sobre el uso, la gesti\u00f3n y la eliminaci\u00f3n de cookies en cada dispositivo electr\u00f3nico, le invitamos a consultar el siguiente enlace: <a href=\"https:\/\/autoriteitpersoonsgegevens.nl\/nl\/onderwerpen\/internet-telefoon-tv-en-post\/cookies#faq\">https:\/\/autoriteitpersoonsgegevens.nl\/nl\/onderwerpen\/internet-telefoon-tv-en-post\/cookies#faq<\/a><\/li>\n<\/ol>\n\n<h2 class=\"wp-block-heading\">Art\u00edculo 12 &#8211; Im\u00e1genes y productos ofrecidos<\/h2>\n\n<p>No puede derivar ning\u00fan derecho de las im\u00e1genes que acompa\u00f1an a cualquier producto ofrecido en nuestro sitio web.&#13;\n<\/p>\n\n<h2 class=\"wp-block-heading\">Art\u00edculo 13 &#8211; Derecho aplicable<\/h2>\n\n<p>Estas condiciones se rigen por la legislaci\u00f3n neerlandesa. El tribunal del distrito en el que el responsable del tratamiento tiene su domicilio social ser\u00e1 el \u00fanico competente en caso de que surja cualquier disputa relativa a estas condiciones, salvo cuando sea de aplicaci\u00f3n una excepci\u00f3n legal.&#13;\n<\/p>\n\n<h2 class=\"wp-block-heading\">Art\u00edculo 14 &#8211; Contacto<\/h2>\n\n<p>Para preguntas, informaci\u00f3n sobre productos o informaci\u00f3n sobre el propio sitio web, p\u00f3ngase en contacto con: Departamento de Privacidad, privacy@pic2pat.com&#13;\n, +31-85-8888899<\/p>\n","protected":false},"excerpt":{"rendered":"<p>Pic2Pat respeta la privacidad de los visitantes de su sitio web, en particular sus derechos en relaci\u00f3n con el tratamiento automatizado de datos personales. Por ello, hemos formulado e implementado una pol\u00edtica de total transparencia con nuestros clientes en lo que respecta al tratamiento de datos personales, sus finalidades y las posibilidades de ejercer sus [&hellip;]<\/p>\n","protected":false},"author":3,"featured_media":0,"parent":0,"menu_order":0,"comment_status":"closed","ping_status":"closed","template":"","meta":{"footnotes":""},"class_list":["post-5075","page","type-page","status-publish","hentry"],"yoast_head":"<!-- This site is optimized with the Yoast SEO plugin v27.5 - https:\/\/yoast.com\/product\/yoast-seo-wordpress\/ -->\n<title>Pol\u00edtica de privacidad - Pic2Pat<\/title>\n<meta name=\"robots\" content=\"noindex, follow\" \/>\n<meta property=\"og:locale\" content=\"es_ES\" \/>\n<meta property=\"og:type\" content=\"article\" \/>\n<meta property=\"og:title\" content=\"Pol\u00edtica de privacidad - Pic2Pat\" \/>\n<meta property=\"og:description\" content=\"Pic2Pat respeta la privacidad de los visitantes de su sitio web, en particular sus derechos en relaci\u00f3n con el tratamiento automatizado de datos personales. Por ello, hemos formulado e implementado una pol\u00edtica de total transparencia con nuestros clientes en lo que respecta al tratamiento de datos personales, sus finalidades y las posibilidades de ejercer sus [&hellip;]\" \/>\n<meta property=\"og:url\" content=\"https:\/\/webshop.pic2pat.com\/es\/politica\/\" \/>\n<meta property=\"og:site_name\" content=\"Pic2Pat\" \/>\n<meta property=\"article:modified_time\" content=\"2026-05-10T14:29:22+00:00\" \/>\n<meta name=\"twitter:card\" content=\"summary_large_image\" \/>\n<meta name=\"twitter:label1\" content=\"Tiempo de lectura\" \/>\n\t<meta name=\"twitter:data1\" content=\"9 minutos\" \/>\n<script type=\"application\/ld+json\" class=\"yoast-schema-graph\">{\"@context\":\"https:\\\/\\\/schema.org\",\"@graph\":[{\"@type\":\"WebPage\",\"@id\":\"https:\\\/\\\/webshop.pic2pat.com\\\/es\\\/politica\\\/\",\"url\":\"https:\\\/\\\/webshop.pic2pat.com\\\/es\\\/politica\\\/\",\"name\":\"Pol\u00edtica de privacidad - Pic2Pat\",\"isPartOf\":{\"@id\":\"https:\\\/\\\/webshop.pic2pat.com\\\/es\\\/#website\"},\"datePublished\":\"2021-01-17T21:37:58+00:00\",\"dateModified\":\"2026-05-10T14:29:22+00:00\",\"breadcrumb\":{\"@id\":\"https:\\\/\\\/webshop.pic2pat.com\\\/es\\\/politica\\\/#breadcrumb\"},\"inLanguage\":\"es\",\"potentialAction\":[{\"@type\":\"ReadAction\",\"target\":[\"https:\\\/\\\/webshop.pic2pat.com\\\/es\\\/politica\\\/\"]}]},{\"@type\":\"BreadcrumbList\",\"@id\":\"https:\\\/\\\/webshop.pic2pat.com\\\/es\\\/politica\\\/#breadcrumb\",\"itemListElement\":[{\"@type\":\"ListItem\",\"position\":1,\"name\":\"Home\",\"item\":\"https:\\\/\\\/webshop.pic2pat.com\\\/es\\\/\"},{\"@type\":\"ListItem\",\"position\":2,\"name\":\"Pol\u00edtica de privacidad\"}]},{\"@type\":\"WebSite\",\"@id\":\"https:\\\/\\\/webshop.pic2pat.com\\\/es\\\/#website\",\"url\":\"https:\\\/\\\/webshop.pic2pat.com\\\/es\\\/\",\"name\":\"Pic2Pat\",\"description\":\"\",\"publisher\":{\"@id\":\"https:\\\/\\\/webshop.pic2pat.com\\\/es\\\/#organization\"},\"potentialAction\":[{\"@type\":\"SearchAction\",\"target\":{\"@type\":\"EntryPoint\",\"urlTemplate\":\"https:\\\/\\\/webshop.pic2pat.com\\\/es\\\/?s={search_term_string}\"},\"query-input\":{\"@type\":\"PropertyValueSpecification\",\"valueRequired\":true,\"valueName\":\"search_term_string\"}}],\"inLanguage\":\"es\"},{\"@type\":\"Organization\",\"@id\":\"https:\\\/\\\/webshop.pic2pat.com\\\/es\\\/#organization\",\"name\":\"Pic2Pat\",\"url\":\"https:\\\/\\\/webshop.pic2pat.com\\\/es\\\/\",\"logo\":{\"@type\":\"ImageObject\",\"inLanguage\":\"es\",\"@id\":\"https:\\\/\\\/webshop.pic2pat.com\\\/es\\\/#\\\/schema\\\/logo\\\/image\\\/\",\"url\":\"https:\\\/\\\/webshop.pic2pat.com\\\/wp-content\\\/uploads\\\/2021\\\/05\\\/cropped-shop-logo.png\",\"contentUrl\":\"https:\\\/\\\/webshop.pic2pat.com\\\/wp-content\\\/uploads\\\/2021\\\/05\\\/cropped-shop-logo.png\",\"width\":470,\"height\":110,\"caption\":\"Pic2Pat\"},\"image\":{\"@id\":\"https:\\\/\\\/webshop.pic2pat.com\\\/es\\\/#\\\/schema\\\/logo\\\/image\\\/\"}}]}<\/script>\n<!-- \/ Yoast SEO plugin. -->","yoast_head_json":{"title":"Pol\u00edtica de privacidad - Pic2Pat","robots":{"index":"noindex","follow":"follow"},"og_locale":"es_ES","og_type":"article","og_title":"Pol\u00edtica de privacidad - Pic2Pat","og_description":"Pic2Pat respeta la privacidad de los visitantes de su sitio web, en particular sus derechos en relaci\u00f3n con el tratamiento automatizado de datos personales. Por ello, hemos formulado e implementado una pol\u00edtica de total transparencia con nuestros clientes en lo que respecta al tratamiento de datos personales, sus finalidades y las posibilidades de ejercer sus [&hellip;]","og_url":"https:\/\/webshop.pic2pat.com\/es\/politica\/","og_site_name":"Pic2Pat","article_modified_time":"2026-05-10T14:29:22+00:00","twitter_card":"summary_large_image","twitter_misc":{"Tiempo de lectura":"9 minutos"},"schema":{"@context":"https:\/\/schema.org","@graph":[{"@type":"WebPage","@id":"https:\/\/webshop.pic2pat.com\/es\/politica\/","url":"https:\/\/webshop.pic2pat.com\/es\/politica\/","name":"Pol\u00edtica de privacidad - Pic2Pat","isPartOf":{"@id":"https:\/\/webshop.pic2pat.com\/es\/#website"},"datePublished":"2021-01-17T21:37:58+00:00","dateModified":"2026-05-10T14:29:22+00:00","breadcrumb":{"@id":"https:\/\/webshop.pic2pat.com\/es\/politica\/#breadcrumb"},"inLanguage":"es","potentialAction":[{"@type":"ReadAction","target":["https:\/\/webshop.pic2pat.com\/es\/politica\/"]}]},{"@type":"BreadcrumbList","@id":"https:\/\/webshop.pic2pat.com\/es\/politica\/#breadcrumb","itemListElement":[{"@type":"ListItem","position":1,"name":"Home","item":"https:\/\/webshop.pic2pat.com\/es\/"},{"@type":"ListItem","position":2,"name":"Pol\u00edtica de privacidad"}]},{"@type":"WebSite","@id":"https:\/\/webshop.pic2pat.com\/es\/#website","url":"https:\/\/webshop.pic2pat.com\/es\/","name":"Pic2Pat","description":"","publisher":{"@id":"https:\/\/webshop.pic2pat.com\/es\/#organization"},"potentialAction":[{"@type":"SearchAction","target":{"@type":"EntryPoint","urlTemplate":"https:\/\/webshop.pic2pat.com\/es\/?s={search_term_string}"},"query-input":{"@type":"PropertyValueSpecification","valueRequired":true,"valueName":"search_term_string"}}],"inLanguage":"es"},{"@type":"Organization","@id":"https:\/\/webshop.pic2pat.com\/es\/#organization","name":"Pic2Pat","url":"https:\/\/webshop.pic2pat.com\/es\/","logo":{"@type":"ImageObject","inLanguage":"es","@id":"https:\/\/webshop.pic2pat.com\/es\/#\/schema\/logo\/image\/","url":"https:\/\/webshop.pic2pat.com\/wp-content\/uploads\/2021\/05\/cropped-shop-logo.png","contentUrl":"https:\/\/webshop.pic2pat.com\/wp-content\/uploads\/2021\/05\/cropped-shop-logo.png","width":470,"height":110,"caption":"Pic2Pat"},"image":{"@id":"https:\/\/webshop.pic2pat.com\/es\/#\/schema\/logo\/image\/"}}]}},"_links":{"self":[{"href":"https:\/\/webshop.pic2pat.com\/es\/wp-json\/wp\/v2\/pages\/5075","targetHints":{"allow":["GET"]}}],"collection":[{"href":"https:\/\/webshop.pic2pat.com\/es\/wp-json\/wp\/v2\/pages"}],"about":[{"href":"https:\/\/webshop.pic2pat.com\/es\/wp-json\/wp\/v2\/types\/page"}],"author":[{"embeddable":true,"href":"https:\/\/webshop.pic2pat.com\/es\/wp-json\/wp\/v2\/users\/3"}],"replies":[{"embeddable":true,"href":"https:\/\/webshop.pic2pat.com\/es\/wp-json\/wp\/v2\/comments?post=5075"}],"version-history":[{"count":0,"href":"https:\/\/webshop.pic2pat.com\/es\/wp-json\/wp\/v2\/pages\/5075\/revisions"}],"wp:attachment":[{"href":"https:\/\/webshop.pic2pat.com\/es\/wp-json\/wp\/v2\/media?parent=5075"}],"curies":[{"name":"wp","href":"https:\/\/api.w.org\/{rel}","templated":true}]}}