{"id":25400,"date":"2026-05-05T21:39:13","date_gmt":"2026-05-05T20:39:13","guid":{"rendered":"https:\/\/webshop.pic2pat.com\/envio\/"},"modified":"2026-05-09T23:06:39","modified_gmt":"2026-05-09T22:06:39","slug":"envio","status":"publish","type":"page","link":"https:\/\/webshop.pic2pat.com\/es\/envio\/","title":{"rendered":"Env\u00edo"},"content":{"rendered":"\n<p>Todos los pedidos se env\u00edan desde los Pa\u00edses Bajos.<\/p>\n\n<p>Enviamos nuestros productos a todo el mundo a todas las ubicaciones a las que se pueda llegar a trav\u00e9s del servicio postal internacional o mediante DHL Express en destinos seleccionados. No ofrecemos otras opciones de env\u00edo.&#13;\n<\/p>\n\n<h2 class=\"wp-block-heading\">Servicio postal<\/h2>\n\n<p>Nuestra opci\u00f3n de env\u00edo por defecto es a trav\u00e9s del servicio postal.<\/p>\n\n<h3 class=\"wp-block-heading\">Estimaci\u00f3n de entrega<\/h3>\n\n<p>En la p\u00e1gina del Carrito y de Finalizaci\u00f3n de compra se muestra una estimaci\u00f3n del tiempo de entrega. Esta estimaci\u00f3n se basa en nuestro propio tiempo interno de procesamiento, combinado con el tiempo de procesamiento proporcionado por el servicio postal neerland\u00e9s PostNL. Las estimaciones no son vinculantes.&#13;\n<\/p>\n\n<p>Todos nuestros productos est\u00e1n en stock y los pedidos recibidos antes de las 15:00 CET (hora de Europa Central) en d\u00edas laborables se env\u00edan el mismo d\u00eda. Si la cantidad de un producto supera nuestro stock actual, solicitaremos los productos faltantes a nuestro proveedor externo. Esto a\u00f1adir\u00e1 dos d\u00edas laborables adicionales al tiempo de entrega, los cuales ya est\u00e1n incluidos en la estimaci\u00f3n de entrega mostrada en la p\u00e1gina de pago.&#13;\n<\/p>\n\n<h3 class=\"wp-block-heading\">Gastos de env\u00edo<\/h3>\n\n<p>Ofrecemos <strong>ENV\u00cdO GRATUITO<\/strong> en todos los pedidos con un precio total de productos de al menos <strong>\u20ac 15.00<\/strong> a todos los destinos del mundo.<br\/><\/p>\n\n<p>Para pedidos m\u00e1s peque\u00f1os, a\u00f1adimos una tarifa de env\u00edo modesta de <strong>\u20ac 2.99<\/strong>.<br\/><\/p>\n\n<h3 class=\"wp-block-heading\">Costes adicionales<\/h3>\n\n<p>Para los pedidos enviados a trav\u00e9s del servicio postal, no cobramos ning\u00fan otro coste adem\u00e1s de la tarifa de env\u00edo mencionada anteriormente.&#13;\n<\/p>\n\n<p>Para los pedidos a destinos fuera de la Uni\u00f3n Europea, pueden aplicarse costes adicionales debido a los tr\u00e1mites aduaneros. Estos costes deben ser pagados \u00edntegramente por el comprador. Por favor, consulte nuestra p\u00e1gina sobre <a href=\"https:\/\/webshop.pic2pat.com\/es\/iva-en-los-pedidos\/\">IVA en los pedidos<\/a> para m\u00e1s detalles.<br\/><\/p>\n\n<h2 class=\"wp-block-heading\">DHL Express<\/h2>\n\n<p>Si desea acelerar el env\u00edo y utilizar DHL Express en lugar del servicio postal, env\u00edenos un correo electr\u00f3nico para solicitar un presupuesto antes de finalizar el pedido.&#13;\n<\/p>\n","protected":false},"excerpt":{"rendered":"<p>Todos los pedidos se env\u00edan desde los Pa\u00edses Bajos. Enviamos nuestros productos a todo el mundo a todas las ubicaciones a las que se pueda llegar a trav\u00e9s del servicio postal internacional o mediante DHL Express en destinos seleccionados. No ofrecemos otras opciones de env\u00edo.&#13; Servicio postal Nuestra opci\u00f3n de env\u00edo por defecto es a [&hellip;]<\/p>\n","protected":false},"author":3,"featured_media":0,"parent":0,"menu_order":0,"comment_status":"closed","ping_status":"closed","template":"","meta":{"footnotes":""},"class_list":["post-25400","page","type-page","status-publish","hentry"],"yoast_head":"<!-- This site is optimized with the Yoast SEO plugin v27.5 - https:\/\/yoast.com\/product\/yoast-seo-wordpress\/ -->\n<title>Env\u00edo - Pic2Pat<\/title>\n<meta name=\"robots\" content=\"index, follow, max-snippet:-1, max-image-preview:large, max-video-preview:-1\" \/>\n<link rel=\"canonical\" href=\"https:\/\/webshop.pic2pat.com\/es\/envio\/\" \/>\n<meta property=\"og:locale\" content=\"es_ES\" \/>\n<meta property=\"og:type\" content=\"article\" \/>\n<meta property=\"og:title\" content=\"Env\u00edo - Pic2Pat\" \/>\n<meta property=\"og:description\" content=\"Todos los pedidos se env\u00edan desde los Pa\u00edses Bajos. Enviamos nuestros productos a todo el mundo a todas las ubicaciones a las que se pueda llegar a trav\u00e9s del servicio postal internacional o mediante DHL Express en destinos seleccionados. No ofrecemos otras opciones de env\u00edo.&#013; Servicio postal Nuestra opci\u00f3n de env\u00edo por defecto es a [&hellip;]\" \/>\n<meta property=\"og:url\" content=\"https:\/\/webshop.pic2pat.com\/es\/envio\/\" \/>\n<meta property=\"og:site_name\" content=\"Pic2Pat\" \/>\n<meta property=\"article:modified_time\" content=\"2026-05-09T22:06:39+00:00\" \/>\n<meta name=\"twitter:card\" content=\"summary_large_image\" \/>\n<meta name=\"twitter:label1\" content=\"Tiempo de lectura\" \/>\n\t<meta name=\"twitter:data1\" content=\"2 minutos\" \/>\n<script type=\"application\/ld+json\" class=\"yoast-schema-graph\">{\"@context\":\"https:\\\/\\\/schema.org\",\"@graph\":[{\"@type\":\"WebPage\",\"@id\":\"https:\\\/\\\/webshop.pic2pat.com\\\/es\\\/envio\\\/\",\"url\":\"https:\\\/\\\/webshop.pic2pat.com\\\/es\\\/envio\\\/\",\"name\":\"Env\u00edo - Pic2Pat\",\"isPartOf\":{\"@id\":\"https:\\\/\\\/webshop.pic2pat.com\\\/es\\\/#website\"},\"datePublished\":\"2026-05-05T20:39:13+00:00\",\"dateModified\":\"2026-05-09T22:06:39+00:00\",\"breadcrumb\":{\"@id\":\"https:\\\/\\\/webshop.pic2pat.com\\\/es\\\/envio\\\/#breadcrumb\"},\"inLanguage\":\"es\",\"potentialAction\":[{\"@type\":\"ReadAction\",\"target\":[\"https:\\\/\\\/webshop.pic2pat.com\\\/es\\\/envio\\\/\"]}]},{\"@type\":\"BreadcrumbList\",\"@id\":\"https:\\\/\\\/webshop.pic2pat.com\\\/es\\\/envio\\\/#breadcrumb\",\"itemListElement\":[{\"@type\":\"ListItem\",\"position\":1,\"name\":\"Home\",\"item\":\"https:\\\/\\\/webshop.pic2pat.com\\\/es\\\/\"},{\"@type\":\"ListItem\",\"position\":2,\"name\":\"Env\u00edo\"}]},{\"@type\":\"WebSite\",\"@id\":\"https:\\\/\\\/webshop.pic2pat.com\\\/es\\\/#website\",\"url\":\"https:\\\/\\\/webshop.pic2pat.com\\\/es\\\/\",\"name\":\"Pic2Pat\",\"description\":\"\",\"publisher\":{\"@id\":\"https:\\\/\\\/webshop.pic2pat.com\\\/es\\\/#organization\"},\"potentialAction\":[{\"@type\":\"SearchAction\",\"target\":{\"@type\":\"EntryPoint\",\"urlTemplate\":\"https:\\\/\\\/webshop.pic2pat.com\\\/es\\\/?s={search_term_string}\"},\"query-input\":{\"@type\":\"PropertyValueSpecification\",\"valueRequired\":true,\"valueName\":\"search_term_string\"}}],\"inLanguage\":\"es\"},{\"@type\":\"Organization\",\"@id\":\"https:\\\/\\\/webshop.pic2pat.com\\\/es\\\/#organization\",\"name\":\"Pic2Pat\",\"url\":\"https:\\\/\\\/webshop.pic2pat.com\\\/es\\\/\",\"logo\":{\"@type\":\"ImageObject\",\"inLanguage\":\"es\",\"@id\":\"https:\\\/\\\/webshop.pic2pat.com\\\/es\\\/#\\\/schema\\\/logo\\\/image\\\/\",\"url\":\"https:\\\/\\\/webshop.pic2pat.com\\\/wp-content\\\/uploads\\\/2021\\\/05\\\/cropped-shop-logo.png\",\"contentUrl\":\"https:\\\/\\\/webshop.pic2pat.com\\\/wp-content\\\/uploads\\\/2021\\\/05\\\/cropped-shop-logo.png\",\"width\":470,\"height\":110,\"caption\":\"Pic2Pat\"},\"image\":{\"@id\":\"https:\\\/\\\/webshop.pic2pat.com\\\/es\\\/#\\\/schema\\\/logo\\\/image\\\/\"}}]}<\/script>\n<!-- \/ Yoast SEO plugin. -->","yoast_head_json":{"title":"Env\u00edo - Pic2Pat","robots":{"index":"index","follow":"follow","max-snippet":"max-snippet:-1","max-image-preview":"max-image-preview:large","max-video-preview":"max-video-preview:-1"},"canonical":"https:\/\/webshop.pic2pat.com\/es\/envio\/","og_locale":"es_ES","og_type":"article","og_title":"Env\u00edo - Pic2Pat","og_description":"Todos los pedidos se env\u00edan desde los Pa\u00edses Bajos. Enviamos nuestros productos a todo el mundo a todas las ubicaciones a las que se pueda llegar a trav\u00e9s del servicio postal internacional o mediante DHL Express en destinos seleccionados. No ofrecemos otras opciones de env\u00edo.&#13; Servicio postal Nuestra opci\u00f3n de env\u00edo por defecto es a [&hellip;]","og_url":"https:\/\/webshop.pic2pat.com\/es\/envio\/","og_site_name":"Pic2Pat","article_modified_time":"2026-05-09T22:06:39+00:00","twitter_card":"summary_large_image","twitter_misc":{"Tiempo de lectura":"2 minutos"},"schema":{"@context":"https:\/\/schema.org","@graph":[{"@type":"WebPage","@id":"https:\/\/webshop.pic2pat.com\/es\/envio\/","url":"https:\/\/webshop.pic2pat.com\/es\/envio\/","name":"Env\u00edo - Pic2Pat","isPartOf":{"@id":"https:\/\/webshop.pic2pat.com\/es\/#website"},"datePublished":"2026-05-05T20:39:13+00:00","dateModified":"2026-05-09T22:06:39+00:00","breadcrumb":{"@id":"https:\/\/webshop.pic2pat.com\/es\/envio\/#breadcrumb"},"inLanguage":"es","potentialAction":[{"@type":"ReadAction","target":["https:\/\/webshop.pic2pat.com\/es\/envio\/"]}]},{"@type":"BreadcrumbList","@id":"https:\/\/webshop.pic2pat.com\/es\/envio\/#breadcrumb","itemListElement":[{"@type":"ListItem","position":1,"name":"Home","item":"https:\/\/webshop.pic2pat.com\/es\/"},{"@type":"ListItem","position":2,"name":"Env\u00edo"}]},{"@type":"WebSite","@id":"https:\/\/webshop.pic2pat.com\/es\/#website","url":"https:\/\/webshop.pic2pat.com\/es\/","name":"Pic2Pat","description":"","publisher":{"@id":"https:\/\/webshop.pic2pat.com\/es\/#organization"},"potentialAction":[{"@type":"SearchAction","target":{"@type":"EntryPoint","urlTemplate":"https:\/\/webshop.pic2pat.com\/es\/?s={search_term_string}"},"query-input":{"@type":"PropertyValueSpecification","valueRequired":true,"valueName":"search_term_string"}}],"inLanguage":"es"},{"@type":"Organization","@id":"https:\/\/webshop.pic2pat.com\/es\/#organization","name":"Pic2Pat","url":"https:\/\/webshop.pic2pat.com\/es\/","logo":{"@type":"ImageObject","inLanguage":"es","@id":"https:\/\/webshop.pic2pat.com\/es\/#\/schema\/logo\/image\/","url":"https:\/\/webshop.pic2pat.com\/wp-content\/uploads\/2021\/05\/cropped-shop-logo.png","contentUrl":"https:\/\/webshop.pic2pat.com\/wp-content\/uploads\/2021\/05\/cropped-shop-logo.png","width":470,"height":110,"caption":"Pic2Pat"},"image":{"@id":"https:\/\/webshop.pic2pat.com\/es\/#\/schema\/logo\/image\/"}}]}},"_links":{"self":[{"href":"https:\/\/webshop.pic2pat.com\/es\/wp-json\/wp\/v2\/pages\/25400","targetHints":{"allow":["GET"]}}],"collection":[{"href":"https:\/\/webshop.pic2pat.com\/es\/wp-json\/wp\/v2\/pages"}],"about":[{"href":"https:\/\/webshop.pic2pat.com\/es\/wp-json\/wp\/v2\/types\/page"}],"author":[{"embeddable":true,"href":"https:\/\/webshop.pic2pat.com\/es\/wp-json\/wp\/v2\/users\/3"}],"replies":[{"embeddable":true,"href":"https:\/\/webshop.pic2pat.com\/es\/wp-json\/wp\/v2\/comments?post=25400"}],"version-history":[{"count":0,"href":"https:\/\/webshop.pic2pat.com\/es\/wp-json\/wp\/v2\/pages\/25400\/revisions"}],"wp:attachment":[{"href":"https:\/\/webshop.pic2pat.com\/es\/wp-json\/wp\/v2\/media?parent=25400"}],"curies":[{"name":"wp","href":"https:\/\/api.w.org\/{rel}","templated":true}]}}