{"id":25392,"date":"2026-05-05T21:18:13","date_gmt":"2026-05-05T20:18:13","guid":{"rendered":"https:\/\/webshop.pic2pat.com\/opciones-de-pago\/"},"modified":"2026-05-10T14:13:04","modified_gmt":"2026-05-10T13:13:04","slug":"metodos-de-pago","status":"publish","type":"page","link":"https:\/\/webshop.pic2pat.com\/es\/metodos-de-pago\/","title":{"rendered":"M\u00e9todos de pago"},"content":{"rendered":"\n<p>Nuestros productos se env\u00edan a todo el mundo. Ofrecemos varias opciones de pago diferentes para que nuestros clientes puedan pagar sus pedidos. Los clientes son libres de elegir cualquier opci\u00f3n de pago disponible para su pa\u00eds.&#13;\n<\/p>\n\n<p>No se a\u00f1aden tarifas al importe del pedido por ninguna de las opciones de pago.<\/p>\n\n<h2 class=\"wp-block-heading\"><img loading=\"lazy\" decoding=\"async\" width=\"64\" height=\"40\" src=\"https:\/\/webshop.pic2pat.com\/wp-content\/plugins\/woocommerce-gateway-stripe\/assets\/images\/amex.svg\" alt=\"American Express\" style=\"float:left\"\/> <img loading=\"lazy\" decoding=\"async\" width=\"64\" height=\"40\" src=\"https:\/\/webshop.pic2pat.com\/wp-content\/plugins\/woocommerce-gateway-stripe\/assets\/images\/mastercard.svg\" alt=\"Mastercard\" style=\"float:left\"\/><img loading=\"lazy\" decoding=\"async\" width=\"64\" height=\"40\" src=\"https:\/\/webshop.pic2pat.com\/wp-content\/plugins\/woocommerce-gateway-stripe\/assets\/images\/visa.svg\" alt=\"Visa\"\/><br\/><\/h2>\n\n<p>Aceptamos <strong>tarjetas de cr\u00e9dito<\/strong> para todos nuestros pedidos en todo el mundo. Las siguientes tarjetas de cr\u00e9dito pueden utilizarse en nuestro sitio:<br\/><\/p>\n\n<ul class=\"wp-block-list\"><li>American Express<\/li><li>Mastercard<\/li><li>Visa<\/li><\/ul>\n\n<h2 class=\"wp-block-heading\"><img loading=\"lazy\" decoding=\"async\" src=\"https:\/\/webshop.pic2pat.com\/wp-content\/plugins\/theme-customisations\/assets\/PayPal.svg\" alt=\"PayPal\" width=\"150\" height=\"40\"\/><br\/><\/h2>\n\n<p><strong>PayPal<\/strong> es una plataforma de pago conveniente que le permite pagar directamente con su tarjeta de cr\u00e9dito sin necesidad de una cuenta, o a trav\u00e9s de una cuenta registrada. Aceptamos pagos con PayPal en todo el mundo.<br\/><\/p>\n\n<h2 class=\"wp-block-heading\"><img loading=\"lazy\" decoding=\"async\" src=\"https:\/\/webshop.pic2pat.com\/wp-content\/plugins\/woocommerce-gateway-stripe\/assets\/images\/ideal.svg\" alt=\"iDeal\" width=\"57\" height=\"50\"\/><br\/><\/h2>\n\n<p><strong>iDeal <\/strong>es un sistema de pago utilizado en los Pa\u00edses Bajos para pagar directamente con una tarjeta de d\u00e9bito neerlandesa. Los pagos con iDeal se procesan de forma inmediata.<br\/><\/p>\n\n<h2 class=\"wp-block-heading\"><img loading=\"lazy\" decoding=\"async\" src=\"https:\/\/webshop.pic2pat.com\/wp-content\/plugins\/woocommerce-gateway-stripe\/assets\/images\/bancontact.svg\" alt=\"Bancontact\" width=\"85\" height=\"60\"\/><br\/><\/h2>\n\n<p><strong>Bancontact <\/strong>es la opci\u00f3n de pago m\u00e1s utilizada en B\u00e9lgica<br\/><\/p>\n\n<h2 class=\"wp-block-heading\"><img loading=\"lazy\" decoding=\"async\" src=\"https:\/\/webshop.pic2pat.com\/wp-content\/plugins\/woocommerce-gateway-stripe\/assets\/images\/sofort.svg\" alt=\"Sofort\" width=\"129\" height=\"40\"\/><br\/><\/h2>\n\n<p><strong>Sofort<\/strong> es un sistema de pago en el que el cliente utiliza una transferencia bancaria para finalizar el pago. El resultado de la transferencia bancaria no es visible de forma inmediata para nuestro procesador de pagos. Por lo tanto, el procesamiento del pedido puede retrasarse unos d\u00edas cuando se utiliza Sofort, en comparaci\u00f3n con otras opciones de pago en las que el pago se procesa de forma inmediata.<br\/><\/p>\n\n<p>Admitimos pagos con Sofort para pedidos procedentes de los siguientes pa\u00edses:<\/p>\n\n<ul class=\"wp-block-list\"><li>Austria<\/li><li>B\u00e9lgica<\/li><li>Alemania<\/li><li>Italia<\/li><li>los Pa\u00edses Bajos<\/li><li>Espa\u00f1a<\/li><\/ul>\n\n<h2 class=\"wp-block-heading\"><img loading=\"lazy\" decoding=\"async\" width=\"93\" height=\"40\" src=\"https:\/\/webshop.pic2pat.com\/wp-content\/plugins\/woocommerce-gateway-stripe\/assets\/images\/giropay.svg\" alt=\"Giropay\"\/><br\/><\/h2>\n\n<p><strong>Giropay <\/strong>es un sistema de pago en el que los clientes autorizan su pago a trav\u00e9s de su banco. Esta opci\u00f3n de pago solo est\u00e1 disponible en Alemania.<br\/><\/p>\n\n<h2 class=\"wp-block-heading\"><img loading=\"lazy\" decoding=\"async\" src=\"https:\/\/webshop.pic2pat.com\/wp-content\/plugins\/woocommerce-gateway-stripe\/assets\/images\/eps.svg\" alt=\"EPS\" width=\"65\" height=\"50\"\/><br\/><\/h2>\n\n<p><strong>EPS <\/strong>es un sistema de pago en Austria en el que los clientes autorizan su pago a trav\u00e9s del portal de su banco. El procesamiento del pago es inmediato.<br\/><\/p>\n","protected":false},"excerpt":{"rendered":"<p>Nuestros productos se env\u00edan a todo el mundo. Ofrecemos varias opciones de pago diferentes para que nuestros clientes puedan pagar sus pedidos. Los clientes son libres de elegir cualquier opci\u00f3n de pago disponible para su pa\u00eds.&#13; No se a\u00f1aden tarifas al importe del pedido por ninguna de las opciones de pago. Aceptamos tarjetas de cr\u00e9dito [&hellip;]<\/p>\n","protected":false},"author":3,"featured_media":0,"parent":0,"menu_order":0,"comment_status":"closed","ping_status":"closed","template":"","meta":{"footnotes":""},"class_list":["post-25392","page","type-page","status-publish","hentry"],"yoast_head":"<!-- This site is optimized with the Yoast SEO plugin v27.5 - https:\/\/yoast.com\/product\/yoast-seo-wordpress\/ -->\n<title>M\u00e9todos de pago - Pic2Pat<\/title>\n<meta name=\"robots\" content=\"index, follow, max-snippet:-1, max-image-preview:large, max-video-preview:-1\" \/>\n<link rel=\"canonical\" href=\"https:\/\/webshop.pic2pat.com\/es\/metodos-de-pago\/\" \/>\n<meta property=\"og:locale\" content=\"es_ES\" \/>\n<meta property=\"og:type\" content=\"article\" \/>\n<meta property=\"og:title\" content=\"M\u00e9todos de pago - Pic2Pat\" \/>\n<meta property=\"og:description\" content=\"Nuestros productos se env\u00edan a todo el mundo. Ofrecemos varias opciones de pago diferentes para que nuestros clientes puedan pagar sus pedidos. Los clientes son libres de elegir cualquier opci\u00f3n de pago disponible para su pa\u00eds.&#013; No se a\u00f1aden tarifas al importe del pedido por ninguna de las opciones de pago. Aceptamos tarjetas de cr\u00e9dito [&hellip;]\" \/>\n<meta property=\"og:url\" content=\"https:\/\/webshop.pic2pat.com\/es\/metodos-de-pago\/\" \/>\n<meta property=\"og:site_name\" content=\"Pic2Pat\" \/>\n<meta property=\"article:modified_time\" content=\"2026-05-10T13:13:04+00:00\" \/>\n<meta property=\"og:image\" content=\"https:\/\/webshop.pic2pat.com\/wp-content\/plugins\/woocommerce-gateway-stripe\/assets\/images\/amex.svg\" \/>\n<meta name=\"twitter:card\" content=\"summary_large_image\" \/>\n<meta name=\"twitter:label1\" content=\"Tiempo de lectura\" \/>\n\t<meta name=\"twitter:data1\" content=\"4 minutos\" \/>\n<script type=\"application\/ld+json\" class=\"yoast-schema-graph\">{\"@context\":\"https:\\\/\\\/schema.org\",\"@graph\":[{\"@type\":\"WebPage\",\"@id\":\"https:\\\/\\\/webshop.pic2pat.com\\\/es\\\/metodos-de-pago\\\/\",\"url\":\"https:\\\/\\\/webshop.pic2pat.com\\\/es\\\/metodos-de-pago\\\/\",\"name\":\"M\u00e9todos de pago - Pic2Pat\",\"isPartOf\":{\"@id\":\"https:\\\/\\\/webshop.pic2pat.com\\\/es\\\/#website\"},\"primaryImageOfPage\":{\"@id\":\"https:\\\/\\\/webshop.pic2pat.com\\\/es\\\/metodos-de-pago\\\/#primaryimage\"},\"image\":{\"@id\":\"https:\\\/\\\/webshop.pic2pat.com\\\/es\\\/metodos-de-pago\\\/#primaryimage\"},\"thumbnailUrl\":\"https:\\\/\\\/webshop.pic2pat.com\\\/wp-content\\\/plugins\\\/woocommerce-gateway-stripe\\\/assets\\\/images\\\/amex.svg\",\"datePublished\":\"2026-05-05T20:18:13+00:00\",\"dateModified\":\"2026-05-10T13:13:04+00:00\",\"breadcrumb\":{\"@id\":\"https:\\\/\\\/webshop.pic2pat.com\\\/es\\\/metodos-de-pago\\\/#breadcrumb\"},\"inLanguage\":\"es\",\"potentialAction\":[{\"@type\":\"ReadAction\",\"target\":[\"https:\\\/\\\/webshop.pic2pat.com\\\/es\\\/metodos-de-pago\\\/\"]}]},{\"@type\":\"ImageObject\",\"inLanguage\":\"es\",\"@id\":\"https:\\\/\\\/webshop.pic2pat.com\\\/es\\\/metodos-de-pago\\\/#primaryimage\",\"url\":\"https:\\\/\\\/webshop.pic2pat.com\\\/wp-content\\\/plugins\\\/woocommerce-gateway-stripe\\\/assets\\\/images\\\/amex.svg\",\"contentUrl\":\"https:\\\/\\\/webshop.pic2pat.com\\\/wp-content\\\/plugins\\\/woocommerce-gateway-stripe\\\/assets\\\/images\\\/amex.svg\"},{\"@type\":\"BreadcrumbList\",\"@id\":\"https:\\\/\\\/webshop.pic2pat.com\\\/es\\\/metodos-de-pago\\\/#breadcrumb\",\"itemListElement\":[{\"@type\":\"ListItem\",\"position\":1,\"name\":\"Home\",\"item\":\"https:\\\/\\\/webshop.pic2pat.com\\\/es\\\/\"},{\"@type\":\"ListItem\",\"position\":2,\"name\":\"M\u00e9todos de pago\"}]},{\"@type\":\"WebSite\",\"@id\":\"https:\\\/\\\/webshop.pic2pat.com\\\/es\\\/#website\",\"url\":\"https:\\\/\\\/webshop.pic2pat.com\\\/es\\\/\",\"name\":\"Pic2Pat\",\"description\":\"\",\"publisher\":{\"@id\":\"https:\\\/\\\/webshop.pic2pat.com\\\/es\\\/#organization\"},\"potentialAction\":[{\"@type\":\"SearchAction\",\"target\":{\"@type\":\"EntryPoint\",\"urlTemplate\":\"https:\\\/\\\/webshop.pic2pat.com\\\/es\\\/?s={search_term_string}\"},\"query-input\":{\"@type\":\"PropertyValueSpecification\",\"valueRequired\":true,\"valueName\":\"search_term_string\"}}],\"inLanguage\":\"es\"},{\"@type\":\"Organization\",\"@id\":\"https:\\\/\\\/webshop.pic2pat.com\\\/es\\\/#organization\",\"name\":\"Pic2Pat\",\"url\":\"https:\\\/\\\/webshop.pic2pat.com\\\/es\\\/\",\"logo\":{\"@type\":\"ImageObject\",\"inLanguage\":\"es\",\"@id\":\"https:\\\/\\\/webshop.pic2pat.com\\\/es\\\/#\\\/schema\\\/logo\\\/image\\\/\",\"url\":\"https:\\\/\\\/webshop.pic2pat.com\\\/wp-content\\\/uploads\\\/2021\\\/05\\\/cropped-shop-logo.png\",\"contentUrl\":\"https:\\\/\\\/webshop.pic2pat.com\\\/wp-content\\\/uploads\\\/2021\\\/05\\\/cropped-shop-logo.png\",\"width\":470,\"height\":110,\"caption\":\"Pic2Pat\"},\"image\":{\"@id\":\"https:\\\/\\\/webshop.pic2pat.com\\\/es\\\/#\\\/schema\\\/logo\\\/image\\\/\"}}]}<\/script>\n<!-- \/ Yoast SEO plugin. -->","yoast_head_json":{"title":"M\u00e9todos de pago - Pic2Pat","robots":{"index":"index","follow":"follow","max-snippet":"max-snippet:-1","max-image-preview":"max-image-preview:large","max-video-preview":"max-video-preview:-1"},"canonical":"https:\/\/webshop.pic2pat.com\/es\/metodos-de-pago\/","og_locale":"es_ES","og_type":"article","og_title":"M\u00e9todos de pago - Pic2Pat","og_description":"Nuestros productos se env\u00edan a todo el mundo. Ofrecemos varias opciones de pago diferentes para que nuestros clientes puedan pagar sus pedidos. Los clientes son libres de elegir cualquier opci\u00f3n de pago disponible para su pa\u00eds.&#13; No se a\u00f1aden tarifas al importe del pedido por ninguna de las opciones de pago. Aceptamos tarjetas de cr\u00e9dito [&hellip;]","og_url":"https:\/\/webshop.pic2pat.com\/es\/metodos-de-pago\/","og_site_name":"Pic2Pat","article_modified_time":"2026-05-10T13:13:04+00:00","og_image":[{"url":"https:\/\/webshop.pic2pat.com\/wp-content\/plugins\/woocommerce-gateway-stripe\/assets\/images\/amex.svg","type":"","width":"","height":""}],"twitter_card":"summary_large_image","twitter_misc":{"Tiempo de lectura":"4 minutos"},"schema":{"@context":"https:\/\/schema.org","@graph":[{"@type":"WebPage","@id":"https:\/\/webshop.pic2pat.com\/es\/metodos-de-pago\/","url":"https:\/\/webshop.pic2pat.com\/es\/metodos-de-pago\/","name":"M\u00e9todos de pago - Pic2Pat","isPartOf":{"@id":"https:\/\/webshop.pic2pat.com\/es\/#website"},"primaryImageOfPage":{"@id":"https:\/\/webshop.pic2pat.com\/es\/metodos-de-pago\/#primaryimage"},"image":{"@id":"https:\/\/webshop.pic2pat.com\/es\/metodos-de-pago\/#primaryimage"},"thumbnailUrl":"https:\/\/webshop.pic2pat.com\/wp-content\/plugins\/woocommerce-gateway-stripe\/assets\/images\/amex.svg","datePublished":"2026-05-05T20:18:13+00:00","dateModified":"2026-05-10T13:13:04+00:00","breadcrumb":{"@id":"https:\/\/webshop.pic2pat.com\/es\/metodos-de-pago\/#breadcrumb"},"inLanguage":"es","potentialAction":[{"@type":"ReadAction","target":["https:\/\/webshop.pic2pat.com\/es\/metodos-de-pago\/"]}]},{"@type":"ImageObject","inLanguage":"es","@id":"https:\/\/webshop.pic2pat.com\/es\/metodos-de-pago\/#primaryimage","url":"https:\/\/webshop.pic2pat.com\/wp-content\/plugins\/woocommerce-gateway-stripe\/assets\/images\/amex.svg","contentUrl":"https:\/\/webshop.pic2pat.com\/wp-content\/plugins\/woocommerce-gateway-stripe\/assets\/images\/amex.svg"},{"@type":"BreadcrumbList","@id":"https:\/\/webshop.pic2pat.com\/es\/metodos-de-pago\/#breadcrumb","itemListElement":[{"@type":"ListItem","position":1,"name":"Home","item":"https:\/\/webshop.pic2pat.com\/es\/"},{"@type":"ListItem","position":2,"name":"M\u00e9todos de pago"}]},{"@type":"WebSite","@id":"https:\/\/webshop.pic2pat.com\/es\/#website","url":"https:\/\/webshop.pic2pat.com\/es\/","name":"Pic2Pat","description":"","publisher":{"@id":"https:\/\/webshop.pic2pat.com\/es\/#organization"},"potentialAction":[{"@type":"SearchAction","target":{"@type":"EntryPoint","urlTemplate":"https:\/\/webshop.pic2pat.com\/es\/?s={search_term_string}"},"query-input":{"@type":"PropertyValueSpecification","valueRequired":true,"valueName":"search_term_string"}}],"inLanguage":"es"},{"@type":"Organization","@id":"https:\/\/webshop.pic2pat.com\/es\/#organization","name":"Pic2Pat","url":"https:\/\/webshop.pic2pat.com\/es\/","logo":{"@type":"ImageObject","inLanguage":"es","@id":"https:\/\/webshop.pic2pat.com\/es\/#\/schema\/logo\/image\/","url":"https:\/\/webshop.pic2pat.com\/wp-content\/uploads\/2021\/05\/cropped-shop-logo.png","contentUrl":"https:\/\/webshop.pic2pat.com\/wp-content\/uploads\/2021\/05\/cropped-shop-logo.png","width":470,"height":110,"caption":"Pic2Pat"},"image":{"@id":"https:\/\/webshop.pic2pat.com\/es\/#\/schema\/logo\/image\/"}}]}},"_links":{"self":[{"href":"https:\/\/webshop.pic2pat.com\/es\/wp-json\/wp\/v2\/pages\/25392","targetHints":{"allow":["GET"]}}],"collection":[{"href":"https:\/\/webshop.pic2pat.com\/es\/wp-json\/wp\/v2\/pages"}],"about":[{"href":"https:\/\/webshop.pic2pat.com\/es\/wp-json\/wp\/v2\/types\/page"}],"author":[{"embeddable":true,"href":"https:\/\/webshop.pic2pat.com\/es\/wp-json\/wp\/v2\/users\/3"}],"replies":[{"embeddable":true,"href":"https:\/\/webshop.pic2pat.com\/es\/wp-json\/wp\/v2\/comments?post=25392"}],"version-history":[{"count":0,"href":"https:\/\/webshop.pic2pat.com\/es\/wp-json\/wp\/v2\/pages\/25392\/revisions"}],"wp:attachment":[{"href":"https:\/\/webshop.pic2pat.com\/es\/wp-json\/wp\/v2\/media?parent=25392"}],"curies":[{"name":"wp","href":"https:\/\/api.w.org\/{rel}","templated":true}]}}