{"id":14852,"date":"2021-01-07T11:13:47","date_gmt":"2021-01-07T10:13:47","guid":{"rendered":"https:\/\/webshop.pic2pat.com\/product\/dmc-647-mouline\/"},"modified":"2026-04-27T19:49:35","modified_gmt":"2026-04-27T18:49:35","slug":"dmc-647-mouline","status":"publish","type":"product","link":"https:\/\/webshop.pic2pat.com\/de\/produkt\/dmc-647-mouline\/","title":{"rendered":"DMC 647 &#8211; Mittel Bibergrau"},"content":{"rendered":"<p>DMC 647 Moulin\u00e9 Strang Baumwollstickgarn in mittlerem Bibergrau. DMC 117 ist die weltweit meistgebrauchte Stickseide f\u00fcr Kreuzstich-Projekte. Jedes Gebinde wiegt 2 Gramm und reicht f\u00fcr durchschnittlich 1600 Stiche, abh\u00e4ngig von der Maschengr\u00f6\u00dfe des Grundstoffes. Jeder Strang ist 8 Meter lang, 6-f\u00e4dig und f\u00fcr kleinere Maschenweiten teilbar. So werden beispielsweise 2 F\u00e4den f\u00fcr den weitverbreiteten 14ct-Stramin verwendet.<\/p>\n<p>Die mittlere bibergraue Farbe der DMC 647 Moulin\u00e9-Stickseide ist farbecht und beh\u00e4lt auch nach wiederholtem Waschen bei 95\u00b0C seine lebhafte Farbe. Allerdings sollten Sie die Waschanleitung des Stoffes im Auge behalten, da diese die Reinigungsm\u00f6glichkeiten Ihres fertigen Kunstwerkes bestimmen.<\/p>\n<p>Mit dem Pic2Pat-Mustergenerator k\u00f6nnen Sie schnell und einfach ein DMC 647 Moulin\u00e9-Projekt erstellen. In nur drei einfachen Schritten verwandeln Sie jedes beliebige Bild blitzschnell in ein wundervolles Kreuzstich-Muster. Und st\u00f6bern Sie auch unbedingt durch unseren Shop, dort finden Sie nat\u00fcrlich auch alle anderen ben\u00f6tigten Produkte wie Stoffe, Nadeln und vieles mehr!<\/p>\n<p>Wenn Sie es leid sind, durch den Shop zu scrollen und jede Farbe einzeln zu bestellen, k\u00f6nnen Sie unser Bestell-Tool benutzen: Sie geben einfach Ihre Musternummer ein und alle Materialien, die Sie f\u00fcr das Projekt ben\u00f6tigen, werden automatisch in den Warenkorb gelegt. Hier k\u00f6nnen Sie dann Dinge hinzuf\u00fcgen oder entfernen, ganz nach Bedarf. Einfach Ihre Adresse einf\u00fcgen, bezahlen und fertig!<\/p>\n","protected":false},"excerpt":{"rendered":"<p>DMC 647 Moulin\u00e9 Strang Baumwollstickgarn in mittlerem Bibergrau<\/p>\n","protected":false},"featured_media":18328,"template":"","meta":[],"product_brand":[],"product_cat":[107],"product_tag":[],"class_list":{"0":"post-14852","1":"product","2":"type-product","3":"status-publish","4":"has-post-thumbnail","6":"product_cat-dmc-stickgarn","7":"product_shipping_class-inexpensive","9":"first","10":"onbackorder","11":"taxable","12":"shipping-taxable","13":"purchasable","14":"product-type-simple"},"yoast_head":"<!-- This site is optimized with the Yoast SEO plugin v27.5 - https:\/\/yoast.com\/product\/yoast-seo-wordpress\/ -->\n<title>DMC 647 - Mittel Bibergrau - Pic2Pat<\/title>\n<meta name=\"description\" content=\"DMC 647 Moulin\u00e9 Strang Baumwollstickgarn in mittlerem Bibergrau. Alle DMC Stickgarnfarben sind lagernd.\" \/>\n<meta name=\"robots\" content=\"index, follow, max-snippet:-1, max-image-preview:large, max-video-preview:-1\" \/>\n<link rel=\"canonical\" href=\"https:\/\/webshop.pic2pat.com\/de\/produkt\/dmc-647-mouline\/\" \/>\n<meta property=\"og:locale\" content=\"de_DE\" \/>\n<meta property=\"og:type\" content=\"article\" \/>\n<meta property=\"og:title\" content=\"DMC 647 - Mittel Bibergrau - Pic2Pat\" \/>\n<meta property=\"og:description\" content=\"DMC 647 Moulin\u00e9 Strang Baumwollstickgarn in mittlerem Bibergrau. Alle DMC Stickgarnfarben sind lagernd.\" \/>\n<meta property=\"og:url\" content=\"https:\/\/webshop.pic2pat.com\/de\/produkt\/dmc-647-mouline\/\" \/>\n<meta property=\"og:site_name\" content=\"Pic2Pat\" \/>\n<meta property=\"article:modified_time\" content=\"2026-04-27T18:49:35+00:00\" \/>\n<meta property=\"og:image\" content=\"https:\/\/webshop.pic2pat.com\/wp-content\/uploads\/2021\/01\/647_45.jpg\" \/>\n\t<meta property=\"og:image:width\" content=\"1340\" \/>\n\t<meta property=\"og:image:height\" content=\"1340\" \/>\n\t<meta property=\"og:image:type\" content=\"image\/jpeg\" \/>\n<meta name=\"twitter:card\" content=\"summary_large_image\" \/>\n<meta name=\"twitter:label1\" content=\"Preis\" \/>\n\t<meta name=\"twitter:data1\" content=\"&euro;1,61\" \/>\n\t<meta name=\"twitter:label2\" content=\"Verf\u00fcgbarkeit\" \/>\n\t<meta name=\"twitter:data2\" content=\"bei Nachbestellung\" \/>\n<script type=\"application\/ld+json\" class=\"yoast-schema-graph\">{\"@context\":\"https:\\\/\\\/schema.org\",\"@graph\":[{\"@type\":\"WebPage\",\"@id\":\"https:\\\/\\\/webshop.pic2pat.com\\\/de\\\/produkt\\\/dmc-647-mouline\\\/\",\"url\":\"https:\\\/\\\/webshop.pic2pat.com\\\/de\\\/produkt\\\/dmc-647-mouline\\\/\",\"name\":\"DMC 647 - Mittel Bibergrau - Pic2Pat\",\"isPartOf\":{\"@id\":\"https:\\\/\\\/webshop.pic2pat.com\\\/de\\\/#website\"},\"primaryImageOfPage\":{\"@id\":\"https:\\\/\\\/webshop.pic2pat.com\\\/de\\\/produkt\\\/dmc-647-mouline\\\/#primaryimage\"},\"image\":{\"@id\":\"https:\\\/\\\/webshop.pic2pat.com\\\/de\\\/produkt\\\/dmc-647-mouline\\\/#primaryimage\"},\"thumbnailUrl\":\"https:\\\/\\\/webshop.pic2pat.com\\\/wp-content\\\/uploads\\\/2021\\\/01\\\/647_45.jpg\",\"datePublished\":\"2021-01-07T10:13:47+00:00\",\"dateModified\":\"2026-04-27T18:49:35+00:00\",\"description\":\"DMC 647 Moulin\u00e9 Strang Baumwollstickgarn in mittlerem Bibergrau. Alle DMC Stickgarnfarben sind lagernd.\",\"breadcrumb\":{\"@id\":\"https:\\\/\\\/webshop.pic2pat.com\\\/de\\\/produkt\\\/dmc-647-mouline\\\/#breadcrumb\"},\"inLanguage\":\"de\",\"potentialAction\":[{\"@type\":\"ReadAction\",\"target\":[\"https:\\\/\\\/webshop.pic2pat.com\\\/de\\\/produkt\\\/dmc-647-mouline\\\/\"]}]},{\"@type\":\"ImageObject\",\"inLanguage\":\"de\",\"@id\":\"https:\\\/\\\/webshop.pic2pat.com\\\/de\\\/produkt\\\/dmc-647-mouline\\\/#primaryimage\",\"url\":\"https:\\\/\\\/webshop.pic2pat.com\\\/wp-content\\\/uploads\\\/2021\\\/01\\\/647_45.jpg\",\"contentUrl\":\"https:\\\/\\\/webshop.pic2pat.com\\\/wp-content\\\/uploads\\\/2021\\\/01\\\/647_45.jpg\",\"width\":1340,\"height\":1340,\"caption\":\"DMC 647 - Mittel Bibergrau\"},{\"@type\":\"BreadcrumbList\",\"@id\":\"https:\\\/\\\/webshop.pic2pat.com\\\/de\\\/produkt\\\/dmc-647-mouline\\\/#breadcrumb\",\"itemListElement\":[{\"@type\":\"ListItem\",\"position\":1,\"name\":\"Home\",\"item\":\"https:\\\/\\\/webshop.pic2pat.com\\\/de\\\/\"},{\"@type\":\"ListItem\",\"position\":2,\"name\":\"Online-Shop\",\"item\":\"https:\\\/\\\/webshop.pic2pat.com\\\/en\\\/\"},{\"@type\":\"ListItem\",\"position\":3,\"name\":\"DMC 647 &#8211; Mittel Bibergrau\"}]},{\"@type\":\"WebSite\",\"@id\":\"https:\\\/\\\/webshop.pic2pat.com\\\/de\\\/#website\",\"url\":\"https:\\\/\\\/webshop.pic2pat.com\\\/de\\\/\",\"name\":\"Pic2Pat\",\"description\":\"\",\"publisher\":{\"@id\":\"https:\\\/\\\/webshop.pic2pat.com\\\/de\\\/#organization\"},\"potentialAction\":[{\"@type\":\"SearchAction\",\"target\":{\"@type\":\"EntryPoint\",\"urlTemplate\":\"https:\\\/\\\/webshop.pic2pat.com\\\/de\\\/?s={search_term_string}\"},\"query-input\":{\"@type\":\"PropertyValueSpecification\",\"valueRequired\":true,\"valueName\":\"search_term_string\"}}],\"inLanguage\":\"de\"},{\"@type\":\"Organization\",\"@id\":\"https:\\\/\\\/webshop.pic2pat.com\\\/de\\\/#organization\",\"name\":\"Pic2Pat\",\"url\":\"https:\\\/\\\/webshop.pic2pat.com\\\/de\\\/\",\"logo\":{\"@type\":\"ImageObject\",\"inLanguage\":\"de\",\"@id\":\"https:\\\/\\\/webshop.pic2pat.com\\\/de\\\/#\\\/schema\\\/logo\\\/image\\\/\",\"url\":\"https:\\\/\\\/webshop.pic2pat.com\\\/wp-content\\\/uploads\\\/2021\\\/05\\\/cropped-shop-logo.png\",\"contentUrl\":\"https:\\\/\\\/webshop.pic2pat.com\\\/wp-content\\\/uploads\\\/2021\\\/05\\\/cropped-shop-logo.png\",\"width\":470,\"height\":110,\"caption\":\"Pic2Pat\"},\"image\":{\"@id\":\"https:\\\/\\\/webshop.pic2pat.com\\\/de\\\/#\\\/schema\\\/logo\\\/image\\\/\"}}]}<\/script>\n<meta property=\"product:price:amount\" content=\"1.61\" \/>\n<meta property=\"product:price:currency\" content=\"EUR\" \/>\n<meta property=\"og:availability\" content=\"backorder\" \/>\n<meta property=\"product:availability\" content=\"available for order\" \/>\n<meta property=\"product:retailer_item_id\" content=\"DMC.117.0647\" \/>\n<meta property=\"product:condition\" content=\"new\" \/>\n<!-- \/ Yoast SEO plugin. -->","yoast_head_json":{"title":"DMC 647 - Mittel Bibergrau - Pic2Pat","description":"DMC 647 Moulin\u00e9 Strang Baumwollstickgarn in mittlerem Bibergrau. Alle DMC Stickgarnfarben sind lagernd.","robots":{"index":"index","follow":"follow","max-snippet":"max-snippet:-1","max-image-preview":"max-image-preview:large","max-video-preview":"max-video-preview:-1"},"canonical":"https:\/\/webshop.pic2pat.com\/de\/produkt\/dmc-647-mouline\/","og_locale":"de_DE","og_type":"article","og_title":"DMC 647 - Mittel Bibergrau - Pic2Pat","og_description":"DMC 647 Moulin\u00e9 Strang Baumwollstickgarn in mittlerem Bibergrau. Alle DMC Stickgarnfarben sind lagernd.","og_url":"https:\/\/webshop.pic2pat.com\/de\/produkt\/dmc-647-mouline\/","og_site_name":"Pic2Pat","article_modified_time":"2026-04-27T18:49:35+00:00","og_image":[{"width":1340,"height":1340,"url":"https:\/\/webshop.pic2pat.com\/wp-content\/uploads\/2021\/01\/647_45.jpg","type":"image\/jpeg"}],"twitter_card":"summary_large_image","twitter_misc":{"Preis":"&euro;1,61","Verf\u00fcgbarkeit":"bei Nachbestellung"},"schema":{"@context":"https:\/\/schema.org","@graph":[{"@type":"WebPage","@id":"https:\/\/webshop.pic2pat.com\/de\/produkt\/dmc-647-mouline\/","url":"https:\/\/webshop.pic2pat.com\/de\/produkt\/dmc-647-mouline\/","name":"DMC 647 - Mittel Bibergrau - Pic2Pat","isPartOf":{"@id":"https:\/\/webshop.pic2pat.com\/de\/#website"},"primaryImageOfPage":{"@id":"https:\/\/webshop.pic2pat.com\/de\/produkt\/dmc-647-mouline\/#primaryimage"},"image":{"@id":"https:\/\/webshop.pic2pat.com\/de\/produkt\/dmc-647-mouline\/#primaryimage"},"thumbnailUrl":"https:\/\/webshop.pic2pat.com\/wp-content\/uploads\/2021\/01\/647_45.jpg","datePublished":"2021-01-07T10:13:47+00:00","dateModified":"2026-04-27T18:49:35+00:00","description":"DMC 647 Moulin\u00e9 Strang Baumwollstickgarn in mittlerem Bibergrau. Alle DMC Stickgarnfarben sind lagernd.","breadcrumb":{"@id":"https:\/\/webshop.pic2pat.com\/de\/produkt\/dmc-647-mouline\/#breadcrumb"},"inLanguage":"de","potentialAction":[{"@type":"ReadAction","target":["https:\/\/webshop.pic2pat.com\/de\/produkt\/dmc-647-mouline\/"]}]},{"@type":"ImageObject","inLanguage":"de","@id":"https:\/\/webshop.pic2pat.com\/de\/produkt\/dmc-647-mouline\/#primaryimage","url":"https:\/\/webshop.pic2pat.com\/wp-content\/uploads\/2021\/01\/647_45.jpg","contentUrl":"https:\/\/webshop.pic2pat.com\/wp-content\/uploads\/2021\/01\/647_45.jpg","width":1340,"height":1340,"caption":"DMC 647 - Mittel Bibergrau"},{"@type":"BreadcrumbList","@id":"https:\/\/webshop.pic2pat.com\/de\/produkt\/dmc-647-mouline\/#breadcrumb","itemListElement":[{"@type":"ListItem","position":1,"name":"Home","item":"https:\/\/webshop.pic2pat.com\/de\/"},{"@type":"ListItem","position":2,"name":"Online-Shop","item":"https:\/\/webshop.pic2pat.com\/en\/"},{"@type":"ListItem","position":3,"name":"DMC 647 &#8211; Mittel Bibergrau"}]},{"@type":"WebSite","@id":"https:\/\/webshop.pic2pat.com\/de\/#website","url":"https:\/\/webshop.pic2pat.com\/de\/","name":"Pic2Pat","description":"","publisher":{"@id":"https:\/\/webshop.pic2pat.com\/de\/#organization"},"potentialAction":[{"@type":"SearchAction","target":{"@type":"EntryPoint","urlTemplate":"https:\/\/webshop.pic2pat.com\/de\/?s={search_term_string}"},"query-input":{"@type":"PropertyValueSpecification","valueRequired":true,"valueName":"search_term_string"}}],"inLanguage":"de"},{"@type":"Organization","@id":"https:\/\/webshop.pic2pat.com\/de\/#organization","name":"Pic2Pat","url":"https:\/\/webshop.pic2pat.com\/de\/","logo":{"@type":"ImageObject","inLanguage":"de","@id":"https:\/\/webshop.pic2pat.com\/de\/#\/schema\/logo\/image\/","url":"https:\/\/webshop.pic2pat.com\/wp-content\/uploads\/2021\/05\/cropped-shop-logo.png","contentUrl":"https:\/\/webshop.pic2pat.com\/wp-content\/uploads\/2021\/05\/cropped-shop-logo.png","width":470,"height":110,"caption":"Pic2Pat"},"image":{"@id":"https:\/\/webshop.pic2pat.com\/de\/#\/schema\/logo\/image\/"}}]},"product_price_amount":"1.61","product_price_currency":"EUR","og_availability":"backorder","product_availability":"available for order","product_retailer_item_id":"DMC.117.0647","product_condition":"new"},"_links":{"self":[{"href":"https:\/\/webshop.pic2pat.com\/de\/wp-json\/wp\/v2\/product\/14852","targetHints":{"allow":["GET"]}}],"collection":[{"href":"https:\/\/webshop.pic2pat.com\/de\/wp-json\/wp\/v2\/product"}],"about":[{"href":"https:\/\/webshop.pic2pat.com\/de\/wp-json\/wp\/v2\/types\/product"}],"wp:featuredmedia":[{"embeddable":true,"href":"https:\/\/webshop.pic2pat.com\/de\/wp-json\/wp\/v2\/media\/18328"}],"wp:attachment":[{"href":"https:\/\/webshop.pic2pat.com\/de\/wp-json\/wp\/v2\/media?parent=14852"}],"wp:term":[{"taxonomy":"product_brand","embeddable":true,"href":"https:\/\/webshop.pic2pat.com\/de\/wp-json\/wp\/v2\/product_brand?post=14852"},{"taxonomy":"product_cat","embeddable":true,"href":"https:\/\/webshop.pic2pat.com\/de\/wp-json\/wp\/v2\/product_cat?post=14852"},{"taxonomy":"product_tag","embeddable":true,"href":"https:\/\/webshop.pic2pat.com\/de\/wp-json\/wp\/v2\/product_tag?post=14852"}],"curies":[{"name":"wp","href":"https:\/\/api.w.org\/{rel}","templated":true}]}}