{"id":5060,"date":"2021-01-17T21:03:08","date_gmt":"2021-01-17T21:03:08","guid":{"rendered":"https:\/\/webshop.pic2pat.com\/?page_id=5060"},"modified":"2026-05-10T17:27:28","modified_gmt":"2026-05-10T16:27:28","slug":"datenschutz","status":"publish","type":"page","link":"https:\/\/webshop.pic2pat.com\/de\/datenschutz\/","title":{"rendered":"Datenschutz-Bestimmungen"},"content":{"rendered":"\n<p>Pic2Pat respektiert die Privatsph\u00e4re der Besucher seiner Website, insbesondere deren Rechte in Bezug auf die automatisierte Verarbeitung personenbezogener Daten. Wir haben daher eine Richtlinie der vollst\u00e4ndigen Transparenz gegen\u00fcber unseren Kunden hinsichtlich der Verarbeitung personenbezogener Daten, deren Zwecke sowie der M\u00f6glichkeiten zur bestm\u00f6glichen Aus\u00fcbung Ihrer gesetzlichen Rechte formuliert und umgesetzt.&#13;\n<\/p>\n\n<p>Wenn Sie weitere Informationen zum Schutz personenbezogener Daten ben\u00f6tigen, besuchen Sie bitte die Website der niederl\u00e4ndischen Datenschutzbeh\u00f6rde (Autoriteit Persoonsgegevens): <a href=\"https:\/\/autoriteitpersoonsgegevens.nl\">https:\/\/autoriteitpersoonsgegevens.nl\/en&#13;\n<\/a>.<\/p>\n\n<p>Bis Sie die Verwendung von Cookies und anderen Tracking-Technologien akzeptieren, werden wir keine nicht-anonymisierten Analyse-Cookies und\/oder Tracking-Cookies auf Ihrem Computer, Mobiltelefon oder Tablet platzieren.<br\/>Mit dem weiteren Besuch dieser Website akzeptieren Sie diese Nutzungsbedingungen und stimmen der Verwendung von Cookies und anderen Tracking-Systemen zu, sofern wir auf unserer Website keine andere Methode zur Zustimmung zu Cookies bereitgestellt haben.<br\/><\/p>\n\n<p>Die derzeit verf\u00fcgbare Version dieser Datenschutzerkl\u00e4rung ist die einzige Version, die w\u00e4hrend des Besuchs unserer Website gilt, bis eine neue Version die aktuelle Version ersetzt.&#13;\n<\/p>\n\n<h2 class=\"wp-block-heading\">Artikel 1 &#8211; Definitionen<\/h2>\n\n<ol class=\"wp-block-list\">\n<li>Website (nachfolgend: \u201eWebsite\u201c) pic2pat.com.<\/li>\n\n\n\n<li>F\u00fcr die Verarbeitung personenbezogener Daten verantwortliche Partei (nachfolgend: \u201eder Verantwortliche\u201c): Pic2Pat, ans\u00e4ssig in Vaart Oostzijde 7, 8435 WD Donkerbroek, Niederlande, Handelskammernummer: 01063918.&#13;\n<\/li>\n<\/ol>\n\n<h2 class=\"wp-block-heading\">Artikel 2 &#8211; Zugang zur Website<\/h2>\n\n<p>Der Zugang zur Website sowie deren Nutzung sind ausschlie\u00dflich pers\u00f6nlich. Sie verpflichten sich, die Daten und Informationen dieser Website nicht f\u00fcr eigene kommerzielle, politische oder werbliche Zwecke sowie nicht f\u00fcr kommerzielle Angebote, insbesondere nicht f\u00fcr unerw\u00fcnschte elektronische Angebote, zu verwenden.&#13;\n<\/p>\n\n<h2 class=\"wp-block-heading\">Artikel 3 &#8211; Inhalt der Website<\/h2>\n\n<p>Alle Marken, Bilder, Texte, Kommentare, Illustrationen (animierte) Bilder, Videobilder, T\u00f6ne sowie alle technischen Anwendungen, die zur Bedienung dieser Website verwendet werden k\u00f6nnen, und allgemein alle auf dieser Website verwendeten Bestandteile, sind durch die Gesetze zum Schutz des geistigen Eigentums gesch\u00fctzt. Jede Vervielf\u00e4ltigung, Wiederholung, Nutzung oder \u00c4nderung, auf welche Weise auch immer, des Ganzen oder eines Teils davon, einschlie\u00dflich technischer Anwendungen, ohne vorherige schriftliche Genehmigung des Verantwortlichen ist strengstens untersagt. Die Tatsache, dass der Verantwortliche nicht unverz\u00fcglich gegen eine Verletzung vorgeht, kann weder als stillschweigende Zustimmung noch als Verzicht auf das Recht zur Verfolgung des Rechtsverletzers ausgelegt werden.&#13;\n<\/p>\n\n<h2 class=\"wp-block-heading\">Artikel 4 &#8211; Verwaltung der Website<\/h2>\n\n<p>Zum Zwecke der ordnungsgem\u00e4\u00dfen Verwaltung der Website kann der Verantwortliche jederzeit:&#13;\n<\/p>\n\n<ol class=\"wp-block-list\">\n<li>den Zugang zur Website f\u00fcr eine bestimmte Kategorie von Besuchern aussetzen, unterbrechen, einschr\u00e4nken oder verweigern&#13;\n<\/li>\n\n\n\n<li>alle Informationen l\u00f6schen, die den Betrieb der Website st\u00f6ren k\u00f6nnen oder im Widerspruch zu nationalen oder internationalen Gesetzen stehen oder gegen die Internet-Etikette versto\u00dfen&#13;\n<\/li>\n\n\n\n<li>die Website vor\u00fcbergehend nicht verf\u00fcgbar machen, um Aktualisierungen durchzuf\u00fchren<\/li>\n<\/ol>\n\n<h2 class=\"wp-block-heading\">Artikel 5 &#8211; Verantwortlichkeiten<\/h2>\n\n<ol class=\"wp-block-list\">\n<li>Der Verantwortliche haftet nicht f\u00fcr Ausf\u00e4lle, St\u00f6rungen, Schwierigkeiten oder Unterbrechungen der Funktion der Website, die zu einer (vor\u00fcbergehenden) Nichtverf\u00fcgbarkeit der Website oder einzelner ihrer Funktionen f\u00fchren. Sie selbst sind f\u00fcr die Art und Weise verantwortlich, wie Sie eine Verbindung zu unserer Website herstellen. Sie m\u00fcssen alle geeigneten Ma\u00dfnahmen ergreifen, um Ihre Ger\u00e4te und Daten vor Gefahren wie Virenangriffen aus dem Internet zu sch\u00fctzen. Dar\u00fcber hinaus sind Sie selbst daf\u00fcr verantwortlich, welche Websites Sie besuchen und welche Informationen Sie suchen.&#13;\n<\/li>\n\n\n\n<li>Der Verantwortliche haftet nicht f\u00fcr rechtliche Schritte, die gegen Sie eingeleitet werden:\n<ol class=\"wp-block-list\">\n<li>aufgrund der Nutzung der Website oder der \u00fcber das Internet zug\u00e4nglichen Dienste<\/li>\n\n\n\n<li>wegen eines Versto\u00dfes gegen die Bestimmungen dieser Datenschutzerkl\u00e4rung<\/li>\n<\/ol>\n<\/li>\n\n\n\n<li>Der Verantwortliche haftet nicht f\u00fcr Sch\u00e4den, die Ihnen oder Dritten oder Ihrer Ausr\u00fcstung infolge Ihrer Verbindung zur oder Nutzung der Website entstehen, und Sie verzichten auf jegliche nachfolgende (rechtliche) Schritte gegen den Verantwortlichen.&#13;\n<\/li>\n\n\n\n<li>Wenn der Verantwortliche aufgrund Ihrer (missbr\u00e4uchlichen) Nutzung dieser Website in einen Streitfall verwickelt wird, ist er berechtigt, s\u00e4mtliche daraus entstehenden Sch\u00e4den von Ihnen (zur\u00fcck)zufordern.&#13;\n<\/li>\n<\/ol>\n\n<h2 class=\"wp-block-heading\">Artikel 6 &#8211; Datenerhebung<\/h2>\n\n<ol class=\"wp-block-list\">\n<li>Ihre personenbezogenen Daten werden von Pic2Pat sowie von (einem) externen Auftragsverarbeiter(n) erhoben.<\/li>\n\n\n\n<li>Personenbezogene Daten sind alle Informationen, die sich auf eine identifizierte oder identifizierbare nat\u00fcrliche Person (\u201ebetroffene Person\u201c) beziehen.&#13;\n<\/li>\n\n\n\n<li>Eine identifizierbare nat\u00fcrliche Person ist eine Person, die direkt oder indirekt identifiziert werden kann, insbesondere mittels Zuordnung zu einer Kennung wie einem Namen, einer Kennnummer, Standortdaten, einer Online-Kennung oder zu einem oder mehreren besonderen Merkmalen, die Ausdruck der physischen, physiologischen, genetischen, psychischen, wirtschaftlichen, kulturellen oder sozialen Identit\u00e4t dieser nat\u00fcrlichen Person sind.&#13;\n<\/li>\n\n\n\n<li>Die auf der Website erhobenen personenbezogenen Daten werden vom Verantwortlichen haupts\u00e4chlich verwendet, um eine (gesch\u00e4ftliche) Beziehung zu Ihnen aufrechtzuerhalten und gegebenenfalls zur Bearbeitung Ihrer Bestellungen. Sie werden in einem (elektronischen) Register erfasst.&#13;\n<\/li>\n<\/ol>\n\n<h2 class=\"wp-block-heading\">Artikel 7 &#8211; Ihre Rechte hinsichtlich der Information<\/h2>\n\n<ol class=\"wp-block-list\">\n<li>Gem\u00e4\u00df Artikel 13 Absatz 2 Buchstabe b der DSGVO hat jede betroffene Person das Recht auf Auskunft \u00fcber ihre personenbezogenen Daten sowie das Recht auf Zugang zu diesen Daten, auf Berichtigung, L\u00f6schung und Einschr\u00e4nkung der Verarbeitung, sowie das Recht auf Widerspruch gegen die Verarbeitung und das Recht auf Daten\u00fcbertragbarkeit.&#13;\n<\/li>\n\n\n\n<li>Sie k\u00f6nnen diese Rechte aus\u00fcben, indem Sie uns unter privacy@pic2pat.com  kontaktieren.<\/li>\n\n\n\n<li>Jeder Antrag muss von einer Kopie eines g\u00fcltigen Ausweisdokuments begleitet sein, auf dem Sie Ihre Unterschrift anbringen und die Adresse angeben, unter der wir Sie kontaktieren k\u00f6nnen.&#13;\n<\/li>\n\n\n\n<li>Innerhalb eines Monats nach Eingang des Antrags erhalten Sie von uns eine Antwort.<\/li>\n\n\n\n<li>Je nach Komplexit\u00e4t und Anzahl der Anfragen kann diese Frist auf zwei Monate verl\u00e4ngert werden.&#13;\n<\/li>\n<\/ol>\n\n<h2 class=\"wp-block-heading\">Artikel 8 &#8211; Gesetzliche Verpflichtungen<\/h2>\n\n<ol class=\"wp-block-list\">\n<li>Im Falle eines Versto\u00dfes gegen ein Gesetz oder eine Vorschrift, bei dem ein Besucher verd\u00e4chtigt wird und die Beh\u00f6rden die vom Verantwortlichen erhobenen personenbezogenen Daten anfordern, werden diese nach einem ausdr\u00fccklichen und begr\u00fcndeten Antrag dieser Beh\u00f6rden an diese weitergegeben, wonach diese personenbezogenen Daten nicht mehr unter den Schutz dieser Datenschutzerkl\u00e4rung fallen.&#13;\n<\/li>\n\n\n\n<li>Falls bestimmte Informationen erforderlich sind, um Zugang zu bestimmten Funktionen der Website zu erhalten, wird der Verantwortliche bei der Erhebung dieser Daten auf deren verpflichtenden Charakter hinweisen.&#13;\n<\/li>\n<\/ol>\n\n<h2 class=\"wp-block-heading\">Artikel 9 &#8211; Erhobene Daten und kommerzielle Angebote<\/h2>\n\n<ol class=\"wp-block-list\">\n<li>Sie k\u00f6nnen kommerzielle Angebote vom Verantwortlichen erhalten. Wenn Sie diese (nicht mehr) erhalten m\u00f6chten, senden Sie uns bitte eine E-Mail an folgende Adresse: privacy@pic2pat.com<\/li>\n\n\n\n<li>Ihre personenbezogenen Daten k\u00f6nnen von unseren Partnern f\u00fcr kommerzielle Zwecke verwendet werden. Wenn Sie dies nicht w\u00fcnschen, senden Sie uns bitte eine E-Mail an folgende Adresse: privacy@pic2pat.com.<\/li>\n\n\n\n<li>Wenn Sie beim Besuch unserer Website personenbezogene Daten anderer betroffener Personen vorfinden, haben Sie von deren Erhebung, jeglicher unbefugten Nutzung oder jeder anderen Handlung abzusehen, die eine Verletzung der Privatsph\u00e4re der betreffenden betroffenen Person(en) darstellt. Der Verantwortliche ist in diesen F\u00e4llen nicht verantwortlich.&#13;\n<\/li>\n<\/ol>\n\n<h2 class=\"wp-block-heading\">Artikel 10 &#8211; Datenspeicherung<\/h2>\n\n<p>Die erhobenen Daten werden f\u00fcr die gesetzlich festgelegte Dauer verwendet und gespeichert.<\/p>\n\n<h2 class=\"wp-block-heading\">Artikel 11 &#8211; Cookies<\/h2>\n\n<ol class=\"wp-block-list\">\n<li>Ein Cookie ist eine kleine Textdatei, die beim Besuch unserer Website auf der Festplatte Ihres elektronischen Ger\u00e4ts gespeichert wird. Ein Cookie enth\u00e4lt Daten, sodass Sie bei einem Besuch unserer Website als Besucher wiedererkannt werden k\u00f6nnen. Er erm\u00f6glicht es uns, uns an Ihre Bed\u00fcrfnisse anzupassen, und erleichtert Ihnen die Anmeldung auf unserer Website. Beim Besuch unserer Website informieren wir Sie \u00fcber die Verwendung von Cookies. Durch die weitere Nutzung unserer Website erkl\u00e4ren Sie sich mit deren Verwendung einverstanden, sofern wir nicht auf anderem Wege um Ihre Zustimmung bitten. Ihre Einwilligung ist f\u00fcr einen Zeitraum von dreizehn Monaten g\u00fcltig.&#13;\n<\/li>\n\n\n\n<li>Wir verwenden die folgenden Arten von Cookies auf unserer Website:\n<ol class=\"wp-block-list\">\n<li>Funktionale Cookies: wie Sitzungs- und Login-Cookies zur Erfassung von Sitzungs- und Anmeldeinformationen.&#13;\n<\/li>\n\n\n\n<li>Anonymisierte Analyse-Cookies: zur Erhebung von Informationen \u00fcber die Besuche unserer Website, wie etwa die Anzahl der Besucher, beliebte Seiten und Themen. Auf diese Weise k\u00f6nnen wir unsere Kommunikation und Informationen an die Bed\u00fcrfnisse unserer Besucher anpassen. Wir k\u00f6nnen nicht sehen, wer unsere Website besucht oder von welchem pers\u00f6nlichen Ger\u00e4t der Besuch erfolgt ist.&#13;\n<\/li>\n\n\n\n<li>Nicht anonymisierte Analyse-Cookies: zur Erhebung von Informationen \u00fcber die Besuche unserer Website, wie etwa die Anzahl der Besucher, beliebte Seiten und Themen. Auf diese Weise k\u00f6nnen wir unsere Kommunikation und Informationen an die Bed\u00fcrfnisse unserer Besucher anpassen.&#13;\n<\/li>\n\n\n\n<li>Tracking-Cookies: wie Werbe-Cookies, die dazu bestimmt sind, relevante Werbung anzuzeigen. Durch die Verwendung dieser Cookies k\u00f6nnen wir Ihre pers\u00f6nlichen Interessen ableiten. Dadurch k\u00f6nnen (andere) Organisationen Ihnen gezielte Werbung anzeigen, wenn Sie deren Website besuchen. Tracking-Cookies erm\u00f6glichen Profiling und behandeln Kategorien von Personen unterschiedlich, wenn Werbung gezielt ausgespielt wird. Tracking-Cookies verarbeiten in der Regel personenbezogene Daten.&#13;\n<\/li>\n<\/ol>\n<\/li>\n\n\n\n<li>Insbesondere verwenden wir die folgenden Cookies auf unserer Website:\n<ul class=\"wp-block-list\">\n<li>Anonymisiertes Google Analytics (Analyse-Cookie)<\/li>\n\n\n\n<li>Google AdWords (Tracking-Cookie)<\/li>\n<\/ul>\n<\/li>\n\n\n\n<li>Wenn Sie unsere Website besuchen, k\u00f6nnen Cookies des Verantwortlichen und\/oder Dritter auf Ihrem Endger\u00e4t installiert werden.&#13;\n<\/li>\n\n\n\n<li>F\u00fcr weitere Informationen zur Verwendung, Verwaltung und L\u00f6schung von Cookies auf jedem elektronischen Ger\u00e4t verweisen wir Sie auf den folgenden Link: <a href=\"https:\/\/autoriteitpersoonsgegevens.nl\/nl\/onderwerpen\/internet-telefoon-tv-en-post\/cookies#faq\">https:\/\/autoriteitpersoonsgegevens.nl\/nl\/onderwerpen\/internet-telefoon-tv-en-post\/cookies#faq&#13;\n<\/a><\/li>\n<\/ol>\n\n<h2 class=\"wp-block-heading\">Artikel 12 &#8211; Abbildungen und angebotene Produkte<\/h2>\n\n<p>Aus den Abbildungen, die ein auf unserer Website angebotenes Produkt begleiten, k\u00f6nnen Sie keine Rechte ableiten.&#13;\n<\/p>\n\n<h2 class=\"wp-block-heading\">Artikel 13 &#8211; Anwendbares Recht<\/h2>\n\n<p>Diese Bedingungen unterliegen dem niederl\u00e4ndischen Recht. F\u00fcr alle Streitigkeiten im Zusammenhang mit diesen Bedingungen ist ausschlie\u00dflich das Gericht des Bezirks zust\u00e4ndig, in dem der Verantwortliche seinen Sitz hat, sofern keine gesetzliche Ausnahme gilt.&#13;\n<\/p>\n\n<h2 class=\"wp-block-heading\">Artikel 14 &#8211; Kontakt<\/h2>\n\n<p>F\u00fcr Fragen, Produktinformationen oder Informationen zur Website selbst wenden Sie sich bitte an: Datenschutzabteilung, privacy@pic2pat.com, +31-85-8888899.<\/p>\n","protected":false},"excerpt":{"rendered":"<p>Pic2Pat respektiert die Privatsph\u00e4re der Besucher seiner Website, insbesondere deren Rechte in Bezug auf die automatisierte Verarbeitung personenbezogener Daten. Wir haben daher eine Richtlinie der vollst\u00e4ndigen Transparenz gegen\u00fcber unseren Kunden hinsichtlich der Verarbeitung personenbezogener Daten, deren Zwecke sowie der M\u00f6glichkeiten zur bestm\u00f6glichen Aus\u00fcbung Ihrer gesetzlichen Rechte formuliert und umgesetzt.&#13; Wenn Sie weitere Informationen zum Schutz [&hellip;]<\/p>\n","protected":false},"author":3,"featured_media":0,"parent":0,"menu_order":0,"comment_status":"closed","ping_status":"closed","template":"","meta":{"footnotes":""},"class_list":["post-5060","page","type-page","status-publish","hentry"],"yoast_head":"<!-- This site is optimized with the Yoast SEO plugin v27.5 - https:\/\/yoast.com\/product\/yoast-seo-wordpress\/ -->\n<title>Datenschutz-Bestimmungen - Pic2Pat<\/title>\n<meta name=\"robots\" content=\"noindex, follow\" \/>\n<meta property=\"og:locale\" content=\"de_DE\" \/>\n<meta property=\"og:type\" content=\"article\" \/>\n<meta property=\"og:title\" content=\"Datenschutz-Bestimmungen - Pic2Pat\" \/>\n<meta property=\"og:description\" content=\"Pic2Pat respektiert die Privatsph\u00e4re der Besucher seiner Website, insbesondere deren Rechte in Bezug auf die automatisierte Verarbeitung personenbezogener Daten. Wir haben daher eine Richtlinie der vollst\u00e4ndigen Transparenz gegen\u00fcber unseren Kunden hinsichtlich der Verarbeitung personenbezogener Daten, deren Zwecke sowie der M\u00f6glichkeiten zur bestm\u00f6glichen Aus\u00fcbung Ihrer gesetzlichen Rechte formuliert und umgesetzt.&#013; Wenn Sie weitere Informationen zum Schutz [&hellip;]\" \/>\n<meta property=\"og:url\" content=\"https:\/\/webshop.pic2pat.com\/de\/datenschutz\/\" \/>\n<meta property=\"og:site_name\" content=\"Pic2Pat\" \/>\n<meta property=\"article:modified_time\" content=\"2026-05-10T16:27:28+00:00\" \/>\n<meta name=\"twitter:card\" content=\"summary_large_image\" \/>\n<meta name=\"twitter:label1\" content=\"Gesch\u00e4tzte Lesezeit\" \/>\n\t<meta name=\"twitter:data1\" content=\"8\u00a0Minuten\" \/>\n<script type=\"application\/ld+json\" class=\"yoast-schema-graph\">{\"@context\":\"https:\\\/\\\/schema.org\",\"@graph\":[{\"@type\":\"WebPage\",\"@id\":\"https:\\\/\\\/webshop.pic2pat.com\\\/de\\\/datenschutz\\\/\",\"url\":\"https:\\\/\\\/webshop.pic2pat.com\\\/de\\\/datenschutz\\\/\",\"name\":\"Datenschutz-Bestimmungen - Pic2Pat\",\"isPartOf\":{\"@id\":\"https:\\\/\\\/webshop.pic2pat.com\\\/de\\\/#website\"},\"datePublished\":\"2021-01-17T21:03:08+00:00\",\"dateModified\":\"2026-05-10T16:27:28+00:00\",\"breadcrumb\":{\"@id\":\"https:\\\/\\\/webshop.pic2pat.com\\\/de\\\/datenschutz\\\/#breadcrumb\"},\"inLanguage\":\"de\",\"potentialAction\":[{\"@type\":\"ReadAction\",\"target\":[\"https:\\\/\\\/webshop.pic2pat.com\\\/de\\\/datenschutz\\\/\"]}]},{\"@type\":\"BreadcrumbList\",\"@id\":\"https:\\\/\\\/webshop.pic2pat.com\\\/de\\\/datenschutz\\\/#breadcrumb\",\"itemListElement\":[{\"@type\":\"ListItem\",\"position\":1,\"name\":\"Home\",\"item\":\"https:\\\/\\\/webshop.pic2pat.com\\\/de\\\/\"},{\"@type\":\"ListItem\",\"position\":2,\"name\":\"Datenschutz-Bestimmungen\"}]},{\"@type\":\"WebSite\",\"@id\":\"https:\\\/\\\/webshop.pic2pat.com\\\/de\\\/#website\",\"url\":\"https:\\\/\\\/webshop.pic2pat.com\\\/de\\\/\",\"name\":\"Pic2Pat\",\"description\":\"\",\"publisher\":{\"@id\":\"https:\\\/\\\/webshop.pic2pat.com\\\/de\\\/#organization\"},\"potentialAction\":[{\"@type\":\"SearchAction\",\"target\":{\"@type\":\"EntryPoint\",\"urlTemplate\":\"https:\\\/\\\/webshop.pic2pat.com\\\/de\\\/?s={search_term_string}\"},\"query-input\":{\"@type\":\"PropertyValueSpecification\",\"valueRequired\":true,\"valueName\":\"search_term_string\"}}],\"inLanguage\":\"de\"},{\"@type\":\"Organization\",\"@id\":\"https:\\\/\\\/webshop.pic2pat.com\\\/de\\\/#organization\",\"name\":\"Pic2Pat\",\"url\":\"https:\\\/\\\/webshop.pic2pat.com\\\/de\\\/\",\"logo\":{\"@type\":\"ImageObject\",\"inLanguage\":\"de\",\"@id\":\"https:\\\/\\\/webshop.pic2pat.com\\\/de\\\/#\\\/schema\\\/logo\\\/image\\\/\",\"url\":\"https:\\\/\\\/webshop.pic2pat.com\\\/wp-content\\\/uploads\\\/2021\\\/05\\\/cropped-shop-logo.png\",\"contentUrl\":\"https:\\\/\\\/webshop.pic2pat.com\\\/wp-content\\\/uploads\\\/2021\\\/05\\\/cropped-shop-logo.png\",\"width\":470,\"height\":110,\"caption\":\"Pic2Pat\"},\"image\":{\"@id\":\"https:\\\/\\\/webshop.pic2pat.com\\\/de\\\/#\\\/schema\\\/logo\\\/image\\\/\"}}]}<\/script>\n<!-- \/ Yoast SEO plugin. -->","yoast_head_json":{"title":"Datenschutz-Bestimmungen - Pic2Pat","robots":{"index":"noindex","follow":"follow"},"og_locale":"de_DE","og_type":"article","og_title":"Datenschutz-Bestimmungen - Pic2Pat","og_description":"Pic2Pat respektiert die Privatsph\u00e4re der Besucher seiner Website, insbesondere deren Rechte in Bezug auf die automatisierte Verarbeitung personenbezogener Daten. Wir haben daher eine Richtlinie der vollst\u00e4ndigen Transparenz gegen\u00fcber unseren Kunden hinsichtlich der Verarbeitung personenbezogener Daten, deren Zwecke sowie der M\u00f6glichkeiten zur bestm\u00f6glichen Aus\u00fcbung Ihrer gesetzlichen Rechte formuliert und umgesetzt.&#13; Wenn Sie weitere Informationen zum Schutz [&hellip;]","og_url":"https:\/\/webshop.pic2pat.com\/de\/datenschutz\/","og_site_name":"Pic2Pat","article_modified_time":"2026-05-10T16:27:28+00:00","twitter_card":"summary_large_image","twitter_misc":{"Gesch\u00e4tzte Lesezeit":"8\u00a0Minuten"},"schema":{"@context":"https:\/\/schema.org","@graph":[{"@type":"WebPage","@id":"https:\/\/webshop.pic2pat.com\/de\/datenschutz\/","url":"https:\/\/webshop.pic2pat.com\/de\/datenschutz\/","name":"Datenschutz-Bestimmungen - Pic2Pat","isPartOf":{"@id":"https:\/\/webshop.pic2pat.com\/de\/#website"},"datePublished":"2021-01-17T21:03:08+00:00","dateModified":"2026-05-10T16:27:28+00:00","breadcrumb":{"@id":"https:\/\/webshop.pic2pat.com\/de\/datenschutz\/#breadcrumb"},"inLanguage":"de","potentialAction":[{"@type":"ReadAction","target":["https:\/\/webshop.pic2pat.com\/de\/datenschutz\/"]}]},{"@type":"BreadcrumbList","@id":"https:\/\/webshop.pic2pat.com\/de\/datenschutz\/#breadcrumb","itemListElement":[{"@type":"ListItem","position":1,"name":"Home","item":"https:\/\/webshop.pic2pat.com\/de\/"},{"@type":"ListItem","position":2,"name":"Datenschutz-Bestimmungen"}]},{"@type":"WebSite","@id":"https:\/\/webshop.pic2pat.com\/de\/#website","url":"https:\/\/webshop.pic2pat.com\/de\/","name":"Pic2Pat","description":"","publisher":{"@id":"https:\/\/webshop.pic2pat.com\/de\/#organization"},"potentialAction":[{"@type":"SearchAction","target":{"@type":"EntryPoint","urlTemplate":"https:\/\/webshop.pic2pat.com\/de\/?s={search_term_string}"},"query-input":{"@type":"PropertyValueSpecification","valueRequired":true,"valueName":"search_term_string"}}],"inLanguage":"de"},{"@type":"Organization","@id":"https:\/\/webshop.pic2pat.com\/de\/#organization","name":"Pic2Pat","url":"https:\/\/webshop.pic2pat.com\/de\/","logo":{"@type":"ImageObject","inLanguage":"de","@id":"https:\/\/webshop.pic2pat.com\/de\/#\/schema\/logo\/image\/","url":"https:\/\/webshop.pic2pat.com\/wp-content\/uploads\/2021\/05\/cropped-shop-logo.png","contentUrl":"https:\/\/webshop.pic2pat.com\/wp-content\/uploads\/2021\/05\/cropped-shop-logo.png","width":470,"height":110,"caption":"Pic2Pat"},"image":{"@id":"https:\/\/webshop.pic2pat.com\/de\/#\/schema\/logo\/image\/"}}]}},"_links":{"self":[{"href":"https:\/\/webshop.pic2pat.com\/de\/wp-json\/wp\/v2\/pages\/5060","targetHints":{"allow":["GET"]}}],"collection":[{"href":"https:\/\/webshop.pic2pat.com\/de\/wp-json\/wp\/v2\/pages"}],"about":[{"href":"https:\/\/webshop.pic2pat.com\/de\/wp-json\/wp\/v2\/types\/page"}],"author":[{"embeddable":true,"href":"https:\/\/webshop.pic2pat.com\/de\/wp-json\/wp\/v2\/users\/3"}],"replies":[{"embeddable":true,"href":"https:\/\/webshop.pic2pat.com\/de\/wp-json\/wp\/v2\/comments?post=5060"}],"version-history":[{"count":0,"href":"https:\/\/webshop.pic2pat.com\/de\/wp-json\/wp\/v2\/pages\/5060\/revisions"}],"wp:attachment":[{"href":"https:\/\/webshop.pic2pat.com\/de\/wp-json\/wp\/v2\/media?parent=5060"}],"curies":[{"name":"wp","href":"https:\/\/api.w.org\/{rel}","templated":true}]}}