{"id":25445,"date":"2026-05-06T22:27:11","date_gmt":"2026-05-06T21:27:11","guid":{"rendered":"https:\/\/webshop.pic2pat.com\/versand\/"},"modified":"2026-05-09T23:07:48","modified_gmt":"2026-05-09T22:07:48","slug":"versand","status":"publish","type":"page","link":"https:\/\/webshop.pic2pat.com\/de\/versand\/","title":{"rendered":"Versand"},"content":{"rendered":"\n<p>Alle Bestellungen werden aus den Niederlanden versendet.<\/p>\n\n<p>Wir versenden unsere Produkte weltweit an alle Standorte, die entweder \u00fcber den weltweiten Postdienst oder per DHL Express zu ausgew\u00e4hlten Zielen erreicht werden k\u00f6nnen. Andere Versandoptionen unterst\u00fctzen wir nicht.&#13;\n<\/p>\n\n<h2 class=\"wp-block-heading\">Postdienst<\/h2>\n\n<p>Unsere Standardversandoption erfolgt \u00fcber den Postdienst.<\/p>\n\n<h3 class=\"wp-block-heading\">Voraussichtliche Lieferzeit<\/h3>\n\n<p>Auf der Warenkorb- und Checkout-Seite wird eine gesch\u00e4tzte Lieferzeit angegeben. Diese Sch\u00e4tzung basiert auf unserer internen Bearbeitungszeit sowie der von der niederl\u00e4ndischen Post PostNL angegebenen Bearbeitungszeit. Die Angaben sind nicht verbindlich.&#13;\n<\/p>\n\n<p>Alle unsere Produkte sind auf Lager, und Bestellungen, die an Werktagen vor 15:00 Uhr CET (Mitteleurop\u00e4ische Zeit) eingehen, werden noch am selben Tag versendet. Falls die Menge eines Produkts unseren aktuellen Lagerbestand \u00fcbersteigt, bestellen wir die fehlenden Produkte bei unserem vorgelagerten Lieferanten nach. Dadurch verl\u00e4ngert sich die Lieferzeit um zwei zus\u00e4tzliche Werktage, die bereits in der auf der Checkout-Seite angegebenen Lieferzeitsch\u00e4tzung ber\u00fccksichtigt sind.&#13;\n<\/p>\n\n<h3 class=\"wp-block-heading\">Versandkosten<\/h3>\n\n<p>Wir bieten <strong>KOSTENLOSEN VERSAND<\/strong> f\u00fcr alle Bestellungen mit einem Gesamtwarenwert von mindestens <strong>15,00 \u20ac<\/strong> an alle weltweiten Ziele.<br\/><\/p>\n\n<p>F\u00fcr kleinere Bestellungen berechnen wir eine geringe Versandgeb\u00fchr von <strong>\u20ac 2,99<\/strong>.<br\/><\/p>\n\n<h3 class=\"wp-block-heading\">Zus\u00e4tzliche Kosten<\/h3>\n\n<p>F\u00fcr Bestellungen, die \u00fcber den Postdienst versendet werden, berechnen wir keine weiteren Kosten au\u00dfer der oben genannten Versandgeb\u00fchr.&#13;\n<\/p>\n\n<p>F\u00fcr Bestellungen in Ziele au\u00dferhalb der Europ\u00e4ischen Union k\u00f6nnen zus\u00e4tzliche Kosten durch Zollabfertigungen anfallen. Diese Kosten sind vollst\u00e4ndig vom K\u00e4ufer zu tragen. Bitte informieren Sie sich auf unserer Seite \u00fcber <a href=\"https:\/\/webshop.pic2pat.com\/de\/mehrwertsteuer-auf-bestellungen\/\">Mehrwertsteuer auf Bestellungen<\/a> f\u00fcr weitere Details.<br\/><\/p>\n\n<h2 class=\"wp-block-heading\">DHL Express<\/h2>\n\n<p>Wenn Sie den Versand beschleunigen und DHL Express anstelle des Postdienstes nutzen m\u00f6chten, senden Sie uns bitte vor Abschluss der Bestellung eine E-Mail, um ein Angebot zu erhalten.&#13;\n<\/p>\n","protected":false},"excerpt":{"rendered":"<p>Alle Bestellungen werden aus den Niederlanden versendet. Wir versenden unsere Produkte weltweit an alle Standorte, die entweder \u00fcber den weltweiten Postdienst oder per DHL Express zu ausgew\u00e4hlten Zielen erreicht werden k\u00f6nnen. Andere Versandoptionen unterst\u00fctzen wir nicht.&#13; Postdienst Unsere Standardversandoption erfolgt \u00fcber den Postdienst. Voraussichtliche Lieferzeit Auf der Warenkorb- und Checkout-Seite wird eine gesch\u00e4tzte Lieferzeit angegeben. [&hellip;]<\/p>\n","protected":false},"author":3,"featured_media":0,"parent":0,"menu_order":0,"comment_status":"closed","ping_status":"closed","template":"","meta":{"footnotes":""},"class_list":["post-25445","page","type-page","status-publish","hentry"],"yoast_head":"<!-- This site is optimized with the Yoast SEO plugin v27.5 - https:\/\/yoast.com\/product\/yoast-seo-wordpress\/ -->\n<title>Versand - Pic2Pat<\/title>\n<meta name=\"robots\" content=\"index, follow, max-snippet:-1, max-image-preview:large, max-video-preview:-1\" \/>\n<link rel=\"canonical\" href=\"https:\/\/webshop.pic2pat.com\/de\/versand\/\" \/>\n<meta property=\"og:locale\" content=\"de_DE\" \/>\n<meta property=\"og:type\" content=\"article\" \/>\n<meta property=\"og:title\" content=\"Versand - Pic2Pat\" \/>\n<meta property=\"og:description\" content=\"Alle Bestellungen werden aus den Niederlanden versendet. Wir versenden unsere Produkte weltweit an alle Standorte, die entweder \u00fcber den weltweiten Postdienst oder per DHL Express zu ausgew\u00e4hlten Zielen erreicht werden k\u00f6nnen. Andere Versandoptionen unterst\u00fctzen wir nicht.&#013; Postdienst Unsere Standardversandoption erfolgt \u00fcber den Postdienst. Voraussichtliche Lieferzeit Auf der Warenkorb- und Checkout-Seite wird eine gesch\u00e4tzte Lieferzeit angegeben. [&hellip;]\" \/>\n<meta property=\"og:url\" content=\"https:\/\/webshop.pic2pat.com\/de\/versand\/\" \/>\n<meta property=\"og:site_name\" content=\"Pic2Pat\" \/>\n<meta property=\"article:modified_time\" content=\"2026-05-09T22:07:48+00:00\" \/>\n<meta name=\"twitter:card\" content=\"summary_large_image\" \/>\n<meta name=\"twitter:label1\" content=\"Gesch\u00e4tzte Lesezeit\" \/>\n\t<meta name=\"twitter:data1\" content=\"1\u00a0Minute\" \/>\n<script type=\"application\/ld+json\" class=\"yoast-schema-graph\">{\"@context\":\"https:\\\/\\\/schema.org\",\"@graph\":[{\"@type\":\"WebPage\",\"@id\":\"https:\\\/\\\/webshop.pic2pat.com\\\/de\\\/versand\\\/\",\"url\":\"https:\\\/\\\/webshop.pic2pat.com\\\/de\\\/versand\\\/\",\"name\":\"Versand - Pic2Pat\",\"isPartOf\":{\"@id\":\"https:\\\/\\\/webshop.pic2pat.com\\\/de\\\/#website\"},\"datePublished\":\"2026-05-06T21:27:11+00:00\",\"dateModified\":\"2026-05-09T22:07:48+00:00\",\"breadcrumb\":{\"@id\":\"https:\\\/\\\/webshop.pic2pat.com\\\/de\\\/versand\\\/#breadcrumb\"},\"inLanguage\":\"de\",\"potentialAction\":[{\"@type\":\"ReadAction\",\"target\":[\"https:\\\/\\\/webshop.pic2pat.com\\\/de\\\/versand\\\/\"]}]},{\"@type\":\"BreadcrumbList\",\"@id\":\"https:\\\/\\\/webshop.pic2pat.com\\\/de\\\/versand\\\/#breadcrumb\",\"itemListElement\":[{\"@type\":\"ListItem\",\"position\":1,\"name\":\"Home\",\"item\":\"https:\\\/\\\/webshop.pic2pat.com\\\/de\\\/\"},{\"@type\":\"ListItem\",\"position\":2,\"name\":\"Versand\"}]},{\"@type\":\"WebSite\",\"@id\":\"https:\\\/\\\/webshop.pic2pat.com\\\/de\\\/#website\",\"url\":\"https:\\\/\\\/webshop.pic2pat.com\\\/de\\\/\",\"name\":\"Pic2Pat\",\"description\":\"\",\"publisher\":{\"@id\":\"https:\\\/\\\/webshop.pic2pat.com\\\/de\\\/#organization\"},\"potentialAction\":[{\"@type\":\"SearchAction\",\"target\":{\"@type\":\"EntryPoint\",\"urlTemplate\":\"https:\\\/\\\/webshop.pic2pat.com\\\/de\\\/?s={search_term_string}\"},\"query-input\":{\"@type\":\"PropertyValueSpecification\",\"valueRequired\":true,\"valueName\":\"search_term_string\"}}],\"inLanguage\":\"de\"},{\"@type\":\"Organization\",\"@id\":\"https:\\\/\\\/webshop.pic2pat.com\\\/de\\\/#organization\",\"name\":\"Pic2Pat\",\"url\":\"https:\\\/\\\/webshop.pic2pat.com\\\/de\\\/\",\"logo\":{\"@type\":\"ImageObject\",\"inLanguage\":\"de\",\"@id\":\"https:\\\/\\\/webshop.pic2pat.com\\\/de\\\/#\\\/schema\\\/logo\\\/image\\\/\",\"url\":\"https:\\\/\\\/webshop.pic2pat.com\\\/wp-content\\\/uploads\\\/2021\\\/05\\\/cropped-shop-logo.png\",\"contentUrl\":\"https:\\\/\\\/webshop.pic2pat.com\\\/wp-content\\\/uploads\\\/2021\\\/05\\\/cropped-shop-logo.png\",\"width\":470,\"height\":110,\"caption\":\"Pic2Pat\"},\"image\":{\"@id\":\"https:\\\/\\\/webshop.pic2pat.com\\\/de\\\/#\\\/schema\\\/logo\\\/image\\\/\"}}]}<\/script>\n<!-- \/ Yoast SEO plugin. -->","yoast_head_json":{"title":"Versand - Pic2Pat","robots":{"index":"index","follow":"follow","max-snippet":"max-snippet:-1","max-image-preview":"max-image-preview:large","max-video-preview":"max-video-preview:-1"},"canonical":"https:\/\/webshop.pic2pat.com\/de\/versand\/","og_locale":"de_DE","og_type":"article","og_title":"Versand - Pic2Pat","og_description":"Alle Bestellungen werden aus den Niederlanden versendet. Wir versenden unsere Produkte weltweit an alle Standorte, die entweder \u00fcber den weltweiten Postdienst oder per DHL Express zu ausgew\u00e4hlten Zielen erreicht werden k\u00f6nnen. Andere Versandoptionen unterst\u00fctzen wir nicht.&#13; Postdienst Unsere Standardversandoption erfolgt \u00fcber den Postdienst. Voraussichtliche Lieferzeit Auf der Warenkorb- und Checkout-Seite wird eine gesch\u00e4tzte Lieferzeit angegeben. [&hellip;]","og_url":"https:\/\/webshop.pic2pat.com\/de\/versand\/","og_site_name":"Pic2Pat","article_modified_time":"2026-05-09T22:07:48+00:00","twitter_card":"summary_large_image","twitter_misc":{"Gesch\u00e4tzte Lesezeit":"1\u00a0Minute"},"schema":{"@context":"https:\/\/schema.org","@graph":[{"@type":"WebPage","@id":"https:\/\/webshop.pic2pat.com\/de\/versand\/","url":"https:\/\/webshop.pic2pat.com\/de\/versand\/","name":"Versand - Pic2Pat","isPartOf":{"@id":"https:\/\/webshop.pic2pat.com\/de\/#website"},"datePublished":"2026-05-06T21:27:11+00:00","dateModified":"2026-05-09T22:07:48+00:00","breadcrumb":{"@id":"https:\/\/webshop.pic2pat.com\/de\/versand\/#breadcrumb"},"inLanguage":"de","potentialAction":[{"@type":"ReadAction","target":["https:\/\/webshop.pic2pat.com\/de\/versand\/"]}]},{"@type":"BreadcrumbList","@id":"https:\/\/webshop.pic2pat.com\/de\/versand\/#breadcrumb","itemListElement":[{"@type":"ListItem","position":1,"name":"Home","item":"https:\/\/webshop.pic2pat.com\/de\/"},{"@type":"ListItem","position":2,"name":"Versand"}]},{"@type":"WebSite","@id":"https:\/\/webshop.pic2pat.com\/de\/#website","url":"https:\/\/webshop.pic2pat.com\/de\/","name":"Pic2Pat","description":"","publisher":{"@id":"https:\/\/webshop.pic2pat.com\/de\/#organization"},"potentialAction":[{"@type":"SearchAction","target":{"@type":"EntryPoint","urlTemplate":"https:\/\/webshop.pic2pat.com\/de\/?s={search_term_string}"},"query-input":{"@type":"PropertyValueSpecification","valueRequired":true,"valueName":"search_term_string"}}],"inLanguage":"de"},{"@type":"Organization","@id":"https:\/\/webshop.pic2pat.com\/de\/#organization","name":"Pic2Pat","url":"https:\/\/webshop.pic2pat.com\/de\/","logo":{"@type":"ImageObject","inLanguage":"de","@id":"https:\/\/webshop.pic2pat.com\/de\/#\/schema\/logo\/image\/","url":"https:\/\/webshop.pic2pat.com\/wp-content\/uploads\/2021\/05\/cropped-shop-logo.png","contentUrl":"https:\/\/webshop.pic2pat.com\/wp-content\/uploads\/2021\/05\/cropped-shop-logo.png","width":470,"height":110,"caption":"Pic2Pat"},"image":{"@id":"https:\/\/webshop.pic2pat.com\/de\/#\/schema\/logo\/image\/"}}]}},"_links":{"self":[{"href":"https:\/\/webshop.pic2pat.com\/de\/wp-json\/wp\/v2\/pages\/25445","targetHints":{"allow":["GET"]}}],"collection":[{"href":"https:\/\/webshop.pic2pat.com\/de\/wp-json\/wp\/v2\/pages"}],"about":[{"href":"https:\/\/webshop.pic2pat.com\/de\/wp-json\/wp\/v2\/types\/page"}],"author":[{"embeddable":true,"href":"https:\/\/webshop.pic2pat.com\/de\/wp-json\/wp\/v2\/users\/3"}],"replies":[{"embeddable":true,"href":"https:\/\/webshop.pic2pat.com\/de\/wp-json\/wp\/v2\/comments?post=25445"}],"version-history":[{"count":0,"href":"https:\/\/webshop.pic2pat.com\/de\/wp-json\/wp\/v2\/pages\/25445\/revisions"}],"wp:attachment":[{"href":"https:\/\/webshop.pic2pat.com\/de\/wp-json\/wp\/v2\/media?parent=25445"}],"curies":[{"name":"wp","href":"https:\/\/api.w.org\/{rel}","templated":true}]}}