{"id":25435,"date":"2026-05-06T22:10:09","date_gmt":"2026-05-06T21:10:09","guid":{"rendered":"https:\/\/webshop.pic2pat.com\/zahlungsoptionen\/"},"modified":"2026-05-06T22:10:11","modified_gmt":"2026-05-06T21:10:11","slug":"zahlungsoptionen","status":"publish","type":"page","link":"https:\/\/webshop.pic2pat.com\/de\/zahlungsoptionen\/","title":{"rendered":"Zahlungsoptionen"},"content":{"rendered":"\n<p>Unsere Produkte werden weltweit versendet. Wir bieten unseren Kunden eine Reihe verschiedener Zahlungsm\u00f6glichkeiten an, um ihre Bestellungen zu bezahlen. Kunden k\u00f6nnen frei jede Zahlungsmethode w\u00e4hlen, die in ihrem Land unterst\u00fctzt wird.&#13;\n<\/p>\n\n<p>F\u00fcr keine der Zahlungsmethoden werden dem Bestellbetrag zus\u00e4tzliche Geb\u00fchren hinzugef\u00fcgt.<\/p>\n\n<h2 class=\"wp-block-heading\"><img loading=\"lazy\" decoding=\"async\" width=\"64\" height=\"40\" src=\"https:\/\/webshop.pic2pat.com\/wp-content\/plugins\/woocommerce-gateway-stripe\/assets\/images\/amex.svg\" alt=\"American Express\" style=\"float:left\"\/> <img loading=\"lazy\" decoding=\"async\" width=\"64\" height=\"40\" src=\"https:\/\/webshop.pic2pat.com\/wp-content\/plugins\/woocommerce-gateway-stripe\/assets\/images\/mastercard.svg\" alt=\"Mastercard\" style=\"float:left\"\/> <img loading=\"lazy\" decoding=\"async\" width=\"64\" height=\"40\" src=\"https:\/\/webshop.pic2pat.com\/wp-content\/plugins\/woocommerce-gateway-stripe\/assets\/images\/visa.svg\" alt=\"Visa\"\/><br\/><\/h2>\n\n<p>Wir akzeptieren <strong>Kreditkarten<\/strong> f\u00fcr alle unsere Bestellungen weltweit. Die folgenden Kreditkarten k\u00f6nnen auf unserer Website verwendet werden:<br\/><\/p>\n\n<ul class=\"wp-block-list\"><li>American Express<\/li><li>Mastercard<\/li><li>Visa<\/li><\/ul>\n\n<h2 class=\"wp-block-heading\"><img loading=\"lazy\" decoding=\"async\" src=\"https:\/\/webshop.pic2pat.com\/wp-content\/plugins\/theme-customisations\/assets\/PayPal.svg\" alt=\"PayPal\" width=\"150\" height=\"40\"\/><\/h2>\n\n<p><strong>PayPal<\/strong> ist eine praktische Zahlungsplattform, mit der Sie direkt mit Ihrer Kreditkarte ohne Konto oder \u00fcber ein registriertes Konto bezahlen k\u00f6nnen. Wir akzeptieren PayPal-Zahlungen weltweit.<br\/><\/p>\n\n<h2 class=\"wp-block-heading\"><img loading=\"lazy\" decoding=\"async\" src=\"https:\/\/webshop.pic2pat.com\/wp-content\/plugins\/woocommerce-gateway-stripe\/assets\/images\/ideal.svg\" alt=\"iDeal\" width=\"57\" height=\"50\"\/><br\/><\/h2>\n\n<p><strong>iDeal<\/strong> ist ein in den Niederlanden verwendetes Zahlungssystem, mit dem direkt per niederl\u00e4ndischer Debitkarte bezahlt werden kann. iDeal-Zahlungen werden sofort verarbeitet.<br\/><\/p>\n\n<h2 class=\"wp-block-heading\"><img loading=\"lazy\" decoding=\"async\" src=\"https:\/\/webshop.pic2pat.com\/wp-content\/plugins\/woocommerce-gateway-stripe\/assets\/images\/bancontact.svg\" alt=\"Bancontact\" width=\"85\" height=\"60\"\/><\/h2>\n\n<p><strong>Bancontact<\/strong> ist die am h\u00e4ufigsten verwendete Zahlungsmethode in Belgien.<br\/><\/p>\n\n<h2 class=\"wp-block-heading\"><img loading=\"lazy\" decoding=\"async\" src=\"https:\/\/webshop.pic2pat.com\/wp-content\/plugins\/woocommerce-gateway-stripe\/assets\/images\/sofort.svg\" alt=\"Sofort\" width=\"129\" height=\"40\"\/><br\/><\/h2>\n\n<p><strong>Sofort<\/strong> ist ein Zahlungssystem, bei dem der Kunde eine Bank\u00fcberweisung nutzt, um die Zahlung abzuschlie\u00dfen. Das Ergebnis der Bank\u00fcberweisung ist f\u00fcr unseren Zahlungsdienstleister nicht sofort sichtbar. Daher kann sich die Bearbeitung der Bestellung um einige Tage verz\u00f6gern, wenn Sie Sofort verwenden, im Vergleich zu anderen Zahlungsmethoden, bei denen die Zahlung sofort verarbeitet wird.<br\/><\/p>\n\n<p>Wir unterst\u00fctzen Sofort-Zahlungen f\u00fcr Bestellungen aus den folgenden L\u00e4ndern:<\/p>\n\n<ul class=\"wp-block-list\"><li>\u00d6sterreich<\/li><li>Belgien<\/li><li>Deutschland<\/li><li>Italien<\/li><li>die Niederlande<\/li><li>Spanien<\/li><\/ul>\n\n<h2 class=\"wp-block-heading\"><img loading=\"lazy\" decoding=\"async\" width=\"93\" height=\"40\" src=\"https:\/\/webshop.pic2pat.com\/wp-content\/plugins\/woocommerce-gateway-stripe\/assets\/images\/giropay.svg\" alt=\"Giropay\"\/><\/h2>\n\n<p><strong>Giropay<\/strong> ist ein Zahlungssystem, bei dem Kunden ihre Zahlung \u00fcber ihre Bank autorisieren. Diese Zahlungsoption wird nur in Deutschland unterst\u00fctzt.<br\/><\/p>\n\n<h2 class=\"wp-block-heading\"><img loading=\"lazy\" decoding=\"async\" src=\"https:\/\/webshop.pic2pat.com\/wp-content\/plugins\/woocommerce-gateway-stripe\/assets\/images\/eps.svg\" alt=\"EPS\" width=\"65\" height=\"50\"\/><\/h2>\n\n<p><strong>EPS<\/strong> ist ein Zahlungssystem in \u00d6sterreich, bei dem Kunden ihre Zahlung \u00fcber ihr Bankportal autorisieren. Die Zahlungsabwicklung erfolgt sofort.<br\/><\/p>\n","protected":false},"excerpt":{"rendered":"<p>Unsere Produkte werden weltweit versendet. Wir bieten unseren Kunden eine Reihe verschiedener Zahlungsm\u00f6glichkeiten an, um ihre Bestellungen zu bezahlen. Kunden k\u00f6nnen frei jede Zahlungsmethode w\u00e4hlen, die in ihrem Land unterst\u00fctzt wird.&#13; F\u00fcr keine der Zahlungsmethoden werden dem Bestellbetrag zus\u00e4tzliche Geb\u00fchren hinzugef\u00fcgt. Wir akzeptieren Kreditkarten f\u00fcr alle unsere Bestellungen weltweit. Die folgenden Kreditkarten k\u00f6nnen auf unserer [&hellip;]<\/p>\n","protected":false},"author":3,"featured_media":0,"parent":0,"menu_order":0,"comment_status":"closed","ping_status":"closed","template":"","meta":{"footnotes":""},"class_list":["post-25435","page","type-page","status-publish","hentry"],"yoast_head":"<!-- This site is optimized with the Yoast SEO plugin v27.5 - https:\/\/yoast.com\/product\/yoast-seo-wordpress\/ -->\n<title>Zahlungsoptionen - Pic2Pat<\/title>\n<meta name=\"robots\" content=\"index, follow, max-snippet:-1, max-image-preview:large, max-video-preview:-1\" \/>\n<link rel=\"canonical\" href=\"https:\/\/webshop.pic2pat.com\/de\/zahlungsoptionen\/\" \/>\n<meta property=\"og:locale\" content=\"de_DE\" \/>\n<meta property=\"og:type\" content=\"article\" \/>\n<meta property=\"og:title\" content=\"Zahlungsoptionen - Pic2Pat\" \/>\n<meta property=\"og:description\" content=\"Unsere Produkte werden weltweit versendet. Wir bieten unseren Kunden eine Reihe verschiedener Zahlungsm\u00f6glichkeiten an, um ihre Bestellungen zu bezahlen. Kunden k\u00f6nnen frei jede Zahlungsmethode w\u00e4hlen, die in ihrem Land unterst\u00fctzt wird.&#013; F\u00fcr keine der Zahlungsmethoden werden dem Bestellbetrag zus\u00e4tzliche Geb\u00fchren hinzugef\u00fcgt. Wir akzeptieren Kreditkarten f\u00fcr alle unsere Bestellungen weltweit. Die folgenden Kreditkarten k\u00f6nnen auf unserer [&hellip;]\" \/>\n<meta property=\"og:url\" content=\"https:\/\/webshop.pic2pat.com\/de\/zahlungsoptionen\/\" \/>\n<meta property=\"og:site_name\" content=\"Pic2Pat\" \/>\n<meta property=\"article:modified_time\" content=\"2026-05-06T21:10:11+00:00\" \/>\n<meta property=\"og:image\" content=\"https:\/\/webshop.pic2pat.com\/wp-content\/plugins\/woocommerce-gateway-stripe\/assets\/images\/amex.svg\" \/>\n<meta name=\"twitter:card\" content=\"summary_large_image\" \/>\n<meta name=\"twitter:label1\" content=\"Gesch\u00e4tzte Lesezeit\" \/>\n\t<meta name=\"twitter:data1\" content=\"1\u00a0Minute\" \/>\n<script type=\"application\/ld+json\" class=\"yoast-schema-graph\">{\"@context\":\"https:\\\/\\\/schema.org\",\"@graph\":[{\"@type\":\"WebPage\",\"@id\":\"https:\\\/\\\/webshop.pic2pat.com\\\/de\\\/zahlungsoptionen\\\/\",\"url\":\"https:\\\/\\\/webshop.pic2pat.com\\\/de\\\/zahlungsoptionen\\\/\",\"name\":\"Zahlungsoptionen - Pic2Pat\",\"isPartOf\":{\"@id\":\"https:\\\/\\\/webshop.pic2pat.com\\\/de\\\/#website\"},\"primaryImageOfPage\":{\"@id\":\"https:\\\/\\\/webshop.pic2pat.com\\\/de\\\/zahlungsoptionen\\\/#primaryimage\"},\"image\":{\"@id\":\"https:\\\/\\\/webshop.pic2pat.com\\\/de\\\/zahlungsoptionen\\\/#primaryimage\"},\"thumbnailUrl\":\"https:\\\/\\\/webshop.pic2pat.com\\\/wp-content\\\/plugins\\\/woocommerce-gateway-stripe\\\/assets\\\/images\\\/amex.svg\",\"datePublished\":\"2026-05-06T21:10:09+00:00\",\"dateModified\":\"2026-05-06T21:10:11+00:00\",\"breadcrumb\":{\"@id\":\"https:\\\/\\\/webshop.pic2pat.com\\\/de\\\/zahlungsoptionen\\\/#breadcrumb\"},\"inLanguage\":\"de\",\"potentialAction\":[{\"@type\":\"ReadAction\",\"target\":[\"https:\\\/\\\/webshop.pic2pat.com\\\/de\\\/zahlungsoptionen\\\/\"]}]},{\"@type\":\"ImageObject\",\"inLanguage\":\"de\",\"@id\":\"https:\\\/\\\/webshop.pic2pat.com\\\/de\\\/zahlungsoptionen\\\/#primaryimage\",\"url\":\"https:\\\/\\\/webshop.pic2pat.com\\\/wp-content\\\/plugins\\\/woocommerce-gateway-stripe\\\/assets\\\/images\\\/amex.svg\",\"contentUrl\":\"https:\\\/\\\/webshop.pic2pat.com\\\/wp-content\\\/plugins\\\/woocommerce-gateway-stripe\\\/assets\\\/images\\\/amex.svg\"},{\"@type\":\"BreadcrumbList\",\"@id\":\"https:\\\/\\\/webshop.pic2pat.com\\\/de\\\/zahlungsoptionen\\\/#breadcrumb\",\"itemListElement\":[{\"@type\":\"ListItem\",\"position\":1,\"name\":\"Home\",\"item\":\"https:\\\/\\\/webshop.pic2pat.com\\\/de\\\/\"},{\"@type\":\"ListItem\",\"position\":2,\"name\":\"Zahlungsoptionen\"}]},{\"@type\":\"WebSite\",\"@id\":\"https:\\\/\\\/webshop.pic2pat.com\\\/de\\\/#website\",\"url\":\"https:\\\/\\\/webshop.pic2pat.com\\\/de\\\/\",\"name\":\"Pic2Pat\",\"description\":\"\",\"publisher\":{\"@id\":\"https:\\\/\\\/webshop.pic2pat.com\\\/de\\\/#organization\"},\"potentialAction\":[{\"@type\":\"SearchAction\",\"target\":{\"@type\":\"EntryPoint\",\"urlTemplate\":\"https:\\\/\\\/webshop.pic2pat.com\\\/de\\\/?s={search_term_string}\"},\"query-input\":{\"@type\":\"PropertyValueSpecification\",\"valueRequired\":true,\"valueName\":\"search_term_string\"}}],\"inLanguage\":\"de\"},{\"@type\":\"Organization\",\"@id\":\"https:\\\/\\\/webshop.pic2pat.com\\\/de\\\/#organization\",\"name\":\"Pic2Pat\",\"url\":\"https:\\\/\\\/webshop.pic2pat.com\\\/de\\\/\",\"logo\":{\"@type\":\"ImageObject\",\"inLanguage\":\"de\",\"@id\":\"https:\\\/\\\/webshop.pic2pat.com\\\/de\\\/#\\\/schema\\\/logo\\\/image\\\/\",\"url\":\"https:\\\/\\\/webshop.pic2pat.com\\\/wp-content\\\/uploads\\\/2021\\\/05\\\/cropped-shop-logo.png\",\"contentUrl\":\"https:\\\/\\\/webshop.pic2pat.com\\\/wp-content\\\/uploads\\\/2021\\\/05\\\/cropped-shop-logo.png\",\"width\":470,\"height\":110,\"caption\":\"Pic2Pat\"},\"image\":{\"@id\":\"https:\\\/\\\/webshop.pic2pat.com\\\/de\\\/#\\\/schema\\\/logo\\\/image\\\/\"}}]}<\/script>\n<!-- \/ Yoast SEO plugin. -->","yoast_head_json":{"title":"Zahlungsoptionen - Pic2Pat","robots":{"index":"index","follow":"follow","max-snippet":"max-snippet:-1","max-image-preview":"max-image-preview:large","max-video-preview":"max-video-preview:-1"},"canonical":"https:\/\/webshop.pic2pat.com\/de\/zahlungsoptionen\/","og_locale":"de_DE","og_type":"article","og_title":"Zahlungsoptionen - Pic2Pat","og_description":"Unsere Produkte werden weltweit versendet. Wir bieten unseren Kunden eine Reihe verschiedener Zahlungsm\u00f6glichkeiten an, um ihre Bestellungen zu bezahlen. Kunden k\u00f6nnen frei jede Zahlungsmethode w\u00e4hlen, die in ihrem Land unterst\u00fctzt wird.&#13; F\u00fcr keine der Zahlungsmethoden werden dem Bestellbetrag zus\u00e4tzliche Geb\u00fchren hinzugef\u00fcgt. Wir akzeptieren Kreditkarten f\u00fcr alle unsere Bestellungen weltweit. Die folgenden Kreditkarten k\u00f6nnen auf unserer [&hellip;]","og_url":"https:\/\/webshop.pic2pat.com\/de\/zahlungsoptionen\/","og_site_name":"Pic2Pat","article_modified_time":"2026-05-06T21:10:11+00:00","og_image":[{"url":"https:\/\/webshop.pic2pat.com\/wp-content\/plugins\/woocommerce-gateway-stripe\/assets\/images\/amex.svg","type":"","width":"","height":""}],"twitter_card":"summary_large_image","twitter_misc":{"Gesch\u00e4tzte Lesezeit":"1\u00a0Minute"},"schema":{"@context":"https:\/\/schema.org","@graph":[{"@type":"WebPage","@id":"https:\/\/webshop.pic2pat.com\/de\/zahlungsoptionen\/","url":"https:\/\/webshop.pic2pat.com\/de\/zahlungsoptionen\/","name":"Zahlungsoptionen - Pic2Pat","isPartOf":{"@id":"https:\/\/webshop.pic2pat.com\/de\/#website"},"primaryImageOfPage":{"@id":"https:\/\/webshop.pic2pat.com\/de\/zahlungsoptionen\/#primaryimage"},"image":{"@id":"https:\/\/webshop.pic2pat.com\/de\/zahlungsoptionen\/#primaryimage"},"thumbnailUrl":"https:\/\/webshop.pic2pat.com\/wp-content\/plugins\/woocommerce-gateway-stripe\/assets\/images\/amex.svg","datePublished":"2026-05-06T21:10:09+00:00","dateModified":"2026-05-06T21:10:11+00:00","breadcrumb":{"@id":"https:\/\/webshop.pic2pat.com\/de\/zahlungsoptionen\/#breadcrumb"},"inLanguage":"de","potentialAction":[{"@type":"ReadAction","target":["https:\/\/webshop.pic2pat.com\/de\/zahlungsoptionen\/"]}]},{"@type":"ImageObject","inLanguage":"de","@id":"https:\/\/webshop.pic2pat.com\/de\/zahlungsoptionen\/#primaryimage","url":"https:\/\/webshop.pic2pat.com\/wp-content\/plugins\/woocommerce-gateway-stripe\/assets\/images\/amex.svg","contentUrl":"https:\/\/webshop.pic2pat.com\/wp-content\/plugins\/woocommerce-gateway-stripe\/assets\/images\/amex.svg"},{"@type":"BreadcrumbList","@id":"https:\/\/webshop.pic2pat.com\/de\/zahlungsoptionen\/#breadcrumb","itemListElement":[{"@type":"ListItem","position":1,"name":"Home","item":"https:\/\/webshop.pic2pat.com\/de\/"},{"@type":"ListItem","position":2,"name":"Zahlungsoptionen"}]},{"@type":"WebSite","@id":"https:\/\/webshop.pic2pat.com\/de\/#website","url":"https:\/\/webshop.pic2pat.com\/de\/","name":"Pic2Pat","description":"","publisher":{"@id":"https:\/\/webshop.pic2pat.com\/de\/#organization"},"potentialAction":[{"@type":"SearchAction","target":{"@type":"EntryPoint","urlTemplate":"https:\/\/webshop.pic2pat.com\/de\/?s={search_term_string}"},"query-input":{"@type":"PropertyValueSpecification","valueRequired":true,"valueName":"search_term_string"}}],"inLanguage":"de"},{"@type":"Organization","@id":"https:\/\/webshop.pic2pat.com\/de\/#organization","name":"Pic2Pat","url":"https:\/\/webshop.pic2pat.com\/de\/","logo":{"@type":"ImageObject","inLanguage":"de","@id":"https:\/\/webshop.pic2pat.com\/de\/#\/schema\/logo\/image\/","url":"https:\/\/webshop.pic2pat.com\/wp-content\/uploads\/2021\/05\/cropped-shop-logo.png","contentUrl":"https:\/\/webshop.pic2pat.com\/wp-content\/uploads\/2021\/05\/cropped-shop-logo.png","width":470,"height":110,"caption":"Pic2Pat"},"image":{"@id":"https:\/\/webshop.pic2pat.com\/de\/#\/schema\/logo\/image\/"}}]}},"_links":{"self":[{"href":"https:\/\/webshop.pic2pat.com\/de\/wp-json\/wp\/v2\/pages\/25435","targetHints":{"allow":["GET"]}}],"collection":[{"href":"https:\/\/webshop.pic2pat.com\/de\/wp-json\/wp\/v2\/pages"}],"about":[{"href":"https:\/\/webshop.pic2pat.com\/de\/wp-json\/wp\/v2\/types\/page"}],"author":[{"embeddable":true,"href":"https:\/\/webshop.pic2pat.com\/de\/wp-json\/wp\/v2\/users\/3"}],"replies":[{"embeddable":true,"href":"https:\/\/webshop.pic2pat.com\/de\/wp-json\/wp\/v2\/comments?post=25435"}],"version-history":[{"count":0,"href":"https:\/\/webshop.pic2pat.com\/de\/wp-json\/wp\/v2\/pages\/25435\/revisions"}],"wp:attachment":[{"href":"https:\/\/webshop.pic2pat.com\/de\/wp-json\/wp\/v2\/media?parent=25435"}],"curies":[{"name":"wp","href":"https:\/\/api.w.org\/{rel}","templated":true}]}}